{"id":7499,"date":"2025-10-03T16:55:40","date_gmt":"2025-10-03T14:55:40","guid":{"rendered":"https:\/\/cirefluvial.com\/?page_id=7499"},"modified":"2025-10-09T18:58:15","modified_gmt":"2025-10-09T16:58:15","slug":"formulario-inscripcion-curso","status":"publish","type":"page","link":"https:\/\/cirefluvial.com\/en\/formulario-inscripcion-curso\/","title":{"rendered":"Formulario inscripci\u00f3n Curso de Gesti\u00f3n y Transformaci\u00f3n de Conflictos en Proyectos de Restauraci\u00f3n Fluvial"},"content":{"rendered":"<div data-elementor-type=\"wp-page\" data-elementor-id=\"7499\" class=\"elementor elementor-7499\" data-elementor-post-type=\"page\">\n\t\t\t\t<div class=\"elementor-element elementor-element-1f9ca87 e-flex e-con-boxed e-con e-parent\" data-id=\"1f9ca87\" data-element_type=\"container\" data-e-type=\"container\">\n\t\t\t\t\t<div class=\"e-con-inner\">\n\t\t\t\t<div class=\"elementor-element elementor-element-49cea24 elementor-widget elementor-widget-shortcode\" data-id=\"49cea24\" data-element_type=\"widget\" data-e-type=\"widget\" data-widget_type=\"shortcode.default\">\n\t\t\t\t<div class=\"elementor-widget-container\">\n\t\t\t\t\t\t\t<div class=\"elementor-shortcode\"><\/div>\n\t\t\t\t\t\t<\/div>\n\t\t\t\t<\/div>\n\t\t\t\t<div class=\"elementor-element elementor-element-5601161 elementor-widget elementor-widget-n-accordion\" data-id=\"5601161\" data-element_type=\"widget\" data-e-type=\"widget\" data-settings=\"{&quot;default_state&quot;:&quot;all_collapsed&quot;,&quot;max_items_expended&quot;:&quot;one&quot;,&quot;n_accordion_animation_duration&quot;:{&quot;unit&quot;:&quot;ms&quot;,&quot;size&quot;:400,&quot;sizes&quot;:[]}}\" data-widget_type=\"nested-accordion.default\">\n\t\t\t\t<div class=\"elementor-widget-container\">\n\t\t\t\t\t\t\t<div class=\"e-n-accordion\" aria-label=\"Accordion. Open links with Enter or Space, close with Escape, and navigate with Arrow Keys\">\n\t\t\t\t\t\t<details id=\"e-n-accordion-item-9010\" class=\"e-n-accordion-item\" >\n\t\t\t\t<summary class=\"e-n-accordion-item-title\" data-accordion-index=\"1\" tabindex=\"0\" aria-expanded=\"false\" aria-controls=\"e-n-accordion-item-9010\" >\n\t\t\t\t\t<span class='e-n-accordion-item-title-header'><div class=\"e-n-accordion-item-title-text\"> Antes de enviar el formulario, te facilitamos la informaci\u00f3n b\u00e1sica sobre protecci\u00f3n de datos: <\/div><\/span>\n\t\t\t\t\t\t\t<span class='e-n-accordion-item-title-icon'>\n\t\t\t<span class='e-opened' ><svg aria-hidden=\"true\" class=\"e-font-icon-svg e-fas-minus\" viewbox=\"0 0 448 512\" xmlns=\"http:\/\/www.w3.org\/2000\/svg\"><path d=\"M416 208H32c-17.67 0-32 14.33-32 32v32c0 17.67 14.33 32 32 32h384c17.67 0 32-14.33 32-32v-32c0-17.67-14.33-32-32-32z\"><\/path><\/svg><\/span>\n\t\t\t<span class='e-closed'><svg aria-hidden=\"true\" class=\"e-font-icon-svg e-fas-plus\" viewbox=\"0 0 448 512\" xmlns=\"http:\/\/www.w3.org\/2000\/svg\"><path d=\"M416 208H272V64c0-17.67-14.33-32-32-32h-32c-17.67 0-32 14.33-32 32v144H32c-17.67 0-32 14.33-32 32v32c0 17.67 14.33 32 32 32h144v144c0 17.67 14.33 32 32 32h32c17.67 0 32-14.33 32-32V304h144c17.67 0 32-14.33 32-32v-32c0-17.67-14.33-32-32-32z\"><\/path><\/svg><\/span>\n\t\t<\/span>\n\n\t\t\t\t\t\t<\/summary>\n\t\t\t\t<div role=\"region\" aria-labelledby=\"e-n-accordion-item-9010\" class=\"elementor-element elementor-element-d7442c4 e-con-full e-flex e-con e-child\" data-id=\"d7442c4\" data-element_type=\"container\" data-e-type=\"container\">\n\t\t\t\t<div class=\"elementor-element elementor-element-4af3a50 elementor-widget elementor-widget-text-editor\" data-id=\"4af3a50\" data-element_type=\"widget\" data-e-type=\"widget\" data-widget_type=\"text-editor.default\">\n\t\t\t\t<div class=\"elementor-widget-container\">\n\t\t\t\t\t\t\t\t\t<ul class=\"wp-block-list\"><li>Responsable:\u00a0Centro Ib\u00e9rico de Restauraci\u00f3n Fluvial<\/li><li>Finalidad:\u00a0Contactar con usted para resolver cualquier cuestion que quiera plantearnos<\/li><li>Legitimaci\u00f3n:\u00a0Su\u00a0consentimiento a trav\u00e9s de este formulario.<\/li><li>Destinatarios: No tenemos previso ceder sus datos a terceros, salvo por obligaci\u00f3n legal.<\/li><li>Derechos: Tiene derecho a acceder, rectificar, suprimir, portabilidad y oposici\u00f3n a tus datos. Los datos de contacto ser\u00e1n almacenados en nuestros servidor de correo<\/li><li>Informaci\u00f3n adicional:\u00a0puede consultar Pol\u00edtica de Privacidad\u00a0<a href=\"https:\/\/cirefluvial.com\/politica-de-privacidad\/\" data-type=\"page\" data-id=\"3\">aqu\u00ed.<\/a><\/li><\/ul>\t\t\t\t\t\t\t\t<\/div>\n\t\t\t\t<\/div>\n\t\t\t\t<\/div>\n\t\t\t\t\t<\/details>\n\t\t\t\t\t<\/div>\n\t\t\t\t\t\t<\/div>\n\t\t\t\t<\/div>\n\t\t\t\t\t<\/div>\n\t\t\t\t<\/div>\n\t\t\t\t<\/div>","protected":false},"excerpt":{"rendered":"<p>Antes de enviar el formulario, te facilitamos la informaci\u00f3n b\u00e1sica sobre protecci\u00f3n de datos: Responsable:\u00a0Centro Ib\u00e9rico de Restauraci\u00f3n Fluvial Finalidad:\u00a0Contactar con usted para resolver cualquier cuestion que quiera plantearnos Legitimaci\u00f3n:\u00a0Su\u00a0consentimiento a trav\u00e9s de este formulario. Destinatarios: No tenemos previso ceder sus datos a terceros, salvo por obligaci\u00f3n legal. Derechos: Tiene derecho a acceder, rectificar, suprimir, &#8230; <a title=\"Formulario inscripci\u00f3n Curso de Gesti\u00f3n y Transformaci\u00f3n de Conflictos en Proyectos de Restauraci\u00f3n Fluvial\" class=\"read-more\" href=\"https:\/\/cirefluvial.com\/en\/formulario-inscripcion-curso\/\" aria-label=\"Read more about Formulario inscripci\u00f3n Curso de Gesti\u00f3n y Transformaci\u00f3n de Conflictos en Proyectos de Restauraci\u00f3n Fluvial\">Read more<\/a><\/p>","protected":false},"author":1,"featured_media":0,"parent":0,"menu_order":0,"comment_status":"closed","ping_status":"closed","template":"","meta":{"editor_plus_copied_stylings":"{}","_EventAllDay":false,"_EventTimezone":"","_EventStartDate":"","_EventEndDate":"","_EventStartDateUTC":"","_EventEndDateUTC":"","_EventShowMap":false,"_EventShowMapLink":false,"_EventURL":"","_EventCost":"","_EventCostDescription":"","_EventCurrencySymbol":"","_EventCurrencyCode":"","_EventCurrencyPosition":"","_EventDateTimeSeparator":"","_EventTimeRangeSeparator":"","_EventOrganizerID":[],"_EventVenueID":[],"_OrganizerEmail":"","_OrganizerPhone":"","_OrganizerWebsite":"","_VenueAddress":"","_VenueCity":"","_VenueCountry":"","_VenueProvince":"","_VenueState":"","_VenueZip":"","_VenuePhone":"","_VenueURL":"","_VenueStateProvince":"","_VenueLat":"","_VenueLng":"","_VenueShowMap":false,"_VenueShowMapLink":false,"footnotes":""},"class_list":["post-7499","page","type-page","status-publish"],"yoast_head":"<!-- This site is optimized with the Yoast SEO plugin v27.1.1 - https:\/\/yoast.com\/product\/yoast-seo-wordpress\/ -->\n<title>Formulario inscripci\u00f3n Curso de Gesti\u00f3n y Transformaci\u00f3n de Conflictos en Proyectos de Restauraci\u00f3n Fluvial - CIREF<\/title>\n<meta name=\"robots\" content=\"index, follow, max-snippet:-1, max-image-preview:large, max-video-preview:-1\" \/>\n<link rel=\"canonical\" href=\"https:\/\/cirefluvial.com\/en\/formulario-inscripcion-curso\/\" \/>\n<meta property=\"og:locale\" content=\"en_GB\" \/>\n<meta property=\"og:type\" content=\"article\" \/>\n<meta property=\"og:title\" content=\"Formulario inscripci\u00f3n Curso de Gesti\u00f3n y Transformaci\u00f3n de Conflictos en Proyectos de Restauraci\u00f3n Fluvial - CIREF\" \/>\n<meta property=\"og:description\" content=\"Antes de enviar el formulario, te facilitamos la informaci\u00f3n b\u00e1sica sobre protecci\u00f3n de datos: Responsable:\u00a0Centro Ib\u00e9rico de Restauraci\u00f3n Fluvial Finalidad:\u00a0Contactar con usted para resolver cualquier cuestion que quiera plantearnos Legitimaci\u00f3n:\u00a0Su\u00a0consentimiento a trav\u00e9s de este formulario. Destinatarios: No tenemos previso ceder sus datos a terceros, salvo por obligaci\u00f3n legal. Derechos: Tiene derecho a acceder, rectificar, suprimir, ... Read more\" \/>\n<meta property=\"og:url\" content=\"https:\/\/cirefluvial.com\/en\/formulario-inscripcion-curso\/\" \/>\n<meta property=\"og:site_name\" content=\"CIREF\" \/>\n<meta property=\"article:publisher\" content=\"https:\/\/www.facebook.com\/Centro-Ibrico-de-Restauracin-Fluvial-CIREF-1796315603933684\/\" \/>\n<meta property=\"article:modified_time\" content=\"2025-10-09T16:58:15+00:00\" \/>\n<meta name=\"twitter:card\" content=\"summary_large_image\" \/>\n<meta name=\"twitter:site\" content=\"@Cirefluvial\" \/>\n<meta name=\"twitter:label1\" content=\"Estimated reading time\" \/>\n\t<meta name=\"twitter:data1\" content=\"1 minute\" \/>\n<script type=\"application\/ld+json\" class=\"yoast-schema-graph\">{\"@context\":\"https:\/\/schema.org\",\"@graph\":[{\"@type\":\"WebPage\",\"@id\":\"https:\/\/cirefluvial.com\/formulario-inscripcion-curso\/\",\"url\":\"https:\/\/cirefluvial.com\/formulario-inscripcion-curso\/\",\"name\":\"Formulario inscripci\u00f3n Curso de Gesti\u00f3n y Transformaci\u00f3n de Conflictos en Proyectos de Restauraci\u00f3n Fluvial - CIREF\",\"isPartOf\":{\"@id\":\"https:\/\/cirefluvial.com\/#website\"},\"datePublished\":\"2025-10-03T14:55:40+00:00\",\"dateModified\":\"2025-10-09T16:58:15+00:00\",\"breadcrumb\":{\"@id\":\"https:\/\/cirefluvial.com\/formulario-inscripcion-curso\/#breadcrumb\"},\"inLanguage\":\"en-GB\",\"potentialAction\":[{\"@type\":\"ReadAction\",\"target\":[\"https:\/\/cirefluvial.com\/formulario-inscripcion-curso\/\"]}]},{\"@type\":\"BreadcrumbList\",\"@id\":\"https:\/\/cirefluvial.com\/formulario-inscripcion-curso\/#breadcrumb\",\"itemListElement\":[{\"@type\":\"ListItem\",\"position\":1,\"name\":\"Portada\",\"item\":\"https:\/\/cirefluvial.com\/\"},{\"@type\":\"ListItem\",\"position\":2,\"name\":\"Formulario inscripci\u00f3n Curso de Gesti\u00f3n y Transformaci\u00f3n de Conflictos en Proyectos de Restauraci\u00f3n Fluvial\"}]},{\"@type\":\"WebSite\",\"@id\":\"https:\/\/cirefluvial.com\/#website\",\"url\":\"https:\/\/cirefluvial.com\/\",\"name\":\"CIREF\",\"description\":\"Centro Ib\u00e9rico de Restauraci\u00f3n Fluvial\",\"publisher\":{\"@id\":\"https:\/\/cirefluvial.com\/#organization\"},\"potentialAction\":[{\"@type\":\"SearchAction\",\"target\":{\"@type\":\"EntryPoint\",\"urlTemplate\":\"https:\/\/cirefluvial.com\/?s={search_term_string}\"},\"query-input\":{\"@type\":\"PropertyValueSpecification\",\"valueRequired\":true,\"valueName\":\"search_term_string\"}}],\"inLanguage\":\"en-GB\"},{\"@type\":\"Organization\",\"@id\":\"https:\/\/cirefluvial.com\/#organization\",\"name\":\"Centro Iberico de Restauraci\u00f3n Fluvial\",\"url\":\"https:\/\/cirefluvial.com\/\",\"logo\":{\"@type\":\"ImageObject\",\"inLanguage\":\"en-GB\",\"@id\":\"https:\/\/cirefluvial.com\/#\/schema\/logo\/image\/\",\"url\":\"https:\/\/cirefluvial.com\/wp-content\/uploads\/2022\/05\/cabecera_logo_texto.png\",\"contentUrl\":\"https:\/\/cirefluvial.com\/wp-content\/uploads\/2022\/05\/cabecera_logo_texto.png\",\"width\":212,\"height\":80,\"caption\":\"Centro Iberico de Restauraci\u00f3n Fluvial\"},\"image\":{\"@id\":\"https:\/\/cirefluvial.com\/#\/schema\/logo\/image\/\"},\"sameAs\":[\"https:\/\/www.facebook.com\/Centro-Ibrico-de-Restauracin-Fluvial-CIREF-1796315603933684\/\",\"https:\/\/x.com\/Cirefluvial\"]}]}<\/script>\n<!-- \/ Yoast SEO plugin. -->","yoast_head_json":{"title":"Formulario inscripci\u00f3n Curso de Gesti\u00f3n y Transformaci\u00f3n de Conflictos en Proyectos de Restauraci\u00f3n Fluvial - CIREF","robots":{"index":"index","follow":"follow","max-snippet":"max-snippet:-1","max-image-preview":"max-image-preview:large","max-video-preview":"max-video-preview:-1"},"canonical":"https:\/\/cirefluvial.com\/en\/formulario-inscripcion-curso\/","og_locale":"en_GB","og_type":"article","og_title":"Formulario inscripci\u00f3n Curso de Gesti\u00f3n y Transformaci\u00f3n de Conflictos en Proyectos de Restauraci\u00f3n Fluvial - CIREF","og_description":"Antes de enviar el formulario, te facilitamos la informaci\u00f3n b\u00e1sica sobre protecci\u00f3n de datos: Responsable:\u00a0Centro Ib\u00e9rico de Restauraci\u00f3n Fluvial Finalidad:\u00a0Contactar con usted para resolver cualquier cuestion que quiera plantearnos Legitimaci\u00f3n:\u00a0Su\u00a0consentimiento a trav\u00e9s de este formulario. Destinatarios: No tenemos previso ceder sus datos a terceros, salvo por obligaci\u00f3n legal. Derechos: Tiene derecho a acceder, rectificar, suprimir, ... Read more","og_url":"https:\/\/cirefluvial.com\/en\/formulario-inscripcion-curso\/","og_site_name":"CIREF","article_publisher":"https:\/\/www.facebook.com\/Centro-Ibrico-de-Restauracin-Fluvial-CIREF-1796315603933684\/","article_modified_time":"2025-10-09T16:58:15+00:00","twitter_card":"summary_large_image","twitter_site":"@Cirefluvial","twitter_misc":{"Estimated reading time":"1 minute"},"schema":{"@context":"https:\/\/schema.org","@graph":[{"@type":"WebPage","@id":"https:\/\/cirefluvial.com\/formulario-inscripcion-curso\/","url":"https:\/\/cirefluvial.com\/formulario-inscripcion-curso\/","name":"Formulario inscripci\u00f3n Curso de Gesti\u00f3n y Transformaci\u00f3n de Conflictos en Proyectos de Restauraci\u00f3n Fluvial - CIREF","isPartOf":{"@id":"https:\/\/cirefluvial.com\/#website"},"datePublished":"2025-10-03T14:55:40+00:00","dateModified":"2025-10-09T16:58:15+00:00","breadcrumb":{"@id":"https:\/\/cirefluvial.com\/formulario-inscripcion-curso\/#breadcrumb"},"inLanguage":"en-GB","potentialAction":[{"@type":"ReadAction","target":["https:\/\/cirefluvial.com\/formulario-inscripcion-curso\/"]}]},{"@type":"BreadcrumbList","@id":"https:\/\/cirefluvial.com\/formulario-inscripcion-curso\/#breadcrumb","itemListElement":[{"@type":"ListItem","position":1,"name":"Portada","item":"https:\/\/cirefluvial.com\/"},{"@type":"ListItem","position":2,"name":"Formulario inscripci\u00f3n Curso de Gesti\u00f3n y Transformaci\u00f3n de Conflictos en Proyectos de Restauraci\u00f3n Fluvial"}]},{"@type":"WebSite","@id":"https:\/\/cirefluvial.com\/#website","url":"https:\/\/cirefluvial.com\/","name":"CIREF","description":"Iberian Centre for River Restoration","publisher":{"@id":"https:\/\/cirefluvial.com\/#organization"},"potentialAction":[{"@type":"SearchAction","target":{"@type":"EntryPoint","urlTemplate":"https:\/\/cirefluvial.com\/?s={search_term_string}"},"query-input":{"@type":"PropertyValueSpecification","valueRequired":true,"valueName":"search_term_string"}}],"inLanguage":"en-GB"},{"@type":"Organization","@id":"https:\/\/cirefluvial.com\/#organization","name":"Centro Iberico de Restauraci\u00f3n Fluvial","url":"https:\/\/cirefluvial.com\/","logo":{"@type":"ImageObject","inLanguage":"en-GB","@id":"https:\/\/cirefluvial.com\/#\/schema\/logo\/image\/","url":"https:\/\/cirefluvial.com\/wp-content\/uploads\/2022\/05\/cabecera_logo_texto.png","contentUrl":"https:\/\/cirefluvial.com\/wp-content\/uploads\/2022\/05\/cabecera_logo_texto.png","width":212,"height":80,"caption":"Centro Iberico de Restauraci\u00f3n Fluvial"},"image":{"@id":"https:\/\/cirefluvial.com\/#\/schema\/logo\/image\/"},"sameAs":["https:\/\/www.facebook.com\/Centro-Ibrico-de-Restauracin-Fluvial-CIREF-1796315603933684\/","https:\/\/x.com\/Cirefluvial"]}]}},"_links":{"self":[{"href":"https:\/\/cirefluvial.com\/en\/wp-json\/wp\/v2\/pages\/7499","targetHints":{"allow":["GET"]}}],"collection":[{"href":"https:\/\/cirefluvial.com\/en\/wp-json\/wp\/v2\/pages"}],"about":[{"href":"https:\/\/cirefluvial.com\/en\/wp-json\/wp\/v2\/types\/page"}],"author":[{"embeddable":true,"href":"https:\/\/cirefluvial.com\/en\/wp-json\/wp\/v2\/users\/1"}],"replies":[{"embeddable":true,"href":"https:\/\/cirefluvial.com\/en\/wp-json\/wp\/v2\/comments?post=7499"}],"version-history":[{"count":22,"href":"https:\/\/cirefluvial.com\/en\/wp-json\/wp\/v2\/pages\/7499\/revisions"}],"predecessor-version":[{"id":7637,"href":"https:\/\/cirefluvial.com\/en\/wp-json\/wp\/v2\/pages\/7499\/revisions\/7637"}],"wp:attachment":[{"href":"https:\/\/cirefluvial.com\/en\/wp-json\/wp\/v2\/media?parent=7499"}],"curies":[{"name":"wp","href":"https:\/\/api.w.org\/{rel}","templated":true}]}}