{"id":7355,"date":"2025-08-26T18:15:36","date_gmt":"2025-08-26T16:15:36","guid":{"rendered":"https:\/\/cirefluvial.com\/?page_id=7355"},"modified":"2025-08-26T20:18:15","modified_gmt":"2025-08-26T18:18:15","slug":"congreso-restaurarios","status":"publish","type":"page","link":"https:\/\/cirefluvial.com\/en\/congreso-restaurarios\/","title":{"rendered":"Congreso Restaurar\u00edos"},"content":{"rendered":"<div data-elementor-type=\"wp-page\" data-elementor-id=\"7355\" class=\"elementor elementor-7355\" data-elementor-post-type=\"page\">\n\t\t\t\t<div class=\"elementor-element elementor-element-4843fab3 e-flex e-con-boxed e-con e-parent\" data-id=\"4843fab3\" data-element_type=\"container\" data-e-type=\"container\" data-settings=\"{&quot;background_background&quot;:&quot;classic&quot;}\">\n\t\t\t\t\t<div class=\"e-con-inner\">\n\t\t<div class=\"elementor-element elementor-element-edbe9d2 e-con-full e-flex e-con e-child\" data-id=\"edbe9d2\" data-element_type=\"container\" data-e-type=\"container\">\n\t\t\t\t<div class=\"elementor-element elementor-element-eb37090 elementor-widget elementor-widget-heading\" data-id=\"eb37090\" data-element_type=\"widget\" data-e-type=\"widget\" data-widget_type=\"heading.default\">\n\t\t\t\t<div class=\"elementor-widget-container\">\n\t\t\t\t\t<h2 class=\"elementor-heading-title elementor-size-default\">Congreso  Restaurar\u00edos<\/h2>\t\t\t\t<\/div>\n\t\t\t\t<\/div>\n\t\t\t\t<div class=\"elementor-element elementor-element-440f6ce elementor-widget elementor-widget-text-editor\" data-id=\"440f6ce\" data-element_type=\"widget\" data-e-type=\"widget\" data-widget_type=\"text-editor.default\">\n\t\t\t\t<div class=\"elementor-widget-container\">\n\t\t\t\t\t\t\t\t\t<p>El congreso RestauraRios es el mayor foro ib\u00e9rico dedicado a la restauraci\u00f3n fluvial. Un encuentro que re\u00fane a autoridades de cuenca, responsables de pol\u00edticas p\u00fablicas, t\u00e9cnicos, investigadores, estudiantes, ONGs, voluntariado ambiental y comunicadores para intercambiar experiencias y trazar soluciones en torno a la restauraci\u00f3n de los r\u00edos en la Pen\u00ednsula Ib\u00e9rica y m\u00e1s all\u00e1.\u00a0<\/p>\t\t\t\t\t\t\t\t<\/div>\n\t\t\t\t<\/div>\n\t\t\t\t<\/div>\n\t\t\t\t\t<\/div>\n\t\t\t\t<\/div>\n\t\t<div class=\"elementor-element elementor-element-2521e00 e-flex e-con-boxed e-con e-parent\" data-id=\"2521e00\" data-element_type=\"container\" data-e-type=\"container\">\n\t\t\t\t\t<div class=\"e-con-inner\">\n\t\t<div class=\"elementor-element elementor-element-657e635 e-con-full e-flex e-con e-child\" data-id=\"657e635\" data-element_type=\"container\" data-e-type=\"container\">\n\t\t\t\t<div class=\"elementor-element elementor-element-5b206f1 elementor-widget elementor-widget-image\" data-id=\"5b206f1\" data-element_type=\"widget\" data-e-type=\"widget\" data-widget_type=\"image.default\">\n\t\t\t\t<div class=\"elementor-widget-container\">\n\t\t\t\t\t\t\t\t\t\t\t\t\t\t\t\t<a href=\"https:\/\/cirefluvial.com\/congreso\/\">\n\t\t\t\t\t\t\t<img fetchpriority=\"high\" decoding=\"async\" width=\"1200\" height=\"1207\" src=\"https:\/\/cirefluvial.com\/wp-content\/uploads\/2025\/08\/VERSION-CARTEL-01.jpeg\" class=\"elementor-animation-grow attachment-full size-full wp-image-7363\" alt=\"Restaurarios 2026\" srcset=\"https:\/\/cirefluvial.com\/wp-content\/uploads\/2025\/08\/VERSION-CARTEL-01.jpeg 1200w, https:\/\/cirefluvial.com\/wp-content\/uploads\/2025\/08\/VERSION-CARTEL-01-298x300.jpeg 298w, https:\/\/cirefluvial.com\/wp-content\/uploads\/2025\/08\/VERSION-CARTEL-01-1018x1024.jpeg 1018w, https:\/\/cirefluvial.com\/wp-content\/uploads\/2025\/08\/VERSION-CARTEL-01-150x150.jpeg 150w, https:\/\/cirefluvial.com\/wp-content\/uploads\/2025\/08\/VERSION-CARTEL-01-768x772.jpeg 768w, https:\/\/cirefluvial.com\/wp-content\/uploads\/2025\/08\/VERSION-CARTEL-01-50x50.jpeg 50w, https:\/\/cirefluvial.com\/wp-content\/uploads\/2025\/08\/VERSION-CARTEL-01-12x12.jpeg 12w\" sizes=\"(max-width: 1200px) 100vw, 1200px\" \/>\t\t\t\t\t\t\t\t<\/a>\n\t\t\t\t\t\t\t\t\t\t\t\t\t\t\t<\/div>\n\t\t\t\t<\/div>\n\t\t\t\t<\/div>\n\t\t<div class=\"elementor-element elementor-element-34a76c1 e-con-full e-flex e-con e-child\" data-id=\"34a76c1\" data-element_type=\"container\" data-e-type=\"container\" data-settings=\"{&quot;background_background&quot;:&quot;classic&quot;}\">\n\t\t\t\t<div class=\"elementor-element elementor-element-0d471e2 elementor-widget elementor-widget-heading\" data-id=\"0d471e2\" data-element_type=\"widget\" data-e-type=\"widget\" data-widget_type=\"heading.default\">\n\t\t\t\t<div class=\"elementor-widget-container\">\n\t\t\t\t\t<h3 class=\"elementor-heading-title elementor-size-default\">Ediciones anteriores<\/h3>\t\t\t\t<\/div>\n\t\t\t\t<\/div>\n\t\t\t\t<div class=\"elementor-element elementor-element-27b7c8a elementor-widget elementor-widget-image\" data-id=\"27b7c8a\" data-element_type=\"widget\" data-e-type=\"widget\" data-widget_type=\"image.default\">\n\t\t\t\t<div class=\"elementor-widget-container\">\n\t\t\t\t\t\t\t\t\t\t\t\t\t\t\t\t<a href=\"https:\/\/cirefluvial.com\/congreso2023\/\">\n\t\t\t\t\t\t\t<img decoding=\"async\" width=\"712\" height=\"223\" src=\"https:\/\/cirefluvial.com\/wp-content\/uploads\/2025\/08\/logo__rio_restaurarios_espanol.jpg\" class=\"attachment-large size-large wp-image-7368\" alt=\"restaurarios 2023\" srcset=\"https:\/\/cirefluvial.com\/wp-content\/uploads\/2025\/08\/logo__rio_restaurarios_espanol.jpg 712w, https:\/\/cirefluvial.com\/wp-content\/uploads\/2025\/08\/logo__rio_restaurarios_espanol-300x94.jpg 300w, https:\/\/cirefluvial.com\/wp-content\/uploads\/2025\/08\/logo__rio_restaurarios_espanol-50x16.jpg 50w, https:\/\/cirefluvial.com\/wp-content\/uploads\/2025\/08\/logo__rio_restaurarios_espanol-18x6.jpg 18w\" sizes=\"(max-width: 712px) 100vw, 712px\" \/>\t\t\t\t\t\t\t\t<\/a>\n\t\t\t\t\t\t\t\t\t\t\t\t\t\t\t<\/div>\n\t\t\t\t<\/div>\n\t\t\t\t<div class=\"elementor-element elementor-element-cc34df6 elementor-widget elementor-widget-image\" data-id=\"cc34df6\" data-element_type=\"widget\" data-e-type=\"widget\" data-widget_type=\"image.default\">\n\t\t\t\t<div class=\"elementor-widget-container\">\n\t\t\t\t\t\t\t\t\t\t\t\t\t\t\t\t<a href=\"https:\/\/www.dropbox.com\/s\/d2xgtz127ut3h1c\/Actas%20RestauraRios%20III%202019.pdf?dl=0\" target=\"_blank\">\n\t\t\t\t\t\t\t<img decoding=\"async\" width=\"700\" height=\"243\" src=\"https:\/\/cirefluvial.com\/wp-content\/uploads\/2025\/08\/BIG_bannerwebok01-1.jpg\" class=\"attachment-large size-large wp-image-7361\" alt=\"\" srcset=\"https:\/\/cirefluvial.com\/wp-content\/uploads\/2025\/08\/BIG_bannerwebok01-1.jpg 700w, https:\/\/cirefluvial.com\/wp-content\/uploads\/2025\/08\/BIG_bannerwebok01-1-300x104.jpg 300w, https:\/\/cirefluvial.com\/wp-content\/uploads\/2025\/08\/BIG_bannerwebok01-1-50x17.jpg 50w, https:\/\/cirefluvial.com\/wp-content\/uploads\/2025\/08\/BIG_bannerwebok01-1-18x6.jpg 18w\" sizes=\"(max-width: 700px) 100vw, 700px\" \/>\t\t\t\t\t\t\t\t<\/a>\n\t\t\t\t\t\t\t\t\t\t\t\t\t\t\t<\/div>\n\t\t\t\t<\/div>\n\t\t\t\t<div class=\"elementor-element elementor-element-e874f15 elementor-widget elementor-widget-image\" data-id=\"e874f15\" data-element_type=\"widget\" data-e-type=\"widget\" data-widget_type=\"image.default\">\n\t\t\t\t<div class=\"elementor-widget-container\">\n\t\t\t\t\t\t\t\t\t\t\t\t\t\t\t\t<a href=\"https:\/\/www.dropbox.com\/s\/uhz950ku23i9xxk\/ACTAS_Restaurarios%20II%202015.pdf?dl=0\" target=\"_blank\">\n\t\t\t\t\t\t\t<img loading=\"lazy\" decoding=\"async\" width=\"700\" height=\"250\" src=\"https:\/\/cirefluvial.com\/wp-content\/uploads\/2025\/08\/BIG_cabecera-1.jpg\" class=\"attachment-large size-large wp-image-7359\" alt=\"\" srcset=\"https:\/\/cirefluvial.com\/wp-content\/uploads\/2025\/08\/BIG_cabecera-1.jpg 700w, https:\/\/cirefluvial.com\/wp-content\/uploads\/2025\/08\/BIG_cabecera-1-300x107.jpg 300w, https:\/\/cirefluvial.com\/wp-content\/uploads\/2025\/08\/BIG_cabecera-1-50x18.jpg 50w, https:\/\/cirefluvial.com\/wp-content\/uploads\/2025\/08\/BIG_cabecera-1-18x6.jpg 18w\" sizes=\"(max-width: 700px) 100vw, 700px\" \/>\t\t\t\t\t\t\t\t<\/a>\n\t\t\t\t\t\t\t\t\t\t\t\t\t\t\t<\/div>\n\t\t\t\t<\/div>\n\t\t\t\t<div class=\"elementor-element elementor-element-c52bc79 elementor-widget elementor-widget-image\" data-id=\"c52bc79\" data-element_type=\"widget\" data-e-type=\"widget\" data-widget_type=\"image.default\">\n\t\t\t\t<div class=\"elementor-widget-container\">\n\t\t\t\t\t\t\t\t\t\t\t\t\t\t\t\t<a href=\"https:\/\/www.dropbox.com\/s\/d1gvaf39da5w9bw\/Actas%20RestauraR%C3%ADos%201%202011.pdf?dl=0\" target=\"_blank\">\n\t\t\t\t\t\t\t<img loading=\"lazy\" decoding=\"async\" width=\"482\" height=\"185\" src=\"https:\/\/cirefluvial.com\/wp-content\/uploads\/2025\/08\/Primer-congreso.jpeg\" class=\"attachment-large size-large wp-image-7364\" alt=\"Primer congreso\" srcset=\"https:\/\/cirefluvial.com\/wp-content\/uploads\/2025\/08\/Primer-congreso.jpeg 482w, https:\/\/cirefluvial.com\/wp-content\/uploads\/2025\/08\/Primer-congreso-300x115.jpeg 300w, https:\/\/cirefluvial.com\/wp-content\/uploads\/2025\/08\/Primer-congreso-50x19.jpeg 50w, https:\/\/cirefluvial.com\/wp-content\/uploads\/2025\/08\/Primer-congreso-18x7.jpeg 18w\" sizes=\"(max-width: 482px) 100vw, 482px\" \/>\t\t\t\t\t\t\t\t<\/a>\n\t\t\t\t\t\t\t\t\t\t\t\t\t\t\t<\/div>\n\t\t\t\t<\/div>\n\t\t\t\t<\/div>\n\t\t\t\t\t<\/div>\n\t\t\t\t<\/div>\n\t\t\t\t<\/div>","protected":false},"excerpt":{"rendered":"<p>Congreso Restaurar\u00edos El congreso RestauraRios es el mayor foro ib\u00e9rico dedicado a la restauraci\u00f3n fluvial. Un encuentro que re\u00fane a autoridades de cuenca, responsables de pol\u00edticas p\u00fablicas, t\u00e9cnicos, investigadores, estudiantes, ONGs, voluntariado ambiental y comunicadores para intercambiar experiencias y trazar soluciones en torno a la restauraci\u00f3n de los r\u00edos en la Pen\u00ednsula Ib\u00e9rica y m\u00e1s &#8230; <a title=\"Congreso Restaurar\u00edos\" class=\"read-more\" href=\"https:\/\/cirefluvial.com\/en\/congreso-restaurarios\/\" aria-label=\"Read more about Congreso Restaurar\u00edos\">Read more<\/a><\/p>","protected":false},"author":1,"featured_media":0,"parent":0,"menu_order":0,"comment_status":"closed","ping_status":"closed","template":"elementor_header_footer","meta":{"editor_plus_copied_stylings":"{}","_EventAllDay":false,"_EventTimezone":"","_EventStartDate":"","_EventEndDate":"","_EventStartDateUTC":"","_EventEndDateUTC":"","_EventShowMap":false,"_EventShowMapLink":false,"_EventURL":"","_EventCost":"","_EventCostDescription":"","_EventCurrencySymbol":"","_EventCurrencyCode":"","_EventCurrencyPosition":"","_EventDateTimeSeparator":"","_EventTimeRangeSeparator":"","_EventOrganizerID":[],"_EventVenueID":[],"_OrganizerEmail":"","_OrganizerPhone":"","_OrganizerWebsite":"","_VenueAddress":"","_VenueCity":"","_VenueCountry":"","_VenueProvince":"","_VenueState":"","_VenueZip":"","_VenuePhone":"","_VenueURL":"","_VenueStateProvince":"","_VenueLat":"","_VenueLng":"","_VenueShowMap":false,"_VenueShowMapLink":false,"footnotes":""},"class_list":["post-7355","page","type-page","status-publish"],"yoast_head":"<!-- This site is optimized with the Yoast SEO plugin v27.1.1 - https:\/\/yoast.com\/product\/yoast-seo-wordpress\/ -->\n<title>Congreso Restaurar\u00edos - CIREF<\/title>\n<meta name=\"robots\" content=\"index, follow, max-snippet:-1, max-image-preview:large, max-video-preview:-1\" \/>\n<link rel=\"canonical\" href=\"https:\/\/cirefluvial.com\/en\/congreso-restaurarios\/\" \/>\n<meta property=\"og:locale\" content=\"en_GB\" \/>\n<meta property=\"og:type\" content=\"article\" \/>\n<meta property=\"og:title\" content=\"Congreso Restaurar\u00edos - CIREF\" \/>\n<meta property=\"og:description\" content=\"Congreso Restaurar\u00edos El congreso RestauraRios es el mayor foro ib\u00e9rico dedicado a la restauraci\u00f3n fluvial. Un encuentro que re\u00fane a autoridades de cuenca, responsables de pol\u00edticas p\u00fablicas, t\u00e9cnicos, investigadores, estudiantes, ONGs, voluntariado ambiental y comunicadores para intercambiar experiencias y trazar soluciones en torno a la restauraci\u00f3n de los r\u00edos en la Pen\u00ednsula Ib\u00e9rica y m\u00e1s ... Read more\" \/>\n<meta property=\"og:url\" content=\"https:\/\/cirefluvial.com\/en\/congreso-restaurarios\/\" \/>\n<meta property=\"og:site_name\" content=\"CIREF\" \/>\n<meta property=\"article:publisher\" content=\"https:\/\/www.facebook.com\/Centro-Ibrico-de-Restauracin-Fluvial-CIREF-1796315603933684\/\" \/>\n<meta property=\"article:modified_time\" content=\"2025-08-26T18:18:15+00:00\" \/>\n<meta property=\"og:image\" content=\"https:\/\/cirefluvial.com\/wp-content\/uploads\/2025\/08\/VERSION-CARTEL-01.jpeg\" \/>\n\t<meta property=\"og:image:width\" content=\"1200\" \/>\n\t<meta property=\"og:image:height\" content=\"1207\" \/>\n\t<meta property=\"og:image:type\" content=\"image\/jpeg\" \/>\n<meta name=\"twitter:card\" content=\"summary_large_image\" \/>\n<meta name=\"twitter:site\" content=\"@Cirefluvial\" \/>\n<meta name=\"twitter:label1\" content=\"Estimated reading time\" \/>\n\t<meta name=\"twitter:data1\" content=\"2 minutes\" \/>\n<script type=\"application\/ld+json\" class=\"yoast-schema-graph\">{\"@context\":\"https:\/\/schema.org\",\"@graph\":[{\"@type\":\"WebPage\",\"@id\":\"https:\/\/cirefluvial.com\/congreso-restaurarios\/\",\"url\":\"https:\/\/cirefluvial.com\/congreso-restaurarios\/\",\"name\":\"Congreso Restaurar\u00edos - CIREF\",\"isPartOf\":{\"@id\":\"https:\/\/cirefluvial.com\/#website\"},\"primaryImageOfPage\":{\"@id\":\"https:\/\/cirefluvial.com\/congreso-restaurarios\/#primaryimage\"},\"image\":{\"@id\":\"https:\/\/cirefluvial.com\/congreso-restaurarios\/#primaryimage\"},\"thumbnailUrl\":\"https:\/\/cirefluvial.com\/wp-content\/uploads\/2025\/08\/VERSION-CARTEL-01.jpeg\",\"datePublished\":\"2025-08-26T16:15:36+00:00\",\"dateModified\":\"2025-08-26T18:18:15+00:00\",\"breadcrumb\":{\"@id\":\"https:\/\/cirefluvial.com\/congreso-restaurarios\/#breadcrumb\"},\"inLanguage\":\"en-GB\",\"potentialAction\":[{\"@type\":\"ReadAction\",\"target\":[\"https:\/\/cirefluvial.com\/congreso-restaurarios\/\"]}]},{\"@type\":\"ImageObject\",\"inLanguage\":\"en-GB\",\"@id\":\"https:\/\/cirefluvial.com\/congreso-restaurarios\/#primaryimage\",\"url\":\"https:\/\/cirefluvial.com\/wp-content\/uploads\/2025\/08\/VERSION-CARTEL-01.jpeg\",\"contentUrl\":\"https:\/\/cirefluvial.com\/wp-content\/uploads\/2025\/08\/VERSION-CARTEL-01.jpeg\"},{\"@type\":\"BreadcrumbList\",\"@id\":\"https:\/\/cirefluvial.com\/congreso-restaurarios\/#breadcrumb\",\"itemListElement\":[{\"@type\":\"ListItem\",\"position\":1,\"name\":\"Portada\",\"item\":\"https:\/\/cirefluvial.com\/\"},{\"@type\":\"ListItem\",\"position\":2,\"name\":\"Congreso Restaurar\u00edos\"}]},{\"@type\":\"WebSite\",\"@id\":\"https:\/\/cirefluvial.com\/#website\",\"url\":\"https:\/\/cirefluvial.com\/\",\"name\":\"CIREF\",\"description\":\"Centro Ib\u00e9rico de Restauraci\u00f3n Fluvial\",\"publisher\":{\"@id\":\"https:\/\/cirefluvial.com\/#organization\"},\"potentialAction\":[{\"@type\":\"SearchAction\",\"target\":{\"@type\":\"EntryPoint\",\"urlTemplate\":\"https:\/\/cirefluvial.com\/?s={search_term_string}\"},\"query-input\":{\"@type\":\"PropertyValueSpecification\",\"valueRequired\":true,\"valueName\":\"search_term_string\"}}],\"inLanguage\":\"en-GB\"},{\"@type\":\"Organization\",\"@id\":\"https:\/\/cirefluvial.com\/#organization\",\"name\":\"Centro Iberico de Restauraci\u00f3n Fluvial\",\"url\":\"https:\/\/cirefluvial.com\/\",\"logo\":{\"@type\":\"ImageObject\",\"inLanguage\":\"en-GB\",\"@id\":\"https:\/\/cirefluvial.com\/#\/schema\/logo\/image\/\",\"url\":\"https:\/\/cirefluvial.com\/wp-content\/uploads\/2022\/05\/cabecera_logo_texto.png\",\"contentUrl\":\"https:\/\/cirefluvial.com\/wp-content\/uploads\/2022\/05\/cabecera_logo_texto.png\",\"width\":212,\"height\":80,\"caption\":\"Centro Iberico de Restauraci\u00f3n Fluvial\"},\"image\":{\"@id\":\"https:\/\/cirefluvial.com\/#\/schema\/logo\/image\/\"},\"sameAs\":[\"https:\/\/www.facebook.com\/Centro-Ibrico-de-Restauracin-Fluvial-CIREF-1796315603933684\/\",\"https:\/\/x.com\/Cirefluvial\"]}]}<\/script>\n<!-- \/ Yoast SEO plugin. -->","yoast_head_json":{"title":"Congreso Restaurar\u00edos - CIREF","robots":{"index":"index","follow":"follow","max-snippet":"max-snippet:-1","max-image-preview":"max-image-preview:large","max-video-preview":"max-video-preview:-1"},"canonical":"https:\/\/cirefluvial.com\/en\/congreso-restaurarios\/","og_locale":"en_GB","og_type":"article","og_title":"Congreso Restaurar\u00edos - CIREF","og_description":"Congreso Restaurar\u00edos El congreso RestauraRios es el mayor foro ib\u00e9rico dedicado a la restauraci\u00f3n fluvial. Un encuentro que re\u00fane a autoridades de cuenca, responsables de pol\u00edticas p\u00fablicas, t\u00e9cnicos, investigadores, estudiantes, ONGs, voluntariado ambiental y comunicadores para intercambiar experiencias y trazar soluciones en torno a la restauraci\u00f3n de los r\u00edos en la Pen\u00ednsula Ib\u00e9rica y m\u00e1s ... Read more","og_url":"https:\/\/cirefluvial.com\/en\/congreso-restaurarios\/","og_site_name":"CIREF","article_publisher":"https:\/\/www.facebook.com\/Centro-Ibrico-de-Restauracin-Fluvial-CIREF-1796315603933684\/","article_modified_time":"2025-08-26T18:18:15+00:00","og_image":[{"width":1200,"height":1207,"url":"https:\/\/cirefluvial.com\/wp-content\/uploads\/2025\/08\/VERSION-CARTEL-01.jpeg","type":"image\/jpeg"}],"twitter_card":"summary_large_image","twitter_site":"@Cirefluvial","twitter_misc":{"Estimated reading time":"2 minutes"},"schema":{"@context":"https:\/\/schema.org","@graph":[{"@type":"WebPage","@id":"https:\/\/cirefluvial.com\/congreso-restaurarios\/","url":"https:\/\/cirefluvial.com\/congreso-restaurarios\/","name":"Congreso Restaurar\u00edos - CIREF","isPartOf":{"@id":"https:\/\/cirefluvial.com\/#website"},"primaryImageOfPage":{"@id":"https:\/\/cirefluvial.com\/congreso-restaurarios\/#primaryimage"},"image":{"@id":"https:\/\/cirefluvial.com\/congreso-restaurarios\/#primaryimage"},"thumbnailUrl":"https:\/\/cirefluvial.com\/wp-content\/uploads\/2025\/08\/VERSION-CARTEL-01.jpeg","datePublished":"2025-08-26T16:15:36+00:00","dateModified":"2025-08-26T18:18:15+00:00","breadcrumb":{"@id":"https:\/\/cirefluvial.com\/congreso-restaurarios\/#breadcrumb"},"inLanguage":"en-GB","potentialAction":[{"@type":"ReadAction","target":["https:\/\/cirefluvial.com\/congreso-restaurarios\/"]}]},{"@type":"ImageObject","inLanguage":"en-GB","@id":"https:\/\/cirefluvial.com\/congreso-restaurarios\/#primaryimage","url":"https:\/\/cirefluvial.com\/wp-content\/uploads\/2025\/08\/VERSION-CARTEL-01.jpeg","contentUrl":"https:\/\/cirefluvial.com\/wp-content\/uploads\/2025\/08\/VERSION-CARTEL-01.jpeg"},{"@type":"BreadcrumbList","@id":"https:\/\/cirefluvial.com\/congreso-restaurarios\/#breadcrumb","itemListElement":[{"@type":"ListItem","position":1,"name":"Portada","item":"https:\/\/cirefluvial.com\/"},{"@type":"ListItem","position":2,"name":"Congreso Restaurar\u00edos"}]},{"@type":"WebSite","@id":"https:\/\/cirefluvial.com\/#website","url":"https:\/\/cirefluvial.com\/","name":"CIREF","description":"Iberian Centre for River Restoration","publisher":{"@id":"https:\/\/cirefluvial.com\/#organization"},"potentialAction":[{"@type":"SearchAction","target":{"@type":"EntryPoint","urlTemplate":"https:\/\/cirefluvial.com\/?s={search_term_string}"},"query-input":{"@type":"PropertyValueSpecification","valueRequired":true,"valueName":"search_term_string"}}],"inLanguage":"en-GB"},{"@type":"Organization","@id":"https:\/\/cirefluvial.com\/#organization","name":"Centro Iberico de Restauraci\u00f3n Fluvial","url":"https:\/\/cirefluvial.com\/","logo":{"@type":"ImageObject","inLanguage":"en-GB","@id":"https:\/\/cirefluvial.com\/#\/schema\/logo\/image\/","url":"https:\/\/cirefluvial.com\/wp-content\/uploads\/2022\/05\/cabecera_logo_texto.png","contentUrl":"https:\/\/cirefluvial.com\/wp-content\/uploads\/2022\/05\/cabecera_logo_texto.png","width":212,"height":80,"caption":"Centro Iberico de Restauraci\u00f3n Fluvial"},"image":{"@id":"https:\/\/cirefluvial.com\/#\/schema\/logo\/image\/"},"sameAs":["https:\/\/www.facebook.com\/Centro-Ibrico-de-Restauracin-Fluvial-CIREF-1796315603933684\/","https:\/\/x.com\/Cirefluvial"]}]}},"_links":{"self":[{"href":"https:\/\/cirefluvial.com\/en\/wp-json\/wp\/v2\/pages\/7355","targetHints":{"allow":["GET"]}}],"collection":[{"href":"https:\/\/cirefluvial.com\/en\/wp-json\/wp\/v2\/pages"}],"about":[{"href":"https:\/\/cirefluvial.com\/en\/wp-json\/wp\/v2\/types\/page"}],"author":[{"embeddable":true,"href":"https:\/\/cirefluvial.com\/en\/wp-json\/wp\/v2\/users\/1"}],"replies":[{"embeddable":true,"href":"https:\/\/cirefluvial.com\/en\/wp-json\/wp\/v2\/comments?post=7355"}],"version-history":[{"count":35,"href":"https:\/\/cirefluvial.com\/en\/wp-json\/wp\/v2\/pages\/7355\/revisions"}],"predecessor-version":[{"id":7401,"href":"https:\/\/cirefluvial.com\/en\/wp-json\/wp\/v2\/pages\/7355\/revisions\/7401"}],"wp:attachment":[{"href":"https:\/\/cirefluvial.com\/en\/wp-json\/wp\/v2\/media?parent=7355"}],"curies":[{"name":"wp","href":"https:\/\/api.w.org\/{rel}","templated":true}]}}