{"id":7075,"date":"2025-06-11T16:33:51","date_gmt":"2025-06-11T14:33:51","guid":{"rendered":"https:\/\/cirefluvial.com\/?page_id=7075"},"modified":"2025-10-21T14:21:23","modified_gmt":"2025-10-21T12:21:23","slug":"open-rivers","status":"publish","type":"page","link":"https:\/\/cirefluvial.com\/en\/open-rivers\/","title":{"rendered":"Ciref en el Open Rivers Programme"},"content":{"rendered":"<div data-elementor-type=\"wp-page\" data-elementor-id=\"7075\" class=\"elementor elementor-7075\" data-elementor-post-type=\"page\">\n\t\t\t\t<div class=\"elementor-element elementor-element-4843fab3 e-flex e-con-boxed e-con e-parent\" data-id=\"4843fab3\" data-element_type=\"container\" data-e-type=\"container\" data-settings=\"{&quot;background_background&quot;:&quot;classic&quot;}\">\n\t\t\t\t\t<div class=\"e-con-inner\">\n\t\t<div class=\"elementor-element elementor-element-edbe9d2 e-flex e-con-boxed e-con e-child\" data-id=\"edbe9d2\" data-element_type=\"container\" data-e-type=\"container\">\n\t\t\t\t\t<div class=\"e-con-inner\">\n\t\t\t\t<div class=\"elementor-element elementor-element-eb37090 elementor-widget elementor-widget-heading\" data-id=\"eb37090\" data-element_type=\"widget\" data-e-type=\"widget\" data-widget_type=\"heading.default\">\n\t\t\t\t<div class=\"elementor-widget-container\">\n\t\t\t\t\t<h2 class=\"elementor-heading-title elementor-size-default\">Ciref in the Open Rivers Programme<\/h2>\t\t\t\t<\/div>\n\t\t\t\t<\/div>\n\t\t\t\t<div class=\"elementor-element elementor-element-935b258 elementor-widget elementor-widget-text-editor\" data-id=\"935b258\" data-element_type=\"widget\" data-e-type=\"widget\" data-widget_type=\"text-editor.default\">\n\t\t\t\t<div class=\"elementor-widget-container\">\n\t\t\t\t\t\t\t\t\t<p>The projects seek to remove disused weirs on three Spanish rivers<\/p>\t\t\t\t\t\t\t\t<\/div>\n\t\t\t\t<\/div>\n\t\t\t\t\t<\/div>\n\t\t\t\t<\/div>\n\t\t\t\t\t<\/div>\n\t\t\t\t<\/div>\n\t\t<div class=\"elementor-element elementor-element-2c0eb12 e-flex e-con-boxed e-con e-parent\" data-id=\"2c0eb12\" data-element_type=\"container\" data-e-type=\"container\">\n\t\t\t\t\t<div class=\"e-con-inner\">\n\t\t<div class=\"elementor-element elementor-element-1ea270e e-con-full e-flex e-con e-child\" data-id=\"1ea270e\" data-element_type=\"container\" data-e-type=\"container\">\n\t\t\t\t<div class=\"elementor-element elementor-element-9099a3b elementor-widget elementor-widget-text-editor\" data-id=\"9099a3b\" data-element_type=\"widget\" data-e-type=\"widget\" data-widget_type=\"text-editor.default\">\n\t\t\t\t<div class=\"elementor-widget-container\">\n\t\t\t\t\t\t\t\t\tThe <a href=\"https:\/\/openrivers.eu\/\" target=\"_blank\" rel=\"noopener\">Open Rivers Programme<\/a>\u00a0was launched in 2021 by the Arcadia Foundation with the aim of subsidising the removal of small barriers and restoring endangered European rivers.\t\t\t\t\t\t\t\t<\/div>\n\t\t\t\t<\/div>\n\t\t\t\t<div class=\"elementor-element elementor-element-cecb54e elementor-widget elementor-widget-heading\" data-id=\"cecb54e\" data-element_type=\"widget\" data-e-type=\"widget\" data-widget_type=\"heading.default\">\n\t\t\t\t<div class=\"elementor-widget-container\">\n\t\t\t\t\t<h2 class=\"elementor-heading-title elementor-size-default\">LEARN ABOUT THE PROJECTS:<\/h2>\t\t\t\t<\/div>\n\t\t\t\t<\/div>\n\t\t\t\t<\/div>\n\t\t\t\t\t<\/div>\n\t\t\t\t<\/div>\n\t\t<div class=\"elementor-element elementor-element-32ffad9 e-grid e-con-boxed e-con e-parent\" data-id=\"32ffad9\" data-element_type=\"container\" data-e-type=\"container\">\n\t\t\t\t\t<div class=\"e-con-inner\">\n\t\t<div data-ep-wrapper-link=\"{&quot;url&quot;:&quot;https:\\\/\\\/cirefluvial.com\\\/open-rivers\\\/open-rivers-rio-ega-navarra-espana\\\/&quot;,&quot;is_external&quot;:&quot;&quot;,&quot;nofollow&quot;:&quot;&quot;,&quot;custom_attributes&quot;:&quot;&quot;}\" style=\"cursor: pointer\" class=\"bdt-element-link elementor-element elementor-element-6ae2695 e-con-full e-transform e-flex e-con e-child\" data-id=\"6ae2695\" data-element_type=\"container\" data-e-type=\"container\" data-settings=\"{&quot;background_background&quot;:&quot;classic&quot;,&quot;_transform_scale_effect_hover&quot;:{&quot;unit&quot;:&quot;px&quot;,&quot;size&quot;:1.05,&quot;sizes&quot;:[]},&quot;_transform_scale_effect_hover_tablet&quot;:{&quot;unit&quot;:&quot;px&quot;,&quot;size&quot;:&quot;&quot;,&quot;sizes&quot;:[]},&quot;_transform_scale_effect_hover_mobile&quot;:{&quot;unit&quot;:&quot;px&quot;,&quot;size&quot;:&quot;&quot;,&quot;sizes&quot;:[]}}\">\n\t\t\t\t<div class=\"elementor-element elementor-element-0eaac92 elementor-widget elementor-widget-image\" data-id=\"0eaac92\" data-element_type=\"widget\" data-e-type=\"widget\" data-settings=\"{&quot;motion_fx_motion_fx_mouse&quot;:&quot;yes&quot;}\" data-widget_type=\"image.default\">\n\t\t\t\t<div class=\"elementor-widget-container\">\n\t\t\t\t\t\t\t\t\t\t\t\t\t\t\t<img fetchpriority=\"high\" decoding=\"async\" width=\"393\" height=\"262\" src=\"https:\/\/cirefluvial.com\/wp-content\/uploads\/2025\/06\/Ega-IMG_5179-pichi.jpg\" class=\"attachment-large size-large wp-image-7103\" alt=\"Rio Ega\" srcset=\"https:\/\/cirefluvial.com\/wp-content\/uploads\/2025\/06\/Ega-IMG_5179-pichi.jpg 393w, https:\/\/cirefluvial.com\/wp-content\/uploads\/2025\/06\/Ega-IMG_5179-pichi-300x200.jpg 300w, https:\/\/cirefluvial.com\/wp-content\/uploads\/2025\/06\/Ega-IMG_5179-pichi-50x33.jpg 50w, https:\/\/cirefluvial.com\/wp-content\/uploads\/2025\/06\/Ega-IMG_5179-pichi-18x12.jpg 18w\" sizes=\"(max-width: 393px) 100vw, 393px\" \/>\t\t\t\t\t\t\t\t\t\t\t\t\t\t\t<\/div>\n\t\t\t\t<\/div>\n\t\t<div class=\"elementor-element elementor-element-c52e659 e-con-full e-flex e-con e-child\" data-id=\"c52e659\" data-element_type=\"container\" data-e-type=\"container\" data-settings=\"{&quot;background_background&quot;:&quot;classic&quot;}\">\n\t\t<div class=\"elementor-element elementor-element-c3874f1 e-con-full e-flex e-con e-child\" data-id=\"c3874f1\" data-element_type=\"container\" data-e-type=\"container\" data-settings=\"{&quot;background_background&quot;:&quot;classic&quot;}\">\n\t\t\t\t<div class=\"elementor-element elementor-element-e5786b2 elementor-widget elementor-widget-heading\" data-id=\"e5786b2\" data-element_type=\"widget\" data-e-type=\"widget\" data-widget_type=\"heading.default\">\n\t\t\t\t<div class=\"elementor-widget-container\">\n\t\t\t\t\t<h2 class=\"elementor-heading-title elementor-size-default\">R\u00edo Ega, Navarra<\/h2>\t\t\t\t<\/div>\n\t\t\t\t<\/div>\n\t\t\t\t<div class=\"elementor-element elementor-element-a457e54 elementor-widget elementor-widget-text-editor\" data-id=\"a457e54\" data-element_type=\"widget\" data-e-type=\"widget\" data-widget_type=\"text-editor.default\">\n\t\t\t\t<div class=\"elementor-widget-container\">\n\t\t\t\t\t\t\t\t\t<p>Retirada de dos azudes<br \/>consecutivos en la<br \/>cabecera del r\u00edo Ega.<\/p>\t\t\t\t\t\t\t\t<\/div>\n\t\t\t\t<\/div>\n\t\t\t\t<\/div>\n\t\t\t\t<\/div>\n\t\t\t\t<\/div>\n\t\t<div data-ep-wrapper-link=\"{&quot;url&quot;:&quot;https:\\\/\\\/cirefluvial.com\\\/eliminacion-de-tres-azudes-consecutivos-en-el-rio-tajuna-guadalajara-espana\\\/&quot;,&quot;is_external&quot;:&quot;&quot;,&quot;nofollow&quot;:&quot;&quot;,&quot;custom_attributes&quot;:&quot;&quot;}\" style=\"cursor: pointer\" class=\"bdt-element-link elementor-element elementor-element-d731b8f e-con-full e-transform e-flex e-con e-child\" data-id=\"d731b8f\" data-element_type=\"container\" data-e-type=\"container\" data-settings=\"{&quot;background_background&quot;:&quot;classic&quot;,&quot;_transform_scale_effect_hover&quot;:{&quot;unit&quot;:&quot;px&quot;,&quot;size&quot;:1.05,&quot;sizes&quot;:[]},&quot;_transform_scale_effect_hover_tablet&quot;:{&quot;unit&quot;:&quot;px&quot;,&quot;size&quot;:&quot;&quot;,&quot;sizes&quot;:[]},&quot;_transform_scale_effect_hover_mobile&quot;:{&quot;unit&quot;:&quot;px&quot;,&quot;size&quot;:&quot;&quot;,&quot;sizes&quot;:[]}}\">\n\t\t\t\t<div class=\"elementor-element elementor-element-56ac0ae elementor-widget elementor-widget-image\" data-id=\"56ac0ae\" data-element_type=\"widget\" data-e-type=\"widget\" data-settings=\"{&quot;motion_fx_motion_fx_mouse&quot;:&quot;yes&quot;}\" data-widget_type=\"image.default\">\n\t\t\t\t<div class=\"elementor-widget-container\">\n\t\t\t\t\t\t\t\t\t\t\t\t\t\t\t<img decoding=\"async\" width=\"393\" height=\"294\" src=\"https:\/\/cirefluvial.com\/wp-content\/uploads\/2025\/06\/Tajuna-1717606876085-pichi.jpg\" class=\"attachment-large size-large wp-image-7105\" alt=\"Rio Taju\u00f1a\" srcset=\"https:\/\/cirefluvial.com\/wp-content\/uploads\/2025\/06\/Tajuna-1717606876085-pichi.jpg 393w, https:\/\/cirefluvial.com\/wp-content\/uploads\/2025\/06\/Tajuna-1717606876085-pichi-300x224.jpg 300w, https:\/\/cirefluvial.com\/wp-content\/uploads\/2025\/06\/Tajuna-1717606876085-pichi-50x37.jpg 50w, https:\/\/cirefluvial.com\/wp-content\/uploads\/2025\/06\/Tajuna-1717606876085-pichi-16x12.jpg 16w\" sizes=\"(max-width: 393px) 100vw, 393px\" \/>\t\t\t\t\t\t\t\t\t\t\t\t\t\t\t<\/div>\n\t\t\t\t<\/div>\n\t\t<div class=\"elementor-element elementor-element-702f93e e-con-full e-flex e-con e-child\" data-id=\"702f93e\" data-element_type=\"container\" data-e-type=\"container\" data-settings=\"{&quot;background_background&quot;:&quot;classic&quot;}\">\n\t\t<div class=\"elementor-element elementor-element-512bf6e e-con-full e-flex e-con e-child\" data-id=\"512bf6e\" data-element_type=\"container\" data-e-type=\"container\" data-settings=\"{&quot;background_background&quot;:&quot;classic&quot;}\">\n\t\t\t\t<div class=\"elementor-element elementor-element-01c6b04 elementor-widget elementor-widget-heading\" data-id=\"01c6b04\" data-element_type=\"widget\" data-e-type=\"widget\" data-widget_type=\"heading.default\">\n\t\t\t\t<div class=\"elementor-widget-container\">\n\t\t\t\t\t<h2 class=\"elementor-heading-title elementor-size-default\">R\u00edo Taju\u00f1a, CLM<\/h2>\t\t\t\t<\/div>\n\t\t\t\t<\/div>\n\t\t\t\t<div class=\"elementor-element elementor-element-29aab19 elementor-widget elementor-widget-heading\" data-id=\"29aab19\" data-element_type=\"widget\" data-e-type=\"widget\" data-widget_type=\"heading.default\">\n\t\t\t\t<div class=\"elementor-widget-container\">\n\t\t\t\t\t<div class=\"elementor-heading-title elementor-size-default\">En colaboraci\u00f3n con\nAEMS-R\u00edos con Vida.<\/div>\t\t\t\t<\/div>\n\t\t\t\t<\/div>\n\t\t\t\t<div class=\"elementor-element elementor-element-8e4bf7b elementor-widget elementor-widget-text-editor\" data-id=\"8e4bf7b\" data-element_type=\"widget\" data-e-type=\"widget\" data-widget_type=\"text-editor.default\">\n\t\t\t\t<div class=\"elementor-widget-container\">\n\t\t\t\t\t\t\t\t\t<p>Eliminaci\u00f3n de tres<br \/>azudes consecutivos en<br \/>el r\u00edo Taju\u00f1a.<\/p>\t\t\t\t\t\t\t\t<\/div>\n\t\t\t\t<\/div>\n\t\t\t\t<\/div>\n\t\t\t\t<\/div>\n\t\t\t\t<\/div>\n\t\t<div data-ep-wrapper-link=\"{&quot;url&quot;:&quot;https:\\\/\\\/cirefluvial.com\\\/proyecto-de-demolicion-del-azud-de-la-grajera-en-el-rio-gevalo-toledo-espana\\\/&quot;,&quot;is_external&quot;:&quot;&quot;,&quot;nofollow&quot;:&quot;&quot;,&quot;custom_attributes&quot;:&quot;&quot;}\" style=\"cursor: pointer\" class=\"bdt-element-link elementor-element elementor-element-c2e81ac e-con-full e-transform e-flex e-con e-child\" data-id=\"c2e81ac\" data-element_type=\"container\" data-e-type=\"container\" data-settings=\"{&quot;background_background&quot;:&quot;classic&quot;,&quot;_transform_scale_effect_hover&quot;:{&quot;unit&quot;:&quot;px&quot;,&quot;size&quot;:1.05,&quot;sizes&quot;:[]},&quot;_transform_scale_effect_hover_tablet&quot;:{&quot;unit&quot;:&quot;px&quot;,&quot;size&quot;:&quot;&quot;,&quot;sizes&quot;:[]},&quot;_transform_scale_effect_hover_mobile&quot;:{&quot;unit&quot;:&quot;px&quot;,&quot;size&quot;:&quot;&quot;,&quot;sizes&quot;:[]}}\">\n\t\t\t\t<div class=\"elementor-element elementor-element-634f09e elementor-widget elementor-widget-image\" data-id=\"634f09e\" data-element_type=\"widget\" data-e-type=\"widget\" data-settings=\"{&quot;motion_fx_motion_fx_mouse&quot;:&quot;yes&quot;}\" data-widget_type=\"image.default\">\n\t\t\t\t<div class=\"elementor-widget-container\">\n\t\t\t\t\t\t\t\t\t\t\t\t\t\t\t<img decoding=\"async\" width=\"393\" height=\"294\" src=\"https:\/\/cirefluvial.com\/wp-content\/uploads\/2025\/06\/GEVALO_Spain_112024_MotaIvan_02-pichi.jpg\" class=\"attachment-large size-large wp-image-7104\" alt=\"Rio Gevalo\" srcset=\"https:\/\/cirefluvial.com\/wp-content\/uploads\/2025\/06\/GEVALO_Spain_112024_MotaIvan_02-pichi.jpg 393w, https:\/\/cirefluvial.com\/wp-content\/uploads\/2025\/06\/GEVALO_Spain_112024_MotaIvan_02-pichi-300x224.jpg 300w, https:\/\/cirefluvial.com\/wp-content\/uploads\/2025\/06\/GEVALO_Spain_112024_MotaIvan_02-pichi-50x37.jpg 50w, https:\/\/cirefluvial.com\/wp-content\/uploads\/2025\/06\/GEVALO_Spain_112024_MotaIvan_02-pichi-16x12.jpg 16w\" sizes=\"(max-width: 393px) 100vw, 393px\" \/>\t\t\t\t\t\t\t\t\t\t\t\t\t\t\t<\/div>\n\t\t\t\t<\/div>\n\t\t<div class=\"elementor-element elementor-element-d5144ee e-con-full e-flex e-con e-child\" data-id=\"d5144ee\" data-element_type=\"container\" data-e-type=\"container\" data-settings=\"{&quot;background_background&quot;:&quot;classic&quot;}\">\n\t\t<div data-ep-wrapper-link=\"{&quot;url&quot;:&quot;https:\\\/\\\/cirefluvial.com\\\/proyecto-de-demolicion-del-azud-de-la-grajera-en-el-rio-gevalo-toledo-espana\\\/&quot;,&quot;is_external&quot;:&quot;&quot;,&quot;nofollow&quot;:&quot;&quot;,&quot;custom_attributes&quot;:&quot;&quot;}\" style=\"cursor: pointer\" class=\"bdt-element-link elementor-element elementor-element-f7a0868 e-con-full e-flex e-con e-child\" data-id=\"f7a0868\" data-element_type=\"container\" data-e-type=\"container\" data-settings=\"{&quot;background_background&quot;:&quot;classic&quot;}\">\n\t\t\t\t<div class=\"elementor-element elementor-element-a5865d0 elementor-widget elementor-widget-heading\" data-id=\"a5865d0\" data-element_type=\"widget\" data-e-type=\"widget\" data-widget_type=\"heading.default\">\n\t\t\t\t<div class=\"elementor-widget-container\">\n\t\t\t\t\t<h2 class=\"elementor-heading-title elementor-size-default\">R\u00edo G\u00e9valo, CLM<\/h2>\t\t\t\t<\/div>\n\t\t\t\t<\/div>\n\t\t\t\t<div class=\"elementor-element elementor-element-63968a6 elementor-widget elementor-widget-text-editor\" data-id=\"63968a6\" data-element_type=\"widget\" data-e-type=\"widget\" data-widget_type=\"text-editor.default\">\n\t\t\t\t<div class=\"elementor-widget-container\">\n\t\t\t\t\t\t\t\t\t<p>Proyecto de demolici\u00f3n<br \/>de la barrera de La<br \/>Grajera en el r\u00edo G\u00e9valo.<\/p>\t\t\t\t\t\t\t\t<\/div>\n\t\t\t\t<\/div>\n\t\t\t\t<\/div>\n\t\t\t\t<\/div>\n\t\t\t\t<\/div>\n\t\t\t\t\t<\/div>\n\t\t\t\t<\/div>\n\t\t\t\t<\/div>","protected":false},"excerpt":{"rendered":"<p>Ciref en El Open Rivers Programme Los proyectos buscan la retirada de azudes en desuso en tres r\u00edos espa\u00f1oles El Open Rivers Programme\u00a0nace en 2021 de la mano de la Fundaci\u00f3n Arcadia con el objetivo de subvencionar la eliminaci\u00f3n de peque\u00f1as barreras y lograr la restauraci\u00f3n de los r\u00edos europeos en peligro. CONOCE LOS PROYECTOS: &#8230; <a title=\"Ciref en el Open Rivers Programme\" class=\"read-more\" href=\"https:\/\/cirefluvial.com\/en\/open-rivers\/\" aria-label=\"Read more about Ciref en el Open Rivers Programme\">Read more<\/a><\/p>","protected":false},"author":1,"featured_media":0,"parent":0,"menu_order":0,"comment_status":"closed","ping_status":"closed","template":"elementor_header_footer","meta":{"editor_plus_copied_stylings":"{}","_EventAllDay":false,"_EventTimezone":"","_EventStartDate":"","_EventEndDate":"","_EventStartDateUTC":"","_EventEndDateUTC":"","_EventShowMap":false,"_EventShowMapLink":false,"_EventURL":"","_EventCost":"","_EventCostDescription":"","_EventCurrencySymbol":"","_EventCurrencyCode":"","_EventCurrencyPosition":"","_EventDateTimeSeparator":"","_EventTimeRangeSeparator":"","_EventOrganizerID":[],"_EventVenueID":[],"_OrganizerEmail":"","_OrganizerPhone":"","_OrganizerWebsite":"","_VenueAddress":"","_VenueCity":"","_VenueCountry":"","_VenueProvince":"","_VenueState":"","_VenueZip":"","_VenuePhone":"","_VenueURL":"","_VenueStateProvince":"","_VenueLat":"","_VenueLng":"","_VenueShowMap":false,"_VenueShowMapLink":false,"footnotes":""},"class_list":["post-7075","page","type-page","status-publish"],"yoast_head":"<!-- This site is optimized with the Yoast SEO plugin v27.1.1 - https:\/\/yoast.com\/product\/yoast-seo-wordpress\/ -->\n<title>Ciref en el Open Rivers Programme - CIREF<\/title>\n<meta name=\"robots\" content=\"index, follow, max-snippet:-1, max-image-preview:large, max-video-preview:-1\" \/>\n<link rel=\"canonical\" href=\"https:\/\/cirefluvial.com\/en\/open-rivers\/\" \/>\n<meta property=\"og:locale\" content=\"en_GB\" \/>\n<meta property=\"og:type\" content=\"article\" \/>\n<meta property=\"og:title\" content=\"Ciref en el Open Rivers Programme - CIREF\" \/>\n<meta property=\"og:description\" content=\"Ciref en El Open Rivers Programme Los proyectos buscan la retirada de azudes en desuso en tres r\u00edos espa\u00f1oles El Open Rivers Programme\u00a0nace en 2021 de la mano de la Fundaci\u00f3n Arcadia con el objetivo de subvencionar la eliminaci\u00f3n de peque\u00f1as barreras y lograr la restauraci\u00f3n de los r\u00edos europeos en peligro. CONOCE LOS PROYECTOS: ... Read more\" \/>\n<meta property=\"og:url\" content=\"https:\/\/cirefluvial.com\/en\/open-rivers\/\" \/>\n<meta property=\"og:site_name\" content=\"CIREF\" \/>\n<meta property=\"article:publisher\" content=\"https:\/\/www.facebook.com\/Centro-Ibrico-de-Restauracin-Fluvial-CIREF-1796315603933684\/\" \/>\n<meta property=\"article:modified_time\" content=\"2025-10-21T12:21:23+00:00\" \/>\n<meta property=\"og:image\" content=\"https:\/\/cirefluvial.com\/wp-content\/uploads\/2025\/06\/Ega-IMG_5179-pichi.jpg\" \/>\n<meta name=\"twitter:card\" content=\"summary_large_image\" \/>\n<meta name=\"twitter:site\" content=\"@Cirefluvial\" \/>\n<meta name=\"twitter:label1\" content=\"Estimated reading time\" \/>\n\t<meta name=\"twitter:data1\" content=\"2 minutes\" \/>\n<script type=\"application\/ld+json\" class=\"yoast-schema-graph\">{\"@context\":\"https:\/\/schema.org\",\"@graph\":[{\"@type\":\"WebPage\",\"@id\":\"https:\/\/cirefluvial.com\/open-rivers\/\",\"url\":\"https:\/\/cirefluvial.com\/open-rivers\/\",\"name\":\"Ciref en el Open Rivers Programme - CIREF\",\"isPartOf\":{\"@id\":\"https:\/\/cirefluvial.com\/#website\"},\"primaryImageOfPage\":{\"@id\":\"https:\/\/cirefluvial.com\/open-rivers\/#primaryimage\"},\"image\":{\"@id\":\"https:\/\/cirefluvial.com\/open-rivers\/#primaryimage\"},\"thumbnailUrl\":\"https:\/\/cirefluvial.com\/wp-content\/uploads\/2025\/06\/Ega-IMG_5179-pichi.jpg\",\"datePublished\":\"2025-06-11T14:33:51+00:00\",\"dateModified\":\"2025-10-21T12:21:23+00:00\",\"breadcrumb\":{\"@id\":\"https:\/\/cirefluvial.com\/open-rivers\/#breadcrumb\"},\"inLanguage\":\"en-GB\",\"potentialAction\":[{\"@type\":\"ReadAction\",\"target\":[\"https:\/\/cirefluvial.com\/open-rivers\/\"]}]},{\"@type\":\"ImageObject\",\"inLanguage\":\"en-GB\",\"@id\":\"https:\/\/cirefluvial.com\/open-rivers\/#primaryimage\",\"url\":\"https:\/\/cirefluvial.com\/wp-content\/uploads\/2025\/06\/Ega-IMG_5179-pichi.jpg\",\"contentUrl\":\"https:\/\/cirefluvial.com\/wp-content\/uploads\/2025\/06\/Ega-IMG_5179-pichi.jpg\"},{\"@type\":\"BreadcrumbList\",\"@id\":\"https:\/\/cirefluvial.com\/open-rivers\/#breadcrumb\",\"itemListElement\":[{\"@type\":\"ListItem\",\"position\":1,\"name\":\"Portada\",\"item\":\"https:\/\/cirefluvial.com\/\"},{\"@type\":\"ListItem\",\"position\":2,\"name\":\"Ciref en el Open Rivers Programme\"}]},{\"@type\":\"WebSite\",\"@id\":\"https:\/\/cirefluvial.com\/#website\",\"url\":\"https:\/\/cirefluvial.com\/\",\"name\":\"CIREF\",\"description\":\"Centro Ib\u00e9rico de Restauraci\u00f3n Fluvial\",\"publisher\":{\"@id\":\"https:\/\/cirefluvial.com\/#organization\"},\"potentialAction\":[{\"@type\":\"SearchAction\",\"target\":{\"@type\":\"EntryPoint\",\"urlTemplate\":\"https:\/\/cirefluvial.com\/?s={search_term_string}\"},\"query-input\":{\"@type\":\"PropertyValueSpecification\",\"valueRequired\":true,\"valueName\":\"search_term_string\"}}],\"inLanguage\":\"en-GB\"},{\"@type\":\"Organization\",\"@id\":\"https:\/\/cirefluvial.com\/#organization\",\"name\":\"Centro Iberico de Restauraci\u00f3n Fluvial\",\"url\":\"https:\/\/cirefluvial.com\/\",\"logo\":{\"@type\":\"ImageObject\",\"inLanguage\":\"en-GB\",\"@id\":\"https:\/\/cirefluvial.com\/#\/schema\/logo\/image\/\",\"url\":\"https:\/\/cirefluvial.com\/wp-content\/uploads\/2022\/05\/cabecera_logo_texto.png\",\"contentUrl\":\"https:\/\/cirefluvial.com\/wp-content\/uploads\/2022\/05\/cabecera_logo_texto.png\",\"width\":212,\"height\":80,\"caption\":\"Centro Iberico de Restauraci\u00f3n Fluvial\"},\"image\":{\"@id\":\"https:\/\/cirefluvial.com\/#\/schema\/logo\/image\/\"},\"sameAs\":[\"https:\/\/www.facebook.com\/Centro-Ibrico-de-Restauracin-Fluvial-CIREF-1796315603933684\/\",\"https:\/\/x.com\/Cirefluvial\"]}]}<\/script>\n<!-- \/ Yoast SEO plugin. -->","yoast_head_json":{"title":"Ciref en el Open Rivers Programme - CIREF","robots":{"index":"index","follow":"follow","max-snippet":"max-snippet:-1","max-image-preview":"max-image-preview:large","max-video-preview":"max-video-preview:-1"},"canonical":"https:\/\/cirefluvial.com\/en\/open-rivers\/","og_locale":"en_GB","og_type":"article","og_title":"Ciref en el Open Rivers Programme - CIREF","og_description":"Ciref en El Open Rivers Programme Los proyectos buscan la retirada de azudes en desuso en tres r\u00edos espa\u00f1oles El Open Rivers Programme\u00a0nace en 2021 de la mano de la Fundaci\u00f3n Arcadia con el objetivo de subvencionar la eliminaci\u00f3n de peque\u00f1as barreras y lograr la restauraci\u00f3n de los r\u00edos europeos en peligro. CONOCE LOS PROYECTOS: ... Read more","og_url":"https:\/\/cirefluvial.com\/en\/open-rivers\/","og_site_name":"CIREF","article_publisher":"https:\/\/www.facebook.com\/Centro-Ibrico-de-Restauracin-Fluvial-CIREF-1796315603933684\/","article_modified_time":"2025-10-21T12:21:23+00:00","og_image":[{"url":"https:\/\/cirefluvial.com\/wp-content\/uploads\/2025\/06\/Ega-IMG_5179-pichi.jpg","type":"","width":"","height":""}],"twitter_card":"summary_large_image","twitter_site":"@Cirefluvial","twitter_misc":{"Estimated reading time":"2 minutes"},"schema":{"@context":"https:\/\/schema.org","@graph":[{"@type":"WebPage","@id":"https:\/\/cirefluvial.com\/open-rivers\/","url":"https:\/\/cirefluvial.com\/open-rivers\/","name":"Ciref en el Open Rivers Programme - CIREF","isPartOf":{"@id":"https:\/\/cirefluvial.com\/#website"},"primaryImageOfPage":{"@id":"https:\/\/cirefluvial.com\/open-rivers\/#primaryimage"},"image":{"@id":"https:\/\/cirefluvial.com\/open-rivers\/#primaryimage"},"thumbnailUrl":"https:\/\/cirefluvial.com\/wp-content\/uploads\/2025\/06\/Ega-IMG_5179-pichi.jpg","datePublished":"2025-06-11T14:33:51+00:00","dateModified":"2025-10-21T12:21:23+00:00","breadcrumb":{"@id":"https:\/\/cirefluvial.com\/open-rivers\/#breadcrumb"},"inLanguage":"en-GB","potentialAction":[{"@type":"ReadAction","target":["https:\/\/cirefluvial.com\/open-rivers\/"]}]},{"@type":"ImageObject","inLanguage":"en-GB","@id":"https:\/\/cirefluvial.com\/open-rivers\/#primaryimage","url":"https:\/\/cirefluvial.com\/wp-content\/uploads\/2025\/06\/Ega-IMG_5179-pichi.jpg","contentUrl":"https:\/\/cirefluvial.com\/wp-content\/uploads\/2025\/06\/Ega-IMG_5179-pichi.jpg"},{"@type":"BreadcrumbList","@id":"https:\/\/cirefluvial.com\/open-rivers\/#breadcrumb","itemListElement":[{"@type":"ListItem","position":1,"name":"Portada","item":"https:\/\/cirefluvial.com\/"},{"@type":"ListItem","position":2,"name":"Ciref en el Open Rivers Programme"}]},{"@type":"WebSite","@id":"https:\/\/cirefluvial.com\/#website","url":"https:\/\/cirefluvial.com\/","name":"CIREF","description":"Iberian Centre for River Restoration","publisher":{"@id":"https:\/\/cirefluvial.com\/#organization"},"potentialAction":[{"@type":"SearchAction","target":{"@type":"EntryPoint","urlTemplate":"https:\/\/cirefluvial.com\/?s={search_term_string}"},"query-input":{"@type":"PropertyValueSpecification","valueRequired":true,"valueName":"search_term_string"}}],"inLanguage":"en-GB"},{"@type":"Organization","@id":"https:\/\/cirefluvial.com\/#organization","name":"Centro Iberico de Restauraci\u00f3n Fluvial","url":"https:\/\/cirefluvial.com\/","logo":{"@type":"ImageObject","inLanguage":"en-GB","@id":"https:\/\/cirefluvial.com\/#\/schema\/logo\/image\/","url":"https:\/\/cirefluvial.com\/wp-content\/uploads\/2022\/05\/cabecera_logo_texto.png","contentUrl":"https:\/\/cirefluvial.com\/wp-content\/uploads\/2022\/05\/cabecera_logo_texto.png","width":212,"height":80,"caption":"Centro Iberico de Restauraci\u00f3n Fluvial"},"image":{"@id":"https:\/\/cirefluvial.com\/#\/schema\/logo\/image\/"},"sameAs":["https:\/\/www.facebook.com\/Centro-Ibrico-de-Restauracin-Fluvial-CIREF-1796315603933684\/","https:\/\/x.com\/Cirefluvial"]}]}},"_links":{"self":[{"href":"https:\/\/cirefluvial.com\/en\/wp-json\/wp\/v2\/pages\/7075","targetHints":{"allow":["GET"]}}],"collection":[{"href":"https:\/\/cirefluvial.com\/en\/wp-json\/wp\/v2\/pages"}],"about":[{"href":"https:\/\/cirefluvial.com\/en\/wp-json\/wp\/v2\/types\/page"}],"author":[{"embeddable":true,"href":"https:\/\/cirefluvial.com\/en\/wp-json\/wp\/v2\/users\/1"}],"replies":[{"embeddable":true,"href":"https:\/\/cirefluvial.com\/en\/wp-json\/wp\/v2\/comments?post=7075"}],"version-history":[{"count":65,"href":"https:\/\/cirefluvial.com\/en\/wp-json\/wp\/v2\/pages\/7075\/revisions"}],"predecessor-version":[{"id":7669,"href":"https:\/\/cirefluvial.com\/en\/wp-json\/wp\/v2\/pages\/7075\/revisions\/7669"}],"wp:attachment":[{"href":"https:\/\/cirefluvial.com\/en\/wp-json\/wp\/v2\/media?parent=7075"}],"curies":[{"name":"wp","href":"https:\/\/api.w.org\/{rel}","templated":true}]}}