{"id":5348,"date":"2022-07-26T18:12:52","date_gmt":"2022-07-26T16:12:52","guid":{"rendered":"https:\/\/cirefluvial.com\/?page_id=5348"},"modified":"2025-09-16T21:23:31","modified_gmt":"2025-09-16T19:23:31","slug":"enlaces-de-interes","status":"publish","type":"page","link":"https:\/\/cirefluvial.com\/en\/enlaces-de-interes\/","title":{"rendered":"links of interest"},"content":{"rendered":"<div class=\"gb-container gb-container-0141c5a1\"><div class=\"gb-inside-container\">\n<div class=\"gb-container gb-container-34bd6b65\"><div class=\"gb-inside-container\">\n<ul class=\"listaenlaces2 wp-block-list eplus-wrapper eplus-styles-uid-d2a0c3\">\n<li class=\"eplus-wrapper\"><a href=\"https:\/\/youtu.be\/iUZ6aTuoNEQ?si=ivgqVkKfTT6-x2Wt\" target=\"_blank\" rel=\"noreferrer noopener\"><\/a><a href=\"https:\/\/cirefluvial.com\/consulta-el-video-y-los-materiales-del-taller-sobre-open-rivers-programme\/\">Taller Oportunidad de financiaci\u00f3n para eliminaci\u00f3n de obst\u00e1culos: Open Rivers Programme. <\/a>Septiembre 2025<\/li>\n\n\n\n<li class=\"eplus-wrapper\"><a href=\"https:\/\/youtu.be\/iUZ6aTuoNEQ?si=ivgqVkKfTT6-x2Wt\" target=\"_blank\" rel=\"noreferrer noopener\"><\/a><a href=\"https:\/\/drive.google.com\/file\/d\/1yxD_GOgeBg3mCOlJVdt4xHF60x46vi6Q\/view?usp=sharing\" target=\"_blank\" rel=\"noreferrer noopener\">Restauraci\u00f3n de la Naturaleza, retos y oportunidades en los ecosistemas fluviales.<\/a> <\/li>\n\n\n\n<li class=\"eplus-wrapper\"><a href=\"https:\/\/youtu.be\/iUZ6aTuoNEQ?si=ivgqVkKfTT6-x2Wt\" target=\"_blank\" rel=\"noreferrer noopener\">Ciclo webinarios\u00a0Retos en la Restauraci\u00f3n Fluvial, Proyecto\u00a0Cortecero Vive: Retos socioambientales en proyectos de restauraci\u00f3n fluvial.<\/a> Junio 2025<\/li>\n\n\n\n<li class=\"eplus-wrapper\"><a href=\"https:\/\/youtu.be\/e4IDLBiGZT0?si=5RouG2yoaBNLa_VY\" target=\"_blank\" rel=\"noreferrer noopener\">Webinar\u00a0#MovRioDouro:\u00a0Rios livres e remo\u00e7\u00e3o de barreiras.<\/a> Septiembre 2024<\/li>\n\n\n\n<li class=\"eplus-wrapper\"><a href=\"https:\/\/youtu.be\/GCx8JSWMbYg?si=SpL-LeGFhG3nbkCY\" target=\"_blank\" rel=\"noreferrer noopener\">Master Class on Dam Removal<\/a><\/li>\n\n\n\n<li class=\"eplus-wrapper\"><a href=\"https:\/\/publications.jrc.ec.europa.eu\/repository\/handle\/JRC137919\" target=\"_blank\" rel=\"noreferrer noopener\">Criteria for identifying free-flowing river stretches for the EU Biodiversity Strategy for 2030<\/a><br>publications.jrc.ec.europa.eu<\/li>\n\n\n\n<li class=\"eplus-wrapper\"><a href=\"https:\/\/www.miteco.gob.es\/ca\/agua\/temas\/delimitacion-y-restauracion-del-dominio-publico-hidraulico\/estrategia-nacional-restauracion-rios.html\" target=\"_blank\" rel=\"noreferrer noopener\">Estrategia Nacional de Restauraci\u00f3n de R\u00edos<\/a><br>http:\/\/miteco.gob.es<\/li>\n\n\n\n<li class=\"eplus-wrapper\"><a href=\"http:\/\/www.ecrr.org\/\" target=\"_blank\" rel=\"noreferrer noopener\">European Centre for River Restoration ECRR<\/a><br>http:\/\/www.ecrr.org<\/li>\n\n\n\n<li class=\"eplus-wrapper\"><a href=\"http:\/\/www.cirf.org\/\" target=\"_blank\" rel=\"noreferrer noopener\">Centro Italiano per la Riqualificazione Fluviale CIRF<\/a><br>http:\/\/www.cirf.org<\/li>\n\n\n\n<li class=\"eplus-wrapper\"><a href=\"http:\/\/www.therrc.co.uk\/\" target=\"_blank\" rel=\"noreferrer noopener\">The River Restoration Centre (UK)<\/a><br>http:\/\/www.therrc.co.uk<\/li>\n\n\n\n<li class=\"eplus-wrapper\"><a href=\"http:\/\/www2.dmu.dk\/1_Om_DMU\/2_tvaer-funk\/3_vlres\/default_en.asp\" target=\"_blank\" rel=\"noreferrer noopener\">Danish Centre for River Restoration DCVR<\/a><br>http:\/\/dcvr.dmu.dk<\/li>\n\n\n\n<li class=\"eplus-wrapper\"><a href=\"http:\/\/www.ser.org\/\" target=\"_blank\" rel=\"noreferrer noopener\">Society for Ecological Restoration International<\/a><br>http:\/\/www.ser.org<\/li>\n\n\n\n<li class=\"eplus-wrapper\"><a href=\"http:\/\/www.nced.umn.edu\/content\/stream-restoration-networker\" target=\"_blank\" rel=\"noreferrer noopener\">Stream Restoration Networker<\/a><br>http:\/\/www.nced.umn.edu\/content\/stream-restoration-networker<\/li>\n\n\n\n<li class=\"eplus-wrapper\"><a href=\"http:\/\/www.vannportalen.no\/\" target=\"_blank\" rel=\"noreferrer noopener\">Vannportalen (Noruega)<\/a><br>http:\/\/www.vannportalen.no<\/li>\n\n\n\n<li class=\"eplus-wrapper\"><a href=\"http:\/\/europe.wetlands.org\/\" target=\"_blank\" rel=\"noreferrer noopener\">Wetlands International European Association<\/a><br>http:\/\/europe.wetlands.org<\/li>\n\n\n\n<li class=\"eplus-wrapper\"><a href=\"http:\/\/amber.international\/\" target=\"_blank\" rel=\"noreferrer noopener\">Adaptive Management of Barriers in European Rivers AMBER<\/a><br>http:\/\/amber.international<\/li>\n<\/ul>\n\n\n<h3 class=\"gb-headline gb-headline-d3f1e97f gb-headline-text\">Colaboradores<\/h3>\n\n\n<ul class=\"listaenlaces2 wp-block-list eplus-wrapper eplus-styles-uid-6f9ff7\">\n<li class=\"eplus-wrapper\"><a href=\"http:\/\/www.aeip.org.es\/\" target=\"_blank\" rel=\"noreferrer noopener\">Asociaci\u00f3n Espa\u00f1ola de Ingenier\u00eda del Paisaje (AEIP)<\/a><br>http:\/\/www.aeip.org.es<\/li>\n\n\n\n<li class=\"eplus-wrapper\"><a href=\"http:\/\/iuca.unizar.es\/\" target=\"_blank\" rel=\"noreferrer noopener\">Instituto Universitario de Ciencias Ambientales (IUCA)<\/a><br>http:\/\/iuca.unizar.es<\/li>\n\n\n\n<li class=\"eplus-wrapper\"><a href=\"http:\/\/geografia.unizar.es\/\" target=\"_blank\" rel=\"noreferrer noopener\">Departamento de Geograf\u00eda y Ordenaci\u00f3n del Territorio (<em>sede del CIREF<\/em>)<\/a><br>http:\/\/geografia.unizar.es<\/li>\n<\/ul>\n\n\n<h3 class=\"gb-headline gb-headline-a734e302 gb-headline-text\">Jornadas<\/h3>\n\n\n<ul class=\"listaenlaces2 wp-block-list eplus-wrapper eplus-styles-uid-bcf625\">\n<li class=\"eplus-wrapper\"><a href=\"https:\/\/www.euskadi.eus\/gobierno-vasco\/-\/noticia\/2017\/hoy-comienzan-las-jornadas-sobre-restauracion-fluvial-gestion-y-restauracion-de-la-red-natura-2000-en-el-ambito-fluvial-retos-oportunidades-y-experiencias-en-la-ekoetxea-torre-madariaga-de-busturia-en-urdaibai\/\">Jornada t\u00e9cnicas del CIREF 2017<\/a><\/li>\n\n\n\n<li class=\"eplus-wrapper\"><a href=\"https:\/\/blogdelagua.com\/actualidad\/jornadas-la-restauracion-de-los-rios-en-andalucia\/\">Jornada t\u00e9cnicas del CIREF 2014<\/a><\/li>\n<\/ul>\n<\/div><\/div>\n<\/div><\/div>","protected":false},"excerpt":{"rendered":"<p>Colaboradores Jornadas<\/p>","protected":false},"author":1,"featured_media":0,"parent":0,"menu_order":0,"comment_status":"closed","ping_status":"closed","template":"","meta":{"editor_plus_copied_stylings":"{}","_EventAllDay":false,"_EventTimezone":"","_EventStartDate":"","_EventEndDate":"","_EventStartDateUTC":"","_EventEndDateUTC":"","_EventShowMap":false,"_EventShowMapLink":false,"_EventURL":"","_EventCost":"","_EventCostDescription":"","_EventCurrencySymbol":"","_EventCurrencyCode":"","_EventCurrencyPosition":"","_EventDateTimeSeparator":"","_EventTimeRangeSeparator":"","_EventOrganizerID":[],"_EventVenueID":[],"_OrganizerEmail":"","_OrganizerPhone":"","_OrganizerWebsite":"","_VenueAddress":"","_VenueCity":"","_VenueCountry":"","_VenueProvince":"","_VenueState":"","_VenueZip":"","_VenuePhone":"","_VenueURL":"","_VenueStateProvince":"","_VenueLat":"","_VenueLng":"","_VenueShowMap":false,"_VenueShowMapLink":false,"footnotes":""},"class_list":["post-5348","page","type-page","status-publish"],"yoast_head":"<!-- This site is optimized with the Yoast SEO plugin v27.1.1 - https:\/\/yoast.com\/product\/yoast-seo-wordpress\/ -->\n<title>Enlaces de interes - CIREF<\/title>\n<meta name=\"robots\" content=\"index, follow, max-snippet:-1, max-image-preview:large, max-video-preview:-1\" \/>\n<link rel=\"canonical\" href=\"https:\/\/cirefluvial.com\/en\/enlaces-de-interes\/\" \/>\n<meta property=\"og:locale\" content=\"en_GB\" \/>\n<meta property=\"og:type\" content=\"article\" \/>\n<meta property=\"og:title\" content=\"Enlaces de interes - CIREF\" \/>\n<meta property=\"og:description\" content=\"Colaboradores Jornadas\" \/>\n<meta property=\"og:url\" content=\"https:\/\/cirefluvial.com\/en\/enlaces-de-interes\/\" \/>\n<meta property=\"og:site_name\" content=\"CIREF\" \/>\n<meta property=\"article:publisher\" content=\"https:\/\/www.facebook.com\/Centro-Ibrico-de-Restauracin-Fluvial-CIREF-1796315603933684\/\" \/>\n<meta property=\"article:modified_time\" content=\"2025-09-16T19:23:31+00:00\" \/>\n<meta name=\"twitter:card\" content=\"summary_large_image\" \/>\n<meta name=\"twitter:site\" content=\"@Cirefluvial\" \/>\n<meta name=\"twitter:label1\" content=\"Estimated reading time\" \/>\n\t<meta name=\"twitter:data1\" content=\"1 minute\" \/>\n<script type=\"application\/ld+json\" class=\"yoast-schema-graph\">{\"@context\":\"https:\/\/schema.org\",\"@graph\":[{\"@type\":\"WebPage\",\"@id\":\"https:\/\/cirefluvial.com\/enlaces-de-interes\/\",\"url\":\"https:\/\/cirefluvial.com\/enlaces-de-interes\/\",\"name\":\"Enlaces de interes - CIREF\",\"isPartOf\":{\"@id\":\"https:\/\/cirefluvial.com\/#website\"},\"datePublished\":\"2022-07-26T16:12:52+00:00\",\"dateModified\":\"2025-09-16T19:23:31+00:00\",\"breadcrumb\":{\"@id\":\"https:\/\/cirefluvial.com\/enlaces-de-interes\/#breadcrumb\"},\"inLanguage\":\"en-GB\",\"potentialAction\":[{\"@type\":\"ReadAction\",\"target\":[\"https:\/\/cirefluvial.com\/enlaces-de-interes\/\"]}]},{\"@type\":\"BreadcrumbList\",\"@id\":\"https:\/\/cirefluvial.com\/enlaces-de-interes\/#breadcrumb\",\"itemListElement\":[{\"@type\":\"ListItem\",\"position\":1,\"name\":\"Portada\",\"item\":\"https:\/\/cirefluvial.com\/\"},{\"@type\":\"ListItem\",\"position\":2,\"name\":\"Enlaces de interes\"}]},{\"@type\":\"WebSite\",\"@id\":\"https:\/\/cirefluvial.com\/#website\",\"url\":\"https:\/\/cirefluvial.com\/\",\"name\":\"CIREF\",\"description\":\"Centro Ib\u00e9rico de Restauraci\u00f3n Fluvial\",\"publisher\":{\"@id\":\"https:\/\/cirefluvial.com\/#organization\"},\"potentialAction\":[{\"@type\":\"SearchAction\",\"target\":{\"@type\":\"EntryPoint\",\"urlTemplate\":\"https:\/\/cirefluvial.com\/?s={search_term_string}\"},\"query-input\":{\"@type\":\"PropertyValueSpecification\",\"valueRequired\":true,\"valueName\":\"search_term_string\"}}],\"inLanguage\":\"en-GB\"},{\"@type\":\"Organization\",\"@id\":\"https:\/\/cirefluvial.com\/#organization\",\"name\":\"Centro Iberico de Restauraci\u00f3n Fluvial\",\"url\":\"https:\/\/cirefluvial.com\/\",\"logo\":{\"@type\":\"ImageObject\",\"inLanguage\":\"en-GB\",\"@id\":\"https:\/\/cirefluvial.com\/#\/schema\/logo\/image\/\",\"url\":\"https:\/\/cirefluvial.com\/wp-content\/uploads\/2022\/05\/cabecera_logo_texto.png\",\"contentUrl\":\"https:\/\/cirefluvial.com\/wp-content\/uploads\/2022\/05\/cabecera_logo_texto.png\",\"width\":212,\"height\":80,\"caption\":\"Centro Iberico de Restauraci\u00f3n Fluvial\"},\"image\":{\"@id\":\"https:\/\/cirefluvial.com\/#\/schema\/logo\/image\/\"},\"sameAs\":[\"https:\/\/www.facebook.com\/Centro-Ibrico-de-Restauracin-Fluvial-CIREF-1796315603933684\/\",\"https:\/\/x.com\/Cirefluvial\"]}]}<\/script>\n<!-- \/ Yoast SEO plugin. -->","yoast_head_json":{"title":"Enlaces de interes - CIREF","robots":{"index":"index","follow":"follow","max-snippet":"max-snippet:-1","max-image-preview":"max-image-preview:large","max-video-preview":"max-video-preview:-1"},"canonical":"https:\/\/cirefluvial.com\/en\/enlaces-de-interes\/","og_locale":"en_GB","og_type":"article","og_title":"Enlaces de interes - CIREF","og_description":"Colaboradores Jornadas","og_url":"https:\/\/cirefluvial.com\/en\/enlaces-de-interes\/","og_site_name":"CIREF","article_publisher":"https:\/\/www.facebook.com\/Centro-Ibrico-de-Restauracin-Fluvial-CIREF-1796315603933684\/","article_modified_time":"2025-09-16T19:23:31+00:00","twitter_card":"summary_large_image","twitter_site":"@Cirefluvial","twitter_misc":{"Estimated reading time":"1 minute"},"schema":{"@context":"https:\/\/schema.org","@graph":[{"@type":"WebPage","@id":"https:\/\/cirefluvial.com\/enlaces-de-interes\/","url":"https:\/\/cirefluvial.com\/enlaces-de-interes\/","name":"Enlaces de interes - CIREF","isPartOf":{"@id":"https:\/\/cirefluvial.com\/#website"},"datePublished":"2022-07-26T16:12:52+00:00","dateModified":"2025-09-16T19:23:31+00:00","breadcrumb":{"@id":"https:\/\/cirefluvial.com\/enlaces-de-interes\/#breadcrumb"},"inLanguage":"en-GB","potentialAction":[{"@type":"ReadAction","target":["https:\/\/cirefluvial.com\/enlaces-de-interes\/"]}]},{"@type":"BreadcrumbList","@id":"https:\/\/cirefluvial.com\/enlaces-de-interes\/#breadcrumb","itemListElement":[{"@type":"ListItem","position":1,"name":"Portada","item":"https:\/\/cirefluvial.com\/"},{"@type":"ListItem","position":2,"name":"Enlaces de interes"}]},{"@type":"WebSite","@id":"https:\/\/cirefluvial.com\/#website","url":"https:\/\/cirefluvial.com\/","name":"CIREF","description":"Iberian Centre for River Restoration","publisher":{"@id":"https:\/\/cirefluvial.com\/#organization"},"potentialAction":[{"@type":"SearchAction","target":{"@type":"EntryPoint","urlTemplate":"https:\/\/cirefluvial.com\/?s={search_term_string}"},"query-input":{"@type":"PropertyValueSpecification","valueRequired":true,"valueName":"search_term_string"}}],"inLanguage":"en-GB"},{"@type":"Organization","@id":"https:\/\/cirefluvial.com\/#organization","name":"Centro Iberico de Restauraci\u00f3n Fluvial","url":"https:\/\/cirefluvial.com\/","logo":{"@type":"ImageObject","inLanguage":"en-GB","@id":"https:\/\/cirefluvial.com\/#\/schema\/logo\/image\/","url":"https:\/\/cirefluvial.com\/wp-content\/uploads\/2022\/05\/cabecera_logo_texto.png","contentUrl":"https:\/\/cirefluvial.com\/wp-content\/uploads\/2022\/05\/cabecera_logo_texto.png","width":212,"height":80,"caption":"Centro Iberico de Restauraci\u00f3n Fluvial"},"image":{"@id":"https:\/\/cirefluvial.com\/#\/schema\/logo\/image\/"},"sameAs":["https:\/\/www.facebook.com\/Centro-Ibrico-de-Restauracin-Fluvial-CIREF-1796315603933684\/","https:\/\/x.com\/Cirefluvial"]}]}},"_links":{"self":[{"href":"https:\/\/cirefluvial.com\/en\/wp-json\/wp\/v2\/pages\/5348","targetHints":{"allow":["GET"]}}],"collection":[{"href":"https:\/\/cirefluvial.com\/en\/wp-json\/wp\/v2\/pages"}],"about":[{"href":"https:\/\/cirefluvial.com\/en\/wp-json\/wp\/v2\/types\/page"}],"author":[{"embeddable":true,"href":"https:\/\/cirefluvial.com\/en\/wp-json\/wp\/v2\/users\/1"}],"replies":[{"embeddable":true,"href":"https:\/\/cirefluvial.com\/en\/wp-json\/wp\/v2\/comments?post=5348"}],"version-history":[{"count":14,"href":"https:\/\/cirefluvial.com\/en\/wp-json\/wp\/v2\/pages\/5348\/revisions"}],"predecessor-version":[{"id":7434,"href":"https:\/\/cirefluvial.com\/en\/wp-json\/wp\/v2\/pages\/5348\/revisions\/7434"}],"wp:attachment":[{"href":"https:\/\/cirefluvial.com\/en\/wp-json\/wp\/v2\/media?parent=5348"}],"curies":[{"name":"wp","href":"https:\/\/api.w.org\/{rel}","templated":true}]}}