{"id":5345,"date":"2022-07-26T17:51:25","date_gmt":"2022-07-26T15:51:25","guid":{"rendered":"https:\/\/cirefluvial.com\/?page_id=5345"},"modified":"2023-12-21T17:55:25","modified_gmt":"2023-12-21T16:55:25","slug":"recursos-didacticos","status":"publish","type":"page","link":"https:\/\/cirefluvial.com\/en\/recursos-didacticos\/","title":{"rendered":"Recursos didacticos"},"content":{"rendered":"<div class=\"gb-container gb-container-0141c5a1\"><div class=\"gb-inside-container\">\n<div class=\"gb-container gb-container-34bd6b65\"><div class=\"gb-inside-container\">\n\n<h3 class=\"gb-headline gb-headline-d3f1e97f gb-headline-text\">Comprender los r\u00edos<\/h3>\n\n\n\n<ul class=\"listaenlaces wp-block-list\">\n<li><a href=\"https:\/\/www.dropbox.com\/s\/e8sptvb4jviv26z\/CIREF_UD1_Qu%C3%A9%20es%20un%20r%C3%ADo_Cu%C3%A1les%20son%20sus%20l%C3%ADmites.pdf?dl=0\" target=\"_blank\" rel=\"noreferrer noopener\">\u00bfQu\u00e9 es un r\u00edo? \u00bfCu\u00e1les son sus l\u00edmites?<\/a><\/li>\n\n\n\n<li><a href=\"https:\/\/www.dropbox.com\/s\/9qx4f98nihfzd87\/CIREF_UD2_Beneficios%20de%20las%20crecidas%20fluviales.pdf?dl=0\" target=\"_blank\" rel=\"noreferrer noopener\">Beneficios de las crecidas fluviales<\/a><\/li>\n\n\n\n<li><a href=\"https:\/\/www.dropbox.com\/s\/vnef3910r12f4bd\/CIREF_UD3_Buenas%20pr%C3%A1cticas%20en%20la%20gesti%C3%B3n%20de%20avenidas.pdf?dl=0\" target=\"_blank\" rel=\"noreferrer noopener\">Buenas pr\u00e1cticas en la gesti\u00f3n de avenidas<\/a><\/li>\n\n\n\n<li><a href=\"https:\/\/www.dropbox.com\/s\/7kooq6lyhnw5r8k\/CIREF_UD4_Qu%C3%A9%20es%20y%20como%20funciona%20la%20din%C3%A1mica%20fluvial.pdf?dl=0\" target=\"_blank\" rel=\"noreferrer noopener\">\u00bfQu\u00e9 es y c\u00f3mo funciona la din\u00e1mica fluvial?<\/a><\/li>\n<\/ul>\n\n\n\n<p>Conoce las turberas y descubre cu\u00e1les son sus beneficios:<\/p>\n\n\n\n<figure class=\"wp-block-embed is-type-video is-provider-youtube wp-block-embed-youtube wp-embed-aspect-16-9 wp-has-aspect-ratio\"><div class=\"wp-block-embed__wrapper\">\n<iframe title=\"\u00bfConoces las turberas y sabes cu\u00e1les son sus beneficios?\" width=\"1200\" height=\"675\" src=\"https:\/\/www.youtube.com\/embed\/6guB2xcI9no?feature=oembed\" frameborder=\"0\" allow=\"accelerometer; autoplay; clipboard-write; encrypted-media; gyroscope; picture-in-picture; web-share\" allowfullscreen><\/iframe>\n<\/div><\/figure>\n\n<\/div><\/div>\n<\/div><\/div>","protected":false},"excerpt":{"rendered":"<p>Comprender los r\u00edos Conoce las turberas y descubre cu\u00e1les son sus beneficios:<\/p>","protected":false},"author":1,"featured_media":0,"parent":0,"menu_order":0,"comment_status":"closed","ping_status":"closed","template":"","meta":{"editor_plus_copied_stylings":"{}","_EventAllDay":false,"_EventTimezone":"","_EventStartDate":"","_EventEndDate":"","_EventStartDateUTC":"","_EventEndDateUTC":"","_EventShowMap":false,"_EventShowMapLink":false,"_EventURL":"","_EventCost":"","_EventCostDescription":"","_EventCurrencySymbol":"","_EventCurrencyCode":"","_EventCurrencyPosition":"","_EventDateTimeSeparator":"","_EventTimeRangeSeparator":"","_EventOrganizerID":[],"_EventVenueID":[],"_OrganizerEmail":"","_OrganizerPhone":"","_OrganizerWebsite":"","_VenueAddress":"","_VenueCity":"","_VenueCountry":"","_VenueProvince":"","_VenueState":"","_VenueZip":"","_VenuePhone":"","_VenueURL":"","_VenueStateProvince":"","_VenueLat":"","_VenueLng":"","_VenueShowMap":false,"_VenueShowMapLink":false,"footnotes":""},"class_list":["post-5345","page","type-page","status-publish"],"yoast_head":"<!-- This site is optimized with the Yoast SEO plugin v27.1.1 - https:\/\/yoast.com\/product\/yoast-seo-wordpress\/ -->\n<title>Recursos didacticos - CIREF<\/title>\n<meta name=\"robots\" content=\"index, follow, max-snippet:-1, max-image-preview:large, max-video-preview:-1\" \/>\n<link rel=\"canonical\" href=\"https:\/\/cirefluvial.com\/en\/recursos-didacticos\/\" \/>\n<meta property=\"og:locale\" content=\"en_GB\" \/>\n<meta property=\"og:type\" content=\"article\" \/>\n<meta property=\"og:title\" content=\"Recursos didacticos - CIREF\" \/>\n<meta property=\"og:description\" content=\"Comprender los r\u00edos Conoce las turberas y descubre cu\u00e1les son sus beneficios:\" \/>\n<meta property=\"og:url\" content=\"https:\/\/cirefluvial.com\/en\/recursos-didacticos\/\" \/>\n<meta property=\"og:site_name\" content=\"CIREF\" \/>\n<meta property=\"article:publisher\" content=\"https:\/\/www.facebook.com\/Centro-Ibrico-de-Restauracin-Fluvial-CIREF-1796315603933684\/\" \/>\n<meta property=\"article:modified_time\" content=\"2023-12-21T16:55:25+00:00\" \/>\n<meta name=\"twitter:card\" content=\"summary_large_image\" \/>\n<meta name=\"twitter:site\" content=\"@Cirefluvial\" \/>\n<meta name=\"twitter:label1\" content=\"Estimated reading time\" \/>\n\t<meta name=\"twitter:data1\" content=\"1 minute\" \/>\n<script type=\"application\/ld+json\" class=\"yoast-schema-graph\">{\"@context\":\"https:\/\/schema.org\",\"@graph\":[{\"@type\":\"WebPage\",\"@id\":\"https:\/\/cirefluvial.com\/recursos-didacticos\/\",\"url\":\"https:\/\/cirefluvial.com\/recursos-didacticos\/\",\"name\":\"Recursos didacticos - CIREF\",\"isPartOf\":{\"@id\":\"https:\/\/cirefluvial.com\/#website\"},\"datePublished\":\"2022-07-26T15:51:25+00:00\",\"dateModified\":\"2023-12-21T16:55:25+00:00\",\"breadcrumb\":{\"@id\":\"https:\/\/cirefluvial.com\/recursos-didacticos\/#breadcrumb\"},\"inLanguage\":\"en-GB\",\"potentialAction\":[{\"@type\":\"ReadAction\",\"target\":[\"https:\/\/cirefluvial.com\/recursos-didacticos\/\"]}]},{\"@type\":\"BreadcrumbList\",\"@id\":\"https:\/\/cirefluvial.com\/recursos-didacticos\/#breadcrumb\",\"itemListElement\":[{\"@type\":\"ListItem\",\"position\":1,\"name\":\"Portada\",\"item\":\"https:\/\/cirefluvial.com\/\"},{\"@type\":\"ListItem\",\"position\":2,\"name\":\"Recursos didacticos\"}]},{\"@type\":\"WebSite\",\"@id\":\"https:\/\/cirefluvial.com\/#website\",\"url\":\"https:\/\/cirefluvial.com\/\",\"name\":\"CIREF\",\"description\":\"Centro Ib\u00e9rico de Restauraci\u00f3n Fluvial\",\"publisher\":{\"@id\":\"https:\/\/cirefluvial.com\/#organization\"},\"potentialAction\":[{\"@type\":\"SearchAction\",\"target\":{\"@type\":\"EntryPoint\",\"urlTemplate\":\"https:\/\/cirefluvial.com\/?s={search_term_string}\"},\"query-input\":{\"@type\":\"PropertyValueSpecification\",\"valueRequired\":true,\"valueName\":\"search_term_string\"}}],\"inLanguage\":\"en-GB\"},{\"@type\":\"Organization\",\"@id\":\"https:\/\/cirefluvial.com\/#organization\",\"name\":\"Centro Iberico de Restauraci\u00f3n Fluvial\",\"url\":\"https:\/\/cirefluvial.com\/\",\"logo\":{\"@type\":\"ImageObject\",\"inLanguage\":\"en-GB\",\"@id\":\"https:\/\/cirefluvial.com\/#\/schema\/logo\/image\/\",\"url\":\"https:\/\/cirefluvial.com\/wp-content\/uploads\/2022\/05\/cabecera_logo_texto.png\",\"contentUrl\":\"https:\/\/cirefluvial.com\/wp-content\/uploads\/2022\/05\/cabecera_logo_texto.png\",\"width\":212,\"height\":80,\"caption\":\"Centro Iberico de Restauraci\u00f3n Fluvial\"},\"image\":{\"@id\":\"https:\/\/cirefluvial.com\/#\/schema\/logo\/image\/\"},\"sameAs\":[\"https:\/\/www.facebook.com\/Centro-Ibrico-de-Restauracin-Fluvial-CIREF-1796315603933684\/\",\"https:\/\/x.com\/Cirefluvial\"]}]}<\/script>\n<!-- \/ Yoast SEO plugin. -->","yoast_head_json":{"title":"Recursos didacticos - CIREF","robots":{"index":"index","follow":"follow","max-snippet":"max-snippet:-1","max-image-preview":"max-image-preview:large","max-video-preview":"max-video-preview:-1"},"canonical":"https:\/\/cirefluvial.com\/en\/recursos-didacticos\/","og_locale":"en_GB","og_type":"article","og_title":"Recursos didacticos - CIREF","og_description":"Comprender los r\u00edos Conoce las turberas y descubre cu\u00e1les son sus beneficios:","og_url":"https:\/\/cirefluvial.com\/en\/recursos-didacticos\/","og_site_name":"CIREF","article_publisher":"https:\/\/www.facebook.com\/Centro-Ibrico-de-Restauracin-Fluvial-CIREF-1796315603933684\/","article_modified_time":"2023-12-21T16:55:25+00:00","twitter_card":"summary_large_image","twitter_site":"@Cirefluvial","twitter_misc":{"Estimated reading time":"1 minute"},"schema":{"@context":"https:\/\/schema.org","@graph":[{"@type":"WebPage","@id":"https:\/\/cirefluvial.com\/recursos-didacticos\/","url":"https:\/\/cirefluvial.com\/recursos-didacticos\/","name":"Recursos didacticos - CIREF","isPartOf":{"@id":"https:\/\/cirefluvial.com\/#website"},"datePublished":"2022-07-26T15:51:25+00:00","dateModified":"2023-12-21T16:55:25+00:00","breadcrumb":{"@id":"https:\/\/cirefluvial.com\/recursos-didacticos\/#breadcrumb"},"inLanguage":"en-GB","potentialAction":[{"@type":"ReadAction","target":["https:\/\/cirefluvial.com\/recursos-didacticos\/"]}]},{"@type":"BreadcrumbList","@id":"https:\/\/cirefluvial.com\/recursos-didacticos\/#breadcrumb","itemListElement":[{"@type":"ListItem","position":1,"name":"Portada","item":"https:\/\/cirefluvial.com\/"},{"@type":"ListItem","position":2,"name":"Recursos didacticos"}]},{"@type":"WebSite","@id":"https:\/\/cirefluvial.com\/#website","url":"https:\/\/cirefluvial.com\/","name":"CIREF","description":"Iberian Centre for River Restoration","publisher":{"@id":"https:\/\/cirefluvial.com\/#organization"},"potentialAction":[{"@type":"SearchAction","target":{"@type":"EntryPoint","urlTemplate":"https:\/\/cirefluvial.com\/?s={search_term_string}"},"query-input":{"@type":"PropertyValueSpecification","valueRequired":true,"valueName":"search_term_string"}}],"inLanguage":"en-GB"},{"@type":"Organization","@id":"https:\/\/cirefluvial.com\/#organization","name":"Centro Iberico de Restauraci\u00f3n Fluvial","url":"https:\/\/cirefluvial.com\/","logo":{"@type":"ImageObject","inLanguage":"en-GB","@id":"https:\/\/cirefluvial.com\/#\/schema\/logo\/image\/","url":"https:\/\/cirefluvial.com\/wp-content\/uploads\/2022\/05\/cabecera_logo_texto.png","contentUrl":"https:\/\/cirefluvial.com\/wp-content\/uploads\/2022\/05\/cabecera_logo_texto.png","width":212,"height":80,"caption":"Centro Iberico de Restauraci\u00f3n Fluvial"},"image":{"@id":"https:\/\/cirefluvial.com\/#\/schema\/logo\/image\/"},"sameAs":["https:\/\/www.facebook.com\/Centro-Ibrico-de-Restauracin-Fluvial-CIREF-1796315603933684\/","https:\/\/x.com\/Cirefluvial"]}]}},"_links":{"self":[{"href":"https:\/\/cirefluvial.com\/en\/wp-json\/wp\/v2\/pages\/5345","targetHints":{"allow":["GET"]}}],"collection":[{"href":"https:\/\/cirefluvial.com\/en\/wp-json\/wp\/v2\/pages"}],"about":[{"href":"https:\/\/cirefluvial.com\/en\/wp-json\/wp\/v2\/types\/page"}],"author":[{"embeddable":true,"href":"https:\/\/cirefluvial.com\/en\/wp-json\/wp\/v2\/users\/1"}],"replies":[{"embeddable":true,"href":"https:\/\/cirefluvial.com\/en\/wp-json\/wp\/v2\/comments?post=5345"}],"version-history":[{"count":5,"href":"https:\/\/cirefluvial.com\/en\/wp-json\/wp\/v2\/pages\/5345\/revisions"}],"predecessor-version":[{"id":6059,"href":"https:\/\/cirefluvial.com\/en\/wp-json\/wp\/v2\/pages\/5345\/revisions\/6059"}],"wp:attachment":[{"href":"https:\/\/cirefluvial.com\/en\/wp-json\/wp\/v2\/media?parent=5345"}],"curies":[{"name":"wp","href":"https:\/\/api.w.org\/{rel}","templated":true}]}}