{"id":5323,"date":"2022-07-26T17:17:23","date_gmt":"2022-07-26T15:17:23","guid":{"rendered":"https:\/\/cirefluvial.com\/?page_id=5323"},"modified":"2026-01-19T20:18:00","modified_gmt":"2026-01-19T19:18:00","slug":"biblioteca-tecnica-del-ciref","status":"publish","type":"page","link":"https:\/\/cirefluvial.com\/en\/biblioteca-tecnica-del-ciref\/","title":{"rendered":"Biblioteca tecnica del CIREF"},"content":{"rendered":"<div class=\"gb-container gb-container-0141c5a1\"><div class=\"gb-inside-container\">\n<div class=\"gb-container gb-container-34bd6b65\"><div class=\"gb-inside-container\">\n\n<h3 class=\"gb-headline gb-headline-d3f1e97f gb-headline-text\">Restauraci\u00f3n fluvial<\/h3>\n\n\n<ul class=\"listaenlaces wp-block-list eplus-wrapper eplus-styles-uid-6cdb00\">\n<li class=\"eplus-wrapper\"><em><a href=\"https:\/\/drive.google.com\/file\/d\/1351kPmfGEcRnkMeK8dkvJAaAmzUw0xVP\/view?usp=sharing\" target=\"_blank\" rel=\"noreferrer noopener\">Naturalising a heavily modified urban river: Initial habitat evolution in the Manzanares River (Madrid, Spain)<\/a><\/em><\/li>\n\n\n\n<li class=\"eplus-wrapper\"><a href=\"https:\/\/drive.google.com\/file\/d\/1ob43X-RXZgtMRzM_PoOjjr8Jj5H-ucG9\/view?usp=sharing\" target=\"_blank\" rel=\"noreferrer noopener\">Sobre la demolici\u00f3n de barreras, azudes, presas y pantanos. Aclarando t\u00e9rminos y cuestiones. <\/a>Mayo 2025<\/li>\n\n\n\n<li class=\"eplus-wrapper\"><a href=\"https:\/\/www.sciencedirect.com\/science\/article\/pii\/S0169555X2400494X?via%3Dihub\" target=\"_blank\" rel=\"noreferrer noopener\">Bedload response to dam removal: Results from a 6-year particle tracking survey in the Leitzaran River (Basque Country), <\/a>November 2024<\/li>\n\n\n\n<li class=\"eplus-wrapper\"><a href=\"https:\/\/drive.google.com\/file\/d\/1UVbht1dkHQUjNreJMCByTTbYH4t3xmEh\/view?usp=sharing\" target=\"_blank\" rel=\"noreferrer noopener\">ECRR Technical Newsletter <\/a>December 2024<\/li>\n\n\n\n<li class=\"eplus-wrapper\"><a href=\"https:\/\/www.eea.europa.eu\/en\/analysis\/publications\/europes-state-of-water-2024#:~:text=Status%20of%20water&amp;text=In%202021%2C%20only%2037%25%20of,poor%20or%20bad%20conservation%20status\" target=\"_blank\" rel=\"noreferrer noopener\">Europe&#8217;s state of water 2024: the need for improved water resilience<\/a><\/li>\n\n\n\n<li class=\"eplus-wrapper\"><a href=\"https:\/\/drive.google.com\/drive\/folders\/1kCGcxt5F-0f6slIWM7AgE3VPzXC2xH-6?usp=sharing\">An\u00e1lisis de las investigaciones y proyectos de innovaci\u00f3n que se est\u00e1n desarrollando en la restauraci\u00f3n del Dominio P\u00fablico Hidr\u00e1ulico (DPH) con visi\u00f3n de adaptaci\u00f3n al cambio clim\u00e1tico<\/a>\u00a0Fundaci\u00f3n CONAMA, 2024<\/li>\n\n\n\n<li class=\"eplus-wrapper\"><a href=\"https:\/\/drive.google.com\/file\/d\/14SebE0qu8qjpN-9OzAyEChOhsSfP3OTX\/view?usp=sharing\" target=\"_blank\" rel=\"noreferrer noopener\">Criteria for identifying free-flowing river stretches for the EU Biodiversity Strategy for 2030<\/a>\u00a0European Comission<\/li>\n\n\n\n<li class=\"eplus-wrapper\"><a href=\"https:\/\/drive.google.com\/file\/d\/11QC1J4RyNpkD_jlLLn8kCqVHz4KddsVT\/view?usp=sharing\" target=\"_blank\" rel=\"noreferrer noopener\">Intervenciones Fluviales Educadoras <\/a>(Agustin Cuello Gij\u00f3n, 2024)\u00a0<\/li>\n\n\n\n<li class=\"eplus-wrapper\"><a href=\"https:\/\/damremoval.eu\/wp-content\/uploads\/2025\/05\/Mouchlianitis-F.A.-2025.-Dam-Removal-Progress-2024.pdf\" target=\"_blank\" rel=\"noreferrer noopener\">Dam Removal Annual Report 2024<\/a><\/li>\n\n\n\n<li class=\"eplus-wrapper\"><a href=\"https:\/\/drive.google.com\/file\/d\/17T8N_J7mm3ezr2z2YKOzWMvPDZSX90_w\/view?usp=sharing\" target=\"_blank\" rel=\"noreferrer noopener\">Dam Removal Annual Report 2023<\/a><\/li>\n\n\n\n<li class=\"eplus-wrapper\"><a href=\"https:\/\/damremoval.eu\/wp-content\/uploads\/2023\/04\/DRE-Progress-Report-2022.pdf\" target=\"_blank\" rel=\"noreferrer noopener\">Dam Removal Progress 2022<\/a><\/li>\n\n\n\n<li class=\"eplus-wrapper\"><a href=\"https:\/\/www.dropbox.com\/s\/u3yamgl0bxkhdfo\/Nagnier_Imbert_2019.pdf\" target=\"_blank\" rel=\"noreferrer noopener\">Restauration de la continuit\u00e9 \u00e9cologique des cours d\u2019eau: exemples de pratiques dans quelques pays de l\u2019Union europ\u00e9enne\u00a0<\/a>\u2022 Magnier &amp; Imbert, 2019<\/li>\n\n\n\n<li class=\"eplus-wrapper\"><a href=\"https:\/\/www.dropbox.com\/s\/sshs6wgl48z7r8g\/Removal_man-made_fluvial_barriers_considering_invasive_alien_species_Guidelines_for_decision-making.pdf\" target=\"_blank\" rel=\"noreferrer noopener\">Removal of man-made fluvial barriers considering invasive alien species. Guidelines for decision-making<\/a>\u00a0\u2022 CIREF y Wetlands International, 2019<\/li>\n\n\n\n<li class=\"eplus-wrapper\"><a href=\"https:\/\/www.dropbox.com\/s\/f133l5mfgmkwqml\/Retos_experiencias_restauracion_fluvial_RedNatura2000.pdf\" target=\"_blank\" rel=\"noreferrer noopener\">Retos y experiencias de restauraci\u00f3n fluvial en el \u00e1mbito de la Red Natura 2000<\/a>\u00a0\u2022 D\u00edez y Ibisate, 2018<\/li>\n\n\n\n<li class=\"eplus-wrapper\"><a href=\"https:\/\/www.dropbox.com\/s\/0bv9t1k521iws0a\/2017_CIREFWETLANDS_River%20connectivity%20and%20dam%20removal%20versus%20invasive%20fish%20species%20in%20the%20Iberian%20Peninsula.pdf\" target=\"_blank\" rel=\"noreferrer noopener\">Criteria for decision-making towards the improvement of river connectivity and dam removal considering the impacts of invasive fish species in the Iberian Peninsula<\/a>\u00a0\u2022 David Migu\u00e9lez Carbajo (at the request of CIREF)<\/li>\n\n\n\n<li class=\"eplus-wrapper\"><a href=\"https:\/\/www.dropbox.com\/s\/boa1kssk2jjkktn\/An_Analysis_of_River_Fragmentation_in_the_Spanish_River_Basins.pdf\" target=\"_blank\" rel=\"noreferrer noopener\">An analysis of river fragmentation in the Spanish river basins. Technical report developed by Ecohidr\u00e1ulica S.L., Madrid, Spain<\/a>\u00a0\u2022 CIREF, 2016<\/li>\n\n\n\n<li class=\"eplus-wrapper\"><a href=\"https:\/\/www.dropbox.com\/s\/ip01amwzzl87rw6\/River%20Restoration%2C%20A%20strategic%20approach%20to%20planning%20and%20management..pdf\" target=\"_blank\" rel=\"noreferrer noopener\">River Restoration. A estrategic approach to planning and management<\/a>\u00a0\u2022 GIWP, UNESCO, WWF, 2016<\/li>\n\n\n\n<li class=\"eplus-wrapper\"><a href=\"https:\/\/www.dropbox.com\/s\/im08k6x7p8hrm1k\/River%20Restoration%20and%20biodiversity.pdf\" target=\"_blank\" rel=\"noreferrer noopener\">River Restoration and Biodiversity. Nature-Based Solutions for Restoring the Rivers of the UK and Republic of Ireland<\/a>\u00a0\u2022 Addy, Cooksley, Dodd, Waylen, Stockan, Byg &amp; Holstead, 2016<\/li>\n\n\n\n<li class=\"eplus-wrapper\"><a href=\"https:\/\/www.dropbox.com\/s\/34d8mkhgxhkuf2p\/EA_2013_RiversbyDesign.pdf\" target=\"_blank\" rel=\"noreferrer noopener\">Rivers by Design. Rethinking development and river restoration<\/a>\u00a0\u2022 RESTORE, 2013<\/li>\n\n\n\n<li class=\"eplus-wrapper\"><a href=\"https:\/\/www.dropbox.com\/s\/wpurt392g5vzjdl\/Velasco%2C%202008%20.pdf\" target=\"_blank\" rel=\"noreferrer noopener\">Restauraci\u00f3n de riberas<\/a>\u00a0(Cuenca del Segura) \u2022 Velasco, 2008<\/li>\n\n\n\n<li class=\"eplus-wrapper\"><a href=\"https:\/\/www.dropbox.com\/s\/kws6ql75ekvt9ej\/Hostmann%2C%202005.pdf\" target=\"_blank\" rel=\"noreferrer noopener\">Decision support for river rehabilitation<\/a>\u00a0\u2022 Hostmann, 2005<\/li>\n\n\n\n<li class=\"eplus-wrapper\"><a href=\"https:\/\/www.dropbox.com\/s\/469z9un4lyybgnm\/Rohde%2C%202004.pdf\" target=\"_blank\" rel=\"noreferrer noopener\">River restoration<\/a>\u00a0\u2022 Rohde, 2004<\/li>\n\n\n\n<li class=\"eplus-wrapper\"><a href=\"https:\/\/www.dropbox.com\/s\/wtprxfv9rhia4d6\/Wohl%20et%20al.%2C%202004.pdf\" target=\"_blank\" rel=\"noreferrer noopener\">River restoration<\/a>\u00a0\u2022 Wohl, 2004<\/li>\n\n\n\n<li class=\"eplus-wrapper\"><a href=\"https:\/\/www.dropbox.com\/s\/quxqdhvem4zlyp5\/Soar%2CThorne%2C2001.PDF\" target=\"_blank\" rel=\"noreferrer noopener\">Channel restoration design for meandering rivers<\/a>\u00a0\u2022 Soar &amp; Thorne, 2001<\/li>\n\n\n\n<li class=\"eplus-wrapper\"><a href=\"https:\/\/www.dropbox.com\/s\/5tkkx4a8x4meujc\/Rutherfurd%20et%20al.%2C2000%28vol.1%29.pdf\" target=\"_blank\" rel=\"noreferrer noopener\">A rehabilitation manual for australian streams<\/a>\u00a0\u2022 Rutherfurd, 2000<\/li>\n\n\n\n<li class=\"eplus-wrapper\"><a href=\"https:\/\/www.dropbox.com\/s\/1ftsjpupgc43ftx\/FISRWG%2C%201998.pdf\" target=\"_blank\" rel=\"noreferrer noopener\">Stream corridor restoration<\/a>\u00a0\u2022 FIRSWG, 1998<\/li>\n<\/ul>\n\n\n<h3 class=\"gb-headline gb-headline-53fb85d1 gb-headline-text\">Gesti\u00f3n del territorio fluvial<\/h3>\n\n\n<ul class=\"listaenlaces wp-block-list eplus-wrapper eplus-styles-uid-b8766d\">\n<li class=\"eplus-wrapper\"><a href=\"https:\/\/www.dropbox.com\/s\/vq7a38ohj1ixdba\/Downs_Kondolf_2002_espanol.pdf\" target=\"_blank\" rel=\"noreferrer noopener\">Evaluaciones posteriores a proyectos de gesti\u00f3n adaptativa en restauraci\u00f3n fluvial<\/a>\u00a0\u2022 Downs &amp; Kondolf, 2002 (traducci\u00f3n al espa\u00f1ol)<\/li>\n\n\n\n<li class=\"eplus-wrapper\"><a href=\"https:\/\/www.dropbox.com\/s\/j4j0iqh6kdt8lzd\/Downs%2C%20Kondolf%2C%202002.pdf\" target=\"_blank\" rel=\"noreferrer noopener\">Post-project appraisals in adaptative managemen of river channel restoration<\/a>\u00a0\u2022 Downs &amp; Kondolf, 2002<\/li>\n\n\n\n<li class=\"eplus-wrapper\"><a href=\"https:\/\/www.dropbox.com\/s\/9n4cjsfljir5dc4\/Price%2C%20Lovett%20%28eds.%2C1999%29.pdf\" target=\"_blank\" rel=\"noreferrer noopener\">Riparian land management technical guidelines (2)<\/a>\u00a0\u2022 Lovett &amp; Price, 1999<\/li>\n\n\n\n<li class=\"eplus-wrapper\"><a href=\"https:\/\/www.dropbox.com\/s\/5xm4yijmre53gjk\/Lovett%2C%20Price%20%28eds.%2C1999%29.pdf\" target=\"_blank\" rel=\"noreferrer noopener\">Riparian land management technical guidelines (1)<\/a>\u00a0\u2022 Lovett &amp; Price, 1999<\/li>\n<\/ul>\n\n\n<h3 class=\"gb-headline gb-headline-960f39e6 gb-headline-text\">Seguimiento de actuaciones<\/h3>\n\n\n<ul class=\"listaenlaces wp-block-list eplus-wrapper eplus-styles-uid-ecb3d8\">\n<li class=\"eplus-wrapper\"><a href=\"https:\/\/www.dropbox.com\/s\/7l88e63zb6gmtz2\/Valverde_Ferrer_et_al_2018_planteamiento_mejora_actuac_rio_mijares.pdf\" target=\"_blank\" rel=\"noreferrer noopener\">Planteamiento de actuaciones de mejora fluvial en el r\u00edo Mijares<\/a>\u00a0\u2022 Valverde-Ferrer et al., 2018<\/li>\n\n\n\n<li class=\"eplus-wrapper\"><a href=\"https:\/\/www.dropbox.com\/s\/0nizqnomhov1wph\/Woolsey%20et%20al.%2C%202005.pdf\" target=\"_blank\" rel=\"noreferrer noopener\">Handbook for evaluating rehabilitation projects in rivers and streams<\/a>\u00a0\u2022 Woolsey, 2005<\/li>\n\n\n\n<li class=\"eplus-wrapper\"><a href=\"https:\/\/www.dropbox.com\/s\/4a3prt0irtmz1i6\/Woolsey%20et%20al.%2C2005%28fr.%29.pdf\" target=\"_blank\" rel=\"noreferrer noopener\">Guide du suivi des projets de revitalisation fluviale<\/a>\u00a0\u2022 Woolsey, 2005<\/li>\n<\/ul>\n\n\n<h3 class=\"gb-headline gb-headline-3b08b96f gb-headline-text\">Vegetaci\u00f3n de ribera<\/h3>\n\n\n<ul class=\"listaenlaces wp-block-list eplus-wrapper eplus-styles-uid-d362be\">\n<li class=\"eplus-wrapper\"><a href=\"https:\/\/www.dropbox.com\/s\/lm4b8slelbj0jqa\/Hughes%2Ced.%2C2003.pdf\" target=\"_blank\" rel=\"noreferrer noopener\">The flooded forest<\/a>\u00a0\u2022 Hughes, 2003<\/li>\n\n\n\n<li class=\"eplus-wrapper\"><a href=\"https:\/\/www.dropbox.com\/s\/u9o30yag2qv9fkf\/Boyer%20et%20al.%2C%201998%282%29.pdf\" target=\"_blank\" rel=\"noreferrer noopener\">La gestion du boisaments de rivi\u00e8res (2)<\/a>\u00a0\u2022 Boyer, 1998<\/li>\n\n\n\n<li class=\"eplus-wrapper\"><a href=\"https:\/\/www.dropbox.com\/s\/qlketuwbtekgj39\/Boyer%20et%20al.%2C%201998%281%29.pdf\" target=\"_blank\" rel=\"noreferrer noopener\">La gestion du boisaments de rivi\u00e8res (1)<\/a>\u00a0\u2022 Boyer, 1998<\/li>\n<\/ul>\n\n\n<h3 class=\"gb-headline gb-headline-cae58b95 gb-headline-text\">Geomorfolog\u00eda fluvial<\/h3>\n\n\n<ul class=\"listaenlaces wp-block-list eplus-wrapper eplus-styles-uid-153765\">\n<li class=\"eplus-wrapper\"><a href=\"https:\/\/www.dropbox.com\/s\/n1n44c19ni1djnm\/Ollero%20et%20al.%2C2009.pdf\" target=\"_blank\" rel=\"noreferrer noopener\">Aplicaci\u00f3n del \u00edndice hidrogeomorfol\u00f3gico IHG en la cuenca del Ebro<\/a>\u00a0\u2022 Ollero, 2009<\/li>\n\n\n\n<li class=\"eplus-wrapper\"><a href=\"https:\/\/www.dropbox.com\/s\/vqxcfofdtg23p7y\/Adam%20et%20al.%2C%202007-Franc%C3%A9s.pdf\" target=\"_blank\" rel=\"noreferrer noopener\">Manuel de restauration hydromorphologique des cours d&#8217;eau<\/a>\u00a0\u2022 Adam, 2007<\/li>\n\n\n\n<li class=\"eplus-wrapper\"><a href=\"https:\/\/www.dropbox.com\/s\/fg7qgib3cwzt19k\/McGinnity%20et%20al.%2C2005.pdf\" target=\"_blank\" rel=\"noreferrer noopener\">Monitorin of the &#8216;morphological condition&#8217; of Irish rivers<\/a>\u00a0\u2022 McGinnity, 2005<\/li>\n\n\n\n<li class=\"eplus-wrapper\"><a href=\"https:\/\/www.dropbox.com\/s\/kdijgaqehn5qgls\/Sear%20et%20al.%2C%202003.pdf\" target=\"_blank\" rel=\"noreferrer noopener\">Guidebook of applied fluvial geomorphology<\/a>\u00a0\u2022 Sear, 2003<\/li>\n\n\n\n<li class=\"eplus-wrapper\"><a href=\"https:\/\/www.dropbox.com\/s\/bdjqehw92la72ja\/Malavoi%20et%20al.%2C%201998.pdf\" target=\"_blank\" rel=\"noreferrer noopener\">Determination de l&#8217;espace de liberte des cours d&#8217;eau<\/a>\u00a0\u2022 Malavoi, 1998<\/li>\n<\/ul>\n\n\n<h3 class=\"gb-headline gb-headline-ce4be9e2 gb-headline-text\">Inundabilidad y restauraci\u00f3n fluvial<\/h3>\n\n\n<ul class=\"listaenlaces wp-block-list eplus-wrapper eplus-styles-uid-ad21f1\">\n<li class=\"eplus-wrapper\"><a href=\"https:\/\/www.dropbox.com\/s\/qjvz27u2npmzoda\/Tech_report_HoracioOllero2016.pdf\" target=\"_blank\" rel=\"noreferrer noopener\">An Introduction to Flood Risk and Management<\/a>\u00a0\u2022 Horacio &amp; Ollero, 2016<\/li>\n\n\n\n<li class=\"eplus-wrapper\"><a href=\"https:\/\/www.dropbox.com\/s\/y94c0f3s44vg4r0\/Buijse%20et%20al.%2C2002.pdf\" target=\"_blank\" rel=\"noreferrer noopener\">Restoration strategies for river floodplains along large lowland rivers in Europe<\/a>\u00a0\u2022 Buijse, 2002<\/li>\n\n\n\n<li class=\"eplus-wrapper\"><a href=\"https:\/\/www.dropbox.com\/s\/412f1y8cqxt4mgw\/Blackwell%2CMaltby%2C2006.pdf\" target=\"_blank\" rel=\"noreferrer noopener\">How to use floodplains for flood risk reduction<\/a>\u00a0\u2022 Blackwell &amp; Maltby, 2006<\/li>\n<\/ul>\n\n\n<h3 class=\"gb-headline gb-headline-00167c94 gb-headline-text\">Congresos Restaurar\u00edos<\/h3>\n\n\n<ul class=\"listaenlaces wp-block-list eplus-wrapper eplus-styles-uid-c6e23f\">\n<li class=\"eplus-wrapper\"><a href=\"https:\/\/www.dropbox.com\/s\/fcmps564jhhvj0t\/Restaurarios_2019_Murcia.pdf\" target=\"_blank\" rel=\"noreferrer noopener\">Actas Congreso Restaurar\u00edos 2019<\/a>\u00a0\u2022 Murcia<\/li>\n\n\n\n<li class=\"eplus-wrapper\"><a href=\"https:\/\/www.dropbox.com\/s\/yo6x34whklpwpa4\/Restaurarios_2015_Pamplona.pdf\" target=\"_blank\" rel=\"noreferrer noopener\">Actas Congreso Restaurar\u00edos 2015<\/a>\u00a0\u2022 Pamplona<\/li>\n\n\n\n<li class=\"eplus-wrapper\"><a href=\"https:\/\/www.dropbox.com\/s\/tlndxgua52rnpau\/Restaurarios_2011_Leon.pdf\" target=\"_blank\" rel=\"noreferrer noopener\">Actas Congreso Restaurar\u00edos 2011<\/a>\u00a0\u2022 Le\u00f3n<\/li>\n<\/ul>\n\n\n<h3 class=\"gb-headline gb-headline-ce44fddf gb-headline-text\">Participaci\u00f3n p\u00fablica en proyectos de restauraci\u00f3n&nbsp;fluvial<\/h3>\n\n\n<ul class=\"listaenlaces wp-block-list eplus-wrapper eplus-styles-uid-1f1b2c\">\n<li class=\"eplus-wrapper\"><a href=\"https:\/\/drive.google.com\/file\/d\/1iuA7nR4Rul_OZdsTWxyvxEa01Vfn81_g\/view?usp=sharing\">S<\/a><a href=\"https:\/\/drive.google.com\/file\/d\/1iuA7nR4Rul_OZdsTWxyvxEa01Vfn81_g\/view?usp=sharing\" target=\"_blank\" rel=\"noreferrer noopener\">mall dams and community engagement<\/a><\/li>\n<\/ul>\n<\/div><\/div>\n<\/div><\/div>","protected":false},"excerpt":{"rendered":"<p>Restauraci\u00f3n fluvial Gesti\u00f3n del territorio fluvial Seguimiento de actuaciones Vegetaci\u00f3n de ribera Geomorfolog\u00eda fluvial Inundabilidad y restauraci\u00f3n fluvial Congresos Restaurar\u00edos Participaci\u00f3n p\u00fablica en proyectos de restauraci\u00f3n&nbsp;fluvial<\/p>","protected":false},"author":1,"featured_media":0,"parent":0,"menu_order":0,"comment_status":"closed","ping_status":"closed","template":"","meta":{"editor_plus_copied_stylings":"{}","_EventAllDay":false,"_EventTimezone":"","_EventStartDate":"","_EventEndDate":"","_EventStartDateUTC":"","_EventEndDateUTC":"","_EventShowMap":false,"_EventShowMapLink":false,"_EventURL":"","_EventCost":"","_EventCostDescription":"","_EventCurrencySymbol":"","_EventCurrencyCode":"","_EventCurrencyPosition":"","_EventDateTimeSeparator":"","_EventTimeRangeSeparator":"","_EventOrganizerID":[],"_EventVenueID":[],"_OrganizerEmail":"","_OrganizerPhone":"","_OrganizerWebsite":"","_VenueAddress":"","_VenueCity":"","_VenueCountry":"","_VenueProvince":"","_VenueState":"","_VenueZip":"","_VenuePhone":"","_VenueURL":"","_VenueStateProvince":"","_VenueLat":"","_VenueLng":"","_VenueShowMap":false,"_VenueShowMapLink":false,"footnotes":""},"class_list":["post-5323","page","type-page","status-publish"],"yoast_head":"<!-- This site is optimized with the Yoast SEO plugin v27.1.1 - https:\/\/yoast.com\/product\/yoast-seo-wordpress\/ -->\n<title>Biblioteca tecnica del CIREF - CIREF<\/title>\n<meta name=\"robots\" content=\"index, follow, max-snippet:-1, max-image-preview:large, max-video-preview:-1\" \/>\n<link rel=\"canonical\" href=\"https:\/\/cirefluvial.com\/en\/biblioteca-tecnica-del-ciref\/\" \/>\n<meta property=\"og:locale\" content=\"en_GB\" \/>\n<meta property=\"og:type\" content=\"article\" \/>\n<meta property=\"og:title\" content=\"Biblioteca tecnica del CIREF - CIREF\" \/>\n<meta property=\"og:description\" content=\"Restauraci\u00f3n fluvial Gesti\u00f3n del territorio fluvial Seguimiento de actuaciones Vegetaci\u00f3n de ribera Geomorfolog\u00eda fluvial Inundabilidad y restauraci\u00f3n fluvial Congresos Restaurar\u00edos Participaci\u00f3n p\u00fablica en proyectos de restauraci\u00f3n&nbsp;fluvial\" \/>\n<meta property=\"og:url\" content=\"https:\/\/cirefluvial.com\/en\/biblioteca-tecnica-del-ciref\/\" \/>\n<meta property=\"og:site_name\" content=\"CIREF\" \/>\n<meta property=\"article:publisher\" content=\"https:\/\/www.facebook.com\/Centro-Ibrico-de-Restauracin-Fluvial-CIREF-1796315603933684\/\" \/>\n<meta property=\"article:modified_time\" content=\"2026-01-19T19:18:00+00:00\" \/>\n<meta name=\"twitter:card\" content=\"summary_large_image\" \/>\n<meta name=\"twitter:site\" content=\"@Cirefluvial\" \/>\n<meta name=\"twitter:label1\" content=\"Estimated reading time\" \/>\n\t<meta name=\"twitter:data1\" content=\"3 minutes\" \/>\n<script type=\"application\/ld+json\" class=\"yoast-schema-graph\">{\"@context\":\"https:\/\/schema.org\",\"@graph\":[{\"@type\":\"WebPage\",\"@id\":\"https:\/\/cirefluvial.com\/biblioteca-tecnica-del-ciref\/\",\"url\":\"https:\/\/cirefluvial.com\/biblioteca-tecnica-del-ciref\/\",\"name\":\"Biblioteca tecnica del CIREF - CIREF\",\"isPartOf\":{\"@id\":\"https:\/\/cirefluvial.com\/#website\"},\"datePublished\":\"2022-07-26T15:17:23+00:00\",\"dateModified\":\"2026-01-19T19:18:00+00:00\",\"breadcrumb\":{\"@id\":\"https:\/\/cirefluvial.com\/biblioteca-tecnica-del-ciref\/#breadcrumb\"},\"inLanguage\":\"en-GB\",\"potentialAction\":[{\"@type\":\"ReadAction\",\"target\":[\"https:\/\/cirefluvial.com\/biblioteca-tecnica-del-ciref\/\"]}]},{\"@type\":\"BreadcrumbList\",\"@id\":\"https:\/\/cirefluvial.com\/biblioteca-tecnica-del-ciref\/#breadcrumb\",\"itemListElement\":[{\"@type\":\"ListItem\",\"position\":1,\"name\":\"Portada\",\"item\":\"https:\/\/cirefluvial.com\/\"},{\"@type\":\"ListItem\",\"position\":2,\"name\":\"Biblioteca tecnica del CIREF\"}]},{\"@type\":\"WebSite\",\"@id\":\"https:\/\/cirefluvial.com\/#website\",\"url\":\"https:\/\/cirefluvial.com\/\",\"name\":\"CIREF\",\"description\":\"Centro Ib\u00e9rico de Restauraci\u00f3n Fluvial\",\"publisher\":{\"@id\":\"https:\/\/cirefluvial.com\/#organization\"},\"potentialAction\":[{\"@type\":\"SearchAction\",\"target\":{\"@type\":\"EntryPoint\",\"urlTemplate\":\"https:\/\/cirefluvial.com\/?s={search_term_string}\"},\"query-input\":{\"@type\":\"PropertyValueSpecification\",\"valueRequired\":true,\"valueName\":\"search_term_string\"}}],\"inLanguage\":\"en-GB\"},{\"@type\":\"Organization\",\"@id\":\"https:\/\/cirefluvial.com\/#organization\",\"name\":\"Centro Iberico de Restauraci\u00f3n Fluvial\",\"url\":\"https:\/\/cirefluvial.com\/\",\"logo\":{\"@type\":\"ImageObject\",\"inLanguage\":\"en-GB\",\"@id\":\"https:\/\/cirefluvial.com\/#\/schema\/logo\/image\/\",\"url\":\"https:\/\/cirefluvial.com\/wp-content\/uploads\/2022\/05\/cabecera_logo_texto.png\",\"contentUrl\":\"https:\/\/cirefluvial.com\/wp-content\/uploads\/2022\/05\/cabecera_logo_texto.png\",\"width\":212,\"height\":80,\"caption\":\"Centro Iberico de Restauraci\u00f3n Fluvial\"},\"image\":{\"@id\":\"https:\/\/cirefluvial.com\/#\/schema\/logo\/image\/\"},\"sameAs\":[\"https:\/\/www.facebook.com\/Centro-Ibrico-de-Restauracin-Fluvial-CIREF-1796315603933684\/\",\"https:\/\/x.com\/Cirefluvial\"]}]}<\/script>\n<!-- \/ Yoast SEO plugin. -->","yoast_head_json":{"title":"Biblioteca tecnica del CIREF - CIREF","robots":{"index":"index","follow":"follow","max-snippet":"max-snippet:-1","max-image-preview":"max-image-preview:large","max-video-preview":"max-video-preview:-1"},"canonical":"https:\/\/cirefluvial.com\/en\/biblioteca-tecnica-del-ciref\/","og_locale":"en_GB","og_type":"article","og_title":"Biblioteca tecnica del CIREF - CIREF","og_description":"Restauraci\u00f3n fluvial Gesti\u00f3n del territorio fluvial Seguimiento de actuaciones Vegetaci\u00f3n de ribera Geomorfolog\u00eda fluvial Inundabilidad y restauraci\u00f3n fluvial Congresos Restaurar\u00edos Participaci\u00f3n p\u00fablica en proyectos de restauraci\u00f3n&nbsp;fluvial","og_url":"https:\/\/cirefluvial.com\/en\/biblioteca-tecnica-del-ciref\/","og_site_name":"CIREF","article_publisher":"https:\/\/www.facebook.com\/Centro-Ibrico-de-Restauracin-Fluvial-CIREF-1796315603933684\/","article_modified_time":"2026-01-19T19:18:00+00:00","twitter_card":"summary_large_image","twitter_site":"@Cirefluvial","twitter_misc":{"Estimated reading time":"3 minutes"},"schema":{"@context":"https:\/\/schema.org","@graph":[{"@type":"WebPage","@id":"https:\/\/cirefluvial.com\/biblioteca-tecnica-del-ciref\/","url":"https:\/\/cirefluvial.com\/biblioteca-tecnica-del-ciref\/","name":"Biblioteca tecnica del CIREF - CIREF","isPartOf":{"@id":"https:\/\/cirefluvial.com\/#website"},"datePublished":"2022-07-26T15:17:23+00:00","dateModified":"2026-01-19T19:18:00+00:00","breadcrumb":{"@id":"https:\/\/cirefluvial.com\/biblioteca-tecnica-del-ciref\/#breadcrumb"},"inLanguage":"en-GB","potentialAction":[{"@type":"ReadAction","target":["https:\/\/cirefluvial.com\/biblioteca-tecnica-del-ciref\/"]}]},{"@type":"BreadcrumbList","@id":"https:\/\/cirefluvial.com\/biblioteca-tecnica-del-ciref\/#breadcrumb","itemListElement":[{"@type":"ListItem","position":1,"name":"Portada","item":"https:\/\/cirefluvial.com\/"},{"@type":"ListItem","position":2,"name":"Biblioteca tecnica del CIREF"}]},{"@type":"WebSite","@id":"https:\/\/cirefluvial.com\/#website","url":"https:\/\/cirefluvial.com\/","name":"CIREF","description":"Iberian Centre for River Restoration","publisher":{"@id":"https:\/\/cirefluvial.com\/#organization"},"potentialAction":[{"@type":"SearchAction","target":{"@type":"EntryPoint","urlTemplate":"https:\/\/cirefluvial.com\/?s={search_term_string}"},"query-input":{"@type":"PropertyValueSpecification","valueRequired":true,"valueName":"search_term_string"}}],"inLanguage":"en-GB"},{"@type":"Organization","@id":"https:\/\/cirefluvial.com\/#organization","name":"Centro Iberico de Restauraci\u00f3n Fluvial","url":"https:\/\/cirefluvial.com\/","logo":{"@type":"ImageObject","inLanguage":"en-GB","@id":"https:\/\/cirefluvial.com\/#\/schema\/logo\/image\/","url":"https:\/\/cirefluvial.com\/wp-content\/uploads\/2022\/05\/cabecera_logo_texto.png","contentUrl":"https:\/\/cirefluvial.com\/wp-content\/uploads\/2022\/05\/cabecera_logo_texto.png","width":212,"height":80,"caption":"Centro Iberico de Restauraci\u00f3n Fluvial"},"image":{"@id":"https:\/\/cirefluvial.com\/#\/schema\/logo\/image\/"},"sameAs":["https:\/\/www.facebook.com\/Centro-Ibrico-de-Restauracin-Fluvial-CIREF-1796315603933684\/","https:\/\/x.com\/Cirefluvial"]}]}},"_links":{"self":[{"href":"https:\/\/cirefluvial.com\/en\/wp-json\/wp\/v2\/pages\/5323","targetHints":{"allow":["GET"]}}],"collection":[{"href":"https:\/\/cirefluvial.com\/en\/wp-json\/wp\/v2\/pages"}],"about":[{"href":"https:\/\/cirefluvial.com\/en\/wp-json\/wp\/v2\/types\/page"}],"author":[{"embeddable":true,"href":"https:\/\/cirefluvial.com\/en\/wp-json\/wp\/v2\/users\/1"}],"replies":[{"embeddable":true,"href":"https:\/\/cirefluvial.com\/en\/wp-json\/wp\/v2\/comments?post=5323"}],"version-history":[{"count":20,"href":"https:\/\/cirefluvial.com\/en\/wp-json\/wp\/v2\/pages\/5323\/revisions"}],"predecessor-version":[{"id":7883,"href":"https:\/\/cirefluvial.com\/en\/wp-json\/wp\/v2\/pages\/5323\/revisions\/7883"}],"wp:attachment":[{"href":"https:\/\/cirefluvial.com\/en\/wp-json\/wp\/v2\/media?parent=5323"}],"curies":[{"name":"wp","href":"https:\/\/api.w.org\/{rel}","templated":true}]}}