{"id":72,"date":"2022-01-21T21:53:18","date_gmt":"2022-01-21T21:53:18","guid":{"rendered":"https:\/\/summercamp.wordifysites.com\/?page_id=72"},"modified":"2022-12-23T18:00:43","modified_gmt":"2022-12-23T17:00:43","slug":"congreso","status":"publish","type":"page","link":"https:\/\/cirefluvial.com\/congreso2023\/congreso\/","title":{"rendered":"Congreso"},"content":{"rendered":"<div class=\"gb-container gb-container-f230f6b8\"><div class=\"gb-inside-container\">\n<div class=\"gb-grid-wrapper gb-grid-wrapper-f5184bc6\">\n<div class=\"gb-grid-column gb-grid-column-6e28956b\"><div class=\"gb-container gb-container-6e28956b\"><div class=\"gb-inside-container\">\n\n<h5 class=\"gb-headline gb-headline-21916968 gb-headline-text\"><strong>IV CONGRESO IB\u00c9RICO DE RESTAURACI\u00d3N FLUVIAL<br>RESTAURAR\u00cdOS 2023 <\/strong><\/h5>\n\n\n\n<h5 class=\"gb-headline gb-headline-deb09068\"><span class=\"gb-icon\"><svg style=\"fill-rule:evenodd;clip-rule:evenodd;stroke-linejoin:round;stroke-miterlimit:1.41421;\" xml:space=\"preserve\" xmlns:xlink=\"http:\/\/www.w3.org\/1999\/xlink\" xmlns=\"http:\/\/www.w3.org\/2000\/svg\" version=\"1.1\" viewBox=\"0 0 47 47\" height=\"100%\" width=\"100%\"><g><g><g opacity=\"0.95\"><path style=\"fill:#fff;\" d=\"M278.402,-0.67l-278.4,0.594l0.397,185.7l278.4,-0.594l-0.397,-185.7Z\"><\/path><path style=\"fill:#1be8e1;fill-rule:nonzero;\" d=\"M93,23.026l0,0.1l-46.4,0.1l23.2,-23.3l23.2,23.1Z\"><\/path><path style=\"fill:#0fef6d;\" d=\"M92.976,-0.022l-46.3,0.098l0.049,23l46.3,-0.098l-0.049,-23Z\"><\/path><path style=\"fill:#0fef6d;fill-rule:nonzero;\" d=\"M46.6,34.926l0,11.5l-11.6,0c0.1,-6.4 5.2,-11.5 11.6,-11.5Z\"><\/path><path style=\"fill:#0dd190;fill-rule:nonzero;\" d=\"M93.1,23.126l-23.2,23.3l-23.3,-23.2l46.4,-0.1l0,-0.1l0.1,0.1Z\"><\/path><path style=\"fill:#0dd190;fill-rule:nonzero;\" d=\"M46.8,69.626c0,12.8 -10.4,23.3 -23.2,23.3l-0.1,-46.5c12.8,0 23.3,10.4 23.3,23.2Z\"><\/path><path style=\"fill:#0da1d1;\" d=\"M93.051,46.278l-46.4,0.099l0.099,46.5l46.4,-0.099l-0.099,-46.5Z\"><\/path><path style=\"fill:#0da1d1;\" d=\"M0.173,46.499l46.5,-0.099l-0.099,-46.4l-46.5,0.099l0.099,46.4Z\"><\/path><path style=\"fill:#0f80ef;\" d=\"M28.944,7.595c2.251,-3.341 6.791,-4.226 10.133,-1.974c3.341,2.251 4.226,6.791 1.974,10.133c-2.251,3.341 -6.792,4.226 -10.133,1.974c-3.341,-2.251 -4.226,-6.792 -1.974,-10.133Z\"><\/path><path style=\"fill:#0f80ef;\" d=\"M23.45,46.402l-23.4,0.05l0.1,46.5l23.4,-0.05l-0.1,-46.5Z\"><\/path><path style=\"fill:#0dd190;fill-rule:nonzero;\" d=\"M0,0.126c12.9,0 23.4,10.4 23.5,23.4l0,23l-23.4,0l-0.1,-46.4Z\"><\/path><path style=\"fill:#1be8e1;fill-rule:nonzero;\" d=\"M46.6,23.326l0,23.1l-23.2,0c0.1,-12.8 10.4,-23.1 23.2,-23.1Z\"><\/path><path style=\"fill:#fff;fill-rule:nonzero;\" d=\"M93,69.426l-46.3,0.1l23.1,-23.2l23.2,23.1Z\"><\/path><\/g><\/g><\/g><\/svg><\/span><span class=\"gb-headline-text\"><strong>21 AL 23 DE JUNIO<\/strong><\/span><\/h5>\n\n\n\n<h3 class=\"gb-headline gb-headline-8a2916a6 gb-headline-text\">El reto de recuperar los r\u00edos: Resiliencia para la salud, el medio natural y los efectos del cambio global<\/h3>\n\n\n\n<p class=\"gb-headline gb-headline-737e2a65 gb-headline-text\">El a\u00f1o 2030 se presenta como una fecha clave para la salud de los r\u00edos europeos. La nueva Ley de Restauraci\u00f3n de la Naturaleza, actualmente en fase de aprobaci\u00f3n, se ha puesto como objetivo eliminar las barreras fluviales para que al menos 25.000 km de r\u00edos se conviertan en r\u00edos de flujo libre para esa fecha. De igual modo, la Estrategia Nacional de Restauraci\u00f3n de R\u00edos que en estos momentos est\u00e1 siendo actualizada, establece el mismo horizonte para alcanzar resultados. Adem\u00e1s, otras estrategias que tienen como objetivo alcanzar resultados relacionados con la mejora del medio ambiente para esa fecha son la Estrategia Espa\u00f1ola de Bioeconom\u00eda (Ministerio de Econom\u00eda y Competitividad), la Agenda 2030 para el Desarrollo Sostenible o el Plan Estrat\u00e9gico del CIREF 2020-2030.<\/p>\n\n<\/div><\/div><\/div>\n\n<div class=\"gb-grid-column gb-grid-column-a914169b\"><div class=\"gb-container gb-container-a914169b\"><div class=\"gb-inside-container\">\n\n<figure class=\"gb-block-image gb-block-image-61a636fb\"><img loading=\"lazy\" decoding=\"async\" width=\"700\" height=\"700\" class=\"gb-image gb-image-61a636fb\" src=\"https:\/\/cirefluvial.com\/congreso2023\/wp-content\/uploads\/2022\/11\/Rio-verde-3.jpg\" alt=\"Rio verde 3\" title=\"Rio verde 3\" srcset=\"https:\/\/cirefluvial.com\/congreso2023\/wp-content\/uploads\/2022\/11\/Rio-verde-3.jpg 700w, https:\/\/cirefluvial.com\/congreso2023\/wp-content\/uploads\/2022\/11\/Rio-verde-3-300x300.jpg 300w, https:\/\/cirefluvial.com\/congreso2023\/wp-content\/uploads\/2022\/11\/Rio-verde-3-150x150.jpg 150w\" sizes=\"auto, (max-width: 700px) 100vw, 700px\" \/><\/figure>\n\n<\/div><\/div><\/div>\n<\/div>\n<\/div><\/div>\n\n<div class=\"gb-container gb-container-b71921aa\"><div class=\"gb-inside-container\">\n<div class=\"gb-grid-wrapper gb-grid-wrapper-22ac525b\">\n<div class=\"gb-grid-column gb-grid-column-2809f198\"><div class=\"gb-container gb-container-2809f198\"><div class=\"gb-inside-container\">\n\n<figure class=\"gb-block-image gb-block-image-729e742c\"><img loading=\"lazy\" decoding=\"async\" width=\"700\" height=\"700\" class=\"gb-image gb-image-729e742c\" src=\"https:\/\/cirefluvial.com\/congreso2023\/wp-content\/uploads\/2022\/11\/Ilustracion-azul.jpg\" alt=\"Ilustracio\u0301n azul\" title=\"Ilustracio\u0301n azul\" srcset=\"https:\/\/cirefluvial.com\/congreso2023\/wp-content\/uploads\/2022\/11\/Ilustracion-azul.jpg 700w, https:\/\/cirefluvial.com\/congreso2023\/wp-content\/uploads\/2022\/11\/Ilustracion-azul-300x300.jpg 300w, https:\/\/cirefluvial.com\/congreso2023\/wp-content\/uploads\/2022\/11\/Ilustracion-azul-150x150.jpg 150w\" sizes=\"auto, (max-width: 700px) 100vw, 700px\" \/><\/figure>\n\n<\/div><\/div><\/div>\n\n<div class=\"gb-grid-column gb-grid-column-2e32555f\"><div class=\"gb-container gb-container-2e32555f\"><div class=\"gb-inside-container\">\n\n<p class=\"gb-headline gb-headline-d7823e1d gb-headline-text\">Por lo tanto, es necesario llevar a cabo una reflexi\u00f3n acerca del modo en el que vamos a afrontar los pr\u00f3ximos siete a\u00f1os y del papel que la restauraci\u00f3n fluvial va a desempe\u00f1ar en la adaptaci\u00f3n a los cambios globales que el mundo est\u00e1 experimentando, echando la vista atr\u00e1s y aplicando los aprendizajes en los retos futuros. RESTAURAR\u00cdOS 2023 va a ser el foro en el que se pueda llevar a cabo esa reflexi\u00f3n y el intercambio de informaci\u00f3n entre las personas preocupadas por la salud de los r\u00edos, ya que en RestauraR\u00edos 2023 se dar\u00e1n cita personas relacionadas con la gesti\u00f3n, la investigaci\u00f3n y la planificaci\u00f3n fluvial, expertos y expertas en restauraci\u00f3n fluvial, naturalistas, voluntariado de la conservaci\u00f3n fluvial, comunicadores o personas an\u00f3nimas interesadas en la recuperaci\u00f3n de nuestros r\u00edos. De este modo concurrir\u00e1n personas procedentes de confederaciones hidrogr\u00e1ficas, administraciones estatales y auton\u00f3micas, ayuntamientos, agencias del agua, consultor\u00edas, universidades, medios de comunicaci\u00f3n, ONGs y asociaciones a nivel regional, nacional o internacional y vinculadas a los ecosistemas acu\u00e1ticos o sean parte de alg\u00fan grupo de inter\u00e9s sobre la conservaci\u00f3n fluvial en cualquier lugar de la Pen\u00ednsula Ib\u00e9rica o del resto de Europa.&nbsp; <\/p>\n\n\n\n<p class=\"gb-headline gb-headline-b96965cd gb-headline-text\"><strong>RESTAURAR\u00cdOS 2023<\/strong> ser\u00e1 la continuaci\u00f3n del I congreso que se celebr\u00f3 en 2011 en Le\u00f3n, del II congreso celebrado en Pamplona en 2015 y del III congreso que tuvo lugar en Murcia en 2019.&nbsp;La misi\u00f3n de estos congresos es crear un foro de encuentro, divulgaci\u00f3n y discusi\u00f3n entre los diversos estamentos y organizaciones dedicadas a la restauraci\u00f3n de r\u00edos para compartir e intercambiar experiencias.<\/p>\n\n<\/div><\/div><\/div>\n<\/div>\n\n<div class=\"gb-button-wrapper gb-button-wrapper-c9104514\">\n\n<a class=\"gb-button gb-button-d2109727 gb-button-text\" href=\"https:\/\/cirefluvial.com\/congreso2023\/home#temas\">CONOCE LOS TEMAS<\/a>\n\n<\/div>\n<\/div><\/div>\n\n<div class=\"gb-container gb-container-66df2f2b\"><div class=\"gb-inside-container\">\n\n<h2 class=\"gb-headline gb-headline-83932c17\"><span class=\"gb-icon\"><svg style=\"fill-rule:evenodd;clip-rule:evenodd;stroke-linejoin:round;stroke-miterlimit:1.41421;\" xml:space=\"preserve\" xmlns:xlink=\"http:\/\/www.w3.org\/1999\/xlink\" xmlns=\"http:\/\/www.w3.org\/2000\/svg\" version=\"1.1\" viewBox=\"0 0 47 47\" height=\"100%\" width=\"100%\"><g><g><g opacity=\"0.95\"><path style=\"fill:#fff;\" d=\"M231.802,-0.647l-278.4,0.594l0.397,185.7l278.4,-0.594l-0.397,-185.7Z\"><\/path><path style=\"fill:#1be8e1;fill-rule:nonzero;\" d=\"M46.4,23.049l0,0.1l-46.4,0.1l23.2,-23.3l23.2,23.1Z\"><\/path><path style=\"fill:#0fef6d;\" d=\"M46.376,0l-46.3,0.099l0.049,23l46.3,-0.099l-0.049,-23Z\"><\/path><path style=\"fill:#0fef6d;fill-rule:nonzero;\" d=\"M0,34.949l0,11.5l-11.6,0c0.1,-6.4 5.2,-11.5 11.6,-11.5Z\"><\/path><path style=\"fill:#0dd190;fill-rule:nonzero;\" d=\"M46.5,23.149l-23.2,23.3l-23.3,-23.2l46.4,-0.1l0,-0.1l0.1,0.1Z\"><\/path><path style=\"fill:#0dd190;fill-rule:nonzero;\" d=\"M0.2,69.649c0,12.8 -10.4,23.3 -23.2,23.3l-0.1,-46.5c12.8,0 23.3,10.4 23.3,23.2Z\"><\/path><path style=\"fill:#0da1d1;\" d=\"M46.451,46.3l-46.4,0.099l0.099,46.5l46.4,-0.099l-0.099,-46.5Z\"><\/path><path style=\"fill:#0da1d1;\" d=\"M51.928,7.54c2.239,-3.35 6.776,-4.252 10.126,-2.013c3.349,2.239 4.251,6.776 2.012,10.126c-2.239,3.35 -6.776,4.252 -10.126,2.013c-3.349,-2.239 -4.251,-6.776 -2.012,-10.126Z\"><\/path><path style=\"fill:#0da1d1;\" d=\"M-46.427,46.522l46.5,-0.1l-0.099,-46.4l-46.5,0.1l0.099,46.4Z\"><\/path><path style=\"fill:#0da1d1;\" d=\"M23.136,13.006l-10.161,10.204l10.204,10.161l10.161,-10.204l-10.204,-10.161Z\"><\/path><path style=\"fill:#0f80ef;\" d=\"M69.826,-0.176l-23.5,0.05l0.148,69.5l23.5,-0.05l-0.148,-69.5Z\"><\/path><path style=\"fill:#1be8e1;fill-rule:nonzero;\" d=\"M0,23.349l0,23.1l-23.2,0c0.1,-12.8 10.4,-23.1 23.2,-23.1Z\"><\/path><path style=\"fill:#fff;fill-rule:nonzero;\" d=\"M46.4,69.449l-46.3,0.1l23.1,-23.2l23.2,23.1Z\"><\/path><\/g><\/g><\/g><\/svg><\/span><span class=\"gb-headline-text\">Organizaci\u00f3n<\/span><\/h2>\n\n\n\n<p class=\"gb-headline gb-headline-e0f1cbda gb-headline-text\">El equipo del Congreso RestauraR\u00edos 2023&nbsp; se compone de un Comit\u00e9 Organizador, un Comit\u00e9 Cient\u00edfico y un Comit\u00e9 de Honor integrado por especialistas interdisciplinares de la restauraci\u00f3n fluvial provenientes del sector p\u00fablico, privado y ONG.<\/p>\n\n\n<div class=\"gb-button-wrapper gb-button-wrapper-cadfd000\">\n\n<a class=\"gb-button gb-button-d2849cab gb-button-text\" href=\"https:\/\/cirefluvial.com\/congreso2023\/conoce-al-equipo\/\">COMIT\u00c9S<\/a>\n\n<\/div>\n<\/div><\/div>","protected":false},"excerpt":{"rendered":"<p>Organizaci\u00f3n El equipo del Congreso RestauraR\u00edos 2023&nbsp; se compone de un Comit\u00e9 Organizador, un Comit\u00e9 Cient\u00edfico y un Comit\u00e9 de &#8230; <a title=\"Congreso\" class=\"read-more\" href=\"https:\/\/cirefluvial.com\/congreso2023\/congreso\/\" aria-label=\"Leer m\u00e1s sobre Congreso\">Leer m\u00e1s<\/a><\/p>\n","protected":false},"author":1,"featured_media":0,"parent":0,"menu_order":0,"comment_status":"closed","ping_status":"closed","template":"","meta":{"editor_plus_copied_stylings":"{}","footnotes":""},"class_list":["post-72","page","type-page","status-publish"],"yoast_head":"<!-- This site is optimized with the Yoast SEO plugin v27.5 - https:\/\/yoast.com\/product\/yoast-seo-wordpress\/ -->\n<title>Congreso - IV Congreso RestauraRios 2023<\/title>\n<meta name=\"robots\" content=\"index, follow, max-snippet:-1, max-image-preview:large, max-video-preview:-1\" \/>\n<link rel=\"canonical\" href=\"https:\/\/cirefluvial.com\/congreso2023\/congreso\/\" \/>\n<meta property=\"og:locale\" content=\"es_ES\" \/>\n<meta property=\"og:type\" content=\"article\" \/>\n<meta property=\"og:title\" content=\"Congreso - IV Congreso RestauraRios 2023\" \/>\n<meta property=\"og:description\" content=\"Organizaci\u00f3n El equipo del Congreso RestauraR\u00edos 2023&nbsp; se compone de un Comit\u00e9 Organizador, un Comit\u00e9 Cient\u00edfico y un Comit\u00e9 de ... Leer m\u00e1s\" \/>\n<meta property=\"og:url\" content=\"https:\/\/cirefluvial.com\/congreso2023\/congreso\/\" \/>\n<meta property=\"og:site_name\" content=\"IV Congreso RestauraRios 2023\" \/>\n<meta property=\"article:publisher\" content=\"https:\/\/www.facebook.com\/profile.php?id=100064709197688\" \/>\n<meta property=\"article:modified_time\" content=\"2022-12-23T17:00:43+00:00\" \/>\n<meta property=\"og:image\" content=\"https:\/\/cirefluvial.com\/congreso2023\/wp-content\/uploads\/2022\/11\/Rio-verde-3.jpg\" \/>\n<meta name=\"twitter:card\" content=\"summary_large_image\" \/>\n<meta name=\"twitter:site\" content=\"@Cirefluvial\" \/>\n<meta name=\"twitter:label1\" content=\"Tiempo de lectura\" \/>\n\t<meta name=\"twitter:data1\" content=\"3 minutos\" \/>\n<script type=\"application\/ld+json\" class=\"yoast-schema-graph\">{\"@context\":\"https:\\\/\\\/schema.org\",\"@graph\":[{\"@type\":\"WebPage\",\"@id\":\"https:\\\/\\\/cirefluvial.com\\\/congreso2023\\\/congreso\\\/\",\"url\":\"https:\\\/\\\/cirefluvial.com\\\/congreso2023\\\/congreso\\\/\",\"name\":\"Congreso - IV Congreso RestauraRios 2023\",\"isPartOf\":{\"@id\":\"https:\\\/\\\/cirefluvial.com\\\/congreso2023\\\/#website\"},\"primaryImageOfPage\":{\"@id\":\"https:\\\/\\\/cirefluvial.com\\\/congreso2023\\\/congreso\\\/#primaryimage\"},\"image\":{\"@id\":\"https:\\\/\\\/cirefluvial.com\\\/congreso2023\\\/congreso\\\/#primaryimage\"},\"thumbnailUrl\":\"https:\\\/\\\/cirefluvial.com\\\/congreso2023\\\/wp-content\\\/uploads\\\/2022\\\/11\\\/Rio-verde-3.jpg\",\"datePublished\":\"2022-01-21T21:53:18+00:00\",\"dateModified\":\"2022-12-23T17:00:43+00:00\",\"breadcrumb\":{\"@id\":\"https:\\\/\\\/cirefluvial.com\\\/congreso2023\\\/congreso\\\/#breadcrumb\"},\"inLanguage\":\"es\",\"potentialAction\":[{\"@type\":\"ReadAction\",\"target\":[\"https:\\\/\\\/cirefluvial.com\\\/congreso2023\\\/congreso\\\/\"]}]},{\"@type\":\"ImageObject\",\"inLanguage\":\"es\",\"@id\":\"https:\\\/\\\/cirefluvial.com\\\/congreso2023\\\/congreso\\\/#primaryimage\",\"url\":\"https:\\\/\\\/cirefluvial.com\\\/congreso2023\\\/wp-content\\\/uploads\\\/2022\\\/11\\\/Rio-verde-3.jpg\",\"contentUrl\":\"https:\\\/\\\/cirefluvial.com\\\/congreso2023\\\/wp-content\\\/uploads\\\/2022\\\/11\\\/Rio-verde-3.jpg\",\"width\":700,\"height\":700,\"caption\":\"Rio verde 3\"},{\"@type\":\"BreadcrumbList\",\"@id\":\"https:\\\/\\\/cirefluvial.com\\\/congreso2023\\\/congreso\\\/#breadcrumb\",\"itemListElement\":[{\"@type\":\"ListItem\",\"position\":1,\"name\":\"Portada\",\"item\":\"https:\\\/\\\/cirefluvial.com\\\/congreso2023\\\/\"},{\"@type\":\"ListItem\",\"position\":2,\"name\":\"Congreso\"}]},{\"@type\":\"WebSite\",\"@id\":\"https:\\\/\\\/cirefluvial.com\\\/congreso2023\\\/#website\",\"url\":\"https:\\\/\\\/cirefluvial.com\\\/congreso2023\\\/\",\"name\":\"IV Congreso RestauraRios 2023\",\"description\":\"IV Congreso RestauraRios 2023\",\"publisher\":{\"@id\":\"https:\\\/\\\/cirefluvial.com\\\/congreso2023\\\/#organization\"},\"potentialAction\":[{\"@type\":\"SearchAction\",\"target\":{\"@type\":\"EntryPoint\",\"urlTemplate\":\"https:\\\/\\\/cirefluvial.com\\\/congreso2023\\\/?s={search_term_string}\"},\"query-input\":{\"@type\":\"PropertyValueSpecification\",\"valueRequired\":true,\"valueName\":\"search_term_string\"}}],\"inLanguage\":\"es\"},{\"@type\":\"Organization\",\"@id\":\"https:\\\/\\\/cirefluvial.com\\\/congreso2023\\\/#organization\",\"name\":\"IV Congreso RestauraRios 2023\",\"url\":\"https:\\\/\\\/cirefluvial.com\\\/congreso2023\\\/\",\"logo\":{\"@type\":\"ImageObject\",\"inLanguage\":\"es\",\"@id\":\"https:\\\/\\\/cirefluvial.com\\\/congreso2023\\\/#\\\/schema\\\/logo\\\/image\\\/\",\"url\":\"https:\\\/\\\/cirefluvial.com\\\/congreso2023\\\/wp-content\\\/uploads\\\/2022\\\/01\\\/Logo-Corrrgido.png\",\"contentUrl\":\"https:\\\/\\\/cirefluvial.com\\\/congreso2023\\\/wp-content\\\/uploads\\\/2022\\\/01\\\/Logo-Corrrgido.png\",\"width\":420,\"height\":170,\"caption\":\"IV Congreso RestauraRios 2023\"},\"image\":{\"@id\":\"https:\\\/\\\/cirefluvial.com\\\/congreso2023\\\/#\\\/schema\\\/logo\\\/image\\\/\"},\"sameAs\":[\"https:\\\/\\\/www.facebook.com\\\/profile.php?id=100064709197688\",\"https:\\\/\\\/x.com\\\/Cirefluvial\",\"https:\\\/\\\/www.instagram.com\\\/ciref_fluvial\\\/\"]}]}<\/script>\n<!-- \/ Yoast SEO plugin. -->","yoast_head_json":{"title":"Congreso - IV Congreso RestauraRios 2023","robots":{"index":"index","follow":"follow","max-snippet":"max-snippet:-1","max-image-preview":"max-image-preview:large","max-video-preview":"max-video-preview:-1"},"canonical":"https:\/\/cirefluvial.com\/congreso2023\/congreso\/","og_locale":"es_ES","og_type":"article","og_title":"Congreso - IV Congreso RestauraRios 2023","og_description":"Organizaci\u00f3n El equipo del Congreso RestauraR\u00edos 2023&nbsp; se compone de un Comit\u00e9 Organizador, un Comit\u00e9 Cient\u00edfico y un Comit\u00e9 de ... Leer m\u00e1s","og_url":"https:\/\/cirefluvial.com\/congreso2023\/congreso\/","og_site_name":"IV Congreso RestauraRios 2023","article_publisher":"https:\/\/www.facebook.com\/profile.php?id=100064709197688","article_modified_time":"2022-12-23T17:00:43+00:00","og_image":[{"url":"https:\/\/cirefluvial.com\/congreso2023\/wp-content\/uploads\/2022\/11\/Rio-verde-3.jpg","type":"","width":"","height":""}],"twitter_card":"summary_large_image","twitter_site":"@Cirefluvial","twitter_misc":{"Tiempo de lectura":"3 minutos"},"schema":{"@context":"https:\/\/schema.org","@graph":[{"@type":"WebPage","@id":"https:\/\/cirefluvial.com\/congreso2023\/congreso\/","url":"https:\/\/cirefluvial.com\/congreso2023\/congreso\/","name":"Congreso - IV Congreso RestauraRios 2023","isPartOf":{"@id":"https:\/\/cirefluvial.com\/congreso2023\/#website"},"primaryImageOfPage":{"@id":"https:\/\/cirefluvial.com\/congreso2023\/congreso\/#primaryimage"},"image":{"@id":"https:\/\/cirefluvial.com\/congreso2023\/congreso\/#primaryimage"},"thumbnailUrl":"https:\/\/cirefluvial.com\/congreso2023\/wp-content\/uploads\/2022\/11\/Rio-verde-3.jpg","datePublished":"2022-01-21T21:53:18+00:00","dateModified":"2022-12-23T17:00:43+00:00","breadcrumb":{"@id":"https:\/\/cirefluvial.com\/congreso2023\/congreso\/#breadcrumb"},"inLanguage":"es","potentialAction":[{"@type":"ReadAction","target":["https:\/\/cirefluvial.com\/congreso2023\/congreso\/"]}]},{"@type":"ImageObject","inLanguage":"es","@id":"https:\/\/cirefluvial.com\/congreso2023\/congreso\/#primaryimage","url":"https:\/\/cirefluvial.com\/congreso2023\/wp-content\/uploads\/2022\/11\/Rio-verde-3.jpg","contentUrl":"https:\/\/cirefluvial.com\/congreso2023\/wp-content\/uploads\/2022\/11\/Rio-verde-3.jpg","width":700,"height":700,"caption":"Rio verde 3"},{"@type":"BreadcrumbList","@id":"https:\/\/cirefluvial.com\/congreso2023\/congreso\/#breadcrumb","itemListElement":[{"@type":"ListItem","position":1,"name":"Portada","item":"https:\/\/cirefluvial.com\/congreso2023\/"},{"@type":"ListItem","position":2,"name":"Congreso"}]},{"@type":"WebSite","@id":"https:\/\/cirefluvial.com\/congreso2023\/#website","url":"https:\/\/cirefluvial.com\/congreso2023\/","name":"IV Congreso RestauraRios 2023","description":"IV Congreso RestauraRios 2023","publisher":{"@id":"https:\/\/cirefluvial.com\/congreso2023\/#organization"},"potentialAction":[{"@type":"SearchAction","target":{"@type":"EntryPoint","urlTemplate":"https:\/\/cirefluvial.com\/congreso2023\/?s={search_term_string}"},"query-input":{"@type":"PropertyValueSpecification","valueRequired":true,"valueName":"search_term_string"}}],"inLanguage":"es"},{"@type":"Organization","@id":"https:\/\/cirefluvial.com\/congreso2023\/#organization","name":"IV Congreso RestauraRios 2023","url":"https:\/\/cirefluvial.com\/congreso2023\/","logo":{"@type":"ImageObject","inLanguage":"es","@id":"https:\/\/cirefluvial.com\/congreso2023\/#\/schema\/logo\/image\/","url":"https:\/\/cirefluvial.com\/congreso2023\/wp-content\/uploads\/2022\/01\/Logo-Corrrgido.png","contentUrl":"https:\/\/cirefluvial.com\/congreso2023\/wp-content\/uploads\/2022\/01\/Logo-Corrrgido.png","width":420,"height":170,"caption":"IV Congreso RestauraRios 2023"},"image":{"@id":"https:\/\/cirefluvial.com\/congreso2023\/#\/schema\/logo\/image\/"},"sameAs":["https:\/\/www.facebook.com\/profile.php?id=100064709197688","https:\/\/x.com\/Cirefluvial","https:\/\/www.instagram.com\/ciref_fluvial\/"]}]}},"_links":{"self":[{"href":"https:\/\/cirefluvial.com\/congreso2023\/wp-json\/wp\/v2\/pages\/72","targetHints":{"allow":["GET"]}}],"collection":[{"href":"https:\/\/cirefluvial.com\/congreso2023\/wp-json\/wp\/v2\/pages"}],"about":[{"href":"https:\/\/cirefluvial.com\/congreso2023\/wp-json\/wp\/v2\/types\/page"}],"author":[{"embeddable":true,"href":"https:\/\/cirefluvial.com\/congreso2023\/wp-json\/wp\/v2\/users\/1"}],"replies":[{"embeddable":true,"href":"https:\/\/cirefluvial.com\/congreso2023\/wp-json\/wp\/v2\/comments?post=72"}],"version-history":[{"count":16,"href":"https:\/\/cirefluvial.com\/congreso2023\/wp-json\/wp\/v2\/pages\/72\/revisions"}],"predecessor-version":[{"id":1649,"href":"https:\/\/cirefluvial.com\/congreso2023\/wp-json\/wp\/v2\/pages\/72\/revisions\/1649"}],"wp:attachment":[{"href":"https:\/\/cirefluvial.com\/congreso2023\/wp-json\/wp\/v2\/media?parent=72"}],"curies":[{"name":"wp","href":"https:\/\/api.w.org\/{rel}","templated":true}]}}