{"id":2145,"date":"2023-07-13T14:37:59","date_gmt":"2023-07-13T12:37:59","guid":{"rendered":"https:\/\/cirefluvial.com\/congreso2023\/?page_id=2145"},"modified":"2023-07-13T18:48:58","modified_gmt":"2023-07-13T16:48:58","slug":"galeria","status":"publish","type":"page","link":"https:\/\/cirefluvial.com\/congreso2023\/en\/galeria\/","title":{"rendered":"Galer\u00eda"},"content":{"rendered":"<div class=\"gb-container gb-container-ebcf98f5\"><div class=\"gb-inside-container\">\n\n<h5 class=\"gb-headline gb-headline-3e08960b gb-headline-text\">A continuaci\u00f3n, te presentamos la galer\u00eda de fotos del Congreso RestauraR\u00edos 2023, Si lo deseas para mayor comodidad puedes visualizarlas en google drive desde <a href=\"https:\/\/drive.google.com\/drive\/folders\/1YECh3Sl_hcKeMSiDhEewEWgyj4ESz62v?usp=sharing\">here<\/a><\/h5>\n\n<\/div><\/div>\n\n<div class=\"gb-container gb-container-bfa1470a\">\n<div class=\"gb-container gb-container-d5bf0074\">\n\n<iframe loading=\"lazy\" src=\"https:\/\/drive.google.com\/embeddedfolderview?id=1YECh3Sl_hcKeMSiDhEewEWgyj4ESz62v#grid\" width=\"1300\" height=\"1000\" frameborder=\"0\"><\/iframe>\n\n<\/div>\n<\/div>","protected":false},"excerpt":{"rendered":"<p>A continuaci\u00f3n, te presentamos la galer\u00eda de fotos del Congreso RestauraR\u00edos 2023, Si lo deseas para mayor comodidad puedes visualizarlas &#8230; <a title=\"Galer\u00eda\" class=\"read-more\" href=\"https:\/\/cirefluvial.com\/congreso2023\/en\/galeria\/\" aria-label=\"Read more about Galer\u00eda\">Read more<\/a><\/p>","protected":false},"author":1,"featured_media":0,"parent":0,"menu_order":0,"comment_status":"closed","ping_status":"closed","template":"","meta":{"editor_plus_copied_stylings":"{}","footnotes":""},"class_list":["post-2145","page","type-page","status-publish"],"yoast_head":"<!-- This site is optimized with the Yoast SEO plugin v27.5 - https:\/\/yoast.com\/product\/yoast-seo-wordpress\/ -->\n<title>Galer\u00eda - IV Congreso RestauraRios 2023<\/title>\n<meta name=\"robots\" content=\"index, follow, max-snippet:-1, max-image-preview:large, max-video-preview:-1\" \/>\n<link rel=\"canonical\" href=\"https:\/\/cirefluvial.com\/congreso2023\/en\/galeria\/\" \/>\n<meta property=\"og:locale\" content=\"en_GB\" \/>\n<meta property=\"og:type\" content=\"article\" \/>\n<meta property=\"og:title\" content=\"Galer\u00eda - IV Congreso RestauraRios 2023\" \/>\n<meta property=\"og:description\" content=\"A continuaci\u00f3n, te presentamos la galer\u00eda de fotos del Congreso RestauraR\u00edos 2023, Si lo deseas para mayor comodidad puedes visualizarlas ... Read more\" \/>\n<meta property=\"og:url\" content=\"https:\/\/cirefluvial.com\/congreso2023\/en\/galeria\/\" \/>\n<meta property=\"og:site_name\" content=\"IV Congreso RestauraRios 2023\" \/>\n<meta property=\"article:publisher\" content=\"https:\/\/www.facebook.com\/profile.php?id=100064709197688\" \/>\n<meta property=\"article:modified_time\" content=\"2023-07-13T16:48:58+00:00\" \/>\n<meta name=\"twitter:card\" content=\"summary_large_image\" \/>\n<meta name=\"twitter:site\" content=\"@Cirefluvial\" \/>\n<script type=\"application\/ld+json\" class=\"yoast-schema-graph\">{\"@context\":\"https:\\\/\\\/schema.org\",\"@graph\":[{\"@type\":\"WebPage\",\"@id\":\"https:\\\/\\\/cirefluvial.com\\\/congreso2023\\\/galeria\\\/\",\"url\":\"https:\\\/\\\/cirefluvial.com\\\/congreso2023\\\/galeria\\\/\",\"name\":\"Galer\u00eda - IV Congreso RestauraRios 2023\",\"isPartOf\":{\"@id\":\"https:\\\/\\\/cirefluvial.com\\\/congreso2023\\\/#website\"},\"datePublished\":\"2023-07-13T12:37:59+00:00\",\"dateModified\":\"2023-07-13T16:48:58+00:00\",\"breadcrumb\":{\"@id\":\"https:\\\/\\\/cirefluvial.com\\\/congreso2023\\\/galeria\\\/#breadcrumb\"},\"inLanguage\":\"en-GB\",\"potentialAction\":[{\"@type\":\"ReadAction\",\"target\":[\"https:\\\/\\\/cirefluvial.com\\\/congreso2023\\\/galeria\\\/\"]}]},{\"@type\":\"BreadcrumbList\",\"@id\":\"https:\\\/\\\/cirefluvial.com\\\/congreso2023\\\/galeria\\\/#breadcrumb\",\"itemListElement\":[{\"@type\":\"ListItem\",\"position\":1,\"name\":\"Portada\",\"item\":\"https:\\\/\\\/cirefluvial.com\\\/congreso2023\\\/\"},{\"@type\":\"ListItem\",\"position\":2,\"name\":\"Galer\u00eda\"}]},{\"@type\":\"WebSite\",\"@id\":\"https:\\\/\\\/cirefluvial.com\\\/congreso2023\\\/#website\",\"url\":\"https:\\\/\\\/cirefluvial.com\\\/congreso2023\\\/\",\"name\":\"IV Congreso RestauraRios 2023\",\"description\":\"IV Congreso RestauraRios 2023\",\"publisher\":{\"@id\":\"https:\\\/\\\/cirefluvial.com\\\/congreso2023\\\/#organization\"},\"potentialAction\":[{\"@type\":\"SearchAction\",\"target\":{\"@type\":\"EntryPoint\",\"urlTemplate\":\"https:\\\/\\\/cirefluvial.com\\\/congreso2023\\\/?s={search_term_string}\"},\"query-input\":{\"@type\":\"PropertyValueSpecification\",\"valueRequired\":true,\"valueName\":\"search_term_string\"}}],\"inLanguage\":\"en-GB\"},{\"@type\":\"Organization\",\"@id\":\"https:\\\/\\\/cirefluvial.com\\\/congreso2023\\\/#organization\",\"name\":\"IV Congreso RestauraRios 2023\",\"url\":\"https:\\\/\\\/cirefluvial.com\\\/congreso2023\\\/\",\"logo\":{\"@type\":\"ImageObject\",\"inLanguage\":\"en-GB\",\"@id\":\"https:\\\/\\\/cirefluvial.com\\\/congreso2023\\\/#\\\/schema\\\/logo\\\/image\\\/\",\"url\":\"https:\\\/\\\/cirefluvial.com\\\/congreso2023\\\/wp-content\\\/uploads\\\/2022\\\/01\\\/Logo-Corrrgido.png\",\"contentUrl\":\"https:\\\/\\\/cirefluvial.com\\\/congreso2023\\\/wp-content\\\/uploads\\\/2022\\\/01\\\/Logo-Corrrgido.png\",\"width\":420,\"height\":170,\"caption\":\"IV Congreso RestauraRios 2023\"},\"image\":{\"@id\":\"https:\\\/\\\/cirefluvial.com\\\/congreso2023\\\/#\\\/schema\\\/logo\\\/image\\\/\"},\"sameAs\":[\"https:\\\/\\\/www.facebook.com\\\/profile.php?id=100064709197688\",\"https:\\\/\\\/x.com\\\/Cirefluvial\",\"https:\\\/\\\/www.instagram.com\\\/ciref_fluvial\\\/\"]}]}<\/script>\n<!-- \/ Yoast SEO plugin. -->","yoast_head_json":{"title":"Galer\u00eda - IV Congreso RestauraRios 2023","robots":{"index":"index","follow":"follow","max-snippet":"max-snippet:-1","max-image-preview":"max-image-preview:large","max-video-preview":"max-video-preview:-1"},"canonical":"https:\/\/cirefluvial.com\/congreso2023\/en\/galeria\/","og_locale":"en_GB","og_type":"article","og_title":"Galer\u00eda - IV Congreso RestauraRios 2023","og_description":"A continuaci\u00f3n, te presentamos la galer\u00eda de fotos del Congreso RestauraR\u00edos 2023, Si lo deseas para mayor comodidad puedes visualizarlas ... Read more","og_url":"https:\/\/cirefluvial.com\/congreso2023\/en\/galeria\/","og_site_name":"IV Congreso RestauraRios 2023","article_publisher":"https:\/\/www.facebook.com\/profile.php?id=100064709197688","article_modified_time":"2023-07-13T16:48:58+00:00","twitter_card":"summary_large_image","twitter_site":"@Cirefluvial","schema":{"@context":"https:\/\/schema.org","@graph":[{"@type":"WebPage","@id":"https:\/\/cirefluvial.com\/congreso2023\/galeria\/","url":"https:\/\/cirefluvial.com\/congreso2023\/galeria\/","name":"Galer\u00eda - IV Congreso RestauraRios 2023","isPartOf":{"@id":"https:\/\/cirefluvial.com\/congreso2023\/#website"},"datePublished":"2023-07-13T12:37:59+00:00","dateModified":"2023-07-13T16:48:58+00:00","breadcrumb":{"@id":"https:\/\/cirefluvial.com\/congreso2023\/galeria\/#breadcrumb"},"inLanguage":"en-GB","potentialAction":[{"@type":"ReadAction","target":["https:\/\/cirefluvial.com\/congreso2023\/galeria\/"]}]},{"@type":"BreadcrumbList","@id":"https:\/\/cirefluvial.com\/congreso2023\/galeria\/#breadcrumb","itemListElement":[{"@type":"ListItem","position":1,"name":"Portada","item":"https:\/\/cirefluvial.com\/congreso2023\/"},{"@type":"ListItem","position":2,"name":"Galer\u00eda"}]},{"@type":"WebSite","@id":"https:\/\/cirefluvial.com\/congreso2023\/#website","url":"https:\/\/cirefluvial.com\/congreso2023\/","name":"IV Congreso RestauraRios 2023","description":"IV Congreso RestauraRios 2023","publisher":{"@id":"https:\/\/cirefluvial.com\/congreso2023\/#organization"},"potentialAction":[{"@type":"SearchAction","target":{"@type":"EntryPoint","urlTemplate":"https:\/\/cirefluvial.com\/congreso2023\/?s={search_term_string}"},"query-input":{"@type":"PropertyValueSpecification","valueRequired":true,"valueName":"search_term_string"}}],"inLanguage":"en-GB"},{"@type":"Organization","@id":"https:\/\/cirefluvial.com\/congreso2023\/#organization","name":"IV Congreso RestauraRios 2023","url":"https:\/\/cirefluvial.com\/congreso2023\/","logo":{"@type":"ImageObject","inLanguage":"en-GB","@id":"https:\/\/cirefluvial.com\/congreso2023\/#\/schema\/logo\/image\/","url":"https:\/\/cirefluvial.com\/congreso2023\/wp-content\/uploads\/2022\/01\/Logo-Corrrgido.png","contentUrl":"https:\/\/cirefluvial.com\/congreso2023\/wp-content\/uploads\/2022\/01\/Logo-Corrrgido.png","width":420,"height":170,"caption":"IV Congreso RestauraRios 2023"},"image":{"@id":"https:\/\/cirefluvial.com\/congreso2023\/#\/schema\/logo\/image\/"},"sameAs":["https:\/\/www.facebook.com\/profile.php?id=100064709197688","https:\/\/x.com\/Cirefluvial","https:\/\/www.instagram.com\/ciref_fluvial\/"]}]}},"_links":{"self":[{"href":"https:\/\/cirefluvial.com\/congreso2023\/en\/wp-json\/wp\/v2\/pages\/2145","targetHints":{"allow":["GET"]}}],"collection":[{"href":"https:\/\/cirefluvial.com\/congreso2023\/en\/wp-json\/wp\/v2\/pages"}],"about":[{"href":"https:\/\/cirefluvial.com\/congreso2023\/en\/wp-json\/wp\/v2\/types\/page"}],"author":[{"embeddable":true,"href":"https:\/\/cirefluvial.com\/congreso2023\/en\/wp-json\/wp\/v2\/users\/1"}],"replies":[{"embeddable":true,"href":"https:\/\/cirefluvial.com\/congreso2023\/en\/wp-json\/wp\/v2\/comments?post=2145"}],"version-history":[{"count":5,"href":"https:\/\/cirefluvial.com\/congreso2023\/en\/wp-json\/wp\/v2\/pages\/2145\/revisions"}],"predecessor-version":[{"id":2154,"href":"https:\/\/cirefluvial.com\/congreso2023\/en\/wp-json\/wp\/v2\/pages\/2145\/revisions\/2154"}],"wp:attachment":[{"href":"https:\/\/cirefluvial.com\/congreso2023\/en\/wp-json\/wp\/v2\/media?parent=2145"}],"curies":[{"name":"wp","href":"https:\/\/api.w.org\/{rel}","templated":true}]}}