{"id":1246,"date":"2022-11-09T19:19:17","date_gmt":"2022-11-09T18:19:17","guid":{"rendered":"https:\/\/cirefluvial.com\/congreso2023\/?page_id=1246"},"modified":"2023-05-23T12:22:37","modified_gmt":"2023-05-23T10:22:37","slug":"conoce-los-comites","status":"publish","type":"page","link":"https:\/\/cirefluvial.com\/congreso2023\/en\/conoce-los-comites\/","title":{"rendered":"Committees"},"content":{"rendered":"<div class=\"gb-container gb-container-ebcf98f5\"><div class=\"gb-inside-container\">\n\n<h5 class=\"gb-headline gb-headline-3e08960b gb-headline-text\">A continuaci\u00f3n, te presentamos al equipo que formar\u00e1 parte del Congreso RestauraR\u00edos 2023, compuesto por un Comit\u00e9 Organizador, un Comit\u00e9 Cient\u00edfico y un Comit\u00e9 de Honor. Cada comit\u00e9 est\u00e1 integrado por especialistas multidisciplinares de la restauraci\u00f3n fluvial provenientes del sector p\u00fablico, privado y tercer sector.<\/h5>\n\n\n\n<figure class=\"gb-block-image gb-block-image-84f77f15\"><img loading=\"lazy\" decoding=\"async\" width=\"800\" height=\"581\" class=\"gb-image gb-image-84f77f15\" src=\"https:\/\/cirefluvial.com\/congreso2023\/wp-content\/uploads\/2022\/11\/Team-pichi.jpg\" alt=\"Equipo\" title=\"Team-pichi\" srcset=\"https:\/\/cirefluvial.com\/congreso2023\/wp-content\/uploads\/2022\/11\/Team-pichi.jpg 800w, https:\/\/cirefluvial.com\/congreso2023\/wp-content\/uploads\/2022\/11\/Team-pichi-300x218.jpg 300w, https:\/\/cirefluvial.com\/congreso2023\/wp-content\/uploads\/2022\/11\/Team-pichi-768x558.jpg 768w\" sizes=\"auto, (max-width: 800px) 100vw, 800px\" \/><\/figure>\n\n<\/div><\/div>\n\n<div class=\"gb-container gb-container-aad89a68\"><div class=\"gb-inside-container\">\n\n<div class=\"wp-block-ep-toggles ep_toggles_wrapper__ede30d62-18a0-49ec-b5fe-a1e956034249 undefined\"><div data-isaccordion=\"true\" data-open_first=\"false\" class=\"ep_toggles_wrapper \">\n<div class=\"wp-block-ep-toggle-item ep_toggle_item_wrapper__37e1d285-578b-480b-8f20-b263339c54c6 undefined\"><div class=\"ep_toggle_item_wrapper\"><div class=\"ep_toggle_item_title\"><span><strong>COMIT\u00c9 DE HONOR<\/strong><\/span><span class=\"ep_toggles_icon eplusicon-plus1\" data-icon=\"eplusicon-plus1\" data-activeicon=\"eplusicon-minus1\"><\/span><\/div><div class=\"ep_toggle_item_content\"><ul class=\"eplus-wrapper wp-block-list eplus-styles-uid-620b39\">\n<li class=\" eplus-wrapper\"><strong>Teresa Ribera<\/strong> \u2013 Vicepresidenta tercera del Gobierno de Espa\u00f1a. Ministra para la Transici\u00f3n Ecol\u00f3gica y el Reto Demogr\u00e1fico<\/li>\n\n\n\n<li class=\" eplus-wrapper\"><strong>Emiliano\u00a0Garc\u00eda\u00a0Page<\/strong>\u00a0\u2013 Presidente de la Junta de Comunidades de Castilla-La Mancha<\/li>\n\n\n\n<li class=\" eplus-wrapper\"><strong>Antonio Y\u00e1\u00f1ez Cidad <\/strong>\u2013 Presidente de la Confederaci\u00f3n Hidrogr\u00e1fica del Tajo<\/li>\n\n\n\n<li class=\" eplus-wrapper\"><strong>Nuno Lacasta<\/strong> \u2013 Presidente Ag\u00eancia Portuguesa do Ambiente<\/li>\n\n\n\n<li class=\" eplus-wrapper\"><strong>Milagros Tol\u00f3n Jaime<\/strong> \u2013 Alcaldesa de Toledo<\/li>\n\n\n\n<li class=\" eplus-wrapper\"><strong>\u00c1lvaro Guti\u00e9rrez Prieto<\/strong> \u2013 Presidente de la Diputaci\u00f3n Provincial de Toledo<\/li>\n\n\n\n<li class=\" eplus-wrapper\"><strong>Tony Herrera Grao<\/strong> \u2013 Presidente del Centro Ib\u00e9rico de Restauraci\u00f3n Fluvial<\/li>\n\n\n\n<li class=\" eplus-wrapper\"><strong>Chris Baker<\/strong>&#8211; Director Wetlands International Europe.<\/li>\n<\/ul><\/div><\/div><\/div>\n\n\n\n<div class=\"wp-block-ep-toggle-item ep_toggle_item_wrapper__e46f3333-7f85-4c9f-b10a-dba3cfcc58f2 undefined\"><div class=\"ep_toggle_item_wrapper\"><div class=\"ep_toggle_item_title\"><span><strong>COMIT\u00c9 CIENT\u00cdFICO<\/strong><\/span><span class=\"ep_toggles_icon eplusicon-plus1\" data-icon=\"eplusicon-plus1\" data-activeicon=\"eplusicon-minus1\"><\/span><\/div><div class=\"ep_toggle_item_content\"><ul class=\"eplus-wrapper wp-block-list eplus-styles-uid-bc6e9c\">\n<li class=\" eplus-wrapper\"><strong>Askoa Ibisate\u00a0Gonz\u00e1lez de Matauco<\/strong> (coordinadora) &#8211; Universidad del Pa\u00eds Vasco<\/li>\n\n\n\n<li class=\" eplus-wrapper\"><strong>Juan Pedro Mart\u00edn Vide<\/strong> &#8211; Universitat Polit\u00e8cnica de Catalunya<\/li>\n\n\n\n<li class=\" eplus-wrapper\"><strong>Anastasio Fern\u00e1ndez Yuste<\/strong> &#8211; Universidad Polit\u00e9cnica de Madrid<\/li>\n\n\n\n<li class=\" eplus-wrapper\"><strong>Alfredo Ollero Ojeda <\/strong>&#8211; Universidad de Zaragoza<\/li>\n\n\n\n<li class=\" eplus-wrapper\"><strong>Marta Gonz\u00e1lez del T\u00e1nago Del R\u00edo<\/strong> &#8211; Universidad Polit\u00e9cnica de Madrid<\/li>\n\n\n\n<li class=\" eplus-wrapper\"><strong>Carolina Mart\u00ednez Santa-Mar\u00eda<\/strong> &#8211; Universidad Polit\u00e9cnica de Madrid<\/li>\n\n\n\n<li class=\" eplus-wrapper\"><strong>Diego Garc\u00eda de Jal\u00f3n Lastra<\/strong> &#8211; Universidad Polit\u00e9cnica de Madrid<\/li>\n\n\n\n<li class=\" eplus-wrapper\"><strong>Francisca Segura Beltr\u00e1n<\/strong> &#8211; Universitat de Val\u00e8ncia<\/li>\n\n\n\n<li class=\" eplus-wrapper\"><strong>Jos\u00e9 Ram\u00f3n D\u00edez L\u00f3pez<\/strong> &#8211; Universidad del Pa\u00eds Vasco<\/li>\n\n\n\n<li class=\" eplus-wrapper\"><strong>Carles Ferrer-Boix<\/strong> &#8211; Universitat Polit\u00e8cnica de Catalunya<\/li>\n\n\n\n<li class=\" eplus-wrapper\"><strong>J. Horacio Garc\u00eda Garc\u00eda <\/strong>&#8211; Universidade de Santiago de Compostela<\/li>\n\n\n\n<li class=\" eplus-wrapper\"><strong>Javier Sanz Ronda<\/strong> &#8211; Universidad de Valladolid<\/li>\n\n\n\n<li class=\" eplus-wrapper\"><strong>Rui Manuel Vitor Cortes <\/strong>&#8211; Universidade de Tras-os-Montes e Alto Douro<\/li>\n\n\n\n<li class=\" eplus-wrapper\"><strong>Isabel Boavida<\/strong> &#8211; Universidade de Lisboa<\/li>\n\n\n\n<li class=\" eplus-wrapper\"><strong>Francisca Aguiar<\/strong> &#8211; Universidade de Lisboa<\/li>\n\n\n\n<li class=\" eplus-wrapper\"><strong>Marc Ordeix Rigo<\/strong> &#8211; Universitat de Vic, Centre d&#8217;Estudis dels Rius Mediterranis<\/li>\n\n\n\n<li class=\" eplus-wrapper\"><strong>Francisco Mart\u00ednez Capel<\/strong> &#8211; Universitat Polit\u00e9cnica de Val\u00e8ncia<\/li>\n\n\n\n<li class=\" eplus-wrapper\"><strong>Carlos Garc\u00eda de Leaniz Caprile<\/strong>&#8211; Universidad de Swansea<\/li>\n\n\n\n<li class=\" eplus-wrapper\"><strong>Pedro Brufao Curiel <\/strong>\u2013 Universidad de Extremadura<\/li>\n\n\n\n<li class=\" eplus-wrapper\"><strong>Beatriz Larraz Iribas<\/strong> &#8211; C\u00e1tedra del Tajo. Universidad de Castilla La Mancha<\/li>\n\n\n\n<li class=\" eplus-wrapper\"><strong>Ra\u00fal Urquiaga Cela<\/strong> &#8211; C\u00e1tedra del Tajo. Universidad de Castilla La Mancha<\/li>\n\n\n\n<li class=\" eplus-wrapper\"><strong>Jos\u00e9 Luis Moreno Alcaraz<\/strong> &#8211; Universidad de Castilla La Mancha<\/li>\n\n\n\n<li class=\" eplus-wrapper\"><strong>Miguel Clavero Pineda<\/strong> &#8211; CSIC &#8211; Estaci\u00f3n Biol\u00f3gica de Do\u00f1ana<\/li>\n\n\n\n<li class=\" eplus-wrapper\"><strong>Virgilio Hermoso L\u00f3pez<\/strong> &#8211; Universidad de Sevilla<\/li>\n\n\n\n<li class=\" eplus-wrapper\"><strong>M. Rosario Vidal Abarca<\/strong> &#8211; Universidad de Murcia<\/li>\n\n\n\n<li class=\" eplus-wrapper\"><strong>Vittoria Scorpio<\/strong> &#8211; University of Modena and Reggio Emilia<\/li>\n\n\n\n<li class=\" eplus-wrapper\"><strong>Frederic Liebault <\/strong>&#8211; Universit\u00e9 du Grenoble<\/li>\n\n\n\n<li class=\" eplus-wrapper\"><strong>Guillermina Garz\u00f3n Heydt<\/strong> \u2013 Universidad Complutense de Madrid<\/li>\n\n\n\n<li class=\" eplus-wrapper\"><strong><strong>Daniel Fazeli<\/strong> &#8211; <\/strong>Universidad de Sevilla<ul class=\"eplus-wrapper wp-block-list eplus-styles-uid-717a39\">\n<li class=\" eplus-wrapper\">\n<\/li><\/ul><\/li>\n\n\n\n<li class=\" eplus-wrapper\"><strong>Javier S\u00e1nchez Mart\u00ednez <\/strong>&#8211; Ministerio de Transici\u00f3n Ecol\u00f3gica y Reto Demogr\u00e1fico<\/li>\n\n\n\n<li class=\" eplus-wrapper\"><strong>Fernando Magdaleno Mas<\/strong> &#8211; Ministerio de Transici\u00f3n Ecol\u00f3gica y Reto Demogr\u00e1fico<\/li>\n\n\n\n<li class=\" eplus-wrapper\"><strong>Javier Broncano Gil <\/strong>\u2013 Confederaci\u00f3n Hidrogr\u00e1fica del Tajo<\/li>\n\n\n\n<li class=\" eplus-wrapper\"><strong>Ana Vicente Rangel <\/strong>&#8211; Confederaci\u00f3n Hidrogr\u00e1fica del Tajo<\/li>\n\n\n\n<li class=\" eplus-wrapper\"><strong>Noem\u00ed L\u00f3pez Fern\u00e1ndez<\/strong> &#8211; Confederaci\u00f3n Hidrogr\u00e1fica del Cant\u00e1brico<\/li>\n\n\n\n<li class=\" eplus-wrapper\"><strong>Agust\u00edn Sevilla Brice\u00f1o <\/strong>&#8211; Confederaci\u00f3n Hidrogr\u00e1fica del Mi\u00f1o Sil<\/li>\n\n\n\n<li class=\" eplus-wrapper\"><strong>Ignacio Rodr\u00edguez Mu\u00f1oz<\/strong> &#8211; Confederaci\u00f3n Hidrogr\u00e1fica del Duero<\/li>\n\n\n\n<li class=\" eplus-wrapper\"><strong>Jaime Fraile Jim\u00e9nez de Mu\u00f1ana<\/strong> &#8211; Confederaci\u00f3n Hidrogr\u00e1fica del Segura<\/li>\n\n\n\n<li class=\" eplus-wrapper\"><strong>Miriam Pardos Duque<\/strong> &#8211; Confederaci\u00f3n Hidrogr\u00e1fica del Ebro<\/li>\n\n\n\n<li class=\" eplus-wrapper\"><strong>M\u00f2nica Bardina Mart\u00edn<\/strong> \u2013 Agencia Catalana del Agua<\/li>\n\n\n\n<li class=\" eplus-wrapper\"><strong>Jos\u00e9 Mar\u00eda Sanz de Galdeano Equiza<\/strong> \u2013 Agencia Vasca del Agua<\/li>\n\n\n\n<li class=\" eplus-wrapper\"><strong>Raquel Pi\u00f1eiro Rebolo<\/strong> &#8211; Aguas de Galicia<\/li>\n\n\n\n<li class=\" eplus-wrapper\"><strong>Roberto Mart\u00ednez Romero<\/strong> \u2013 Scottish Environment Protection Agency<\/li>\n\n\n\n<li class=\" eplus-wrapper\"><strong>Pablo Caballero Javierre <\/strong>\u2013 Xunta de Galicia<\/li>\n\n\n\n<li class=\" eplus-wrapper\"><strong>Lidia Arenillas Girola<\/strong> \u2013 Experta en restauraci\u00f3n fluvial<\/li>\n\n\n\n<li class=\" eplus-wrapper\"><strong>Pao Fern\u00e1ndez Garrido<\/strong> &#8211; Dam Removal Europe<\/li>\n\n\n\n<li class=\" eplus-wrapper\"><strong>Andrea Goltara <\/strong>\u2013 Centro Italiano per la Riqualificazione Fluviale<\/li>\n\n\n\n<li class=\" eplus-wrapper\"><strong>Pedro Teiga<\/strong> &#8211; E.R\u00edo<\/li>\n\n\n\n<li class=\" eplus-wrapper\"><strong>Gustavo Gonz\u00e1lez Fern\u00e1ndez<\/strong> &#8211; ICTHIOS<\/li>\n\n\n\n<li class=\" eplus-wrapper\"><strong>Guillermo Garc\u00eda P\u00e9rez <\/strong>&#8211; MN Consultors<\/li>\n\n\n\n<li class=\" eplus-wrapper\"><strong>Albert Sorolla Edo<\/strong> \u2013 NATURALEA<\/li>\n\n\n\n<li class=\" eplus-wrapper\"><strong>Pedro Bon\u00e9 Puyo<\/strong> \u2013 TYPSA<\/li>\n\n\n\n<li class=\" eplus-wrapper\"><strong>Daniel Ballar\u00edn Ferrer <\/strong>\u2013 MASTERGEO<ul class=\"eplus-wrapper wp-block-list eplus-styles-uid-da998c\">\n<li class=\" eplus-wrapper\">\n<\/li><\/ul><\/li>\n<\/ul><\/div><\/div><\/div>\n\n\n\n<div class=\"wp-block-ep-toggle-item ep_toggle_item_wrapper__a2e18191-9eaa-471b-ba97-8761b2265b04 undefined\"><div class=\"ep_toggle_item_wrapper\"><div class=\"ep_toggle_item_title\"><span><strong>COMIT\u00c9 ORGANIZADOR<\/strong><\/span><span class=\"ep_toggles_icon eplusicon-plus1\" data-icon=\"eplusicon-plus1\" data-activeicon=\"eplusicon-minus1\"><\/span><\/div><div class=\"ep_toggle_item_content\">\n<h5 class=\"gb-headline gb-headline-84f226f9 gb-headline-text\">Centro Ib\u00e9rico de Restauraci\u00f3n Fluvial<\/h5>\n\n\n<ul class=\"eplus-wrapper wp-block-list eplus-styles-uid-cecba2\">\n<li class=\" eplus-wrapper\"><strong>Camila Kuncar<\/strong> &#8211; Coordinadora<\/li>\n\n\n\n<li class=\" eplus-wrapper\"><strong>Evelyn Garc\u00eda<\/strong> &#8211; Vicepresidenta<\/li>\n\n\n\n<li class=\" eplus-wrapper\"><strong>Josu Elso<\/strong> &#8211; Vocal<\/li>\n\n\n\n<li class=\" eplus-wrapper\"><strong>Gustavo Gonz\u00e1lez<\/strong> &#8211; Vocal<\/li>\n\n\n\n<li class=\" eplus-wrapper\"><strong>Diana Fern\u00e1ndes<\/strong> &#8211; Vocal<\/li>\n<\/ul>\n\n\n<h5 class=\"gb-headline gb-headline-c5e07dc6 gb-headline-text\">Confederaci\u00f3n Hidrogr\u00e1fica del Tajo<\/h5>\n\n\n<ul class=\"eplus-wrapper wp-block-list eplus-styles-uid-62b052\">\n<li class=\" eplus-wrapper\"><strong>Javier D\u00edaz-Rega\u00f1\u00f3n Jim\u00e9nez<\/strong> &#8211; Comisario de Aguas<\/li>\n\n\n\n<li class=\" eplus-wrapper\"><strong>Montserrat Fern\u00e1ndez San Miguel<\/strong> &#8211; Secretar\u00eda General<\/li>\n\n\n\n<li class=\" eplus-wrapper\"><strong>Pilar Palomar Herrero<\/strong> &#8211; Jefe del Gabinete de Presidencia<\/li>\n\n\n\n<li class=\" eplus-wrapper\"><strong>Mercedes Echegaray Gim\u00e9nez<\/strong> &#8211; Jefe de \u00e1rea de la Oficina de P. Hidrol\u00f3gica<\/li>\n\n\n\n<li class=\" eplus-wrapper\"><strong>Isabel Ib\u00e1\u00f1ez Abad<\/strong> &#8211; Jefe de servicio en Gabinete de Presidencia<\/li>\n\n\n\n<li class=\" eplus-wrapper\"><strong>Sara Rojo Morillo <\/strong>&#8211; Servicio Agron\u00f3mico. Direcci\u00f3n T\u00e9cnica<ul class=\"eplus-wrapper wp-block-list eplus-styles-uid-4c79f5\">\n<li class=\" eplus-wrapper\">\n<\/li><\/ul><\/li>\n<\/ul>\n\n\n<h5 class=\"gb-headline gb-headline-772c7a18 gb-headline-text\">Wetlands International European Association<\/h5>\n\n\n<ul class=\"ep-custom-list eplus-wrapper wp-block-list eplus-styles-uid-b81873\">\n<li class=\" eplus-wrapper\"><strong>Yurena Lorenzo<\/strong> \u2013 European Programme Managerion<\/li>\n<\/ul><\/div><\/div><\/div>\n<\/div><style>.eplus_styles .ep_toggles_wrapper__ede30d62-18a0-49ec-b5fe-a1e956034249 .ep_toggles_wrapper {\n                \n                grid-template-columns: repeat(1 , 1fr) ;\n            }.eplus_styles .ep_toggles_wrapper__ede30d62-18a0-49ec-b5fe-a1e956034249 .wp-block-ep-toggle-item, [data-type='ep\/toggle-item'] {\n                \n                grid-template-columns: 100% ;\n            }.eplus_styles .ep_toggles_wrapper__ede30d62-18a0-49ec-b5fe-a1e956034249 .wp-block-ep-toggle-item, [data-type='ep\/toggle-item'] {\n                \n                justify-content: center;\n            }.eplus_styles .ep_toggles_wrapper__ede30d62-18a0-49ec-b5fe-a1e956034249 .ep_toggles_wrapper {\n                \n                grid-gap: 15px ;\n            }.eplus_styles .ep_toggles_wrapper__ede30d62-18a0-49ec-b5fe-a1e956034249 .ep_toggle_item_title {\n                \n                color: #1e1e1e;\nfont-size: 17px ;\n            }\n            \n\n        \n\n         \n\n        \n            .eplus_styles .ep_toggles_wrapper__ede30d62-18a0-49ec-b5fe-a1e956034249 .ep_toggle_item_title:hover {\n                color: #ffffff;\n            }.eplus_styles .ep_toggles_wrapper__ede30d62-18a0-49ec-b5fe-a1e956034249 .ep_ti_open .ep_toggle_item_title {\n                \n                color: #ffffff;\n            }.eplus_styles .ep_toggles_wrapper__ede30d62-18a0-49ec-b5fe-a1e956034249 .ep_toggle_item_title {\n                \n                background-image: linear-gradient(#f0f0f0, #f0f0f0);\n            }\n            \n\n        \n\n         \n\n        \n            .eplus_styles .ep_toggles_wrapper__ede30d62-18a0-49ec-b5fe-a1e956034249 .ep_toggle_item_title:hover {\n                background-image: linear-gradient(#007cba, #007cba);\n            }.eplus_styles .ep_toggles_wrapper__ede30d62-18a0-49ec-b5fe-a1e956034249 .ep_ti_open .ep_toggle_item_title {\n                \n                background-image: linear-gradient(#007cba, #007cba);\n            }.eplus_styles .ep_toggles_wrapper__ede30d62-18a0-49ec-b5fe-a1e956034249 .ep_toggle_item_title {\n                \n                padding-top: 15px ;\npadding-right: 15px ;\npadding-bottom: 15px ;\npadding-left: 15px ;\n            }.eplus_styles .ep_toggles_wrapper__ede30d62-18a0-49ec-b5fe-a1e956034249 .ep_toggle_item_content {\n                \n                background-image: linear-gradient(#f0f0f0, #f0f0f0);\n            }.eplus_styles .ep_toggles_wrapper__ede30d62-18a0-49ec-b5fe-a1e956034249 .ep_toggle_item_content {\n                \n                padding-top: 15px ;\npadding-right: 15px ;\npadding-bottom: 15px ;\npadding-left: 15px ;\n            }<\/style><\/div>\n\n<\/div><\/div>","protected":false},"excerpt":{"rendered":"<p>A continuaci\u00f3n, te presentamos al equipo que formar\u00e1 parte del Congreso RestauraR\u00edos 2023, compuesto por un Comit\u00e9 Organizador, un Comit\u00e9 &#8230; <a title=\"Committees\" class=\"read-more\" href=\"https:\/\/cirefluvial.com\/congreso2023\/en\/conoce-los-comites\/\" aria-label=\"Read more about Conoce los Comit\u00e9s\">Read more<\/a><\/p>","protected":false},"author":1,"featured_media":0,"parent":0,"menu_order":0,"comment_status":"closed","ping_status":"closed","template":"","meta":{"editor_plus_copied_stylings":"{}","footnotes":""},"class_list":["post-1246","page","type-page","status-publish"],"yoast_head":"<!-- This site is optimized with the Yoast SEO plugin v27.5 - https:\/\/yoast.com\/product\/yoast-seo-wordpress\/ -->\n<title>Conoce los Comit\u00e9s - IV Congreso RestauraRios 2023<\/title>\n<meta name=\"robots\" content=\"index, follow, max-snippet:-1, max-image-preview:large, max-video-preview:-1\" \/>\n<link rel=\"canonical\" href=\"https:\/\/cirefluvial.com\/congreso2023\/en\/conoce-los-comites\/\" \/>\n<meta property=\"og:locale\" content=\"en_GB\" \/>\n<meta property=\"og:type\" content=\"article\" \/>\n<meta property=\"og:title\" content=\"Conoce los Comit\u00e9s - IV Congreso RestauraRios 2023\" \/>\n<meta property=\"og:description\" content=\"A continuaci\u00f3n, te presentamos al equipo que formar\u00e1 parte del Congreso RestauraR\u00edos 2023, compuesto por un Comit\u00e9 Organizador, un Comit\u00e9 ... Read more\" \/>\n<meta property=\"og:url\" content=\"https:\/\/cirefluvial.com\/congreso2023\/en\/conoce-los-comites\/\" \/>\n<meta property=\"og:site_name\" content=\"IV Congreso RestauraRios 2023\" \/>\n<meta property=\"article:publisher\" content=\"https:\/\/www.facebook.com\/profile.php?id=100064709197688\" \/>\n<meta property=\"article:modified_time\" content=\"2023-05-23T10:22:37+00:00\" \/>\n<meta property=\"og:image\" content=\"https:\/\/cirefluvial.com\/congreso2023\/wp-content\/uploads\/2022\/11\/Team-pichi.jpg\" \/>\n<meta name=\"twitter:card\" content=\"summary_large_image\" \/>\n<meta name=\"twitter:site\" content=\"@Cirefluvial\" \/>\n<meta name=\"twitter:label1\" content=\"Estimated reading time\" \/>\n\t<meta name=\"twitter:data1\" content=\"4 minutes\" \/>\n<script type=\"application\/ld+json\" class=\"yoast-schema-graph\">{\"@context\":\"https:\\\/\\\/schema.org\",\"@graph\":[{\"@type\":\"WebPage\",\"@id\":\"https:\\\/\\\/cirefluvial.com\\\/congreso2023\\\/conoce-los-comites\\\/\",\"url\":\"https:\\\/\\\/cirefluvial.com\\\/congreso2023\\\/conoce-los-comites\\\/\",\"name\":\"Conoce los Comit\u00e9s - IV Congreso RestauraRios 2023\",\"isPartOf\":{\"@id\":\"https:\\\/\\\/cirefluvial.com\\\/congreso2023\\\/#website\"},\"primaryImageOfPage\":{\"@id\":\"https:\\\/\\\/cirefluvial.com\\\/congreso2023\\\/conoce-los-comites\\\/#primaryimage\"},\"image\":{\"@id\":\"https:\\\/\\\/cirefluvial.com\\\/congreso2023\\\/conoce-los-comites\\\/#primaryimage\"},\"thumbnailUrl\":\"https:\\\/\\\/cirefluvial.com\\\/congreso2023\\\/wp-content\\\/uploads\\\/2022\\\/11\\\/Team-pichi.jpg\",\"datePublished\":\"2022-11-09T18:19:17+00:00\",\"dateModified\":\"2023-05-23T10:22:37+00:00\",\"breadcrumb\":{\"@id\":\"https:\\\/\\\/cirefluvial.com\\\/congreso2023\\\/conoce-los-comites\\\/#breadcrumb\"},\"inLanguage\":\"en-GB\",\"potentialAction\":[{\"@type\":\"ReadAction\",\"target\":[\"https:\\\/\\\/cirefluvial.com\\\/congreso2023\\\/conoce-los-comites\\\/\"]}]},{\"@type\":\"ImageObject\",\"inLanguage\":\"en-GB\",\"@id\":\"https:\\\/\\\/cirefluvial.com\\\/congreso2023\\\/conoce-los-comites\\\/#primaryimage\",\"url\":\"https:\\\/\\\/cirefluvial.com\\\/congreso2023\\\/wp-content\\\/uploads\\\/2022\\\/11\\\/Team-pichi.jpg\",\"contentUrl\":\"https:\\\/\\\/cirefluvial.com\\\/congreso2023\\\/wp-content\\\/uploads\\\/2022\\\/11\\\/Team-pichi.jpg\"},{\"@type\":\"BreadcrumbList\",\"@id\":\"https:\\\/\\\/cirefluvial.com\\\/congreso2023\\\/conoce-los-comites\\\/#breadcrumb\",\"itemListElement\":[{\"@type\":\"ListItem\",\"position\":1,\"name\":\"Portada\",\"item\":\"https:\\\/\\\/cirefluvial.com\\\/congreso2023\\\/\"},{\"@type\":\"ListItem\",\"position\":2,\"name\":\"Conoce los Comit\u00e9s\"}]},{\"@type\":\"WebSite\",\"@id\":\"https:\\\/\\\/cirefluvial.com\\\/congreso2023\\\/#website\",\"url\":\"https:\\\/\\\/cirefluvial.com\\\/congreso2023\\\/\",\"name\":\"IV Congreso RestauraRios 2023\",\"description\":\"IV Congreso RestauraRios 2023\",\"publisher\":{\"@id\":\"https:\\\/\\\/cirefluvial.com\\\/congreso2023\\\/#organization\"},\"potentialAction\":[{\"@type\":\"SearchAction\",\"target\":{\"@type\":\"EntryPoint\",\"urlTemplate\":\"https:\\\/\\\/cirefluvial.com\\\/congreso2023\\\/?s={search_term_string}\"},\"query-input\":{\"@type\":\"PropertyValueSpecification\",\"valueRequired\":true,\"valueName\":\"search_term_string\"}}],\"inLanguage\":\"en-GB\"},{\"@type\":\"Organization\",\"@id\":\"https:\\\/\\\/cirefluvial.com\\\/congreso2023\\\/#organization\",\"name\":\"IV Congreso RestauraRios 2023\",\"url\":\"https:\\\/\\\/cirefluvial.com\\\/congreso2023\\\/\",\"logo\":{\"@type\":\"ImageObject\",\"inLanguage\":\"en-GB\",\"@id\":\"https:\\\/\\\/cirefluvial.com\\\/congreso2023\\\/#\\\/schema\\\/logo\\\/image\\\/\",\"url\":\"https:\\\/\\\/cirefluvial.com\\\/congreso2023\\\/wp-content\\\/uploads\\\/2022\\\/01\\\/Logo-Corrrgido.png\",\"contentUrl\":\"https:\\\/\\\/cirefluvial.com\\\/congreso2023\\\/wp-content\\\/uploads\\\/2022\\\/01\\\/Logo-Corrrgido.png\",\"width\":420,\"height\":170,\"caption\":\"IV Congreso RestauraRios 2023\"},\"image\":{\"@id\":\"https:\\\/\\\/cirefluvial.com\\\/congreso2023\\\/#\\\/schema\\\/logo\\\/image\\\/\"},\"sameAs\":[\"https:\\\/\\\/www.facebook.com\\\/profile.php?id=100064709197688\",\"https:\\\/\\\/x.com\\\/Cirefluvial\",\"https:\\\/\\\/www.instagram.com\\\/ciref_fluvial\\\/\"]}]}<\/script>\n<!-- \/ Yoast SEO plugin. -->","yoast_head_json":{"title":"Conoce los Comit\u00e9s - IV Congreso RestauraRios 2023","robots":{"index":"index","follow":"follow","max-snippet":"max-snippet:-1","max-image-preview":"max-image-preview:large","max-video-preview":"max-video-preview:-1"},"canonical":"https:\/\/cirefluvial.com\/congreso2023\/en\/conoce-los-comites\/","og_locale":"en_GB","og_type":"article","og_title":"Conoce los Comit\u00e9s - IV Congreso RestauraRios 2023","og_description":"A continuaci\u00f3n, te presentamos al equipo que formar\u00e1 parte del Congreso RestauraR\u00edos 2023, compuesto por un Comit\u00e9 Organizador, un Comit\u00e9 ... Read more","og_url":"https:\/\/cirefluvial.com\/congreso2023\/en\/conoce-los-comites\/","og_site_name":"IV Congreso RestauraRios 2023","article_publisher":"https:\/\/www.facebook.com\/profile.php?id=100064709197688","article_modified_time":"2023-05-23T10:22:37+00:00","og_image":[{"url":"https:\/\/cirefluvial.com\/congreso2023\/wp-content\/uploads\/2022\/11\/Team-pichi.jpg","type":"","width":"","height":""}],"twitter_card":"summary_large_image","twitter_site":"@Cirefluvial","twitter_misc":{"Estimated reading time":"4 minutes"},"schema":{"@context":"https:\/\/schema.org","@graph":[{"@type":"WebPage","@id":"https:\/\/cirefluvial.com\/congreso2023\/conoce-los-comites\/","url":"https:\/\/cirefluvial.com\/congreso2023\/conoce-los-comites\/","name":"Conoce los Comit\u00e9s - IV Congreso RestauraRios 2023","isPartOf":{"@id":"https:\/\/cirefluvial.com\/congreso2023\/#website"},"primaryImageOfPage":{"@id":"https:\/\/cirefluvial.com\/congreso2023\/conoce-los-comites\/#primaryimage"},"image":{"@id":"https:\/\/cirefluvial.com\/congreso2023\/conoce-los-comites\/#primaryimage"},"thumbnailUrl":"https:\/\/cirefluvial.com\/congreso2023\/wp-content\/uploads\/2022\/11\/Team-pichi.jpg","datePublished":"2022-11-09T18:19:17+00:00","dateModified":"2023-05-23T10:22:37+00:00","breadcrumb":{"@id":"https:\/\/cirefluvial.com\/congreso2023\/conoce-los-comites\/#breadcrumb"},"inLanguage":"en-GB","potentialAction":[{"@type":"ReadAction","target":["https:\/\/cirefluvial.com\/congreso2023\/conoce-los-comites\/"]}]},{"@type":"ImageObject","inLanguage":"en-GB","@id":"https:\/\/cirefluvial.com\/congreso2023\/conoce-los-comites\/#primaryimage","url":"https:\/\/cirefluvial.com\/congreso2023\/wp-content\/uploads\/2022\/11\/Team-pichi.jpg","contentUrl":"https:\/\/cirefluvial.com\/congreso2023\/wp-content\/uploads\/2022\/11\/Team-pichi.jpg"},{"@type":"BreadcrumbList","@id":"https:\/\/cirefluvial.com\/congreso2023\/conoce-los-comites\/#breadcrumb","itemListElement":[{"@type":"ListItem","position":1,"name":"Portada","item":"https:\/\/cirefluvial.com\/congreso2023\/"},{"@type":"ListItem","position":2,"name":"Conoce los Comit\u00e9s"}]},{"@type":"WebSite","@id":"https:\/\/cirefluvial.com\/congreso2023\/#website","url":"https:\/\/cirefluvial.com\/congreso2023\/","name":"IV Congreso RestauraRios 2023","description":"IV Congreso RestauraRios 2023","publisher":{"@id":"https:\/\/cirefluvial.com\/congreso2023\/#organization"},"potentialAction":[{"@type":"SearchAction","target":{"@type":"EntryPoint","urlTemplate":"https:\/\/cirefluvial.com\/congreso2023\/?s={search_term_string}"},"query-input":{"@type":"PropertyValueSpecification","valueRequired":true,"valueName":"search_term_string"}}],"inLanguage":"en-GB"},{"@type":"Organization","@id":"https:\/\/cirefluvial.com\/congreso2023\/#organization","name":"IV Congreso RestauraRios 2023","url":"https:\/\/cirefluvial.com\/congreso2023\/","logo":{"@type":"ImageObject","inLanguage":"en-GB","@id":"https:\/\/cirefluvial.com\/congreso2023\/#\/schema\/logo\/image\/","url":"https:\/\/cirefluvial.com\/congreso2023\/wp-content\/uploads\/2022\/01\/Logo-Corrrgido.png","contentUrl":"https:\/\/cirefluvial.com\/congreso2023\/wp-content\/uploads\/2022\/01\/Logo-Corrrgido.png","width":420,"height":170,"caption":"IV Congreso RestauraRios 2023"},"image":{"@id":"https:\/\/cirefluvial.com\/congreso2023\/#\/schema\/logo\/image\/"},"sameAs":["https:\/\/www.facebook.com\/profile.php?id=100064709197688","https:\/\/x.com\/Cirefluvial","https:\/\/www.instagram.com\/ciref_fluvial\/"]}]}},"_links":{"self":[{"href":"https:\/\/cirefluvial.com\/congreso2023\/en\/wp-json\/wp\/v2\/pages\/1246","targetHints":{"allow":["GET"]}}],"collection":[{"href":"https:\/\/cirefluvial.com\/congreso2023\/en\/wp-json\/wp\/v2\/pages"}],"about":[{"href":"https:\/\/cirefluvial.com\/congreso2023\/en\/wp-json\/wp\/v2\/types\/page"}],"author":[{"embeddable":true,"href":"https:\/\/cirefluvial.com\/congreso2023\/en\/wp-json\/wp\/v2\/users\/1"}],"replies":[{"embeddable":true,"href":"https:\/\/cirefluvial.com\/congreso2023\/en\/wp-json\/wp\/v2\/comments?post=1246"}],"version-history":[{"count":51,"href":"https:\/\/cirefluvial.com\/congreso2023\/en\/wp-json\/wp\/v2\/pages\/1246\/revisions"}],"predecessor-version":[{"id":2151,"href":"https:\/\/cirefluvial.com\/congreso2023\/en\/wp-json\/wp\/v2\/pages\/1246\/revisions\/2151"}],"wp:attachment":[{"href":"https:\/\/cirefluvial.com\/congreso2023\/en\/wp-json\/wp\/v2\/media?parent=1246"}],"curies":[{"name":"wp","href":"https:\/\/api.w.org\/{rel}","templated":true}]}}