{"id":3286,"date":"2026-04-07T19:57:04","date_gmt":"2026-04-07T17:57:04","guid":{"rendered":"https:\/\/cirefluvial.com\/congreso\/?page_id=3286"},"modified":"2026-04-07T20:02:13","modified_gmt":"2026-04-07T18:02:13","slug":"inscripcion-talleres","status":"publish","type":"page","link":"https:\/\/cirefluvial.com\/congreso\/inscripcion-talleres\/","title":{"rendered":"Inscripci\u00f3n Talleres"},"content":{"rendered":"\t\t<div data-elementor-type=\"wp-page\" data-elementor-id=\"3286\" class=\"elementor elementor-3286\">\n\t\t\t\t<div class=\"elementor-element elementor-element-f4e551b e-flex e-con-boxed e-con e-parent\" data-id=\"f4e551b\" data-element_type=\"container\" data-e-type=\"container\">\n\t\t\t\t\t<div class=\"e-con-inner\">\n\t\t\t\t<div class=\"elementor-element elementor-element-59634c5 elementor-widget elementor-widget-text-editor\" data-id=\"59634c5\" data-element_type=\"widget\" data-e-type=\"widget\" data-widget_type=\"text-editor.default\">\n\t\t\t\t<div class=\"elementor-widget-container\">\n\t\t\t\t\t\t\t\t\tComo parte del programa adicional del congreso, el <strong>martes 9 de junio, de 16:00 a 19:00<\/strong>, se celebrar\u00e1n cuatro talleres en paralelo.Por favor, inscr\u00edbase en el taller de su preferencia a trav\u00e9s del siguiente formulario. M\u00e1s informaci\u00f3n <a href=\"https:\/\/cirefluvial.com\/congreso\/talleres\/\" target=\"_blank\" rel=\"noopener\"><strong>aqu\u00ed<\/strong><\/a><\/span><\/span>\t\t\t\t\t\t\t\t<\/div>\n\t\t\t\t<\/div>\n\t\t\t\t\t<\/div>\n\t\t\t\t<\/div>\n\t\t<div class=\"elementor-element elementor-element-77666a9 e-flex e-con-boxed e-con e-parent\" data-id=\"77666a9\" data-element_type=\"container\" data-e-type=\"container\">\n\t\t\t\t\t<div class=\"e-con-inner\">\n\t\t\t\t<div class=\"elementor-element elementor-element-9d6d360 elementor-widget elementor-widget-wp-widget-forminator_widget\" data-id=\"9d6d360\" data-element_type=\"widget\" data-e-type=\"widget\" data-widget_type=\"wp-widget-forminator_widget.default\">\n\t\t\t\t<div class=\"elementor-widget-container\">\n\t\t\t\t\t<div class=\"forminator-ui forminator-custom-form forminator-custom-form-3276 forminator-design--material  forminator_ajax\" data-forminator-render=\"0\" data-form=\"forminator-module-3276\" data-uid=\"69e38891aad30\"><br\/><\/div><form\n\t\t\t\tid=\"forminator-module-3276\"\n\t\t\t\tclass=\"forminator-ui forminator-custom-form forminator-custom-form-3276 forminator-design--material  forminator_ajax\"\n\t\t\t\tmethod=\"post\"\n\t\t\t\tdata-forminator-render=\"0\"\n\t\t\t\tdata-form-id=\"3276\"\n\t\t\t\t data-color-option=\"default\" data-design=\"material\" data-grid=\"open\" style=\"display: none;\"\n\t\t\t\tdata-uid=\"69e38891aad30\"\n\t\t\t><div role=\"alert\" aria-live=\"polite\" class=\"forminator-response-message forminator-error\" aria-hidden=\"true\"><\/div><div class=\"forminator-row\"><div id=\"name-1\" class=\"forminator-field-name forminator-col forminator-col-12 \"><div class=\"forminator-row forminator-no-margin\" data-multiple=\"true\"><div class=\"forminator-col forminator-col-md-6\"><div class=\"forminator-field\"><label for=\"forminator-field-first-name-1_69e38891aad30\" id=\"forminator-field-first-name-1_69e38891aad30-label\" class=\"forminator-label\">Nombre <span class=\"forminator-required\">*<\/span><\/label><input type=\"text\" name=\"name-1-first-name\" placeholder=\"Ejemplo: Juan\" id=\"forminator-field-first-name-1_69e38891aad30\" class=\"forminator-input\" aria-required=\"true\" data-multi=\"1\" autocomplete=\"given-name\" value=\"\" \/><\/div><\/div><div class=\"forminator-col forminator-col-md-6\"><div class=\"forminator-field\"><label for=\"forminator-field-last-name-1_69e38891aad30\" id=\"forminator-field-last-name-1_69e38891aad30-label\" class=\"forminator-label\">Apellidos <span class=\"forminator-required\">*<\/span><\/label><input type=\"text\" name=\"name-1-last-name\" placeholder=\"Ejemplo: P\u00e9rez\" id=\"forminator-field-last-name-1_69e38891aad30\" class=\"forminator-input\" aria-required=\"true\" data-multi=\"1\" autocomplete=\"family-name\" value=\"\" \/><\/div><\/div><\/div><\/div><\/div><div class=\"forminator-row\"><div id=\"email-1\" class=\"forminator-field-email forminator-col forminator-col-12 \"><div class=\"forminator-field\"><label for=\"forminator-field-email-1_69e38891aad30\" id=\"forminator-field-email-1_69e38891aad30-label\" class=\"forminator-label\">Correo electr\u00f3nico <span class=\"forminator-required\">*<\/span><\/label><input type=\"email\" name=\"email-1\" value=\"\" placeholder=\"Ej . : john@doe.com\" id=\"forminator-field-email-1_69e38891aad30\" class=\"forminator-input forminator-email--field\" data-required=\"1\" aria-required=\"true\" autocomplete=\"email\" \/><\/div><\/div><\/div><div class=\"forminator-row\"><div id=\"html-1\" class=\"forminator-field-html forminator-col forminator-col-12  formulario\"><div class=\"forminator-field forminator-merge-tags\" data-field=\"html-1\"><h5>Seleccione el taller al que desea asistir (plazas limitadas)<\/h5><\/div><\/div><\/div><div class=\"forminator-row\"><div id=\"radio-1\" class=\"forminator-field-radio forminator-col forminator-col-12 \"><div role=\"radiogroup\" class=\"forminator-field\" aria-labelledby=\"forminator-radiogroup-radio-1-69e38891aad30-label\"><label id=\"forminator-field-radio-1-label-1\" for=\"forminator-field-radio-1-1-69e38891aad30\" class=\"forminator-radio\" title=\"Re-Sponging Iberia: Creating Flood- and Drought-Resilient Landscapes\"><input type=\"radio\" name=\"radio-1\" value=\"one\" id=\"forminator-field-radio-1-1-69e38891aad30\" aria-labelledby=\"forminator-field-radio-1-label-1\" data-calculation=\"0\"   data-hidden-behavior=\"zero\"\/><span class=\"forminator-radio-bullet\" aria-hidden=\"true\"><\/span><span class=\"forminator-radio-label\">Re-Sponging Iberia: Creating Flood- and Drought-Resilient Landscapes<\/span><\/label><label id=\"forminator-field-radio-1-label-2\" for=\"forminator-field-radio-1-2-69e38891aad30\" class=\"forminator-radio\" title=\"Rios sem Fronteiras: Que solu\u00e7\u00f5es para uma gest\u00e3o partilhada entre Espanha e Portugal?\"><input type=\"radio\" name=\"radio-1\" value=\"two\" id=\"forminator-field-radio-1-2-69e38891aad30\" aria-labelledby=\"forminator-field-radio-1-label-2\" data-calculation=\"0\"   data-hidden-behavior=\"zero\"\/><span class=\"forminator-radio-bullet\" aria-hidden=\"true\"><\/span><span class=\"forminator-radio-label\">Rios sem Fronteiras: Que solu\u00e7\u00f5es para uma gest\u00e3o partilhada entre Espanha e Portugal?<\/span><\/label><label id=\"forminator-field-radio-1-label-3\" for=\"forminator-field-radio-1-3-69e38891aad30\" class=\"forminator-radio\" title=\"\u00bfPara qui\u00e9n restauramos? Aprendizajes de la comunicaci\u00f3n y la participaci\u00f3n en r\u00edos urbanos\"><input type=\"radio\" name=\"radio-1\" value=\"Investigaci\u00f3n-Universidad\" id=\"forminator-field-radio-1-3-69e38891aad30\" aria-labelledby=\"forminator-field-radio-1-label-3\" data-calculation=\"0\"   data-hidden-behavior=\"zero\"\/><span class=\"forminator-radio-bullet\" aria-hidden=\"true\"><\/span><span class=\"forminator-radio-label\">\u00bfPara qui\u00e9n restauramos? Aprendizajes de la comunicaci\u00f3n y la participaci\u00f3n en r\u00edos urbanos<\/span><\/label><label id=\"forminator-field-radio-1-label-4\" for=\"forminator-field-radio-1-4-69e38891aad30\" class=\"forminator-radio\" title=\"&quot;Free Flowing Rivers&quot;: metodolog\u00eda, evaluaci\u00f3n y priorizaci\u00f3n\"><input type=\"radio\" name=\"radio-1\" value=\"Otro\" id=\"forminator-field-radio-1-4-69e38891aad30\" aria-labelledby=\"forminator-field-radio-1-label-4\" data-calculation=\"0\"   data-hidden-behavior=\"zero\"\/><span class=\"forminator-radio-bullet\" aria-hidden=\"true\"><\/span><span class=\"forminator-radio-label\">\"Free Flowing Rivers\": metodolog\u00eda, evaluaci\u00f3n y priorizaci\u00f3n<\/span><\/label><\/div><\/div><\/div><div class=\"forminator-row\"><div id=\"consent-1\" class=\"forminator-field-consent forminator-col forminator-col-12 \"><div class=\"forminator-field\"><div class=\"forminator-checkbox__wrapper\"><label id=\"forminator-field-consent-1_69e38891aad30__label\" class=\"forminator-checkbox forminator-consent\" aria-labelledby=\"forminator-field-consent-1_69e38891aad30-label\"><input type=\"checkbox\" name=\"consent-1\" id=\"forminator-field-consent-1_69e38891aad30\" value=\"checked\" aria-labelledby=\"forminator-field-consent-1_69e38891aad30-label\" aria-describedby=\"forminator-field-consent-1_69e38891aad30__description\" data-required=\"true\" aria-required=\"true\" \/><span class=\"forminator-checkbox-box\" aria-hidden=\"true\"><\/span><\/label><div id=\"forminator-field-consent-1_69e38891aad30__description\" class=\"forminator-checkbox__label forminator-consent__label\"><p>S\u00ed, acepto la <a href=\"https:\/\/cirefluvial.com\/congreso\/politica-de-privacidad\/\" target=\"_blank\" rel=\"noopener\">pol\u00edtica de privacidad<\/a><\/p><\/div><\/div><\/div><\/div><\/div><input type=\"hidden\" name=\"referer_url\" value=\"\" \/><div class=\"forminator-row forminator-row-last\"><div class=\"forminator-col\"><div class=\"forminator-field\"><button class=\"forminator-button forminator-button-submit\"><span>Enviar mensaje<\/span><span aria-hidden=\"true\"><\/span><\/button><\/div><\/div><\/div><input type=\"hidden\" id=\"forminator_nonce\" name=\"forminator_nonce\" value=\"2128c94fdf\" \/><input type=\"hidden\" name=\"_wp_http_referer\" value=\"\/congreso\/wp-json\/wp\/v2\/pages\/3286\" \/><input type=\"hidden\" name=\"form_id\" value=\"3276\"><input type=\"hidden\" name=\"page_id\" value=\"3286\"><input type=\"hidden\" name=\"form_type\" value=\"default\"><input type=\"hidden\" name=\"current_url\" value=\"https:\/\/cirefluvial.com\/congreso\/inscripcion-talleres\/\"><input type=\"hidden\" name=\"render_id\" value=\"0\"><input type=\"hidden\" name=\"action\" value=\"forminator_submit_form_custom-forms\"><\/form>\t\t\t\t<\/div>\n\t\t\t\t<\/div>\n\t\t\t\t<div class=\"elementor-element elementor-element-4c46dbd elementor-widget elementor-widget-text-editor\" data-id=\"4c46dbd\" data-element_type=\"widget\" data-e-type=\"widget\" data-widget_type=\"text-editor.default\">\n\t\t\t\t<div class=\"elementor-widget-container\">\n\t\t\t\t\t\t\t\t\t<p>Antes de enviar el formulario,\u00a0te facilitamos la informaci\u00f3n b\u00e1sica sobre protecci\u00f3n de datos:<\/p><ul><li>Responsable:\u00a0Centro Ib\u00e9rico de Restauraci\u00f3n Fluvial<\/li><li>Finalidad:\u00a0Contactar con usted para resolver cualquier cuestion que quiera plantearnos<\/li><li>Legitimaci\u00f3n:\u00a0Su\u00a0consentimiento a trav\u00e9s de este formulario.<\/li><li>Destinatarios: No tenemos previso ceder sus datos a terceros, salvo por obligaci\u00f3n legal.<\/li><li>Derechos: Tiene derecho a acceder, rectificar, suprimir, portabilidad y oposici\u00f3n a tus datos. Los datos de contacto ser\u00e1n almacenados en nuestros servidor de correo<\/li><li>Informaci\u00f3n adicional:\u00a0puede consultar Pol\u00edtica de Privacidad\u00a0<a href=\"https:\/\/cirefluvial.com\/congreso\/politica-de-privacidad\/\" target=\"_blank\" rel=\"noopener\">aqu\u00ed.<\/a><\/li><\/ul>\t\t\t\t\t\t\t\t<\/div>\n\t\t\t\t<\/div>\n\t\t\t\t\t<\/div>\n\t\t\t\t<\/div>\n\t\t\t\t<\/div>\n\t\t","protected":false},"excerpt":{"rendered":"<p>Como parte del programa adicional del congreso, el martes 9 de junio, de 16:00 a 19:00, se celebrar\u00e1n cuatro talleres &#8230; <a title=\"Inscripci\u00f3n Talleres\" class=\"read-more\" href=\"https:\/\/cirefluvial.com\/congreso\/inscripcion-talleres\/\" aria-label=\"Leer m\u00e1s sobre Inscripci\u00f3n Talleres\">Leer m\u00e1s<\/a><\/p>\n","protected":false},"author":1,"featured_media":0,"parent":0,"menu_order":0,"comment_status":"closed","ping_status":"closed","template":"elementor_header_footer","meta":{"editor_plus_copied_stylings":"{}","footnotes":""},"class_list":["post-3286","page","type-page","status-publish"],"yoast_head":"<!-- This site is optimized with the Yoast SEO plugin v27.2 - https:\/\/yoast.com\/product\/yoast-seo-wordpress\/ -->\n<title>Inscripci\u00f3n Talleres - V Congreso RestauraRios 2026<\/title>\n<meta name=\"robots\" content=\"index, follow, max-snippet:-1, max-image-preview:large, max-video-preview:-1\" \/>\n<link rel=\"canonical\" href=\"https:\/\/cirefluvial.com\/congreso\/inscripcion-talleres\/\" \/>\n<meta property=\"og:locale\" content=\"es_ES\" \/>\n<meta property=\"og:type\" content=\"article\" \/>\n<meta property=\"og:title\" content=\"Inscripci\u00f3n Talleres - V Congreso RestauraRios 2026\" \/>\n<meta property=\"og:description\" content=\"Como parte del programa adicional del congreso, el martes 9 de junio, de 16:00 a 19:00, se celebrar\u00e1n cuatro talleres ... Leer m\u00e1s\" \/>\n<meta property=\"og:url\" content=\"https:\/\/cirefluvial.com\/congreso\/inscripcion-talleres\/\" \/>\n<meta property=\"og:site_name\" content=\"V Congreso RestauraRios 2026\" \/>\n<meta property=\"article:publisher\" content=\"https:\/\/www.facebook.com\/profile.php?id=100064709197688\" \/>\n<meta property=\"article:modified_time\" content=\"2026-04-07T18:02:13+00:00\" \/>\n<meta name=\"twitter:card\" content=\"summary_large_image\" \/>\n<meta name=\"twitter:site\" content=\"@Cirefluvial\" \/>\n<meta name=\"twitter:label1\" content=\"Tiempo de lectura\" \/>\n\t<meta name=\"twitter:data1\" content=\"2 minutos\" \/>\n<script type=\"application\/ld+json\" class=\"yoast-schema-graph\">{\"@context\":\"https:\/\/schema.org\",\"@graph\":[{\"@type\":\"WebPage\",\"@id\":\"https:\/\/cirefluvial.com\/congreso\/inscripcion-talleres\/\",\"url\":\"https:\/\/cirefluvial.com\/congreso\/inscripcion-talleres\/\",\"name\":\"Inscripci\u00f3n Talleres - V Congreso RestauraRios 2026\",\"isPartOf\":{\"@id\":\"https:\/\/cirefluvial.com\/congreso\/#website\"},\"datePublished\":\"2026-04-07T17:57:04+00:00\",\"dateModified\":\"2026-04-07T18:02:13+00:00\",\"breadcrumb\":{\"@id\":\"https:\/\/cirefluvial.com\/congreso\/inscripcion-talleres\/#breadcrumb\"},\"inLanguage\":\"es\",\"potentialAction\":[{\"@type\":\"ReadAction\",\"target\":[\"https:\/\/cirefluvial.com\/congreso\/inscripcion-talleres\/\"]}]},{\"@type\":\"BreadcrumbList\",\"@id\":\"https:\/\/cirefluvial.com\/congreso\/inscripcion-talleres\/#breadcrumb\",\"itemListElement\":[{\"@type\":\"ListItem\",\"position\":1,\"name\":\"Portada\",\"item\":\"https:\/\/cirefluvial.com\/congreso\/\"},{\"@type\":\"ListItem\",\"position\":2,\"name\":\"Inscripci\u00f3n Talleres\"}]},{\"@type\":\"WebSite\",\"@id\":\"https:\/\/cirefluvial.com\/congreso\/#website\",\"url\":\"https:\/\/cirefluvial.com\/congreso\/\",\"name\":\"V Congreso RestauraRios 2026\",\"description\":\"V Congreso RestauraRios 2026\",\"publisher\":{\"@id\":\"https:\/\/cirefluvial.com\/congreso\/#organization\"},\"potentialAction\":[{\"@type\":\"SearchAction\",\"target\":{\"@type\":\"EntryPoint\",\"urlTemplate\":\"https:\/\/cirefluvial.com\/congreso\/?s={search_term_string}\"},\"query-input\":{\"@type\":\"PropertyValueSpecification\",\"valueRequired\":true,\"valueName\":\"search_term_string\"}}],\"inLanguage\":\"es\"},{\"@type\":\"Organization\",\"@id\":\"https:\/\/cirefluvial.com\/congreso\/#organization\",\"name\":\"V Congreso RestauraRios 2026\",\"url\":\"https:\/\/cirefluvial.com\/congreso\/\",\"logo\":{\"@type\":\"ImageObject\",\"inLanguage\":\"es\",\"@id\":\"https:\/\/cirefluvial.com\/congreso\/#\/schema\/logo\/image\/\",\"url\":\"https:\/\/cirefluvial.com\/congreso\/wp-content\/uploads\/2025\/05\/RESTAURARIOS-LOGO_WEB.png\",\"contentUrl\":\"https:\/\/cirefluvial.com\/congreso\/wp-content\/uploads\/2025\/05\/RESTAURARIOS-LOGO_WEB.png\",\"width\":420,\"height\":107,\"caption\":\"V Congreso RestauraRios 2026\"},\"image\":{\"@id\":\"https:\/\/cirefluvial.com\/congreso\/#\/schema\/logo\/image\/\"},\"sameAs\":[\"https:\/\/www.facebook.com\/profile.php?id=100064709197688\",\"https:\/\/x.com\/Cirefluvial\",\"https:\/\/www.instagram.com\/ciref_fluvial\/\"]}]}<\/script>\n<!-- \/ Yoast SEO plugin. -->","yoast_head_json":{"title":"Inscripci\u00f3n Talleres - V Congreso RestauraRios 2026","robots":{"index":"index","follow":"follow","max-snippet":"max-snippet:-1","max-image-preview":"max-image-preview:large","max-video-preview":"max-video-preview:-1"},"canonical":"https:\/\/cirefluvial.com\/congreso\/inscripcion-talleres\/","og_locale":"es_ES","og_type":"article","og_title":"Inscripci\u00f3n Talleres - V Congreso RestauraRios 2026","og_description":"Como parte del programa adicional del congreso, el martes 9 de junio, de 16:00 a 19:00, se celebrar\u00e1n cuatro talleres ... Leer m\u00e1s","og_url":"https:\/\/cirefluvial.com\/congreso\/inscripcion-talleres\/","og_site_name":"V Congreso RestauraRios 2026","article_publisher":"https:\/\/www.facebook.com\/profile.php?id=100064709197688","article_modified_time":"2026-04-07T18:02:13+00:00","twitter_card":"summary_large_image","twitter_site":"@Cirefluvial","twitter_misc":{"Tiempo de lectura":"2 minutos"},"schema":{"@context":"https:\/\/schema.org","@graph":[{"@type":"WebPage","@id":"https:\/\/cirefluvial.com\/congreso\/inscripcion-talleres\/","url":"https:\/\/cirefluvial.com\/congreso\/inscripcion-talleres\/","name":"Inscripci\u00f3n Talleres - V Congreso RestauraRios 2026","isPartOf":{"@id":"https:\/\/cirefluvial.com\/congreso\/#website"},"datePublished":"2026-04-07T17:57:04+00:00","dateModified":"2026-04-07T18:02:13+00:00","breadcrumb":{"@id":"https:\/\/cirefluvial.com\/congreso\/inscripcion-talleres\/#breadcrumb"},"inLanguage":"es","potentialAction":[{"@type":"ReadAction","target":["https:\/\/cirefluvial.com\/congreso\/inscripcion-talleres\/"]}]},{"@type":"BreadcrumbList","@id":"https:\/\/cirefluvial.com\/congreso\/inscripcion-talleres\/#breadcrumb","itemListElement":[{"@type":"ListItem","position":1,"name":"Portada","item":"https:\/\/cirefluvial.com\/congreso\/"},{"@type":"ListItem","position":2,"name":"Inscripci\u00f3n Talleres"}]},{"@type":"WebSite","@id":"https:\/\/cirefluvial.com\/congreso\/#website","url":"https:\/\/cirefluvial.com\/congreso\/","name":"V Congreso RestauraRios 2026","description":"V Congreso RestauraRios 2026","publisher":{"@id":"https:\/\/cirefluvial.com\/congreso\/#organization"},"potentialAction":[{"@type":"SearchAction","target":{"@type":"EntryPoint","urlTemplate":"https:\/\/cirefluvial.com\/congreso\/?s={search_term_string}"},"query-input":{"@type":"PropertyValueSpecification","valueRequired":true,"valueName":"search_term_string"}}],"inLanguage":"es"},{"@type":"Organization","@id":"https:\/\/cirefluvial.com\/congreso\/#organization","name":"V Congreso RestauraRios 2026","url":"https:\/\/cirefluvial.com\/congreso\/","logo":{"@type":"ImageObject","inLanguage":"es","@id":"https:\/\/cirefluvial.com\/congreso\/#\/schema\/logo\/image\/","url":"https:\/\/cirefluvial.com\/congreso\/wp-content\/uploads\/2025\/05\/RESTAURARIOS-LOGO_WEB.png","contentUrl":"https:\/\/cirefluvial.com\/congreso\/wp-content\/uploads\/2025\/05\/RESTAURARIOS-LOGO_WEB.png","width":420,"height":107,"caption":"V Congreso RestauraRios 2026"},"image":{"@id":"https:\/\/cirefluvial.com\/congreso\/#\/schema\/logo\/image\/"},"sameAs":["https:\/\/www.facebook.com\/profile.php?id=100064709197688","https:\/\/x.com\/Cirefluvial","https:\/\/www.instagram.com\/ciref_fluvial\/"]}]}},"_links":{"self":[{"href":"https:\/\/cirefluvial.com\/congreso\/wp-json\/wp\/v2\/pages\/3286","targetHints":{"allow":["GET"]}}],"collection":[{"href":"https:\/\/cirefluvial.com\/congreso\/wp-json\/wp\/v2\/pages"}],"about":[{"href":"https:\/\/cirefluvial.com\/congreso\/wp-json\/wp\/v2\/types\/page"}],"author":[{"embeddable":true,"href":"https:\/\/cirefluvial.com\/congreso\/wp-json\/wp\/v2\/users\/1"}],"replies":[{"embeddable":true,"href":"https:\/\/cirefluvial.com\/congreso\/wp-json\/wp\/v2\/comments?post=3286"}],"version-history":[{"count":10,"href":"https:\/\/cirefluvial.com\/congreso\/wp-json\/wp\/v2\/pages\/3286\/revisions"}],"predecessor-version":[{"id":3296,"href":"https:\/\/cirefluvial.com\/congreso\/wp-json\/wp\/v2\/pages\/3286\/revisions\/3296"}],"wp:attachment":[{"href":"https:\/\/cirefluvial.com\/congreso\/wp-json\/wp\/v2\/media?parent=3286"}],"curies":[{"name":"wp","href":"https:\/\/api.w.org\/{rel}","templated":true}]}}