{"id":3253,"date":"2026-03-27T14:15:23","date_gmt":"2026-03-27T13:15:23","guid":{"rendered":"https:\/\/cirefluvial.com\/congreso\/?page_id=3253"},"modified":"2026-04-10T15:50:36","modified_gmt":"2026-04-10T13:50:36","slug":"talleres","status":"publish","type":"page","link":"https:\/\/cirefluvial.com\/congreso\/talleres\/","title":{"rendered":"Talleres"},"content":{"rendered":"\t\t<div data-elementor-type=\"wp-page\" data-elementor-id=\"3253\" class=\"elementor elementor-3253\">\n\t\t\t\t<div class=\"elementor-element elementor-element-7c8adac e-flex e-con-boxed e-con e-parent\" data-id=\"7c8adac\" data-element_type=\"container\" data-e-type=\"container\">\n\t\t\t\t\t<div class=\"e-con-inner\">\n\t\t<div class=\"elementor-element elementor-element-58f9eac e-con-full e-flex e-con e-child\" data-id=\"58f9eac\" data-element_type=\"container\" data-e-type=\"container\">\n\t\t\t\t<div class=\"elementor-element elementor-element-913ec9a elementor-widget elementor-widget-text-editor\" data-id=\"913ec9a\" data-element_type=\"widget\" data-e-type=\"widget\" data-widget_type=\"text-editor.default\">\n\t\t\t\t<div class=\"elementor-widget-container\">\n\t\t\t\t\t\t\t\t\t<h5><strong>Martes 9 de junio<\/strong><\/h5><h5><strong>16:00 \u2013 19:00h<\/strong><\/h5><h5><strong>Palacio Teatro de la Audiencia, Soria<\/strong><\/h5><p>Como parte del programa adicional del congreso, se celebrar\u00e1n cuatro talleres en paralelo en la tarde del d\u00eda anterior, martes 9 de junio. A continuaci\u00f3n, se presenta la informaci\u00f3n de cada uno de los talleres y el formulario de inscripci\u00f3n a los mismos. Para participar es imprescindible estar inscrito en el congreso.<\/p>\t\t\t\t\t\t\t\t<\/div>\n\t\t\t\t<\/div>\n\t\t\t\t<div class=\"elementor-element elementor-element-6393b82 elementor-widget elementor-widget-button\" data-id=\"6393b82\" data-element_type=\"widget\" data-e-type=\"widget\" data-widget_type=\"button.default\">\n\t\t\t\t<div class=\"elementor-widget-container\">\n\t\t\t\t\t\t\t\t\t<div class=\"elementor-button-wrapper\">\n\t\t\t\t\t<a class=\"elementor-button elementor-button-link elementor-size-sm\" href=\"https:\/\/cirefluvial.com\/congreso\/inscripcion-talleres\/\">\n\t\t\t\t\t\t<span class=\"elementor-button-content-wrapper\">\n\t\t\t\t\t\t\t\t\t<span class=\"elementor-button-text\">INSCRIPCI\u00d3N A TALLERES<\/span>\n\t\t\t\t\t<\/span>\n\t\t\t\t\t<\/a>\n\t\t\t\t<\/div>\n\t\t\t\t\t\t\t\t<\/div>\n\t\t\t\t<\/div>\n\t\t\t\t<div class=\"elementor-element elementor-element-c012043 elementor-widget elementor-widget-heading\" data-id=\"c012043\" data-element_type=\"widget\" data-e-type=\"widget\" data-widget_type=\"heading.default\">\n\t\t\t\t<div class=\"elementor-widget-container\">\n\t\t\t\t\t<h2 class=\"elementor-heading-title elementor-size-default\">Fecha l\u00edmite de inscripci\u00f3n 29 de Abril<\/h2>\t\t\t\t<\/div>\n\t\t\t\t<\/div>\n\t\t<div class=\"elementor-element elementor-element-239a7a4 e-con-full e-flex e-con e-child\" data-id=\"239a7a4\" data-element_type=\"container\" data-e-type=\"container\" data-settings=\"{&quot;background_background&quot;:&quot;classic&quot;}\">\n\t\t\t\t<div class=\"elementor-element elementor-element-8c33168 elementor-widget elementor-widget-text-editor\" data-id=\"8c33168\" data-element_type=\"widget\" data-e-type=\"widget\" data-widget_type=\"text-editor.default\">\n\t\t\t\t<div class=\"elementor-widget-container\">\n\t\t\t\t\t\t\t\t\t<h4><strong>Re-Sponging Iberia: Creating Flood- and Drought-Resilient Landscapes<\/strong><\/h4><p>En la Pen\u00ednsula Ib\u00e9rica, las cuencas hidrogr\u00e1ficas est\u00e1n cada vez m\u00e1s condicionadas por sequ\u00edas prolongadas y episodios repentinos de inundaci\u00f3n. Este taller explora c\u00f3mo los actores de cuenca pueden avanzar hacia la implementaci\u00f3n de soluciones para la retenci\u00f3n natural de agua a escala de paisaje, fortaleciendo la infiltraci\u00f3n, restaurando la capacidad de almacenamiento del suelo y coordinando la agricultura, la restauraci\u00f3n ecol\u00f3gica y la gesti\u00f3n del agua para reforzar la resiliencia a largo plazo.<\/p><p><strong>Idioma:<\/strong>\u00a0ingl\u00e9s<\/p><p><strong>P\u00fablico objetivo: <\/strong>gestores de r\u00edos y del territorio, autoridades de cuencas hidrogr\u00e1ficas y profesionales implicados en la restauraci\u00f3n y la gesti\u00f3n del territorio. <strong>Tambi\u00e9n relevante para:<\/strong> responsables pol\u00edticos, consultores e investigadores aplicados que trabajan en resiliencia h\u00eddrica y soluciones basadas en la naturaleza.<\/p><p><strong>Facilitadores:<\/strong> Paul Brotherton (Wetlands International Europe) y Aniela Stachnik (CIREF)<\/p>\t\t\t\t\t\t\t\t<\/div>\n\t\t\t\t<\/div>\n\t\t\t\t<div class=\"elementor-element elementor-element-58076a2 elementor-widget elementor-widget-button\" data-id=\"58076a2\" data-element_type=\"widget\" data-e-type=\"widget\" data-widget_type=\"button.default\">\n\t\t\t\t<div class=\"elementor-widget-container\">\n\t\t\t\t\t\t\t\t\t<div class=\"elementor-button-wrapper\">\n\t\t\t\t\t<a class=\"elementor-button elementor-button-link elementor-size-sm\" href=\"https:\/\/cirefluvial.com\/congreso\/inscripcion-talleres\/\">\n\t\t\t\t\t\t<span class=\"elementor-button-content-wrapper\">\n\t\t\t\t\t\t\t\t\t<span class=\"elementor-button-text\">INSCRIPCI\u00d3N<\/span>\n\t\t\t\t\t<\/span>\n\t\t\t\t\t<\/a>\n\t\t\t\t<\/div>\n\t\t\t\t\t\t\t\t<\/div>\n\t\t\t\t<\/div>\n\t\t\t\t<\/div>\n\t\t<div class=\"elementor-element elementor-element-529591c e-con-full e-flex e-con e-child\" data-id=\"529591c\" data-element_type=\"container\" data-e-type=\"container\" data-settings=\"{&quot;background_background&quot;:&quot;classic&quot;}\">\n\t\t\t\t<div class=\"elementor-element elementor-element-2f83659 elementor-widget elementor-widget-text-editor\" data-id=\"2f83659\" data-element_type=\"widget\" data-e-type=\"widget\" data-widget_type=\"text-editor.default\">\n\t\t\t\t<div class=\"elementor-widget-container\">\n\t\t\t\t\t\t\t\t\t<h4><strong>Rios sem Fronteiras: Que solu\u00e7\u00f5es para uma gest\u00e3o partilhada entre Espanha e Portugal? <\/strong><\/h4><p>El taller tendr\u00e1 como contexto la ribera del r\u00edo Turones, una cuenca compartida entre Espa\u00f1a y Portugal, y tendr\u00e1 como objetivo el desarrollo y la recopilaci\u00f3n de propuestas s\u00f3lidas para las cl\u00e1usulas t\u00e9cnicas y el pliego de condiciones de un contrato de r\u00edo. Se basar\u00e1 en una metodolog\u00eda orientada a facilitar un entorno colaborativo, donde se invitar\u00e1 a los participantes a compartir experiencias y desarrollar propuestas s\u00f3lidas de acciones a implementar en un r\u00edo transfronterizo, fomentando la reflexi\u00f3n sobre c\u00f3mo armonizar las diferencias inherentes a los distintos procesos de gobernanza existentes.<\/p><p><strong>Idioma:<\/strong>\u00a0portugu\u00e9s y castellano<strong><br \/><\/strong><\/p><p><strong>P\u00fablico objetivo:\u00a0<\/strong>t\u00e9cnicos, gestores p\u00fablicos, expertos, investigadores y actores locales implicados en la gesti\u00f3n y gobernanza de r\u00edos transfronterizos entre Espa\u00f1a y Portugal.<\/p><p><strong>Facilitadores:<\/strong> Manuela Oliveira (consultora independiente); Diana Fernandes (E.R\u00cdO; CIREF); Irene Duque (Wetlands International Europe)<\/p>\t\t\t\t\t\t\t\t<\/div>\n\t\t\t\t<\/div>\n\t\t\t\t<div class=\"elementor-element elementor-element-71f5fd4 elementor-widget elementor-widget-button\" data-id=\"71f5fd4\" data-element_type=\"widget\" data-e-type=\"widget\" data-widget_type=\"button.default\">\n\t\t\t\t<div class=\"elementor-widget-container\">\n\t\t\t\t\t\t\t\t\t<div class=\"elementor-button-wrapper\">\n\t\t\t\t\t<a class=\"elementor-button elementor-button-link elementor-size-sm\" href=\"https:\/\/cirefluvial.com\/congreso\/inscripcion-talleres\/\">\n\t\t\t\t\t\t<span class=\"elementor-button-content-wrapper\">\n\t\t\t\t\t\t\t\t\t<span class=\"elementor-button-text\">INSCRIPCI\u00d3N<\/span>\n\t\t\t\t\t<\/span>\n\t\t\t\t\t<\/a>\n\t\t\t\t<\/div>\n\t\t\t\t\t\t\t\t<\/div>\n\t\t\t\t<\/div>\n\t\t\t\t<\/div>\n\t\t<div class=\"elementor-element elementor-element-69c463b e-con-full e-flex e-con e-child\" data-id=\"69c463b\" data-element_type=\"container\" data-e-type=\"container\" data-settings=\"{&quot;background_background&quot;:&quot;classic&quot;}\">\n\t\t\t\t<div class=\"elementor-element elementor-element-343c6f4 elementor-widget elementor-widget-text-editor\" data-id=\"343c6f4\" data-element_type=\"widget\" data-e-type=\"widget\" data-widget_type=\"text-editor.default\">\n\t\t\t\t<div class=\"elementor-widget-container\">\n\t\t\t\t\t\t\t\t\t<h4><strong>\u00bfPara qui\u00e9n restauramos? Aprendizajes de la comunicaci\u00f3n y la participaci\u00f3n en r\u00edos urbanos <\/strong><\/h4>\n<p>El taller aborda la restauraci\u00f3n de r\u00edos urbanos desde su dimensi\u00f3n social, poniendo el foco en la participaci\u00f3n y la comunicaci\u00f3n como factores clave en el desarrollo de los proyectos. A partir del an\u00e1lisis comparado de casos reales \u2014con resultados diversos\u2014 se identificar\u00e1n patrones, errores recurrentes y buenas pr\u00e1cticas en la relaci\u00f3n con la ciudadan\u00eda y los actores locales. La sesi\u00f3n incorpora una din\u00e1mica participativa orientada a implicar activamente a los asistentes, promoviendo la puesta en com\u00fan de sus propias experiencias y la construcci\u00f3n colectiva de conocimiento.<\/p>\n<p><b>Idioma:<\/b> castellano<\/p>\n<p><b>P\u00fablico objetivo:<\/b> personas implicadas en proyectos de restauraci\u00f3n fluvial, gestores locales, acad\u00e9micos, profesionales y ciudadan\u00eda en general<\/p>\n<p><b>Facilitadores:<\/b> Antonio Figueroa (CIREF; Agua y Territorio) y Gaizka Aranguren (CIREF)<\/p>\t\t\t\t\t\t\t\t<\/div>\n\t\t\t\t<\/div>\n\t\t\t\t<div class=\"elementor-element elementor-element-2946a2b elementor-widget elementor-widget-button\" data-id=\"2946a2b\" data-element_type=\"widget\" data-e-type=\"widget\" data-widget_type=\"button.default\">\n\t\t\t\t<div class=\"elementor-widget-container\">\n\t\t\t\t\t\t\t\t\t<div class=\"elementor-button-wrapper\">\n\t\t\t\t\t<a class=\"elementor-button elementor-button-link elementor-size-sm\" href=\"https:\/\/cirefluvial.com\/congreso\/inscripcion-talleres\/\">\n\t\t\t\t\t\t<span class=\"elementor-button-content-wrapper\">\n\t\t\t\t\t\t\t\t\t<span class=\"elementor-button-text\">INSCRIPCI\u00d3N<\/span>\n\t\t\t\t\t<\/span>\n\t\t\t\t\t<\/a>\n\t\t\t\t<\/div>\n\t\t\t\t\t\t\t\t<\/div>\n\t\t\t\t<\/div>\n\t\t\t\t<\/div>\n\t\t<div class=\"elementor-element elementor-element-3866a53 e-con-full e-flex e-con e-child\" data-id=\"3866a53\" data-element_type=\"container\" data-e-type=\"container\" data-settings=\"{&quot;background_background&quot;:&quot;classic&quot;}\">\n\t\t\t\t<div class=\"elementor-element elementor-element-0f9efe2 elementor-widget elementor-widget-text-editor\" data-id=\"0f9efe2\" data-element_type=\"widget\" data-e-type=\"widget\" data-widget_type=\"text-editor.default\">\n\t\t\t\t<div class=\"elementor-widget-container\">\n\t\t\t\t\t\t\t\t\t<h4><strong>\u00abFree Flowing Rivers\u00bb: metodolog\u00eda, evaluaci\u00f3n y priorizaci\u00f3n<\/strong><\/h4>\n<p>El taller se estructurar\u00e1 en dos bloques diferenciados. En una primera parte (60 min), se presentar\u00e1 la metodolog\u00eda de evaluaci\u00f3n de r\u00edos de flujo libre desarrollada a nivel europeo y su aplicaci\u00f3n en Espa\u00f1a, abordando tanto el enfoque conceptual como los avances y retos en su implementaci\u00f3n.<\/p>\n<p>La segunda parte (90 min) tendr\u00e1 un car\u00e1cter participativo y se centrar\u00e1 en la identificaci\u00f3n y discusi\u00f3n de criterios clave para la priorizaci\u00f3n de intervenciones en aquellos tramos que no cumplen con las condiciones de \u201cfree-flowing rivers\u201d. Se trabajar\u00e1 sobre los distintos pasos del proceso (diagn\u00f3stico, selecci\u00f3n de medidas, planificaci\u00f3n), explorando indicadores existentes, necesidades de desarrollo metodol\u00f3gico y limitaciones pr\u00e1cticas. El debate se apoyar\u00e1 en casos concretos y buscar\u00e1 integrar diferentes perspectivas t\u00e9cnicas y territoriales.<\/p>\n<p><strong>Idioma:<\/strong>&nbsp;castellano<\/p>\n<p><strong>P\u00fablico objetivo: <\/strong>personal t\u00e9cnico de administraciones p\u00fablicas, profesionales de consultor\u00eda ambiental, gestores de r\u00edos y espacios fluviales, as\u00ed como personas vinculadas a la restauraci\u00f3n fluvial, la planificaci\u00f3n hidrol\u00f3gica y la conservaci\u00f3n.<\/p>\n<p><strong>Facilitadores:<\/strong> Andrea Goltara (Centro Italiano per la Riqualificazione Fluviale CIRF) y Cristina Buend\u00eda (Agencia Catalana del Agua)<\/p>\t\t\t\t\t\t\t\t<\/div>\n\t\t\t\t<\/div>\n\t\t\t\t<div class=\"elementor-element elementor-element-8a01379 elementor-widget elementor-widget-button\" data-id=\"8a01379\" data-element_type=\"widget\" data-e-type=\"widget\" data-widget_type=\"button.default\">\n\t\t\t\t<div class=\"elementor-widget-container\">\n\t\t\t\t\t\t\t\t\t<div class=\"elementor-button-wrapper\">\n\t\t\t\t\t<a class=\"elementor-button elementor-button-link elementor-size-sm\" href=\"https:\/\/cirefluvial.com\/congreso\/inscripcion-talleres\/\">\n\t\t\t\t\t\t<span class=\"elementor-button-content-wrapper\">\n\t\t\t\t\t\t\t\t\t<span class=\"elementor-button-text\">INSCRIPCI\u00d3N<\/span>\n\t\t\t\t\t<\/span>\n\t\t\t\t\t<\/a>\n\t\t\t\t<\/div>\n\t\t\t\t\t\t\t\t<\/div>\n\t\t\t\t<\/div>\n\t\t\t\t<\/div>\n\t\t\t\t<\/div>\n\t\t\t\t\t<\/div>\n\t\t\t\t<\/div>\n\t\t\t\t<\/div>\n\t\t","protected":false},"excerpt":{"rendered":"<p>Martes 9 de junio 16:00 \u2013 19:00h Palacio Teatro de la Audiencia, Soria Como parte del programa adicional del congreso, &#8230; <a title=\"Talleres\" class=\"read-more\" href=\"https:\/\/cirefluvial.com\/congreso\/talleres\/\" aria-label=\"Leer m\u00e1s sobre Talleres\">Leer m\u00e1s<\/a><\/p>\n","protected":false},"author":1,"featured_media":0,"parent":0,"menu_order":0,"comment_status":"closed","ping_status":"closed","template":"elementor_header_footer","meta":{"editor_plus_copied_stylings":"{}","footnotes":""},"class_list":["post-3253","page","type-page","status-publish"],"yoast_head":"<!-- This site is optimized with the Yoast SEO plugin v27.2 - https:\/\/yoast.com\/product\/yoast-seo-wordpress\/ -->\n<title>Talleres - V Congreso RestauraRios 2026<\/title>\n<meta name=\"robots\" content=\"index, follow, max-snippet:-1, max-image-preview:large, max-video-preview:-1\" \/>\n<link rel=\"canonical\" href=\"https:\/\/cirefluvial.com\/congreso\/talleres\/\" \/>\n<meta property=\"og:locale\" content=\"es_ES\" \/>\n<meta property=\"og:type\" content=\"article\" \/>\n<meta property=\"og:title\" content=\"Talleres - V Congreso RestauraRios 2026\" \/>\n<meta property=\"og:description\" content=\"Martes 9 de junio 16:00 \u2013 19:00h Palacio Teatro de la Audiencia, Soria Como parte del programa adicional del congreso, ... Leer m\u00e1s\" \/>\n<meta property=\"og:url\" content=\"https:\/\/cirefluvial.com\/congreso\/talleres\/\" \/>\n<meta property=\"og:site_name\" content=\"V Congreso RestauraRios 2026\" \/>\n<meta property=\"article:publisher\" content=\"https:\/\/www.facebook.com\/profile.php?id=100064709197688\" \/>\n<meta property=\"article:modified_time\" content=\"2026-04-10T13:50:36+00:00\" \/>\n<meta name=\"twitter:card\" content=\"summary_large_image\" \/>\n<meta name=\"twitter:site\" content=\"@Cirefluvial\" \/>\n<meta name=\"twitter:label1\" content=\"Tiempo de lectura\" \/>\n\t<meta name=\"twitter:data1\" content=\"4 minutos\" \/>\n<script type=\"application\/ld+json\" class=\"yoast-schema-graph\">{\"@context\":\"https:\/\/schema.org\",\"@graph\":[{\"@type\":\"WebPage\",\"@id\":\"https:\/\/cirefluvial.com\/congreso\/talleres\/\",\"url\":\"https:\/\/cirefluvial.com\/congreso\/talleres\/\",\"name\":\"Talleres - V Congreso RestauraRios 2026\",\"isPartOf\":{\"@id\":\"https:\/\/cirefluvial.com\/congreso\/#website\"},\"datePublished\":\"2026-03-27T13:15:23+00:00\",\"dateModified\":\"2026-04-10T13:50:36+00:00\",\"breadcrumb\":{\"@id\":\"https:\/\/cirefluvial.com\/congreso\/talleres\/#breadcrumb\"},\"inLanguage\":\"es\",\"potentialAction\":[{\"@type\":\"ReadAction\",\"target\":[\"https:\/\/cirefluvial.com\/congreso\/talleres\/\"]}]},{\"@type\":\"BreadcrumbList\",\"@id\":\"https:\/\/cirefluvial.com\/congreso\/talleres\/#breadcrumb\",\"itemListElement\":[{\"@type\":\"ListItem\",\"position\":1,\"name\":\"Portada\",\"item\":\"https:\/\/cirefluvial.com\/congreso\/\"},{\"@type\":\"ListItem\",\"position\":2,\"name\":\"Talleres\"}]},{\"@type\":\"WebSite\",\"@id\":\"https:\/\/cirefluvial.com\/congreso\/#website\",\"url\":\"https:\/\/cirefluvial.com\/congreso\/\",\"name\":\"V Congreso RestauraRios 2026\",\"description\":\"V Congreso RestauraRios 2026\",\"publisher\":{\"@id\":\"https:\/\/cirefluvial.com\/congreso\/#organization\"},\"potentialAction\":[{\"@type\":\"SearchAction\",\"target\":{\"@type\":\"EntryPoint\",\"urlTemplate\":\"https:\/\/cirefluvial.com\/congreso\/?s={search_term_string}\"},\"query-input\":{\"@type\":\"PropertyValueSpecification\",\"valueRequired\":true,\"valueName\":\"search_term_string\"}}],\"inLanguage\":\"es\"},{\"@type\":\"Organization\",\"@id\":\"https:\/\/cirefluvial.com\/congreso\/#organization\",\"name\":\"V Congreso RestauraRios 2026\",\"url\":\"https:\/\/cirefluvial.com\/congreso\/\",\"logo\":{\"@type\":\"ImageObject\",\"inLanguage\":\"es\",\"@id\":\"https:\/\/cirefluvial.com\/congreso\/#\/schema\/logo\/image\/\",\"url\":\"https:\/\/cirefluvial.com\/congreso\/wp-content\/uploads\/2025\/05\/RESTAURARIOS-LOGO_WEB.png\",\"contentUrl\":\"https:\/\/cirefluvial.com\/congreso\/wp-content\/uploads\/2025\/05\/RESTAURARIOS-LOGO_WEB.png\",\"width\":420,\"height\":107,\"caption\":\"V Congreso RestauraRios 2026\"},\"image\":{\"@id\":\"https:\/\/cirefluvial.com\/congreso\/#\/schema\/logo\/image\/\"},\"sameAs\":[\"https:\/\/www.facebook.com\/profile.php?id=100064709197688\",\"https:\/\/x.com\/Cirefluvial\",\"https:\/\/www.instagram.com\/ciref_fluvial\/\"]}]}<\/script>\n<!-- \/ Yoast SEO plugin. -->","yoast_head_json":{"title":"Talleres - V Congreso RestauraRios 2026","robots":{"index":"index","follow":"follow","max-snippet":"max-snippet:-1","max-image-preview":"max-image-preview:large","max-video-preview":"max-video-preview:-1"},"canonical":"https:\/\/cirefluvial.com\/congreso\/talleres\/","og_locale":"es_ES","og_type":"article","og_title":"Talleres - V Congreso RestauraRios 2026","og_description":"Martes 9 de junio 16:00 \u2013 19:00h Palacio Teatro de la Audiencia, Soria Como parte del programa adicional del congreso, ... Leer m\u00e1s","og_url":"https:\/\/cirefluvial.com\/congreso\/talleres\/","og_site_name":"V Congreso RestauraRios 2026","article_publisher":"https:\/\/www.facebook.com\/profile.php?id=100064709197688","article_modified_time":"2026-04-10T13:50:36+00:00","twitter_card":"summary_large_image","twitter_site":"@Cirefluvial","twitter_misc":{"Tiempo de lectura":"4 minutos"},"schema":{"@context":"https:\/\/schema.org","@graph":[{"@type":"WebPage","@id":"https:\/\/cirefluvial.com\/congreso\/talleres\/","url":"https:\/\/cirefluvial.com\/congreso\/talleres\/","name":"Talleres - V Congreso RestauraRios 2026","isPartOf":{"@id":"https:\/\/cirefluvial.com\/congreso\/#website"},"datePublished":"2026-03-27T13:15:23+00:00","dateModified":"2026-04-10T13:50:36+00:00","breadcrumb":{"@id":"https:\/\/cirefluvial.com\/congreso\/talleres\/#breadcrumb"},"inLanguage":"es","potentialAction":[{"@type":"ReadAction","target":["https:\/\/cirefluvial.com\/congreso\/talleres\/"]}]},{"@type":"BreadcrumbList","@id":"https:\/\/cirefluvial.com\/congreso\/talleres\/#breadcrumb","itemListElement":[{"@type":"ListItem","position":1,"name":"Portada","item":"https:\/\/cirefluvial.com\/congreso\/"},{"@type":"ListItem","position":2,"name":"Talleres"}]},{"@type":"WebSite","@id":"https:\/\/cirefluvial.com\/congreso\/#website","url":"https:\/\/cirefluvial.com\/congreso\/","name":"V Congreso RestauraRios 2026","description":"V Congreso RestauraRios 2026","publisher":{"@id":"https:\/\/cirefluvial.com\/congreso\/#organization"},"potentialAction":[{"@type":"SearchAction","target":{"@type":"EntryPoint","urlTemplate":"https:\/\/cirefluvial.com\/congreso\/?s={search_term_string}"},"query-input":{"@type":"PropertyValueSpecification","valueRequired":true,"valueName":"search_term_string"}}],"inLanguage":"es"},{"@type":"Organization","@id":"https:\/\/cirefluvial.com\/congreso\/#organization","name":"V Congreso RestauraRios 2026","url":"https:\/\/cirefluvial.com\/congreso\/","logo":{"@type":"ImageObject","inLanguage":"es","@id":"https:\/\/cirefluvial.com\/congreso\/#\/schema\/logo\/image\/","url":"https:\/\/cirefluvial.com\/congreso\/wp-content\/uploads\/2025\/05\/RESTAURARIOS-LOGO_WEB.png","contentUrl":"https:\/\/cirefluvial.com\/congreso\/wp-content\/uploads\/2025\/05\/RESTAURARIOS-LOGO_WEB.png","width":420,"height":107,"caption":"V Congreso RestauraRios 2026"},"image":{"@id":"https:\/\/cirefluvial.com\/congreso\/#\/schema\/logo\/image\/"},"sameAs":["https:\/\/www.facebook.com\/profile.php?id=100064709197688","https:\/\/x.com\/Cirefluvial","https:\/\/www.instagram.com\/ciref_fluvial\/"]}]}},"_links":{"self":[{"href":"https:\/\/cirefluvial.com\/congreso\/wp-json\/wp\/v2\/pages\/3253","targetHints":{"allow":["GET"]}}],"collection":[{"href":"https:\/\/cirefluvial.com\/congreso\/wp-json\/wp\/v2\/pages"}],"about":[{"href":"https:\/\/cirefluvial.com\/congreso\/wp-json\/wp\/v2\/types\/page"}],"author":[{"embeddable":true,"href":"https:\/\/cirefluvial.com\/congreso\/wp-json\/wp\/v2\/users\/1"}],"replies":[{"embeddable":true,"href":"https:\/\/cirefluvial.com\/congreso\/wp-json\/wp\/v2\/comments?post=3253"}],"version-history":[{"count":32,"href":"https:\/\/cirefluvial.com\/congreso\/wp-json\/wp\/v2\/pages\/3253\/revisions"}],"predecessor-version":[{"id":3336,"href":"https:\/\/cirefluvial.com\/congreso\/wp-json\/wp\/v2\/pages\/3253\/revisions\/3336"}],"wp:attachment":[{"href":"https:\/\/cirefluvial.com\/congreso\/wp-json\/wp\/v2\/media?parent=3253"}],"curies":[{"name":"wp","href":"https:\/\/api.w.org\/{rel}","templated":true}]}}