{"id":3520,"date":"2026-05-01T19:11:18","date_gmt":"2026-05-01T17:11:18","guid":{"rendered":"https:\/\/cirefluvial.com\/congreso\/?page_id=3520"},"modified":"2026-05-04T14:07:08","modified_gmt":"2026-05-04T12:07:08","slug":"inscripcion-para-el-taller-de-comunicacion-naturaleza-sin-bulos-claves-para-informar-sobre-restauracion-fluvial","status":"publish","type":"page","link":"https:\/\/cirefluvial.com\/congreso\/pt\/inscripcion-para-el-taller-de-comunicacion-naturaleza-sin-bulos-claves-para-informar-sobre-restauracion-fluvial\/","title":{"rendered":"Inscri\u00e7\u00e3o para o workshop de comunica\u00e7\u00e3o: \u201cNatureza sem boatos: chaves para informar sobre restaura\u00e7\u00e3o fluvial"},"content":{"rendered":"<div data-elementor-type=\"wp-page\" data-elementor-id=\"3520\" class=\"elementor elementor-3520\">\n\t\t\t\t<div class=\"elementor-element elementor-element-f4e551b e-flex e-con-boxed e-con e-parent\" data-id=\"f4e551b\" data-element_type=\"container\" data-e-type=\"container\">\n\t\t\t\t\t<div class=\"e-con-inner\">\n\t\t\t\t<div class=\"elementor-element elementor-element-59634c5 elementor-widget elementor-widget-text-editor\" data-id=\"59634c5\" data-element_type=\"widget\" data-e-type=\"widget\" data-widget_type=\"text-editor.default\">\n\t\t\t\t<div class=\"elementor-widget-container\">\n\t\t\t\t\t\t\t\t\t<p><strong>Local:<\/strong> Teatro Palacio de la Audiencia, Pza. Mayor, s\/n. C.P.: 42071 Soria<br \/><strong>Fecha:<\/strong> Ter\u00e7a-feira, 9 de junho de 2026 <br \/><strong>Hora:<\/strong> 12h00 \u00e0s 13h30 <\/p><p>Como parte da programa\u00e7\u00e3o adicional do congresso, <strong>Ter\u00e7a-feira, 9 de junho, das 12h00 \u00e0s 13h30<\/strong>. ser\u00e1 realizado um workshop dirigido a profissionais da comunica\u00e7\u00e3o e ao p\u00fablico em geral interessado em melhorar a qualidade da informa\u00e7\u00e3o ambiental. Um espa\u00e7o pr\u00e1tico para identificar boatos frequentes, entender por que se difundem e adquirir ferramentas para comunicar com rigor sobre a natureza e a restaura\u00e7\u00e3o fluvial.<\/p><p><strong>Dinamizadora:<\/strong> Ana Tu\u00f1as (Efe Verde)<\/p><p><strong>Participantes:<\/strong> Nadia Kolot\u00fashkina (Informativos RTVE), Carlos Marco (Confedera\u00e7\u00e3o Hidrogr\u00e1fica del Duero) y Gustavo Gonz\u00e1lez (CIREF)<\/p><p>Vinho espanhol de honra ao terminar a sess\u00e3o.<\/p>\t\t\t\t\t\t\t\t<\/div>\n\t\t\t\t<\/div>\n\t\t\t\t<div class=\"elementor-element elementor-element-4f07988 elementor-widget elementor-widget-heading\" data-id=\"4f07988\" data-element_type=\"widget\" data-e-type=\"widget\" data-widget_type=\"heading.default\">\n\t\t\t\t<div class=\"elementor-widget-container\">\n\t\t\t\t\t<h3 class=\"elementor-heading-title elementor-size-default\">Pode inscrever-se no workshop preenchendo o seguinte formul\u00e1rio:<\/h3>\t\t\t\t<\/div>\n\t\t\t\t<\/div>\n\t\t\t\t\t<\/div>\n\t\t\t\t<\/div>\n\t\t<div class=\"elementor-element elementor-element-77666a9 e-flex e-con-boxed e-con e-parent\" data-id=\"77666a9\" data-element_type=\"container\" data-e-type=\"container\">\n\t\t\t\t\t<div class=\"e-con-inner\">\n\t\t\t\t<div class=\"elementor-element elementor-element-9d6d360 elementor-widget elementor-widget-wp-widget-forminator_widget\" data-id=\"9d6d360\" data-element_type=\"widget\" data-e-type=\"widget\" data-widget_type=\"wp-widget-forminator_widget.default\">\n\t\t\t\t<div class=\"elementor-widget-container\">\n\t\t\t\t\t<div class=\"forminator-ui forminator-custom-form forminator-custom-form-3519 forminator-design--material  forminator_ajax\" data-forminator-render=\"0\" data-form=\"forminator-module-3519\" data-uid=\"6a03946307f99\"><br\/><\/div><form\n\t\t\t\tid=\"forminator-module-3519\"\n\t\t\t\tclass=\"forminator-ui forminator-custom-form forminator-custom-form-3519 forminator-design--material  forminator_ajax\"\n\t\t\t\tmethod=\"post\"\n\t\t\t\tdata-forminator-render=\"0\"\n\t\t\t\tdata-form-id=\"3519\"\n\t\t\t\t data-color-option=\"default\" data-design=\"material\" data-grid=\"open\" style=\"display: none;\"\n\t\t\t\tdata-uid=\"6a03946307f99\" action=\"\"\n\t\t\t><div role=\"alert\" aria-live=\"polite\" class=\"forminator-response-message forminator-error\" aria-hidden=\"true\"><\/div><div class=\"forminator-row\"><div id=\"name-1\" class=\"forminator-field-name forminator-col forminator-col-12\"><div class=\"forminator-row forminator-no-margin\" data-multiple=\"true\"><div class=\"forminator-col forminator-col-md-6\"><div class=\"forminator-field\"><label for=\"forminator-field-first-name-1_6a03946307f99\" id=\"forminator-field-first-name-1_6a03946307f99-label\" class=\"forminator-label\">Nome <span class=\"forminator-required\">*<\/span><\/label><input type=\"text\" name=\"name-1-first-name\" placeholder=\"Ejemplo: Juan\" id=\"forminator-field-first-name-1_6a03946307f99\" class=\"forminator-input\" aria-required=\"true\" data-multi=\"1\" autocomplete=\"given-name\" value=\"\" \/><\/div><\/div><div class=\"forminator-col forminator-col-md-6\"><div class=\"forminator-field\"><label for=\"forminator-field-last-name-1_6a03946307f99\" id=\"forminator-field-last-name-1_6a03946307f99-label\" class=\"forminator-label\">Apelido <span class=\"forminator-required\">*<\/span><\/label><input type=\"text\" name=\"name-1-last-name\" placeholder=\"Ejemplo: P\u00e9rez\" id=\"forminator-field-last-name-1_6a03946307f99\" class=\"forminator-input\" aria-required=\"true\" data-multi=\"1\" autocomplete=\"family-name\" value=\"\" \/><\/div><\/div><\/div><\/div><\/div><div class=\"forminator-row\"><div id=\"email-1\" class=\"forminator-field-email forminator-col forminator-col-12\"><div class=\"forminator-field\"><label for=\"forminator-field-email-1_6a03946307f99\" id=\"forminator-field-email-1_6a03946307f99-label\" class=\"forminator-label\">Email <span class=\"forminator-required\">*<\/span><\/label><input type=\"email\" name=\"email-1\" value=\"\" placeholder=\"Ej . : john@doe.com\" id=\"forminator-field-email-1_6a03946307f99\" class=\"forminator-input forminator-email--field\" data-required=\"1\" aria-required=\"true\" autocomplete=\"email\" \/><\/div><\/div><\/div><div class=\"forminator-row\"><div id=\"name-2\" class=\"forminator-field-name forminator-col forminator-col-12\"><div class=\"forminator-field\"><label for=\"forminator-field-name-2_6a03946307f99\" id=\"forminator-field-name-2_6a03946307f99-label\" class=\"forminator-label\">Entidade<\/label><input type=\"text\" name=\"name-2\" value=\"\" placeholder=\"\" id=\"forminator-field-name-2_6a03946307f99\" class=\"forminator-input forminator-name--field\" aria-required=\"false\" autocomplete=\"name\" \/><\/div><\/div><\/div><div class=\"forminator-row\"><div id=\"radio-1\" class=\"forminator-field-radio forminator-col forminator-col-12\"><div role=\"radiogroup\" class=\"forminator-field\" aria-labelledby=\"forminator-radiogroup-radio-1-6a03946307f99-label\"><label id=\"forminator-field-radio-1-label-1\" for=\"forminator-field-radio-1-1-6a03946307f99\" class=\"forminator-radio\" title=\"Desejo inscrever-me no workshop de comunica\u00e7\u00e3o: \u201cNatureza sem boatos: chaves para informar sobre restaura\u00e7\u00e3o fluvial\u201d\"><input type=\"radio\" name=\"radio-1\" value=\"one\" id=\"forminator-field-radio-1-1-6a03946307f99\" aria-labelledby=\"forminator-field-radio-1-label-1\" data-calculation=\"0\"   data-hidden-behavior=\"zero\"\/><span class=\"forminator-radio-bullet\" aria-hidden=\"true\"><\/span><span class=\"forminator-radio-label\">Desejo inscrever-me no workshop de comunica\u00e7\u00e3o: \u201cNatureza sem boatos: chaves para informar sobre restaura\u00e7\u00e3o fluvial\u201d<\/span><\/label><\/div><\/div><\/div><div class=\"forminator-row\"><div id=\"consent-1\" class=\"forminator-field-consent forminator-col forminator-col-12\"><div class=\"forminator-field\"><div class=\"forminator-checkbox__wrapper\"><label id=\"forminator-field-consent-1_6a03946307f99__label\" class=\"forminator-checkbox forminator-consent\"><input type=\"checkbox\" name=\"consent-1\" id=\"forminator-field-consent-1_6a03946307f99\" value=\"checked\" aria-labelledby=\"forminator-field-consent-1_6a03946307f99-label\" aria-describedby=\"forminator-field-consent-1_6a03946307f99__description\" data-required=\"true\" aria-required=\"true\" \/><span class=\"forminator-checkbox-box\" aria-hidden=\"true\"><\/span><\/label><div id=\"forminator-field-consent-1_6a03946307f99__description\" class=\"forminator-checkbox__label forminator-consent__label\"><p>Sim, aceito a <a href=\"https:\/\/cirefluvial.com\/congreso\/pt\/politica-de-privacidad\/\" target=\"_blank\" rel=\"noopener\">pol\u00edtica de privacidade<\/a><\/p><\/div><\/div><\/div><\/div><\/div><input type=\"hidden\" name=\"referer_url\" value=\"\" \/><div class=\"forminator-row forminator-row-last\"><div class=\"forminator-col\"><div class=\"forminator-field\"><button class=\"forminator-button forminator-button-submit\"><span>Enviar mensaje<\/span><span aria-hidden=\"true\"><\/span><\/button><\/div><\/div><\/div><input type=\"hidden\" id=\"forminator_nonce\" name=\"forminator_nonce\" value=\"bb9c8e2839\" \/><input type=\"hidden\" name=\"_wp_http_referer\" value=\"\/congreso\/pt\/wp-json\/wp\/v2\/pages\/3520\" \/><input type=\"hidden\" name=\"form_id\" value=\"3519\"><input type=\"hidden\" name=\"page_id\" value=\"3520\"><input type=\"hidden\" name=\"form_type\" value=\"default\"><input type=\"hidden\" name=\"current_url\" value=\"https:\/\/cirefluvial.com\/congreso\/pt\/inscripcion-para-el-taller-de-comunicacion-naturaleza-sin-bulos-claves-para-informar-sobre-restauracion-fluvial\/\"><input type=\"hidden\" name=\"render_id\" value=\"0\"><input type=\"hidden\" name=\"action\" value=\"forminator_submit_form_custom-forms\"><input type=\"hidden\" name=\"trp-form-language\" value=\"pt\"\/><\/form>\t\t\t\t<\/div>\n\t\t\t\t<\/div>\n\t\t\t\t<div class=\"elementor-element elementor-element-4c46dbd elementor-widget elementor-widget-text-editor\" data-id=\"4c46dbd\" data-element_type=\"widget\" data-e-type=\"widget\" data-widget_type=\"text-editor.default\">\n\t\t\t\t<div class=\"elementor-widget-container\">\n\t\t\t\t\t\t\t\t\t<p>Antes de submeter o formul\u00e1rio, fornecemos-lhe as informa\u00e7\u00f5es b\u00e1sicas sobre prote\u00e7\u00e3o de dados:<\/p><ul><li>Respons\u00e1vel: Centro Ib\u00e9rico de Restauro Fluvial<\/li><li>Finalidade: Entrar em contato consigo para concluir com sucesso a sua participa\u00e7\u00e3o no congresso.<\/li><li>Legitimidade: O seu consentimento atrav\u00e9s deste formul\u00e1rio.<\/li><li>Destinat\u00e1rios: N\u00e3o pretendemos transferir os seus dados para terceiros, exceto por obriga\u00e7\u00e3o legal.<\/li><li>Direitos: Tem o direito de aceder, retificar, eliminar, transferir e opor-se aos seus dados. Os dados de contacto ser\u00e3o armazenados no nosso servidor de correio eletr\u00f3nico.<\/li><li>Informa\u00e7\u00f5es adicionais: pode consultar a Pol\u00edtica de Privacidade\u00a0<a href=\"https:\/\/cirefluvial.com\/congreso\/pt\/politica-de-privacidad\/\" target=\"_blank\" rel=\"noopener\">aqu\u00ed.<\/a><\/li><\/ul>\t\t\t\t\t\t\t\t<\/div>\n\t\t\t\t<\/div>\n\t\t\t\t\t<\/div>\n\t\t\t\t<\/div>\n\t\t\t\t<\/div>","protected":false},"excerpt":{"rendered":"<p>Lugar: Teatro Palacio de la Audiencia, Pza. Mayor, s\/n. C.P.: 42071 SoriaFecha: Martes 9 de junio de 2026 Hora: 12:00 &#8230; <a title=\"Inscri\u00e7\u00e3o para o workshop de comunica\u00e7\u00e3o: \u201cNatureza sem boatos: chaves para informar sobre restaura\u00e7\u00e3o fluvial\" class=\"read-more\" href=\"https:\/\/cirefluvial.com\/congreso\/pt\/inscripcion-para-el-taller-de-comunicacion-naturaleza-sin-bulos-claves-para-informar-sobre-restauracion-fluvial\/\" aria-label=\"Leia mais sobre inscripci\u00f3n para el taller de comunicaci\u00f3n: \u201cNaturaleza sin bulos: claves para informar sobre restauraci\u00f3n fluvial\u201d\">Ler mais<\/a><\/p>","protected":false},"author":1,"featured_media":0,"parent":0,"menu_order":0,"comment_status":"closed","ping_status":"closed","template":"elementor_header_footer","meta":{"editor_plus_copied_stylings":"{}","footnotes":""},"class_list":["post-3520","page","type-page","status-publish"],"yoast_head":"<!-- This site is optimized with the Yoast SEO plugin v27.5 - https:\/\/yoast.com\/product\/yoast-seo-wordpress\/ -->\n<title>inscripci\u00f3n para el taller de comunicaci\u00f3n: \u201cNaturaleza sin bulos: claves para informar sobre restauraci\u00f3n fluvial\u201d - V Congreso RestauraRios 2026<\/title>\n<meta name=\"robots\" content=\"index, follow, max-snippet:-1, max-image-preview:large, max-video-preview:-1\" \/>\n<link rel=\"canonical\" href=\"https:\/\/cirefluvial.com\/congreso\/pt\/inscripcion-para-el-taller-de-comunicacion-naturaleza-sin-bulos-claves-para-informar-sobre-restauracion-fluvial\/\" \/>\n<meta property=\"og:locale\" content=\"pt_PT\" \/>\n<meta property=\"og:type\" content=\"article\" \/>\n<meta property=\"og:title\" content=\"inscripci\u00f3n para el taller de comunicaci\u00f3n: \u201cNaturaleza sin bulos: claves para informar sobre restauraci\u00f3n fluvial\u201d - V Congreso RestauraRios 2026\" \/>\n<meta property=\"og:description\" content=\"Lugar: Teatro Palacio de la Audiencia, Pza. Mayor, s\/n. C.P.: 42071 SoriaFecha: Martes 9 de junio de 2026 Hora: 12:00 ... Ler mais\" \/>\n<meta property=\"og:url\" content=\"https:\/\/cirefluvial.com\/congreso\/pt\/inscripcion-para-el-taller-de-comunicacion-naturaleza-sin-bulos-claves-para-informar-sobre-restauracion-fluvial\/\" \/>\n<meta property=\"og:site_name\" content=\"V Congreso RestauraRios 2026\" \/>\n<meta property=\"article:publisher\" content=\"https:\/\/www.facebook.com\/profile.php?id=100064709197688\" \/>\n<meta property=\"article:modified_time\" content=\"2026-05-04T12:07:08+00:00\" \/>\n<meta name=\"twitter:card\" content=\"summary_large_image\" \/>\n<meta name=\"twitter:site\" content=\"@Cirefluvial\" \/>\n<meta name=\"twitter:label1\" content=\"Tempo estimado de leitura\" \/>\n\t<meta name=\"twitter:data1\" content=\"2 minutos\" \/>\n<script type=\"application\/ld+json\" class=\"yoast-schema-graph\">{\"@context\":\"https:\\\/\\\/schema.org\",\"@graph\":[{\"@type\":\"WebPage\",\"@id\":\"https:\\\/\\\/cirefluvial.com\\\/congreso\\\/inscripcion-para-el-taller-de-comunicacion-naturaleza-sin-bulos-claves-para-informar-sobre-restauracion-fluvial\\\/\",\"url\":\"https:\\\/\\\/cirefluvial.com\\\/congreso\\\/inscripcion-para-el-taller-de-comunicacion-naturaleza-sin-bulos-claves-para-informar-sobre-restauracion-fluvial\\\/\",\"name\":\"inscripci\u00f3n para el taller de comunicaci\u00f3n: \u201cNaturaleza sin bulos: claves para informar sobre restauraci\u00f3n fluvial\u201d - V Congreso RestauraRios 2026\",\"isPartOf\":{\"@id\":\"https:\\\/\\\/cirefluvial.com\\\/congreso\\\/#website\"},\"datePublished\":\"2026-05-01T17:11:18+00:00\",\"dateModified\":\"2026-05-04T12:07:08+00:00\",\"breadcrumb\":{\"@id\":\"https:\\\/\\\/cirefluvial.com\\\/congreso\\\/inscripcion-para-el-taller-de-comunicacion-naturaleza-sin-bulos-claves-para-informar-sobre-restauracion-fluvial\\\/#breadcrumb\"},\"inLanguage\":\"pt-PT\",\"potentialAction\":[{\"@type\":\"ReadAction\",\"target\":[\"https:\\\/\\\/cirefluvial.com\\\/congreso\\\/inscripcion-para-el-taller-de-comunicacion-naturaleza-sin-bulos-claves-para-informar-sobre-restauracion-fluvial\\\/\"]}]},{\"@type\":\"BreadcrumbList\",\"@id\":\"https:\\\/\\\/cirefluvial.com\\\/congreso\\\/inscripcion-para-el-taller-de-comunicacion-naturaleza-sin-bulos-claves-para-informar-sobre-restauracion-fluvial\\\/#breadcrumb\",\"itemListElement\":[{\"@type\":\"ListItem\",\"position\":1,\"name\":\"Portada\",\"item\":\"https:\\\/\\\/cirefluvial.com\\\/congreso\\\/\"},{\"@type\":\"ListItem\",\"position\":2,\"name\":\"inscripci\u00f3n para el taller de comunicaci\u00f3n: \u201cNaturaleza sin bulos: claves para informar sobre restauraci\u00f3n fluvial\u201d\"}]},{\"@type\":\"WebSite\",\"@id\":\"https:\\\/\\\/cirefluvial.com\\\/congreso\\\/#website\",\"url\":\"https:\\\/\\\/cirefluvial.com\\\/congreso\\\/\",\"name\":\"V Congreso RestauraRios 2026\",\"description\":\"V Congreso RestauraRios 2026\",\"publisher\":{\"@id\":\"https:\\\/\\\/cirefluvial.com\\\/congreso\\\/#organization\"},\"potentialAction\":[{\"@type\":\"SearchAction\",\"target\":{\"@type\":\"EntryPoint\",\"urlTemplate\":\"https:\\\/\\\/cirefluvial.com\\\/congreso\\\/?s={search_term_string}\"},\"query-input\":{\"@type\":\"PropertyValueSpecification\",\"valueRequired\":true,\"valueName\":\"search_term_string\"}}],\"inLanguage\":\"pt-PT\"},{\"@type\":\"Organization\",\"@id\":\"https:\\\/\\\/cirefluvial.com\\\/congreso\\\/#organization\",\"name\":\"V Congreso RestauraRios 2026\",\"url\":\"https:\\\/\\\/cirefluvial.com\\\/congreso\\\/\",\"logo\":{\"@type\":\"ImageObject\",\"inLanguage\":\"pt-PT\",\"@id\":\"https:\\\/\\\/cirefluvial.com\\\/congreso\\\/#\\\/schema\\\/logo\\\/image\\\/\",\"url\":\"https:\\\/\\\/cirefluvial.com\\\/congreso\\\/wp-content\\\/uploads\\\/2025\\\/05\\\/RESTAURARIOS-LOGO_WEB.png\",\"contentUrl\":\"https:\\\/\\\/cirefluvial.com\\\/congreso\\\/wp-content\\\/uploads\\\/2025\\\/05\\\/RESTAURARIOS-LOGO_WEB.png\",\"width\":420,\"height\":107,\"caption\":\"V Congreso RestauraRios 2026\"},\"image\":{\"@id\":\"https:\\\/\\\/cirefluvial.com\\\/congreso\\\/#\\\/schema\\\/logo\\\/image\\\/\"},\"sameAs\":[\"https:\\\/\\\/www.facebook.com\\\/profile.php?id=100064709197688\",\"https:\\\/\\\/x.com\\\/Cirefluvial\",\"https:\\\/\\\/www.instagram.com\\\/ciref_fluvial\\\/\"]}]}<\/script>\n<!-- \/ Yoast SEO plugin. -->","yoast_head_json":{"title":"inscripci\u00f3n para el taller de comunicaci\u00f3n: \u201cNaturaleza sin bulos: claves para informar sobre restauraci\u00f3n fluvial\u201d - V Congreso RestauraRios 2026","robots":{"index":"index","follow":"follow","max-snippet":"max-snippet:-1","max-image-preview":"max-image-preview:large","max-video-preview":"max-video-preview:-1"},"canonical":"https:\/\/cirefluvial.com\/congreso\/pt\/inscripcion-para-el-taller-de-comunicacion-naturaleza-sin-bulos-claves-para-informar-sobre-restauracion-fluvial\/","og_locale":"pt_PT","og_type":"article","og_title":"inscripci\u00f3n para el taller de comunicaci\u00f3n: \u201cNaturaleza sin bulos: claves para informar sobre restauraci\u00f3n fluvial\u201d - V Congreso RestauraRios 2026","og_description":"Lugar: Teatro Palacio de la Audiencia, Pza. Mayor, s\/n. C.P.: 42071 SoriaFecha: Martes 9 de junio de 2026 Hora: 12:00 ... Ler mais","og_url":"https:\/\/cirefluvial.com\/congreso\/pt\/inscripcion-para-el-taller-de-comunicacion-naturaleza-sin-bulos-claves-para-informar-sobre-restauracion-fluvial\/","og_site_name":"V Congreso RestauraRios 2026","article_publisher":"https:\/\/www.facebook.com\/profile.php?id=100064709197688","article_modified_time":"2026-05-04T12:07:08+00:00","twitter_card":"summary_large_image","twitter_site":"@Cirefluvial","twitter_misc":{"Tempo estimado de leitura":"2 minutos"},"schema":{"@context":"https:\/\/schema.org","@graph":[{"@type":"WebPage","@id":"https:\/\/cirefluvial.com\/congreso\/inscripcion-para-el-taller-de-comunicacion-naturaleza-sin-bulos-claves-para-informar-sobre-restauracion-fluvial\/","url":"https:\/\/cirefluvial.com\/congreso\/inscripcion-para-el-taller-de-comunicacion-naturaleza-sin-bulos-claves-para-informar-sobre-restauracion-fluvial\/","name":"inscripci\u00f3n para el taller de comunicaci\u00f3n: \u201cNaturaleza sin bulos: claves para informar sobre restauraci\u00f3n fluvial\u201d - V Congreso RestauraRios 2026","isPartOf":{"@id":"https:\/\/cirefluvial.com\/congreso\/#website"},"datePublished":"2026-05-01T17:11:18+00:00","dateModified":"2026-05-04T12:07:08+00:00","breadcrumb":{"@id":"https:\/\/cirefluvial.com\/congreso\/inscripcion-para-el-taller-de-comunicacion-naturaleza-sin-bulos-claves-para-informar-sobre-restauracion-fluvial\/#breadcrumb"},"inLanguage":"pt-PT","potentialAction":[{"@type":"ReadAction","target":["https:\/\/cirefluvial.com\/congreso\/inscripcion-para-el-taller-de-comunicacion-naturaleza-sin-bulos-claves-para-informar-sobre-restauracion-fluvial\/"]}]},{"@type":"BreadcrumbList","@id":"https:\/\/cirefluvial.com\/congreso\/inscripcion-para-el-taller-de-comunicacion-naturaleza-sin-bulos-claves-para-informar-sobre-restauracion-fluvial\/#breadcrumb","itemListElement":[{"@type":"ListItem","position":1,"name":"Portada","item":"https:\/\/cirefluvial.com\/congreso\/"},{"@type":"ListItem","position":2,"name":"inscripci\u00f3n para el taller de comunicaci\u00f3n: \u201cNaturaleza sin bulos: claves para informar sobre restauraci\u00f3n fluvial\u201d"}]},{"@type":"WebSite","@id":"https:\/\/cirefluvial.com\/congreso\/#website","url":"https:\/\/cirefluvial.com\/congreso\/","name":"V Congreso RestauraRios 2026","description":"V Congreso RestauraRios 2026","publisher":{"@id":"https:\/\/cirefluvial.com\/congreso\/#organization"},"potentialAction":[{"@type":"SearchAction","target":{"@type":"EntryPoint","urlTemplate":"https:\/\/cirefluvial.com\/congreso\/?s={search_term_string}"},"query-input":{"@type":"PropertyValueSpecification","valueRequired":true,"valueName":"search_term_string"}}],"inLanguage":"pt-PT"},{"@type":"Organization","@id":"https:\/\/cirefluvial.com\/congreso\/#organization","name":"V Congreso RestauraRios 2026","url":"https:\/\/cirefluvial.com\/congreso\/","logo":{"@type":"ImageObject","inLanguage":"pt-PT","@id":"https:\/\/cirefluvial.com\/congreso\/#\/schema\/logo\/image\/","url":"https:\/\/cirefluvial.com\/congreso\/wp-content\/uploads\/2025\/05\/RESTAURARIOS-LOGO_WEB.png","contentUrl":"https:\/\/cirefluvial.com\/congreso\/wp-content\/uploads\/2025\/05\/RESTAURARIOS-LOGO_WEB.png","width":420,"height":107,"caption":"V Congreso RestauraRios 2026"},"image":{"@id":"https:\/\/cirefluvial.com\/congreso\/#\/schema\/logo\/image\/"},"sameAs":["https:\/\/www.facebook.com\/profile.php?id=100064709197688","https:\/\/x.com\/Cirefluvial","https:\/\/www.instagram.com\/ciref_fluvial\/"]}]}},"_links":{"self":[{"href":"https:\/\/cirefluvial.com\/congreso\/pt\/wp-json\/wp\/v2\/pages\/3520","targetHints":{"allow":["GET"]}}],"collection":[{"href":"https:\/\/cirefluvial.com\/congreso\/pt\/wp-json\/wp\/v2\/pages"}],"about":[{"href":"https:\/\/cirefluvial.com\/congreso\/pt\/wp-json\/wp\/v2\/types\/page"}],"author":[{"embeddable":true,"href":"https:\/\/cirefluvial.com\/congreso\/pt\/wp-json\/wp\/v2\/users\/1"}],"replies":[{"embeddable":true,"href":"https:\/\/cirefluvial.com\/congreso\/pt\/wp-json\/wp\/v2\/comments?post=3520"}],"version-history":[{"count":19,"href":"https:\/\/cirefluvial.com\/congreso\/pt\/wp-json\/wp\/v2\/pages\/3520\/revisions"}],"predecessor-version":[{"id":3555,"href":"https:\/\/cirefluvial.com\/congreso\/pt\/wp-json\/wp\/v2\/pages\/3520\/revisions\/3555"}],"wp:attachment":[{"href":"https:\/\/cirefluvial.com\/congreso\/pt\/wp-json\/wp\/v2\/media?parent=3520"}],"curies":[{"name":"wp","href":"https:\/\/api.w.org\/{rel}","templated":true}]}}