{"id":3253,"date":"2026-03-27T14:15:23","date_gmt":"2026-03-27T13:15:23","guid":{"rendered":"https:\/\/cirefluvial.com\/congreso\/?page_id=3253"},"modified":"2026-04-10T15:50:36","modified_gmt":"2026-04-10T13:50:36","slug":"talleres","status":"publish","type":"page","link":"https:\/\/cirefluvial.com\/congreso\/pt\/talleres\/","title":{"rendered":"WORKSHOPS"},"content":{"rendered":"<div data-elementor-type=\"wp-page\" data-elementor-id=\"3253\" class=\"elementor elementor-3253\">\n\t\t\t\t<div class=\"elementor-element elementor-element-7c8adac e-flex e-con-boxed e-con e-parent\" data-id=\"7c8adac\" data-element_type=\"container\" data-e-type=\"container\">\n\t\t\t\t\t<div class=\"e-con-inner\">\n\t\t<div class=\"elementor-element elementor-element-58f9eac e-con-full e-flex e-con e-child\" data-id=\"58f9eac\" data-element_type=\"container\" data-e-type=\"container\">\n\t\t\t\t<div class=\"elementor-element elementor-element-913ec9a elementor-widget elementor-widget-text-editor\" data-id=\"913ec9a\" data-element_type=\"widget\" data-e-type=\"widget\" data-widget_type=\"text-editor.default\">\n\t\t\t\t<div class=\"elementor-widget-container\">\n\t\t\t\t\t\t\t\t\t<h5><strong>Ter\u00e7a-feira, 9 de junho<\/strong><\/h5><h5><strong>16h00 \u2013 19h00<\/strong><\/h5><h5><strong>Palacio Teatro de la Audiencia, Soria<\/strong><\/h5><p>Como parte da programa\u00e7\u00e3o adicional do congresso, ser\u00e3o realizados quatro workshops paralelos na tarde do dia anterior, ter\u00e7a-feira, 9 de junho. Abaixo, apresenta-se a informa\u00e7\u00e3o de cada um dos workshops e o formul\u00e1rio de inscri\u00e7\u00e3o para os mesmos. Para participar, \u00e9 imprescind\u00edvel estar inscrito no congresso.<\/p>\t\t\t\t\t\t\t\t<\/div>\n\t\t\t\t<\/div>\n\t\t\t\t<div class=\"elementor-element elementor-element-6393b82 elementor-widget elementor-widget-button\" data-id=\"6393b82\" data-element_type=\"widget\" data-e-type=\"widget\" data-widget_type=\"button.default\">\n\t\t\t\t<div class=\"elementor-widget-container\">\n\t\t\t\t\t\t\t\t\t<div class=\"elementor-button-wrapper\">\n\t\t\t\t\t<a class=\"elementor-button elementor-button-link elementor-size-sm\" href=\"https:\/\/cirefluvial.com\/congreso\/pt\/inscripcion-talleres\/\">\n\t\t\t\t\t\t<span class=\"elementor-button-content-wrapper\">\n\t\t\t\t\t\t\t\t\t<span class=\"elementor-button-text\">INSCRI\u00c7\u00c3O PARA WORKSHOPS<\/span>\n\t\t\t\t\t<\/span>\n\t\t\t\t\t<\/a>\n\t\t\t\t<\/div>\n\t\t\t\t\t\t\t\t<\/div>\n\t\t\t\t<\/div>\n\t\t\t\t<div class=\"elementor-element elementor-element-c012043 elementor-widget elementor-widget-heading\" data-id=\"c012043\" data-element_type=\"widget\" data-e-type=\"widget\" data-widget_type=\"heading.default\">\n\t\t\t\t<div class=\"elementor-widget-container\">\n\t\t\t\t\t<h2 class=\"elementor-heading-title elementor-size-default\">Prazo limite de inscri\u00e7\u00e3o: 29 de abril<\/h2>\t\t\t\t<\/div>\n\t\t\t\t<\/div>\n\t\t<div class=\"elementor-element elementor-element-239a7a4 e-con-full e-flex e-con e-child\" data-id=\"239a7a4\" data-element_type=\"container\" data-e-type=\"container\" data-settings=\"{&quot;background_background&quot;:&quot;classic&quot;}\">\n\t\t\t\t<div class=\"elementor-element elementor-element-8c33168 elementor-widget elementor-widget-text-editor\" data-id=\"8c33168\" data-element_type=\"widget\" data-e-type=\"widget\" data-widget_type=\"text-editor.default\">\n\t\t\t\t<div class=\"elementor-widget-container\">\n\t\t\t\t\t\t\t\t\t<h4><strong>Re-Sponging Iberia: Creating Flood- and Drought-Resilient Landscapes<\/strong><\/h4><p>Em toda a Pen\u00ednsula Ib\u00e9rica, as bacias hidrogr\u00e1ficas est\u00e3o cada vez mais moldadas por secas\nprolongadas e epis\u00f3dios repentinos de cheias. Este workshop explora como os atores das\nbacias podem avan\u00e7ar para a reten\u00e7\u00e3o de \u00e1gua \u00e0 escala da paisagem, refor\u00e7ando a infiltra\u00e7\u00e3o,\nrestaurando a capacidade de armazenamento do solo e coordenando a agricultura, a\nrestaura\u00e7\u00e3o ecol\u00f3gica e a gest\u00e3o da \u00e1gua para fortalecer a resili\u00eancia a longo prazo.<\/p><p><strong>Idioma:<\/strong>\u00a0ingl\u00eas<\/p><p><strong>P\u00fablico-alvo: <\/strong>Gestores de recursos h\u00eddricos e do territ\u00f3rio, autoridades de bacias hidrogr\u00e1ficas\ne profissionais envolvidos na restaura\u00e7\u00e3o e gest\u00e3o do territ\u00f3rio. <strong>Tamb\u00e9m relevante para:<\/strong> decisores pol\u00edticos, consultores e investigadores aplicados que trabalham em resili\u00eancia h\u00eddrica\ne solu\u00e7\u00f5es baseadas na natureza.<\/p><p><strong>Facilitadores:<\/strong> Paul Brotherton (Wetlands International Europe) y Aniela Stachnik (CIREF)<\/p>\t\t\t\t\t\t\t\t<\/div>\n\t\t\t\t<\/div>\n\t\t\t\t<div class=\"elementor-element elementor-element-58076a2 elementor-widget elementor-widget-button\" data-id=\"58076a2\" data-element_type=\"widget\" data-e-type=\"widget\" data-widget_type=\"button.default\">\n\t\t\t\t<div class=\"elementor-widget-container\">\n\t\t\t\t\t\t\t\t\t<div class=\"elementor-button-wrapper\">\n\t\t\t\t\t<a class=\"elementor-button elementor-button-link elementor-size-sm\" href=\"https:\/\/cirefluvial.com\/congreso\/pt\/inscripcion-talleres\/\">\n\t\t\t\t\t\t<span class=\"elementor-button-content-wrapper\">\n\t\t\t\t\t\t\t\t\t<span class=\"elementor-button-text\">INSCRI\u00c7\u00c3O<\/span>\n\t\t\t\t\t<\/span>\n\t\t\t\t\t<\/a>\n\t\t\t\t<\/div>\n\t\t\t\t\t\t\t\t<\/div>\n\t\t\t\t<\/div>\n\t\t\t\t<\/div>\n\t\t<div class=\"elementor-element elementor-element-529591c e-con-full e-flex e-con e-child\" data-id=\"529591c\" data-element_type=\"container\" data-e-type=\"container\" data-settings=\"{&quot;background_background&quot;:&quot;classic&quot;}\">\n\t\t\t\t<div class=\"elementor-element elementor-element-2f83659 elementor-widget elementor-widget-text-editor\" data-id=\"2f83659\" data-element_type=\"widget\" data-e-type=\"widget\" data-widget_type=\"text-editor.default\">\n\t\t\t\t<div class=\"elementor-widget-container\">\n\t\t\t\t\t\t\t\t\t<h4><strong>Rios sem Fronteiras: Que solu\u00e7\u00f5es para uma gest\u00e3o partilhada entre Espanha e Portugal? <\/strong><\/h4><p>O workshop ter\u00e1 como pano de fundo a ribeira de Tour\u00f5es, uma bacia partilhada entre Espanha\ne Portugal, e ter\u00e1 como objetivo o desenvolvimento e recolha de propostas s\u00f3lidas para as\ncl\u00e1usulas t\u00e9cnicas e caderno de encargos de um contrato de Rio. Ir\u00e1 assentar numa\nmetodologia que permita facilitar um ambiente colaborativo, onde os participantes ser\u00e3o\nconvidados a compartilhar experi\u00eancias e desenvolver propostas s\u00f3lidas de a\u00e7\u00f5es a\nimplementar num rio transfronteiri\u00e7o, sendo levados a pensar como homogeneizar as\ndiferen\u00e7as inerentes aos distintos processos de governan\u00e7a existentes.<\/p><p><strong>Idioma:<\/strong>\u00a0Portugu\u00eas e espanhol<strong><br \/><\/strong><\/p><p><strong>P\u00fablico-alvo:\u00a0<\/strong>t\u00e9cnicos, gestores p\u00fablicos, especialistas, investigadores e atores locais\nenvolvidos na gest\u00e3o e governa\u00e7\u00e3o de rios transfronteiri\u00e7os entre Espanha e Portugal.<\/p><p><strong>Facilitadores:<\/strong> Manuela Oliveira (consultora independiente); Diana Fernandes (E.R\u00cdO; CIREF); Irene Duque (Wetlands International Europe)<\/p>\t\t\t\t\t\t\t\t<\/div>\n\t\t\t\t<\/div>\n\t\t\t\t<div class=\"elementor-element elementor-element-71f5fd4 elementor-widget elementor-widget-button\" data-id=\"71f5fd4\" data-element_type=\"widget\" data-e-type=\"widget\" data-widget_type=\"button.default\">\n\t\t\t\t<div class=\"elementor-widget-container\">\n\t\t\t\t\t\t\t\t\t<div class=\"elementor-button-wrapper\">\n\t\t\t\t\t<a class=\"elementor-button elementor-button-link elementor-size-sm\" href=\"https:\/\/cirefluvial.com\/congreso\/pt\/inscripcion-talleres\/\">\n\t\t\t\t\t\t<span class=\"elementor-button-content-wrapper\">\n\t\t\t\t\t\t\t\t\t<span class=\"elementor-button-text\">INSCRI\u00c7\u00c3O<\/span>\n\t\t\t\t\t<\/span>\n\t\t\t\t\t<\/a>\n\t\t\t\t<\/div>\n\t\t\t\t\t\t\t\t<\/div>\n\t\t\t\t<\/div>\n\t\t\t\t<\/div>\n\t\t<div class=\"elementor-element elementor-element-69c463b e-con-full e-flex e-con e-child\" data-id=\"69c463b\" data-element_type=\"container\" data-e-type=\"container\" data-settings=\"{&quot;background_background&quot;:&quot;classic&quot;}\">\n\t\t\t\t<div class=\"elementor-element elementor-element-343c6f4 elementor-widget elementor-widget-text-editor\" data-id=\"343c6f4\" data-element_type=\"widget\" data-e-type=\"widget\" data-widget_type=\"text-editor.default\">\n\t\t\t\t<div class=\"elementor-widget-container\">\n\t\t\t\t\t\t\t\t\t<h4><strong>\u00bfPara qui\u00e9n restauramos? Aprendizajes de la comunicaci\u00f3n y la participaci\u00f3n en r\u00edos urbanos <\/strong><\/h4>\n<p>O workshop aborda a restaura\u00e7\u00e3o de rios urbanos a partir da sua dimens\u00e3o social, colocando o\nfoco na participa\u00e7\u00e3o e na comunica\u00e7\u00e3o como fatores-chave no desenvolvimento dos projetos.\nCom base na an\u00e1lise comparativa de casos reais \u2014com resultados diversos\u2014 ser\u00e3o\nidentificados padr\u00f5es, erros recorrentes e boas pr\u00e1ticas na rela\u00e7\u00e3o com a cidadania e os atores\nlocais. A sess\u00e3o incorpora uma din\u00e2mica participativa orientada para envolver ativamente os\nparticipantes, promovendo a partilha das suas pr\u00f3prias experi\u00eancias e a constru\u00e7\u00e3o coletiva de\nconhecimento.<\/p>\n<p><b>Idioma:<\/b> Espanhol<\/p>\n<p><b>P\u00fablico-alvo:<\/b> pessoas envolvidas em projetos de restaura\u00e7\u00e3o fluvial, gestores locais,\nacad\u00e9micos, profissionais e p\u00fablico em geral<\/p>\n<p><b>Facilitadores:<\/b> Antonio Figueroa (CIREF; Agua y Territorio) e Gaizka Aranguren (CIREF)<\/p>\t\t\t\t\t\t\t\t<\/div>\n\t\t\t\t<\/div>\n\t\t\t\t<div class=\"elementor-element elementor-element-2946a2b elementor-widget elementor-widget-button\" data-id=\"2946a2b\" data-element_type=\"widget\" data-e-type=\"widget\" data-widget_type=\"button.default\">\n\t\t\t\t<div class=\"elementor-widget-container\">\n\t\t\t\t\t\t\t\t\t<div class=\"elementor-button-wrapper\">\n\t\t\t\t\t<a class=\"elementor-button elementor-button-link elementor-size-sm\" href=\"https:\/\/cirefluvial.com\/congreso\/pt\/inscripcion-talleres\/\">\n\t\t\t\t\t\t<span class=\"elementor-button-content-wrapper\">\n\t\t\t\t\t\t\t\t\t<span class=\"elementor-button-text\">INSCRI\u00c7\u00c3O<\/span>\n\t\t\t\t\t<\/span>\n\t\t\t\t\t<\/a>\n\t\t\t\t<\/div>\n\t\t\t\t\t\t\t\t<\/div>\n\t\t\t\t<\/div>\n\t\t\t\t<\/div>\n\t\t<div class=\"elementor-element elementor-element-3866a53 e-con-full e-flex e-con e-child\" data-id=\"3866a53\" data-element_type=\"container\" data-e-type=\"container\" data-settings=\"{&quot;background_background&quot;:&quot;classic&quot;}\">\n\t\t\t\t<div class=\"elementor-element elementor-element-0f9efe2 elementor-widget elementor-widget-text-editor\" data-id=\"0f9efe2\" data-element_type=\"widget\" data-e-type=\"widget\" data-widget_type=\"text-editor.default\">\n\t\t\t\t<div class=\"elementor-widget-container\">\n\t\t\t\t\t\t\t\t\t<h4><strong>\u00abFree Flowing Rivers\u00bb: metodolog\u00eda, evaluaci\u00f3n y priorizaci\u00f3n<\/strong><\/h4>\n<p>O workshop ser\u00e1 estruturado em dois blocos distintos. Na primeira parte (60 min), ser\u00e1\napresentada a metodologia europeia de avalia\u00e7\u00e3o de rios de fluxo livre, bem como a sua\naplica\u00e7\u00e3o em Espanha, abordando tanto o enquadramento conceptual como os avan\u00e7os e\ndesafios na sua implementa\u00e7\u00e3o.<\/p>\n<p>A segunda parte (90 min) ter\u00e1 um car\u00e1ter participativo e centrar-se-\u00e1 na identifica\u00e7\u00e3o e\ndiscuss\u00e3o de crit\u00e9rios-chave para a prioriza\u00e7\u00e3o de interven\u00e7\u00f5es em tro\u00e7os de rios que n\u00e3o\ncumprem as condi\u00e7\u00f5es de \u201cfree-flowing rivers\u201d. Ser\u00e3o abordadas as diferentes etapas do\nprocesso (diagn\u00f3stico, sele\u00e7\u00e3o de medidas, planeamento), explorando indicadores existentes,\nnecessidades de desenvolvimento metodol\u00f3gico e limita\u00e7\u00f5es pr\u00e1ticas. O debate basear-se-\u00e1\nem casos concretos e procurar\u00e1 integrar diferentes perspetivas t\u00e9cnicas e territoriais.<\/p>\n<p><strong>Idioma:<\/strong>&nbsp;Espanhol<\/p>\n<p><strong>P\u00fablico-alvo: <\/strong>T\u00e9cnicos de administra\u00e7\u00f5es p\u00fablicas, profissionais de consultoria ambiental,\ngestores de rios e espa\u00e7os fluviais, bem como profissionais ligados \u00e0 restaura\u00e7\u00e3o fluvial, ao\nplaneamento hidrol\u00f3gico e \u00e0 conserva\u00e7\u00e3o.<\/p>\n<p><strong>Facilitadores:<\/strong> Andrea Goltara (Centro Italiano per la Riqualificazione Fluviale \u2013 CIRF) e\nCristina Buend\u00eda (Ag\u00eancia Catal\u00e3 da \u00c1gua)<\/p>\t\t\t\t\t\t\t\t<\/div>\n\t\t\t\t<\/div>\n\t\t\t\t<div class=\"elementor-element elementor-element-8a01379 elementor-widget elementor-widget-button\" data-id=\"8a01379\" data-element_type=\"widget\" data-e-type=\"widget\" data-widget_type=\"button.default\">\n\t\t\t\t<div class=\"elementor-widget-container\">\n\t\t\t\t\t\t\t\t\t<div class=\"elementor-button-wrapper\">\n\t\t\t\t\t<a class=\"elementor-button elementor-button-link elementor-size-sm\" href=\"https:\/\/cirefluvial.com\/congreso\/pt\/inscripcion-talleres\/\">\n\t\t\t\t\t\t<span class=\"elementor-button-content-wrapper\">\n\t\t\t\t\t\t\t\t\t<span class=\"elementor-button-text\">INSCRI\u00c7\u00c3O<\/span>\n\t\t\t\t\t<\/span>\n\t\t\t\t\t<\/a>\n\t\t\t\t<\/div>\n\t\t\t\t\t\t\t\t<\/div>\n\t\t\t\t<\/div>\n\t\t\t\t<\/div>\n\t\t\t\t<\/div>\n\t\t\t\t\t<\/div>\n\t\t\t\t<\/div>\n\t\t\t\t<\/div>","protected":false},"excerpt":{"rendered":"<p>Martes 9 de junio 16:00 \u2013 19:00h Palacio Teatro de la Audiencia, Soria Como parte del programa adicional del congreso, &#8230; <a title=\"WORKSHOPS\" class=\"read-more\" href=\"https:\/\/cirefluvial.com\/congreso\/pt\/talleres\/\" aria-label=\"Leia mais sobre Talleres\">Ler mais<\/a><\/p>","protected":false},"author":1,"featured_media":0,"parent":0,"menu_order":0,"comment_status":"closed","ping_status":"closed","template":"elementor_header_footer","meta":{"editor_plus_copied_stylings":"{}","footnotes":""},"class_list":["post-3253","page","type-page","status-publish"],"yoast_head":"<!-- This site is optimized with the Yoast SEO plugin v27.2 - https:\/\/yoast.com\/product\/yoast-seo-wordpress\/ -->\n<title>Talleres - V Congreso RestauraRios 2026<\/title>\n<meta name=\"robots\" content=\"index, follow, max-snippet:-1, max-image-preview:large, max-video-preview:-1\" \/>\n<link rel=\"canonical\" href=\"https:\/\/cirefluvial.com\/congreso\/pt\/talleres\/\" \/>\n<meta property=\"og:locale\" content=\"pt_PT\" \/>\n<meta property=\"og:type\" content=\"article\" \/>\n<meta property=\"og:title\" content=\"Talleres - V Congreso RestauraRios 2026\" \/>\n<meta property=\"og:description\" content=\"Martes 9 de junio 16:00 \u2013 19:00h Palacio Teatro de la Audiencia, Soria Como parte del programa adicional del congreso, ... Ler mais\" \/>\n<meta property=\"og:url\" content=\"https:\/\/cirefluvial.com\/congreso\/pt\/talleres\/\" \/>\n<meta property=\"og:site_name\" content=\"V Congreso RestauraRios 2026\" \/>\n<meta property=\"article:publisher\" content=\"https:\/\/www.facebook.com\/profile.php?id=100064709197688\" \/>\n<meta property=\"article:modified_time\" content=\"2026-04-10T13:50:36+00:00\" \/>\n<meta name=\"twitter:card\" content=\"summary_large_image\" \/>\n<meta name=\"twitter:site\" content=\"@Cirefluvial\" \/>\n<meta name=\"twitter:label1\" content=\"Tempo estimado de leitura\" \/>\n\t<meta name=\"twitter:data1\" content=\"4 minutos\" \/>\n<script type=\"application\/ld+json\" class=\"yoast-schema-graph\">{\"@context\":\"https:\/\/schema.org\",\"@graph\":[{\"@type\":\"WebPage\",\"@id\":\"https:\/\/cirefluvial.com\/congreso\/talleres\/\",\"url\":\"https:\/\/cirefluvial.com\/congreso\/talleres\/\",\"name\":\"Talleres - V Congreso RestauraRios 2026\",\"isPartOf\":{\"@id\":\"https:\/\/cirefluvial.com\/congreso\/#website\"},\"datePublished\":\"2026-03-27T13:15:23+00:00\",\"dateModified\":\"2026-04-10T13:50:36+00:00\",\"breadcrumb\":{\"@id\":\"https:\/\/cirefluvial.com\/congreso\/talleres\/#breadcrumb\"},\"inLanguage\":\"pt-PT\",\"potentialAction\":[{\"@type\":\"ReadAction\",\"target\":[\"https:\/\/cirefluvial.com\/congreso\/talleres\/\"]}]},{\"@type\":\"BreadcrumbList\",\"@id\":\"https:\/\/cirefluvial.com\/congreso\/talleres\/#breadcrumb\",\"itemListElement\":[{\"@type\":\"ListItem\",\"position\":1,\"name\":\"Portada\",\"item\":\"https:\/\/cirefluvial.com\/congreso\/\"},{\"@type\":\"ListItem\",\"position\":2,\"name\":\"Talleres\"}]},{\"@type\":\"WebSite\",\"@id\":\"https:\/\/cirefluvial.com\/congreso\/#website\",\"url\":\"https:\/\/cirefluvial.com\/congreso\/\",\"name\":\"V Congreso RestauraRios 2026\",\"description\":\"V Congreso RestauraRios 2026\",\"publisher\":{\"@id\":\"https:\/\/cirefluvial.com\/congreso\/#organization\"},\"potentialAction\":[{\"@type\":\"SearchAction\",\"target\":{\"@type\":\"EntryPoint\",\"urlTemplate\":\"https:\/\/cirefluvial.com\/congreso\/?s={search_term_string}\"},\"query-input\":{\"@type\":\"PropertyValueSpecification\",\"valueRequired\":true,\"valueName\":\"search_term_string\"}}],\"inLanguage\":\"pt-PT\"},{\"@type\":\"Organization\",\"@id\":\"https:\/\/cirefluvial.com\/congreso\/#organization\",\"name\":\"V Congreso RestauraRios 2026\",\"url\":\"https:\/\/cirefluvial.com\/congreso\/\",\"logo\":{\"@type\":\"ImageObject\",\"inLanguage\":\"pt-PT\",\"@id\":\"https:\/\/cirefluvial.com\/congreso\/#\/schema\/logo\/image\/\",\"url\":\"https:\/\/cirefluvial.com\/congreso\/wp-content\/uploads\/2025\/05\/RESTAURARIOS-LOGO_WEB.png\",\"contentUrl\":\"https:\/\/cirefluvial.com\/congreso\/wp-content\/uploads\/2025\/05\/RESTAURARIOS-LOGO_WEB.png\",\"width\":420,\"height\":107,\"caption\":\"V Congreso RestauraRios 2026\"},\"image\":{\"@id\":\"https:\/\/cirefluvial.com\/congreso\/#\/schema\/logo\/image\/\"},\"sameAs\":[\"https:\/\/www.facebook.com\/profile.php?id=100064709197688\",\"https:\/\/x.com\/Cirefluvial\",\"https:\/\/www.instagram.com\/ciref_fluvial\/\"]}]}<\/script>\n<!-- \/ Yoast SEO plugin. -->","yoast_head_json":{"title":"Talleres - V Congreso RestauraRios 2026","robots":{"index":"index","follow":"follow","max-snippet":"max-snippet:-1","max-image-preview":"max-image-preview:large","max-video-preview":"max-video-preview:-1"},"canonical":"https:\/\/cirefluvial.com\/congreso\/pt\/talleres\/","og_locale":"pt_PT","og_type":"article","og_title":"Talleres - V Congreso RestauraRios 2026","og_description":"Martes 9 de junio 16:00 \u2013 19:00h Palacio Teatro de la Audiencia, Soria Como parte del programa adicional del congreso, ... Ler mais","og_url":"https:\/\/cirefluvial.com\/congreso\/pt\/talleres\/","og_site_name":"V Congreso RestauraRios 2026","article_publisher":"https:\/\/www.facebook.com\/profile.php?id=100064709197688","article_modified_time":"2026-04-10T13:50:36+00:00","twitter_card":"summary_large_image","twitter_site":"@Cirefluvial","twitter_misc":{"Tempo estimado de leitura":"4 minutos"},"schema":{"@context":"https:\/\/schema.org","@graph":[{"@type":"WebPage","@id":"https:\/\/cirefluvial.com\/congreso\/talleres\/","url":"https:\/\/cirefluvial.com\/congreso\/talleres\/","name":"Talleres - V Congreso RestauraRios 2026","isPartOf":{"@id":"https:\/\/cirefluvial.com\/congreso\/#website"},"datePublished":"2026-03-27T13:15:23+00:00","dateModified":"2026-04-10T13:50:36+00:00","breadcrumb":{"@id":"https:\/\/cirefluvial.com\/congreso\/talleres\/#breadcrumb"},"inLanguage":"pt-PT","potentialAction":[{"@type":"ReadAction","target":["https:\/\/cirefluvial.com\/congreso\/talleres\/"]}]},{"@type":"BreadcrumbList","@id":"https:\/\/cirefluvial.com\/congreso\/talleres\/#breadcrumb","itemListElement":[{"@type":"ListItem","position":1,"name":"Portada","item":"https:\/\/cirefluvial.com\/congreso\/"},{"@type":"ListItem","position":2,"name":"Talleres"}]},{"@type":"WebSite","@id":"https:\/\/cirefluvial.com\/congreso\/#website","url":"https:\/\/cirefluvial.com\/congreso\/","name":"V Congreso RestauraRios 2026","description":"V Congreso RestauraRios 2026","publisher":{"@id":"https:\/\/cirefluvial.com\/congreso\/#organization"},"potentialAction":[{"@type":"SearchAction","target":{"@type":"EntryPoint","urlTemplate":"https:\/\/cirefluvial.com\/congreso\/?s={search_term_string}"},"query-input":{"@type":"PropertyValueSpecification","valueRequired":true,"valueName":"search_term_string"}}],"inLanguage":"pt-PT"},{"@type":"Organization","@id":"https:\/\/cirefluvial.com\/congreso\/#organization","name":"V Congreso RestauraRios 2026","url":"https:\/\/cirefluvial.com\/congreso\/","logo":{"@type":"ImageObject","inLanguage":"pt-PT","@id":"https:\/\/cirefluvial.com\/congreso\/#\/schema\/logo\/image\/","url":"https:\/\/cirefluvial.com\/congreso\/wp-content\/uploads\/2025\/05\/RESTAURARIOS-LOGO_WEB.png","contentUrl":"https:\/\/cirefluvial.com\/congreso\/wp-content\/uploads\/2025\/05\/RESTAURARIOS-LOGO_WEB.png","width":420,"height":107,"caption":"V Congreso RestauraRios 2026"},"image":{"@id":"https:\/\/cirefluvial.com\/congreso\/#\/schema\/logo\/image\/"},"sameAs":["https:\/\/www.facebook.com\/profile.php?id=100064709197688","https:\/\/x.com\/Cirefluvial","https:\/\/www.instagram.com\/ciref_fluvial\/"]}]}},"_links":{"self":[{"href":"https:\/\/cirefluvial.com\/congreso\/pt\/wp-json\/wp\/v2\/pages\/3253","targetHints":{"allow":["GET"]}}],"collection":[{"href":"https:\/\/cirefluvial.com\/congreso\/pt\/wp-json\/wp\/v2\/pages"}],"about":[{"href":"https:\/\/cirefluvial.com\/congreso\/pt\/wp-json\/wp\/v2\/types\/page"}],"author":[{"embeddable":true,"href":"https:\/\/cirefluvial.com\/congreso\/pt\/wp-json\/wp\/v2\/users\/1"}],"replies":[{"embeddable":true,"href":"https:\/\/cirefluvial.com\/congreso\/pt\/wp-json\/wp\/v2\/comments?post=3253"}],"version-history":[{"count":32,"href":"https:\/\/cirefluvial.com\/congreso\/pt\/wp-json\/wp\/v2\/pages\/3253\/revisions"}],"predecessor-version":[{"id":3336,"href":"https:\/\/cirefluvial.com\/congreso\/pt\/wp-json\/wp\/v2\/pages\/3253\/revisions\/3336"}],"wp:attachment":[{"href":"https:\/\/cirefluvial.com\/congreso\/pt\/wp-json\/wp\/v2\/media?parent=3253"}],"curies":[{"name":"wp","href":"https:\/\/api.w.org\/{rel}","templated":true}]}}