{"id":2694,"date":"2025-10-14T21:42:41","date_gmt":"2025-10-14T19:42:41","guid":{"rendered":"https:\/\/cirefluvial.com\/congreso\/?page_id=2694"},"modified":"2026-04-20T12:53:04","modified_gmt":"2026-04-20T10:53:04","slug":"inscripcion","status":"publish","type":"page","link":"https:\/\/cirefluvial.com\/congreso\/pt\/inscripcion\/","title":{"rendered":"INSCRI\u00c7\u00c3O"},"content":{"rendered":"<div data-elementor-type=\"wp-page\" data-elementor-id=\"2694\" class=\"elementor elementor-2694\">\n\t\t\t\t<div class=\"elementor-element elementor-element-f4e551b e-flex e-con-boxed e-con e-parent\" data-id=\"f4e551b\" data-element_type=\"container\" data-e-type=\"container\">\n\t\t\t\t\t<div class=\"e-con-inner\">\n\t\t\t\t<div class=\"elementor-element elementor-element-2f864b6 elementor-widget elementor-widget-heading\" data-id=\"2f864b6\" data-element_type=\"widget\" data-e-type=\"widget\" data-widget_type=\"heading.default\">\n\t\t\t\t<div class=\"elementor-widget-container\">\n\t\t\t\t\t<h2 class=\"elementor-heading-title elementor-size-default\">VAGAS ESGOTADAS!<\/h2>\t\t\t\t<\/div>\n\t\t\t\t<\/div>\n\t\t\t\t\t<\/div>\n\t\t\t\t<\/div>\n\t\t<!-- dce invisible element eeb7c3e --><!-- dce invisible element 77666a9 -->\t\t<\/div>","protected":false},"excerpt":{"rendered":"<p>\u00a1PLAZAS AGOTADAS! \u00a1ULTIMAS PLAZAS! Inscripci\u00f3n temprana del 15 octubre de 2025 al 15 de febrero de 2026 La inscripci\u00f3n estar\u00e1 &#8230; <a title=\"INSCRI\u00c7\u00c3O\" class=\"read-more\" href=\"https:\/\/cirefluvial.com\/congreso\/pt\/inscripcion\/\" aria-label=\"Leia mais sobre Inscripci\u00f3n\">Ler mais<\/a><\/p>","protected":false},"author":1,"featured_media":0,"parent":0,"menu_order":0,"comment_status":"closed","ping_status":"closed","template":"","meta":{"editor_plus_copied_stylings":"{}","footnotes":""},"class_list":["post-2694","page","type-page","status-publish"],"yoast_head":"<!-- This site is optimized with the Yoast SEO plugin v27.2 - https:\/\/yoast.com\/product\/yoast-seo-wordpress\/ -->\n<title>Inscripci\u00f3n - V Congreso RestauraRios 2026<\/title>\n<meta name=\"robots\" content=\"index, follow, max-snippet:-1, max-image-preview:large, max-video-preview:-1\" \/>\n<link rel=\"canonical\" href=\"https:\/\/cirefluvial.com\/congreso\/pt\/inscripcion\/\" \/>\n<meta property=\"og:locale\" content=\"pt_PT\" \/>\n<meta property=\"og:type\" content=\"article\" \/>\n<meta property=\"og:title\" content=\"Inscripci\u00f3n - V Congreso RestauraRios 2026\" \/>\n<meta property=\"og:description\" content=\"\u00a1PLAZAS AGOTADAS! \u00a1ULTIMAS PLAZAS! Inscripci\u00f3n temprana del 15 octubre de 2025 al 15 de febrero de 2026 La inscripci\u00f3n estar\u00e1 ... Ler mais\" \/>\n<meta property=\"og:url\" content=\"https:\/\/cirefluvial.com\/congreso\/pt\/inscripcion\/\" \/>\n<meta property=\"og:site_name\" content=\"V Congreso RestauraRios 2026\" \/>\n<meta property=\"article:publisher\" content=\"https:\/\/www.facebook.com\/profile.php?id=100064709197688\" \/>\n<meta property=\"article:modified_time\" content=\"2026-04-20T10:53:04+00:00\" \/>\n<meta name=\"twitter:card\" content=\"summary_large_image\" \/>\n<meta name=\"twitter:site\" content=\"@Cirefluvial\" \/>\n<meta name=\"twitter:label1\" content=\"Tempo estimado de leitura\" \/>\n\t<meta name=\"twitter:data1\" content=\"6 minutos\" \/>\n<script type=\"application\/ld+json\" class=\"yoast-schema-graph\">{\"@context\":\"https:\/\/schema.org\",\"@graph\":[{\"@type\":\"WebPage\",\"@id\":\"https:\/\/cirefluvial.com\/congreso\/inscripcion\/\",\"url\":\"https:\/\/cirefluvial.com\/congreso\/inscripcion\/\",\"name\":\"Inscripci\u00f3n - V Congreso RestauraRios 2026\",\"isPartOf\":{\"@id\":\"https:\/\/cirefluvial.com\/congreso\/#website\"},\"datePublished\":\"2025-10-14T19:42:41+00:00\",\"dateModified\":\"2026-04-20T10:53:04+00:00\",\"breadcrumb\":{\"@id\":\"https:\/\/cirefluvial.com\/congreso\/inscripcion\/#breadcrumb\"},\"inLanguage\":\"pt-PT\",\"potentialAction\":[{\"@type\":\"ReadAction\",\"target\":[\"https:\/\/cirefluvial.com\/congreso\/inscripcion\/\"]}]},{\"@type\":\"BreadcrumbList\",\"@id\":\"https:\/\/cirefluvial.com\/congreso\/inscripcion\/#breadcrumb\",\"itemListElement\":[{\"@type\":\"ListItem\",\"position\":1,\"name\":\"Portada\",\"item\":\"https:\/\/cirefluvial.com\/congreso\/\"},{\"@type\":\"ListItem\",\"position\":2,\"name\":\"Inscripci\u00f3n\"}]},{\"@type\":\"WebSite\",\"@id\":\"https:\/\/cirefluvial.com\/congreso\/#website\",\"url\":\"https:\/\/cirefluvial.com\/congreso\/\",\"name\":\"V Congreso RestauraRios 2026\",\"description\":\"V Congreso RestauraRios 2026\",\"publisher\":{\"@id\":\"https:\/\/cirefluvial.com\/congreso\/#organization\"},\"potentialAction\":[{\"@type\":\"SearchAction\",\"target\":{\"@type\":\"EntryPoint\",\"urlTemplate\":\"https:\/\/cirefluvial.com\/congreso\/?s={search_term_string}\"},\"query-input\":{\"@type\":\"PropertyValueSpecification\",\"valueRequired\":true,\"valueName\":\"search_term_string\"}}],\"inLanguage\":\"pt-PT\"},{\"@type\":\"Organization\",\"@id\":\"https:\/\/cirefluvial.com\/congreso\/#organization\",\"name\":\"V Congreso RestauraRios 2026\",\"url\":\"https:\/\/cirefluvial.com\/congreso\/\",\"logo\":{\"@type\":\"ImageObject\",\"inLanguage\":\"pt-PT\",\"@id\":\"https:\/\/cirefluvial.com\/congreso\/#\/schema\/logo\/image\/\",\"url\":\"https:\/\/cirefluvial.com\/congreso\/wp-content\/uploads\/2025\/05\/RESTAURARIOS-LOGO_WEB.png\",\"contentUrl\":\"https:\/\/cirefluvial.com\/congreso\/wp-content\/uploads\/2025\/05\/RESTAURARIOS-LOGO_WEB.png\",\"width\":420,\"height\":107,\"caption\":\"V Congreso RestauraRios 2026\"},\"image\":{\"@id\":\"https:\/\/cirefluvial.com\/congreso\/#\/schema\/logo\/image\/\"},\"sameAs\":[\"https:\/\/www.facebook.com\/profile.php?id=100064709197688\",\"https:\/\/x.com\/Cirefluvial\",\"https:\/\/www.instagram.com\/ciref_fluvial\/\"]}]}<\/script>\n<!-- \/ Yoast SEO plugin. -->","yoast_head_json":{"title":"Inscripci\u00f3n - V Congreso RestauraRios 2026","robots":{"index":"index","follow":"follow","max-snippet":"max-snippet:-1","max-image-preview":"max-image-preview:large","max-video-preview":"max-video-preview:-1"},"canonical":"https:\/\/cirefluvial.com\/congreso\/pt\/inscripcion\/","og_locale":"pt_PT","og_type":"article","og_title":"Inscripci\u00f3n - V Congreso RestauraRios 2026","og_description":"\u00a1PLAZAS AGOTADAS! \u00a1ULTIMAS PLAZAS! Inscripci\u00f3n temprana del 15 octubre de 2025 al 15 de febrero de 2026 La inscripci\u00f3n estar\u00e1 ... Ler mais","og_url":"https:\/\/cirefluvial.com\/congreso\/pt\/inscripcion\/","og_site_name":"V Congreso RestauraRios 2026","article_publisher":"https:\/\/www.facebook.com\/profile.php?id=100064709197688","article_modified_time":"2026-04-20T10:53:04+00:00","twitter_card":"summary_large_image","twitter_site":"@Cirefluvial","twitter_misc":{"Tempo estimado de leitura":"6 minutos"},"schema":{"@context":"https:\/\/schema.org","@graph":[{"@type":"WebPage","@id":"https:\/\/cirefluvial.com\/congreso\/inscripcion\/","url":"https:\/\/cirefluvial.com\/congreso\/inscripcion\/","name":"Inscripci\u00f3n - V Congreso RestauraRios 2026","isPartOf":{"@id":"https:\/\/cirefluvial.com\/congreso\/#website"},"datePublished":"2025-10-14T19:42:41+00:00","dateModified":"2026-04-20T10:53:04+00:00","breadcrumb":{"@id":"https:\/\/cirefluvial.com\/congreso\/inscripcion\/#breadcrumb"},"inLanguage":"pt-PT","potentialAction":[{"@type":"ReadAction","target":["https:\/\/cirefluvial.com\/congreso\/inscripcion\/"]}]},{"@type":"BreadcrumbList","@id":"https:\/\/cirefluvial.com\/congreso\/inscripcion\/#breadcrumb","itemListElement":[{"@type":"ListItem","position":1,"name":"Portada","item":"https:\/\/cirefluvial.com\/congreso\/"},{"@type":"ListItem","position":2,"name":"Inscripci\u00f3n"}]},{"@type":"WebSite","@id":"https:\/\/cirefluvial.com\/congreso\/#website","url":"https:\/\/cirefluvial.com\/congreso\/","name":"V Congreso RestauraRios 2026","description":"V Congreso RestauraRios 2026","publisher":{"@id":"https:\/\/cirefluvial.com\/congreso\/#organization"},"potentialAction":[{"@type":"SearchAction","target":{"@type":"EntryPoint","urlTemplate":"https:\/\/cirefluvial.com\/congreso\/?s={search_term_string}"},"query-input":{"@type":"PropertyValueSpecification","valueRequired":true,"valueName":"search_term_string"}}],"inLanguage":"pt-PT"},{"@type":"Organization","@id":"https:\/\/cirefluvial.com\/congreso\/#organization","name":"V Congreso RestauraRios 2026","url":"https:\/\/cirefluvial.com\/congreso\/","logo":{"@type":"ImageObject","inLanguage":"pt-PT","@id":"https:\/\/cirefluvial.com\/congreso\/#\/schema\/logo\/image\/","url":"https:\/\/cirefluvial.com\/congreso\/wp-content\/uploads\/2025\/05\/RESTAURARIOS-LOGO_WEB.png","contentUrl":"https:\/\/cirefluvial.com\/congreso\/wp-content\/uploads\/2025\/05\/RESTAURARIOS-LOGO_WEB.png","width":420,"height":107,"caption":"V Congreso RestauraRios 2026"},"image":{"@id":"https:\/\/cirefluvial.com\/congreso\/#\/schema\/logo\/image\/"},"sameAs":["https:\/\/www.facebook.com\/profile.php?id=100064709197688","https:\/\/x.com\/Cirefluvial","https:\/\/www.instagram.com\/ciref_fluvial\/"]}]}},"_links":{"self":[{"href":"https:\/\/cirefluvial.com\/congreso\/pt\/wp-json\/wp\/v2\/pages\/2694","targetHints":{"allow":["GET"]}}],"collection":[{"href":"https:\/\/cirefluvial.com\/congreso\/pt\/wp-json\/wp\/v2\/pages"}],"about":[{"href":"https:\/\/cirefluvial.com\/congreso\/pt\/wp-json\/wp\/v2\/types\/page"}],"author":[{"embeddable":true,"href":"https:\/\/cirefluvial.com\/congreso\/pt\/wp-json\/wp\/v2\/users\/1"}],"replies":[{"embeddable":true,"href":"https:\/\/cirefluvial.com\/congreso\/pt\/wp-json\/wp\/v2\/comments?post=2694"}],"version-history":[{"count":47,"href":"https:\/\/cirefluvial.com\/congreso\/pt\/wp-json\/wp\/v2\/pages\/2694\/revisions"}],"predecessor-version":[{"id":3365,"href":"https:\/\/cirefluvial.com\/congreso\/pt\/wp-json\/wp\/v2\/pages\/2694\/revisions\/3365"}],"wp:attachment":[{"href":"https:\/\/cirefluvial.com\/congreso\/pt\/wp-json\/wp\/v2\/media?parent=2694"}],"curies":[{"name":"wp","href":"https:\/\/api.w.org\/{rel}","templated":true}]}}