{"id":3253,"date":"2026-03-27T14:15:23","date_gmt":"2026-03-27T13:15:23","guid":{"rendered":"https:\/\/cirefluvial.com\/congreso\/?page_id=3253"},"modified":"2026-04-10T15:50:36","modified_gmt":"2026-04-10T13:50:36","slug":"talleres","status":"publish","type":"page","link":"https:\/\/cirefluvial.com\/congreso\/en\/talleres\/","title":{"rendered":"WORKSHOPS"},"content":{"rendered":"<div data-elementor-type=\"wp-page\" data-elementor-id=\"3253\" class=\"elementor elementor-3253\">\n\t\t\t\t<div class=\"elementor-element elementor-element-7c8adac e-flex e-con-boxed e-con e-parent\" data-id=\"7c8adac\" data-element_type=\"container\" data-e-type=\"container\">\n\t\t\t\t\t<div class=\"e-con-inner\">\n\t\t<div class=\"elementor-element elementor-element-58f9eac e-con-full e-flex e-con e-child\" data-id=\"58f9eac\" data-element_type=\"container\" data-e-type=\"container\">\n\t\t\t\t<div class=\"elementor-element elementor-element-913ec9a elementor-widget elementor-widget-text-editor\" data-id=\"913ec9a\" data-element_type=\"widget\" data-e-type=\"widget\" data-widget_type=\"text-editor.default\">\n\t\t\t\t<div class=\"elementor-widget-container\">\n\t\t\t\t\t\t\t\t\t<h5><strong>Tuesday, June 9<\/strong><\/h5><h5><strong>4:00 PM \u2013 7:00 PM<\/strong><\/h5><h5><strong>Palacio Teatro de la Audiencia, Soria<\/strong><\/h5><p>As part of the congress's additional program, four parallel workshops will be held on the afternoon of the previous day, Tuesday, June 9. Below is the information for each workshop and the registration form. To participate, it is mandatory to be registered for the congress.<\/p>\t\t\t\t\t\t\t\t<\/div>\n\t\t\t\t<\/div>\n\t\t\t\t<div class=\"elementor-element elementor-element-6393b82 elementor-widget elementor-widget-button\" data-id=\"6393b82\" data-element_type=\"widget\" data-e-type=\"widget\" data-widget_type=\"button.default\">\n\t\t\t\t<div class=\"elementor-widget-container\">\n\t\t\t\t\t\t\t\t\t<div class=\"elementor-button-wrapper\">\n\t\t\t\t\t<a class=\"elementor-button elementor-button-link elementor-size-sm\" href=\"https:\/\/cirefluvial.com\/congreso\/en\/inscripcion-talleres\/\">\n\t\t\t\t\t\t<span class=\"elementor-button-content-wrapper\">\n\t\t\t\t\t\t\t\t\t<span class=\"elementor-button-text\">WORKSHOP REGISTRATION<\/span>\n\t\t\t\t\t<\/span>\n\t\t\t\t\t<\/a>\n\t\t\t\t<\/div>\n\t\t\t\t\t\t\t\t<\/div>\n\t\t\t\t<\/div>\n\t\t\t\t<div class=\"elementor-element elementor-element-c012043 elementor-widget elementor-widget-heading\" data-id=\"c012043\" data-element_type=\"widget\" data-e-type=\"widget\" data-widget_type=\"heading.default\">\n\t\t\t\t<div class=\"elementor-widget-container\">\n\t\t\t\t\t<h2 class=\"elementor-heading-title elementor-size-default\">Registration deadline: April 29th<\/h2>\t\t\t\t<\/div>\n\t\t\t\t<\/div>\n\t\t<div class=\"elementor-element elementor-element-239a7a4 e-con-full e-flex e-con e-child\" data-id=\"239a7a4\" data-element_type=\"container\" data-e-type=\"container\" data-settings=\"{&quot;background_background&quot;:&quot;classic&quot;}\">\n\t\t\t\t<div class=\"elementor-element elementor-element-8c33168 elementor-widget elementor-widget-text-editor\" data-id=\"8c33168\" data-element_type=\"widget\" data-e-type=\"widget\" data-widget_type=\"text-editor.default\">\n\t\t\t\t<div class=\"elementor-widget-container\">\n\t\t\t\t\t\t\t\t\t<h4><strong>Re-Sponging Iberia: Creating Flood- and Drought-Resilient Landscapes<\/strong><\/h4><p>Across the Iberian Peninsula, river basins are increasingly shaped by prolonged drought and\nsudden flooding. This workshop explores how basin actors can move toward landscape-scale\nwater retention\u00a0-\u00a0strengthening infiltration, restoring soil storage capacity, and coordinating\nagriculture, restoration and water management to strengthen long-term resilience.<\/p><p><strong>Language:<\/strong>\u00a0english<\/p><p><strong>Target audience: <\/strong>Water and land managers, river basin authorities, and practitioners involved\nin restoration and land management. <strong>Also relevant for:<\/strong> policy makers, consultants and applied\nresearchers working on water resilience and nature-based solutions.<\/p><p><strong>Facilitators:<\/strong> Paul Brotherton (Wetlands International Europe) and Aniela Stachnik (CIREF)<\/p>\t\t\t\t\t\t\t\t<\/div>\n\t\t\t\t<\/div>\n\t\t\t\t<div class=\"elementor-element elementor-element-58076a2 elementor-widget elementor-widget-button\" data-id=\"58076a2\" data-element_type=\"widget\" data-e-type=\"widget\" data-widget_type=\"button.default\">\n\t\t\t\t<div class=\"elementor-widget-container\">\n\t\t\t\t\t\t\t\t\t<div class=\"elementor-button-wrapper\">\n\t\t\t\t\t<a class=\"elementor-button elementor-button-link elementor-size-sm\" href=\"https:\/\/cirefluvial.com\/congreso\/en\/inscripcion-talleres\/\">\n\t\t\t\t\t\t<span class=\"elementor-button-content-wrapper\">\n\t\t\t\t\t\t\t\t\t<span class=\"elementor-button-text\">REGISTER<\/span>\n\t\t\t\t\t<\/span>\n\t\t\t\t\t<\/a>\n\t\t\t\t<\/div>\n\t\t\t\t\t\t\t\t<\/div>\n\t\t\t\t<\/div>\n\t\t\t\t<\/div>\n\t\t<div class=\"elementor-element elementor-element-529591c e-con-full e-flex e-con e-child\" data-id=\"529591c\" data-element_type=\"container\" data-e-type=\"container\" data-settings=\"{&quot;background_background&quot;:&quot;classic&quot;}\">\n\t\t\t\t<div class=\"elementor-element elementor-element-2f83659 elementor-widget elementor-widget-text-editor\" data-id=\"2f83659\" data-element_type=\"widget\" data-e-type=\"widget\" data-widget_type=\"text-editor.default\">\n\t\t\t\t<div class=\"elementor-widget-container\">\n\t\t\t\t\t\t\t\t\t<h4><strong>Rios sem Fronteiras: Que solu\u00e7\u00f5es para uma gest\u00e3o partilhada entre Espanha e Portugal? <\/strong><\/h4><p>The workshop will be set in the context of the Tour\u00f5es stream, a basin shared between Spain\nand Portugal, and will aim to develop and gather solid proposals for the technical clauses and\nspecifications of a river contract. It will be based on a methodology designed to foster a\ncollaborative environment, where participants will be invited to share experiences and develop\nrobust proposals for actions to be implemented in a transboundary river, encouraging reflection\non how to harmonize the differences inherent to existing governance processes.<\/p><p><strong>Language:<\/strong>\u00a0Portuguese and Spanish<strong><br \/><\/strong><\/p><p><strong>Target audience:\u00a0<\/strong>technicians, public managers, experts, researchers, and local stakeholders\ninvolved in the management and governance of transboundary rivers between Spain and\nPortugal.<\/p><p><strong>Facilitators:<\/strong> Manuela Oliveira (consultora independiente); Diana Fernandes (E.R\u00cdO; CIREF); Irene Duque (Wetlands International Europe)<\/p>\t\t\t\t\t\t\t\t<\/div>\n\t\t\t\t<\/div>\n\t\t\t\t<div class=\"elementor-element elementor-element-71f5fd4 elementor-widget elementor-widget-button\" data-id=\"71f5fd4\" data-element_type=\"widget\" data-e-type=\"widget\" data-widget_type=\"button.default\">\n\t\t\t\t<div class=\"elementor-widget-container\">\n\t\t\t\t\t\t\t\t\t<div class=\"elementor-button-wrapper\">\n\t\t\t\t\t<a class=\"elementor-button elementor-button-link elementor-size-sm\" href=\"https:\/\/cirefluvial.com\/congreso\/en\/inscripcion-talleres\/\">\n\t\t\t\t\t\t<span class=\"elementor-button-content-wrapper\">\n\t\t\t\t\t\t\t\t\t<span class=\"elementor-button-text\">REGISTER<\/span>\n\t\t\t\t\t<\/span>\n\t\t\t\t\t<\/a>\n\t\t\t\t<\/div>\n\t\t\t\t\t\t\t\t<\/div>\n\t\t\t\t<\/div>\n\t\t\t\t<\/div>\n\t\t<div class=\"elementor-element elementor-element-69c463b e-con-full e-flex e-con e-child\" data-id=\"69c463b\" data-element_type=\"container\" data-e-type=\"container\" data-settings=\"{&quot;background_background&quot;:&quot;classic&quot;}\">\n\t\t\t\t<div class=\"elementor-element elementor-element-343c6f4 elementor-widget elementor-widget-text-editor\" data-id=\"343c6f4\" data-element_type=\"widget\" data-e-type=\"widget\" data-widget_type=\"text-editor.default\">\n\t\t\t\t<div class=\"elementor-widget-container\">\n\t\t\t\t\t\t\t\t\t<h4><strong>\u00bfPara qui\u00e9n restauramos? Aprendizajes de la comunicaci\u00f3n y la participaci\u00f3n en r\u00edos urbanos <\/strong><\/h4>\n<p>The workshop addresses urban river restoration from a social perspective, focusing on\nparticipation and communication as key factors in project development. Based on a comparative\nanalysis of real cases \u2014with diverse outcomes\u2014 patterns, recurring mistakes, and good\npractices in engaging with citizens and local stakeholders will be identified. The session\nincludes a participatory dynamic aimed at actively involving attendees, promoting the sharing of\ntheir own experiences and the collective construction of knowledge.<\/p>\n<p><b>Language:<\/b> Spanish<\/p>\n<p><b>Target audience:<\/b> people involved in river restoration projects, local managers, academics,\nprofessionals, and the general public<\/p>\n<p><b>Facilitators:<\/b> Antonio Figueroa (CIREF; Agua y Territorio) and Gaizka Aranguren (CIREF)<\/p>\t\t\t\t\t\t\t\t<\/div>\n\t\t\t\t<\/div>\n\t\t\t\t<div class=\"elementor-element elementor-element-2946a2b elementor-widget elementor-widget-button\" data-id=\"2946a2b\" data-element_type=\"widget\" data-e-type=\"widget\" data-widget_type=\"button.default\">\n\t\t\t\t<div class=\"elementor-widget-container\">\n\t\t\t\t\t\t\t\t\t<div class=\"elementor-button-wrapper\">\n\t\t\t\t\t<a class=\"elementor-button elementor-button-link elementor-size-sm\" href=\"https:\/\/cirefluvial.com\/congreso\/en\/inscripcion-talleres\/\">\n\t\t\t\t\t\t<span class=\"elementor-button-content-wrapper\">\n\t\t\t\t\t\t\t\t\t<span class=\"elementor-button-text\">REGISTER<\/span>\n\t\t\t\t\t<\/span>\n\t\t\t\t\t<\/a>\n\t\t\t\t<\/div>\n\t\t\t\t\t\t\t\t<\/div>\n\t\t\t\t<\/div>\n\t\t\t\t<\/div>\n\t\t<div class=\"elementor-element elementor-element-3866a53 e-con-full e-flex e-con e-child\" data-id=\"3866a53\" data-element_type=\"container\" data-e-type=\"container\" data-settings=\"{&quot;background_background&quot;:&quot;classic&quot;}\">\n\t\t\t\t<div class=\"elementor-element elementor-element-0f9efe2 elementor-widget elementor-widget-text-editor\" data-id=\"0f9efe2\" data-element_type=\"widget\" data-e-type=\"widget\" data-widget_type=\"text-editor.default\">\n\t\t\t\t<div class=\"elementor-widget-container\">\n\t\t\t\t\t\t\t\t\t<h4><strong>\u00abFree Flowing Rivers\u00bb: metodolog\u00eda, evaluaci\u00f3n y priorizaci\u00f3n<\/strong><\/h4>\n<p>The workshop will be structured in two distinct blocks. In the first part (60 min), the European\nmethodology for assessing free-flowing rivers will be presented, along with its application in\nSpain, covering both the conceptual approach and the progress and challenges in its\nimplementation.<\/p>\n<p>The second part (90 min) will be participatory and will focus on identifying and discussing key\ncriteria for prioritising interventions in river stretches that do not meet free-flowing river\nconditions. The different steps of the process (diagnosis, selection of measures, planning) will\nbe addressed, exploring existing indicators, methodological gaps and practical limitations. The\ndiscussion will be based on specific case studies and will aim to integrate different technical and\nterritorial perspectives.<\/p>\n<p><strong>Language:<\/strong>&nbsp;Spanish<\/p>\n<p><strong>Target audience: <\/strong>Technical staff from public administrations, environmental consultants, river\nand fluvial space managers, as well as professionals involved in river restoration, hydrological\nplanning and conservation.<\/p>\n<p><strong>Facilitators:<\/strong> Andrea Goltara (Centro Italiano per la Riqualificazione Fluviale \u2013 CIRF) and\nCristina Buend\u00eda (Catalan Water Agency)<\/p>\t\t\t\t\t\t\t\t<\/div>\n\t\t\t\t<\/div>\n\t\t\t\t<div class=\"elementor-element elementor-element-8a01379 elementor-widget elementor-widget-button\" data-id=\"8a01379\" data-element_type=\"widget\" data-e-type=\"widget\" data-widget_type=\"button.default\">\n\t\t\t\t<div class=\"elementor-widget-container\">\n\t\t\t\t\t\t\t\t\t<div class=\"elementor-button-wrapper\">\n\t\t\t\t\t<a class=\"elementor-button elementor-button-link elementor-size-sm\" href=\"https:\/\/cirefluvial.com\/congreso\/en\/inscripcion-talleres\/\">\n\t\t\t\t\t\t<span class=\"elementor-button-content-wrapper\">\n\t\t\t\t\t\t\t\t\t<span class=\"elementor-button-text\">REGISTER<\/span>\n\t\t\t\t\t<\/span>\n\t\t\t\t\t<\/a>\n\t\t\t\t<\/div>\n\t\t\t\t\t\t\t\t<\/div>\n\t\t\t\t<\/div>\n\t\t\t\t<\/div>\n\t\t\t\t<\/div>\n\t\t\t\t\t<\/div>\n\t\t\t\t<\/div>\n\t\t\t\t<\/div>","protected":false},"excerpt":{"rendered":"<p>Martes 9 de junio 16:00 \u2013 19:00h Palacio Teatro de la Audiencia, Soria Como parte del programa adicional del congreso, &#8230; <a title=\"WORKSHOPS\" class=\"read-more\" href=\"https:\/\/cirefluvial.com\/congreso\/en\/talleres\/\" aria-label=\"Read more about Talleres\">Read more<\/a><\/p>","protected":false},"author":1,"featured_media":0,"parent":0,"menu_order":0,"comment_status":"closed","ping_status":"closed","template":"elementor_header_footer","meta":{"editor_plus_copied_stylings":"{}","footnotes":""},"class_list":["post-3253","page","type-page","status-publish"],"yoast_head":"<!-- This site is optimized with the Yoast SEO plugin v27.2 - https:\/\/yoast.com\/product\/yoast-seo-wordpress\/ -->\n<title>Talleres - V Congreso RestauraRios 2026<\/title>\n<meta name=\"robots\" content=\"index, follow, max-snippet:-1, max-image-preview:large, max-video-preview:-1\" \/>\n<link rel=\"canonical\" href=\"https:\/\/cirefluvial.com\/congreso\/en\/talleres\/\" \/>\n<meta property=\"og:locale\" content=\"en_GB\" \/>\n<meta property=\"og:type\" content=\"article\" \/>\n<meta property=\"og:title\" content=\"Talleres - V Congreso RestauraRios 2026\" \/>\n<meta property=\"og:description\" content=\"Martes 9 de junio 16:00 \u2013 19:00h Palacio Teatro de la Audiencia, Soria Como parte del programa adicional del congreso, ... Read more\" \/>\n<meta property=\"og:url\" content=\"https:\/\/cirefluvial.com\/congreso\/en\/talleres\/\" \/>\n<meta property=\"og:site_name\" content=\"V Congreso RestauraRios 2026\" \/>\n<meta property=\"article:publisher\" content=\"https:\/\/www.facebook.com\/profile.php?id=100064709197688\" \/>\n<meta property=\"article:modified_time\" content=\"2026-04-10T13:50:36+00:00\" \/>\n<meta name=\"twitter:card\" content=\"summary_large_image\" \/>\n<meta name=\"twitter:site\" content=\"@Cirefluvial\" \/>\n<meta name=\"twitter:label1\" content=\"Estimated reading time\" \/>\n\t<meta name=\"twitter:data1\" content=\"4 minutes\" \/>\n<script type=\"application\/ld+json\" class=\"yoast-schema-graph\">{\"@context\":\"https:\/\/schema.org\",\"@graph\":[{\"@type\":\"WebPage\",\"@id\":\"https:\/\/cirefluvial.com\/congreso\/talleres\/\",\"url\":\"https:\/\/cirefluvial.com\/congreso\/talleres\/\",\"name\":\"Talleres - V Congreso RestauraRios 2026\",\"isPartOf\":{\"@id\":\"https:\/\/cirefluvial.com\/congreso\/#website\"},\"datePublished\":\"2026-03-27T13:15:23+00:00\",\"dateModified\":\"2026-04-10T13:50:36+00:00\",\"breadcrumb\":{\"@id\":\"https:\/\/cirefluvial.com\/congreso\/talleres\/#breadcrumb\"},\"inLanguage\":\"en-GB\",\"potentialAction\":[{\"@type\":\"ReadAction\",\"target\":[\"https:\/\/cirefluvial.com\/congreso\/talleres\/\"]}]},{\"@type\":\"BreadcrumbList\",\"@id\":\"https:\/\/cirefluvial.com\/congreso\/talleres\/#breadcrumb\",\"itemListElement\":[{\"@type\":\"ListItem\",\"position\":1,\"name\":\"Portada\",\"item\":\"https:\/\/cirefluvial.com\/congreso\/\"},{\"@type\":\"ListItem\",\"position\":2,\"name\":\"Talleres\"}]},{\"@type\":\"WebSite\",\"@id\":\"https:\/\/cirefluvial.com\/congreso\/#website\",\"url\":\"https:\/\/cirefluvial.com\/congreso\/\",\"name\":\"V Congreso RestauraRios 2026\",\"description\":\"V Congreso RestauraRios 2026\",\"publisher\":{\"@id\":\"https:\/\/cirefluvial.com\/congreso\/#organization\"},\"potentialAction\":[{\"@type\":\"SearchAction\",\"target\":{\"@type\":\"EntryPoint\",\"urlTemplate\":\"https:\/\/cirefluvial.com\/congreso\/?s={search_term_string}\"},\"query-input\":{\"@type\":\"PropertyValueSpecification\",\"valueRequired\":true,\"valueName\":\"search_term_string\"}}],\"inLanguage\":\"en-GB\"},{\"@type\":\"Organization\",\"@id\":\"https:\/\/cirefluvial.com\/congreso\/#organization\",\"name\":\"V Congreso RestauraRios 2026\",\"url\":\"https:\/\/cirefluvial.com\/congreso\/\",\"logo\":{\"@type\":\"ImageObject\",\"inLanguage\":\"en-GB\",\"@id\":\"https:\/\/cirefluvial.com\/congreso\/#\/schema\/logo\/image\/\",\"url\":\"https:\/\/cirefluvial.com\/congreso\/wp-content\/uploads\/2025\/05\/RESTAURARIOS-LOGO_WEB.png\",\"contentUrl\":\"https:\/\/cirefluvial.com\/congreso\/wp-content\/uploads\/2025\/05\/RESTAURARIOS-LOGO_WEB.png\",\"width\":420,\"height\":107,\"caption\":\"V Congreso RestauraRios 2026\"},\"image\":{\"@id\":\"https:\/\/cirefluvial.com\/congreso\/#\/schema\/logo\/image\/\"},\"sameAs\":[\"https:\/\/www.facebook.com\/profile.php?id=100064709197688\",\"https:\/\/x.com\/Cirefluvial\",\"https:\/\/www.instagram.com\/ciref_fluvial\/\"]}]}<\/script>\n<!-- \/ Yoast SEO plugin. -->","yoast_head_json":{"title":"Talleres - V Congreso RestauraRios 2026","robots":{"index":"index","follow":"follow","max-snippet":"max-snippet:-1","max-image-preview":"max-image-preview:large","max-video-preview":"max-video-preview:-1"},"canonical":"https:\/\/cirefluvial.com\/congreso\/en\/talleres\/","og_locale":"en_GB","og_type":"article","og_title":"Talleres - V Congreso RestauraRios 2026","og_description":"Martes 9 de junio 16:00 \u2013 19:00h Palacio Teatro de la Audiencia, Soria Como parte del programa adicional del congreso, ... Read more","og_url":"https:\/\/cirefluvial.com\/congreso\/en\/talleres\/","og_site_name":"V Congreso RestauraRios 2026","article_publisher":"https:\/\/www.facebook.com\/profile.php?id=100064709197688","article_modified_time":"2026-04-10T13:50:36+00:00","twitter_card":"summary_large_image","twitter_site":"@Cirefluvial","twitter_misc":{"Estimated reading time":"4 minutes"},"schema":{"@context":"https:\/\/schema.org","@graph":[{"@type":"WebPage","@id":"https:\/\/cirefluvial.com\/congreso\/talleres\/","url":"https:\/\/cirefluvial.com\/congreso\/talleres\/","name":"Talleres - V Congreso RestauraRios 2026","isPartOf":{"@id":"https:\/\/cirefluvial.com\/congreso\/#website"},"datePublished":"2026-03-27T13:15:23+00:00","dateModified":"2026-04-10T13:50:36+00:00","breadcrumb":{"@id":"https:\/\/cirefluvial.com\/congreso\/talleres\/#breadcrumb"},"inLanguage":"en-GB","potentialAction":[{"@type":"ReadAction","target":["https:\/\/cirefluvial.com\/congreso\/talleres\/"]}]},{"@type":"BreadcrumbList","@id":"https:\/\/cirefluvial.com\/congreso\/talleres\/#breadcrumb","itemListElement":[{"@type":"ListItem","position":1,"name":"Portada","item":"https:\/\/cirefluvial.com\/congreso\/"},{"@type":"ListItem","position":2,"name":"Talleres"}]},{"@type":"WebSite","@id":"https:\/\/cirefluvial.com\/congreso\/#website","url":"https:\/\/cirefluvial.com\/congreso\/","name":"V Congreso RestauraRios 2026","description":"V Congreso RestauraRios 2026","publisher":{"@id":"https:\/\/cirefluvial.com\/congreso\/#organization"},"potentialAction":[{"@type":"SearchAction","target":{"@type":"EntryPoint","urlTemplate":"https:\/\/cirefluvial.com\/congreso\/?s={search_term_string}"},"query-input":{"@type":"PropertyValueSpecification","valueRequired":true,"valueName":"search_term_string"}}],"inLanguage":"en-GB"},{"@type":"Organization","@id":"https:\/\/cirefluvial.com\/congreso\/#organization","name":"V Congreso RestauraRios 2026","url":"https:\/\/cirefluvial.com\/congreso\/","logo":{"@type":"ImageObject","inLanguage":"en-GB","@id":"https:\/\/cirefluvial.com\/congreso\/#\/schema\/logo\/image\/","url":"https:\/\/cirefluvial.com\/congreso\/wp-content\/uploads\/2025\/05\/RESTAURARIOS-LOGO_WEB.png","contentUrl":"https:\/\/cirefluvial.com\/congreso\/wp-content\/uploads\/2025\/05\/RESTAURARIOS-LOGO_WEB.png","width":420,"height":107,"caption":"V Congreso RestauraRios 2026"},"image":{"@id":"https:\/\/cirefluvial.com\/congreso\/#\/schema\/logo\/image\/"},"sameAs":["https:\/\/www.facebook.com\/profile.php?id=100064709197688","https:\/\/x.com\/Cirefluvial","https:\/\/www.instagram.com\/ciref_fluvial\/"]}]}},"_links":{"self":[{"href":"https:\/\/cirefluvial.com\/congreso\/en\/wp-json\/wp\/v2\/pages\/3253","targetHints":{"allow":["GET"]}}],"collection":[{"href":"https:\/\/cirefluvial.com\/congreso\/en\/wp-json\/wp\/v2\/pages"}],"about":[{"href":"https:\/\/cirefluvial.com\/congreso\/en\/wp-json\/wp\/v2\/types\/page"}],"author":[{"embeddable":true,"href":"https:\/\/cirefluvial.com\/congreso\/en\/wp-json\/wp\/v2\/users\/1"}],"replies":[{"embeddable":true,"href":"https:\/\/cirefluvial.com\/congreso\/en\/wp-json\/wp\/v2\/comments?post=3253"}],"version-history":[{"count":32,"href":"https:\/\/cirefluvial.com\/congreso\/en\/wp-json\/wp\/v2\/pages\/3253\/revisions"}],"predecessor-version":[{"id":3336,"href":"https:\/\/cirefluvial.com\/congreso\/en\/wp-json\/wp\/v2\/pages\/3253\/revisions\/3336"}],"wp:attachment":[{"href":"https:\/\/cirefluvial.com\/congreso\/en\/wp-json\/wp\/v2\/media?parent=3253"}],"curies":[{"name":"wp","href":"https:\/\/api.w.org\/{rel}","templated":true}]}}