{"id":1311,"date":"2022-11-11T19:03:23","date_gmt":"2022-11-11T18:03:23","guid":{"rendered":"https:\/\/cirefluvial.com\/congreso\/?page_id=1311"},"modified":"2022-11-15T12:37:49","modified_gmt":"2022-11-15T11:37:49","slug":"aviso-legal","status":"publish","type":"page","link":"https:\/\/cirefluvial.com\/congreso\/en\/aviso-legal\/","title":{"rendered":"Aviso Legal"},"content":{"rendered":"<h3 class=\"eplus-wrapper wp-block-heading\">AVISO LEGAL Y CONDICIONES GENERALES DE USO<\/h3>\n\n\n\n<h4 class=\"eplus-wrapper wp-block-heading\">restaurarios.es<\/h4>\n\n\n\n<h4 class=\"eplus-wrapper wp-block-heading\">I. INFORMACI\u00d3N GENERAL<\/h4>\n\n\n\n<p class=\"eplus-wrapper\">En cumplimiento con el deber de informaci\u00f3n dispuesto en la Ley 34\/2002 de Servicios de la Sociedad de la Informaci\u00f3n y el Comercio Electr\u00f3nico (LSSI-CE) de 11 de julio, se facilitan a continuaci\u00f3n los siguientes datos de informaci\u00f3n general de este sitio web:<\/p>\n\n\n\n<p class=\"eplus-wrapper\">La titularidad de este sitio web, restaurarios.es, (en adelante, Sitio Web) la ostenta:\u00a0Centro Ib\u00e9rico de Restauraci\u00f3n Fluvial, provista de NIF:\u00a0G85631729\u00a0e inscrita en:\u00a0Registro Nacional de Asociaciones\u00a0con los siguientes datos registrales:\u00a0Grupo 1, Secci\u00f3n 1, N\u00famero Nacional 592241, cuyo representante es:\u00a0Don Antonio Herrera Grao, y cuyos datos de contacto son:<\/p>\n\n\n\n<p class=\"eplus-wrapper\">Direcci\u00f3n:&nbsp;Departamento de Geograf\u00eda y Ordenaci\u00f3n del Territorio C\/ Pedro Cerbuna, s\/n \u2022 Universidad de Zaragoza \u2022 50009 Zaragoza<\/p>\n\n\n\n<p class=\"eplus-wrapper\">Tel\u00e9fono de contacto:&nbsp;622 742 334<\/p>\n\n\n\n<p class=\"eplus-wrapper\">Email de contacto:&nbsp;info@cirefluvial.com<\/p>\n\n\n\n<h4 class=\"eplus-wrapper wp-block-heading\">II. T\u00c9RMINOS Y CONDICIONES GENERALES DE USO<\/h4>\n\n\n\n<h4 class=\"eplus-wrapper wp-block-heading\">El objeto de las condiciones: El Sitio Web<\/h4>\n\n\n\n<p class=\"eplus-wrapper\">El objeto de las presentes Condiciones Generales de Uso (en adelante, Condiciones) es regular el acceso y la utilizaci\u00f3n del Sitio Web. A los efectos de las presentes Condiciones se entender\u00e1 como Sitio Web: la apariencia externa de los interfaces de pantalla, tanto de forma est\u00e1tica como de forma din\u00e1mica, es decir, el \u00e1rbol de navegaci\u00f3n; y todos los elementos integrados tanto en los interfaces de pantalla como en el \u00e1rbol de navegaci\u00f3n (en adelante, Contenidos) y todos aquellos servicios o recursos en l\u00ednea que en su caso ofrezca a los Usuarios (en adelante, Servicios).<\/p>\n\n\n\n<p class=\"eplus-wrapper\">Centro Ib\u00e9rico de Restauraci\u00f3n Fluvial&nbsp;se reserva la facultad de modificar, en cualquier momento, y sin aviso previo, la presentaci\u00f3n y configuraci\u00f3n del Sitio Web y de los Contenidos y Servicios que en \u00e9l pudieran estar incorporados. El Usuario reconoce y acepta que en cualquier momento&nbsp;Centro Ib\u00e9rico de Restauraci\u00f3n Fluvial&nbsp;pueda interrumpir, desactivar y\/o cancelar cualquiera de estos elementos que se integran en el Sitio Web o el acceso a los mismos.<\/p>\n\n\n\n<p class=\"eplus-wrapper\">El acceso al Sitio Web por el Usuario tiene car\u00e1cter libre y, por regla general, es gratuito sin que el Usuario tenga que proporcionar una contraprestaci\u00f3n para poder disfrutar de ello, salvo en lo relativo al coste de conexi\u00f3n a trav\u00e9s de la red de telecomunicaciones suministrada por el proveedor de acceso que hubiere contratado el Usuario.<\/p>\n\n\n\n<p class=\"eplus-wrapper\">La utilizaci\u00f3n de los Contenidos no requiere previa suscripci\u00f3n o registro alguno.<\/p>\n\n\n\n<h4 class=\"eplus-wrapper wp-block-heading\">El Usuario<\/h4>\n\n\n\n<p class=\"eplus-wrapper\">El acceso, la navegaci\u00f3n y uso del Sitio Web,&nbsp;confiere la condici\u00f3n de Usuario, por lo que se aceptan, desde que se inicia la navegaci\u00f3n por el Sitio Web, todas las Condiciones aqu\u00ed establecidas, as\u00ed como sus ulteriores modificaciones, sin perjuicio de la aplicaci\u00f3n de la correspondiente normativa legal de obligado cumplimiento seg\u00fan el caso. Dada la relevancia de lo anterior, se recomienda al Usuario leerlas cada vez que visite el Sitio Web.<\/p>\n\n\n\n<p class=\"eplus-wrapper\">El Sitio Web de&nbsp;Centro Ib\u00e9rico de Restauraci\u00f3n Fluvial&nbsp;proporciona gran diversidad de informaci\u00f3n, servicios y datos. El Usuario asume su responsabilidad para realizar un uso correcto del Sitio Web. Esta responsabilidad se extender\u00e1 a:<\/p>\n\n\n<ul class=\"eplus-wrapper wp-block-list eplus-styles-uid-525484\">\n<li class=\"eplus-wrapper\">Un uso de la informaci\u00f3n, Contenidos y\/o Servicios y datos ofrecidos por\u00a0Centro Ib\u00e9rico de Restauraci\u00f3n Fluvial\u00a0sin que sea contrario a lo dispuesto por las presentes Condiciones, la Ley, la moral o el orden p\u00fablico, o que de cualquier otro modo puedan suponer lesi\u00f3n de los derechos de terceros o del mismo funcionamiento del Sitio Web.<\/li>\n\n\n\n<li class=\"eplus-wrapper\">La veracidad y licitud de las informaciones aportadas por el Usuario en los formularios extendidos por\u00a0Centro Ib\u00e9rico de Restauraci\u00f3n Fluvial\u00a0para el acceso a ciertos Contenidos o Servicios ofrecidos por el Sitio Web. En todo caso, el Usuario notificar\u00e1 de forma inmediata a\u00a0Centro Ib\u00e9rico de Restauraci\u00f3n Fluvial\u00a0acerca de cualquier hecho que permita el uso indebido de la informaci\u00f3n registrada en dichos formularios, tales como, pero no solo, el robo, extrav\u00edo, o el acceso no autorizado a identificadores y\/o contrase\u00f1as, con el fin de proceder a su inmediata cancelaci\u00f3n.<\/li>\n<\/ul>\n\n\n<p class=\"eplus-wrapper\">El mero acceso a este Sitio Web no supone entablar ning\u00fan tipo de relaci\u00f3n de car\u00e1cter comercial entre&nbsp;Centro Ib\u00e9rico de Restauraci\u00f3n Fluvial&nbsp;y el Usuario.<\/p>\n\n\n\n<p class=\"eplus-wrapper\">Siempre en el respeto de la legislaci\u00f3n vigente, este Sitio Web de&nbsp;Centro Ib\u00e9rico de Restauraci\u00f3n Fluvial&nbsp;se dirige a todas las personas, sin importar su edad, que puedan acceder y\/o navegar por las p\u00e1ginas del Sitio Web.<\/p>\n\n\n\n<h4 class=\"eplus-wrapper wp-block-heading\">III. ACCESO Y NAVEGACI\u00d3N EN EL SITIO WEB: EXCLUSI\u00d3N DE GARANT\u00cdAS Y RESPONSABILIDAD<\/h4>\n\n\n\n<p class=\"eplus-wrapper\">Centro Ib\u00e9rico de Restauraci\u00f3n Fluvial&nbsp;no garantiza la continuidad, disponibilidad y utilidad del Sitio Web, ni de los Contenidos o Servicios.&nbsp;Centro Ib\u00e9rico de Restauraci\u00f3n Fluvial&nbsp;har\u00e1 todo lo posible por el buen funcionamiento del Sitio Web, sin embargo, no se responsabiliza ni garantiza que el acceso a este Sitio Web no vaya a ser ininterrumpido o que est\u00e9 libre de error.<\/p>\n\n\n\n<p class=\"eplus-wrapper\">Tampoco se responsabiliza o garantiza que el contenido o software al que pueda accederse a trav\u00e9s de este Sitio Web, est\u00e9 libre de error o cause un da\u00f1o al sistema inform\u00e1tico (software y hardware) del Usuario. En ning\u00fan caso&nbsp;Centro Ib\u00e9rico de Restauraci\u00f3n Fluvial&nbsp;ser\u00e1 responsable por las p\u00e9rdidas, da\u00f1os o perjuicios de cualquier tipo que surjan por el acceso, navegaci\u00f3n y el uso del Sitio Web, incluy\u00e9ndose, pero no limit\u00e1ndose, a los ocasionados a los sistemas inform\u00e1ticos o los provocados por la introducci\u00f3n de virus.<\/p>\n\n\n\n<p class=\"eplus-wrapper\">Centro Ib\u00e9rico de Restauraci\u00f3n Fluvial&nbsp;tampoco se hace responsable de los da\u00f1os que pudiesen ocasionarse a los usuarios por un uso inadecuado de este Sitio Web. En particular, no se hace responsable en modo alguno de las ca\u00eddas, interrupciones, falta o defecto de las telecomunicaciones que pudieran ocurrir.<\/p>\n\n\n\n<h4 class=\"eplus-wrapper wp-block-heading\">IV. POL\u00cdTICA DE ENLACES<\/h4>\n\n\n\n<p class=\"eplus-wrapper\">Se informa que el Sitio Web de&nbsp;Centro Ib\u00e9rico de Restauraci\u00f3n Fluvial&nbsp;pone o puede poner a disposici\u00f3n de los Usuarios medios de enlace (como, entre otros, links, banners, botones), directorios y motores de b\u00fasqueda que permiten a los Usuarios acceder a sitios web pertenecientes y\/o gestionados por terceros.<\/p>\n\n\n\n<p class=\"eplus-wrapper\">La instalaci\u00f3n de estos enlaces, directorios y motores de b\u00fasqueda en el Sitio Web tiene por objeto facilitar a los Usuarios la b\u00fasqueda de y acceso a la informaci\u00f3n disponible en Internet, sin que pueda considerarse una sugerencia, recomendaci\u00f3n o invitaci\u00f3n para la visita de los mismos.<\/p>\n\n\n\n<p class=\"eplus-wrapper\">Centro Ib\u00e9rico de Restauraci\u00f3n Fluvial&nbsp;no ofrece ni comercializa por s\u00ed ni por medio de terceros los productos y\/o servicios disponibles en dichos sitios enlazados.<\/p>\n\n\n\n<p class=\"eplus-wrapper\">Asimismo, tampoco garantizar\u00e1 la disponibilidad t\u00e9cnica, exactitud, veracidad, validez o legalidad de sitios ajenos a su propiedad a los que se pueda acceder por medio de los enlaces.<\/p>\n\n\n\n<p class=\"eplus-wrapper\">Centro Ib\u00e9rico de Restauraci\u00f3n Fluvial&nbsp;en ning\u00fan caso revisar\u00e1 o controlar\u00e1 el contenido de otros sitios web, as\u00ed como tampoco aprueba, examina ni hace propios los productos y servicios, contenidos, archivos y cualquier otro material existente en los referidos sitios enlazados.<\/p>\n\n\n\n<p class=\"eplus-wrapper\">Centro Ib\u00e9rico de Restauraci\u00f3n Fluvial&nbsp;no asume ninguna responsabilidad por los da\u00f1os y perjuicios que pudieran producirse por el acceso, uso, calidad o licitud de los contenidos, comunicaciones, opiniones, productos y servicios de los sitios web no gestionados por&nbsp;Centro Ib\u00e9rico de Restauraci\u00f3n Fluvial&nbsp;y que sean enlazados en este Sitio Web.<\/p>\n\n\n\n<p class=\"eplus-wrapper\">El Usuario o tercero que realice un hiperv\u00ednculo desde una p\u00e1gina web de otro, distinto, sitio web al Sitio Web de&nbsp;Centro Ib\u00e9rico de Restauraci\u00f3n Fluvial&nbsp;deber\u00e1 saber que:<\/p>\n\n\n\n<p class=\"eplus-wrapper\">No se permite la reproducci\u00f3n \u2014total o parcialmente\u2014 de ninguno de los Contenidos y\/o Servicios del Sitio Web sin autorizaci\u00f3n expresa de&nbsp;Centro Ib\u00e9rico de Restauraci\u00f3n Fluvial.<\/p>\n\n\n\n<p class=\"eplus-wrapper\">No se permite tampoco ninguna manifestaci\u00f3n falsa, inexacta o incorrecta sobre el Sitio Web de&nbsp;Centro Ib\u00e9rico de Restauraci\u00f3n Fluvial, ni sobre los Contenidos y\/o Servicios del mismo.<\/p>\n\n\n\n<p class=\"eplus-wrapper\">A excepci\u00f3n del hiperv\u00ednculo, el sitio web en el que se establezca dicho hiperenlace no contendr\u00e1 ning\u00fan elemento, de este Sitio Web, protegido como propiedad intelectual por el ordenamiento jur\u00eddico espa\u00f1ol, salvo autorizaci\u00f3n expresa de&nbsp;Centro Ib\u00e9rico de Restauraci\u00f3n Fluvial.<\/p>\n\n\n\n<p class=\"eplus-wrapper\">El establecimiento del hiperv\u00ednculo no implicar\u00e1 la existencia de relaciones entre&nbsp;Centro Ib\u00e9rico de Restauraci\u00f3n Fluvial&nbsp;y el titular del sitio web desde el cual se realice, ni el conocimiento y aceptaci\u00f3n de&nbsp;Centro Ib\u00e9rico de Restauraci\u00f3n Fluvial&nbsp;de los contenidos, servicios y\/o actividades ofrecidas en dicho sitio web, y viceversa.<\/p>\n\n\n\n<h4 class=\"eplus-wrapper wp-block-heading\">V. PROPIEDAD INTELECTUAL E INDUSTRIAL<\/h4>\n\n\n\n<p class=\"eplus-wrapper\">Centro Ib\u00e9rico de Restauraci\u00f3n Fluvial&nbsp;por s\u00ed o como parte cesionaria, es titular de todos los derechos de propiedad intelectual e industrial del Sitio Web, as\u00ed como de los elementos contenidos en el mismo (a t\u00edtulo enunciativo y no exhaustivo, im\u00e1genes, sonido, audio, v\u00eddeo, software o textos, marcas o logotipos, combinaciones de colores, estructura y dise\u00f1o, selecci\u00f3n de materiales usados, programas de ordenador necesarios para su funcionamiento, acceso y uso, etc.). Ser\u00e1n, por consiguiente, obras protegidas como propiedad intelectual por el ordenamiento jur\u00eddico espa\u00f1ol, si\u00e9ndoles aplicables tanto la normativa espa\u00f1ola y comunitaria en este campo, como los tratados internacionales relativos a la materia y suscritos por Espa\u00f1a.<\/p>\n\n\n\n<p class=\"eplus-wrapper\">Todos los derechos reservados. En virtud de lo dispuesto en la Ley de Propiedad Intelectual, quedan expresamente prohibidas la reproducci\u00f3n, la distribuci\u00f3n y la comunicaci\u00f3n p\u00fablica, incluida su modalidad de puesta a disposici\u00f3n, de la totalidad o parte de los contenidos de esta p\u00e1gina web, con fines comerciales, en cualquier soporte y por cualquier medio t\u00e9cnico, sin la autorizaci\u00f3n de&nbsp;Centro Ib\u00e9rico de Restauraci\u00f3n Fluvial.<\/p>\n\n\n\n<p class=\"eplus-wrapper\">El Usuario se compromete a respetar los derechos de propiedad intelectual e industrial de&nbsp;Centro Ib\u00e9rico de Restauraci\u00f3n Fluvial. Podr\u00e1 visualizar los elementos del Sitio Web o incluso imprimirlos, copiarlos y almacenarlos en el disco duro de su ordenador o en cualquier otro soporte f\u00edsico siempre y cuando sea, exclusivamente, para su uso personal. El Usuario, sin embargo, no podr\u00e1 suprimir, alterar, o manipular cualquier dispositivo de protecci\u00f3n o sistema de seguridad que estuviera instalado en el Sitio Web.<\/p>\n\n\n\n<p class=\"eplus-wrapper\">En caso de que el Usuario o tercero considere que cualquiera de los Contenidos del Sitio Web suponga una violaci\u00f3n de los derechos de protecci\u00f3n de la propiedad intelectual, deber\u00e1 comunicarlo inmediatamente a&nbsp;Centro Ib\u00e9rico de Restauraci\u00f3n Fluvial&nbsp;a trav\u00e9s de los datos de contacto del apartado de INFORMACI\u00d3N GENERAL de este Aviso Legal y Condiciones Generales de Uso.<\/p>\n\n\n\n<h4 class=\"eplus-wrapper wp-block-heading\">VI. ACCIONES LEGALES, LEGISLACI\u00d3N APLICABLE Y JURISDICCI\u00d3N<\/h4>\n\n\n\n<p class=\"eplus-wrapper\">Centro Ib\u00e9rico de Restauraci\u00f3n Fluvial&nbsp;se reserva la facultad de presentar las acciones civiles o penales que considere necesarias por la utilizaci\u00f3n indebida del Sitio Web y Contenidos, o por el incumplimiento de las presentes Condiciones.<\/p>\n\n\n\n<p class=\"eplus-wrapper\">La relaci\u00f3n entre el Usuario y&nbsp;Centro Ib\u00e9rico de Restauraci\u00f3n Fluvial&nbsp;se regir\u00e1 por la normativa vigente y de aplicaci\u00f3n en el territorio espa\u00f1ol. De surgir cualquier controversia en relaci\u00f3n con la interpretaci\u00f3n y\/o a la aplicaci\u00f3n de estas Condiciones las partes someter\u00e1n sus conflictos a la jurisdicci\u00f3n ordinaria someti\u00e9ndose a los jueces y tribunales que correspondan conforme a derecho.<\/p>","protected":false},"excerpt":{"rendered":"<p>AVISO LEGAL Y CONDICIONES GENERALES DE USO restaurarios.es I. INFORMACI\u00d3N GENERAL En cumplimiento con el deber de informaci\u00f3n dispuesto en &#8230; <a title=\"Aviso Legal\" class=\"read-more\" href=\"https:\/\/cirefluvial.com\/congreso\/en\/aviso-legal\/\" aria-label=\"Read more about Aviso Legal\">Read more<\/a><\/p>","protected":false},"author":1,"featured_media":0,"parent":0,"menu_order":0,"comment_status":"closed","ping_status":"closed","template":"","meta":{"editor_plus_copied_stylings":"{}","footnotes":""},"class_list":["post-1311","page","type-page","status-publish"],"yoast_head":"<!-- This site is optimized with the Yoast SEO plugin v27.2 - https:\/\/yoast.com\/product\/yoast-seo-wordpress\/ -->\n<title>Aviso Legal - V Congreso RestauraRios 2026<\/title>\n<meta name=\"robots\" content=\"index, follow, max-snippet:-1, max-image-preview:large, max-video-preview:-1\" \/>\n<link rel=\"canonical\" href=\"https:\/\/cirefluvial.com\/congreso\/en\/aviso-legal\/\" \/>\n<meta property=\"og:locale\" content=\"en_GB\" \/>\n<meta property=\"og:type\" content=\"article\" \/>\n<meta property=\"og:title\" content=\"Aviso Legal - V Congreso RestauraRios 2026\" \/>\n<meta property=\"og:description\" content=\"AVISO LEGAL Y CONDICIONES GENERALES DE USO restaurarios.es I. INFORMACI\u00d3N GENERAL En cumplimiento con el deber de informaci\u00f3n dispuesto en ... Read more\" \/>\n<meta property=\"og:url\" content=\"https:\/\/cirefluvial.com\/congreso\/en\/aviso-legal\/\" \/>\n<meta property=\"og:site_name\" content=\"V Congreso RestauraRios 2026\" \/>\n<meta property=\"article:publisher\" content=\"https:\/\/www.facebook.com\/profile.php?id=100064709197688\" \/>\n<meta property=\"article:modified_time\" content=\"2022-11-15T11:37:49+00:00\" \/>\n<meta name=\"twitter:card\" content=\"summary_large_image\" \/>\n<meta name=\"twitter:site\" content=\"@Cirefluvial\" \/>\n<meta name=\"twitter:label1\" content=\"Estimated reading time\" \/>\n\t<meta name=\"twitter:data1\" content=\"10 minutes\" \/>\n<script type=\"application\/ld+json\" class=\"yoast-schema-graph\">{\"@context\":\"https:\/\/schema.org\",\"@graph\":[{\"@type\":\"WebPage\",\"@id\":\"https:\/\/cirefluvial.com\/congreso\/aviso-legal\/\",\"url\":\"https:\/\/cirefluvial.com\/congreso\/aviso-legal\/\",\"name\":\"Aviso Legal - V Congreso RestauraRios 2026\",\"isPartOf\":{\"@id\":\"https:\/\/cirefluvial.com\/congreso\/#website\"},\"datePublished\":\"2022-11-11T18:03:23+00:00\",\"dateModified\":\"2022-11-15T11:37:49+00:00\",\"breadcrumb\":{\"@id\":\"https:\/\/cirefluvial.com\/congreso\/aviso-legal\/#breadcrumb\"},\"inLanguage\":\"en-GB\",\"potentialAction\":[{\"@type\":\"ReadAction\",\"target\":[\"https:\/\/cirefluvial.com\/congreso\/aviso-legal\/\"]}]},{\"@type\":\"BreadcrumbList\",\"@id\":\"https:\/\/cirefluvial.com\/congreso\/aviso-legal\/#breadcrumb\",\"itemListElement\":[{\"@type\":\"ListItem\",\"position\":1,\"name\":\"Portada\",\"item\":\"https:\/\/cirefluvial.com\/congreso\/\"},{\"@type\":\"ListItem\",\"position\":2,\"name\":\"Aviso Legal\"}]},{\"@type\":\"WebSite\",\"@id\":\"https:\/\/cirefluvial.com\/congreso\/#website\",\"url\":\"https:\/\/cirefluvial.com\/congreso\/\",\"name\":\"V Congreso RestauraRios 2026\",\"description\":\"V Congreso RestauraRios 2026\",\"publisher\":{\"@id\":\"https:\/\/cirefluvial.com\/congreso\/#organization\"},\"potentialAction\":[{\"@type\":\"SearchAction\",\"target\":{\"@type\":\"EntryPoint\",\"urlTemplate\":\"https:\/\/cirefluvial.com\/congreso\/?s={search_term_string}\"},\"query-input\":{\"@type\":\"PropertyValueSpecification\",\"valueRequired\":true,\"valueName\":\"search_term_string\"}}],\"inLanguage\":\"en-GB\"},{\"@type\":\"Organization\",\"@id\":\"https:\/\/cirefluvial.com\/congreso\/#organization\",\"name\":\"V Congreso RestauraRios 2026\",\"url\":\"https:\/\/cirefluvial.com\/congreso\/\",\"logo\":{\"@type\":\"ImageObject\",\"inLanguage\":\"en-GB\",\"@id\":\"https:\/\/cirefluvial.com\/congreso\/#\/schema\/logo\/image\/\",\"url\":\"https:\/\/cirefluvial.com\/congreso\/wp-content\/uploads\/2025\/05\/RESTAURARIOS-LOGO_WEB.png\",\"contentUrl\":\"https:\/\/cirefluvial.com\/congreso\/wp-content\/uploads\/2025\/05\/RESTAURARIOS-LOGO_WEB.png\",\"width\":420,\"height\":107,\"caption\":\"V Congreso RestauraRios 2026\"},\"image\":{\"@id\":\"https:\/\/cirefluvial.com\/congreso\/#\/schema\/logo\/image\/\"},\"sameAs\":[\"https:\/\/www.facebook.com\/profile.php?id=100064709197688\",\"https:\/\/x.com\/Cirefluvial\",\"https:\/\/www.instagram.com\/ciref_fluvial\/\"]}]}<\/script>\n<!-- \/ Yoast SEO plugin. -->","yoast_head_json":{"title":"Aviso Legal - V Congreso RestauraRios 2026","robots":{"index":"index","follow":"follow","max-snippet":"max-snippet:-1","max-image-preview":"max-image-preview:large","max-video-preview":"max-video-preview:-1"},"canonical":"https:\/\/cirefluvial.com\/congreso\/en\/aviso-legal\/","og_locale":"en_GB","og_type":"article","og_title":"Aviso Legal - V Congreso RestauraRios 2026","og_description":"AVISO LEGAL Y CONDICIONES GENERALES DE USO restaurarios.es I. INFORMACI\u00d3N GENERAL En cumplimiento con el deber de informaci\u00f3n dispuesto en ... Read more","og_url":"https:\/\/cirefluvial.com\/congreso\/en\/aviso-legal\/","og_site_name":"V Congreso RestauraRios 2026","article_publisher":"https:\/\/www.facebook.com\/profile.php?id=100064709197688","article_modified_time":"2022-11-15T11:37:49+00:00","twitter_card":"summary_large_image","twitter_site":"@Cirefluvial","twitter_misc":{"Estimated reading time":"10 minutes"},"schema":{"@context":"https:\/\/schema.org","@graph":[{"@type":"WebPage","@id":"https:\/\/cirefluvial.com\/congreso\/aviso-legal\/","url":"https:\/\/cirefluvial.com\/congreso\/aviso-legal\/","name":"Aviso Legal - V Congreso RestauraRios 2026","isPartOf":{"@id":"https:\/\/cirefluvial.com\/congreso\/#website"},"datePublished":"2022-11-11T18:03:23+00:00","dateModified":"2022-11-15T11:37:49+00:00","breadcrumb":{"@id":"https:\/\/cirefluvial.com\/congreso\/aviso-legal\/#breadcrumb"},"inLanguage":"en-GB","potentialAction":[{"@type":"ReadAction","target":["https:\/\/cirefluvial.com\/congreso\/aviso-legal\/"]}]},{"@type":"BreadcrumbList","@id":"https:\/\/cirefluvial.com\/congreso\/aviso-legal\/#breadcrumb","itemListElement":[{"@type":"ListItem","position":1,"name":"Portada","item":"https:\/\/cirefluvial.com\/congreso\/"},{"@type":"ListItem","position":2,"name":"Aviso Legal"}]},{"@type":"WebSite","@id":"https:\/\/cirefluvial.com\/congreso\/#website","url":"https:\/\/cirefluvial.com\/congreso\/","name":"V Congreso RestauraRios 2026","description":"V Congreso RestauraRios 2026","publisher":{"@id":"https:\/\/cirefluvial.com\/congreso\/#organization"},"potentialAction":[{"@type":"SearchAction","target":{"@type":"EntryPoint","urlTemplate":"https:\/\/cirefluvial.com\/congreso\/?s={search_term_string}"},"query-input":{"@type":"PropertyValueSpecification","valueRequired":true,"valueName":"search_term_string"}}],"inLanguage":"en-GB"},{"@type":"Organization","@id":"https:\/\/cirefluvial.com\/congreso\/#organization","name":"V Congreso RestauraRios 2026","url":"https:\/\/cirefluvial.com\/congreso\/","logo":{"@type":"ImageObject","inLanguage":"en-GB","@id":"https:\/\/cirefluvial.com\/congreso\/#\/schema\/logo\/image\/","url":"https:\/\/cirefluvial.com\/congreso\/wp-content\/uploads\/2025\/05\/RESTAURARIOS-LOGO_WEB.png","contentUrl":"https:\/\/cirefluvial.com\/congreso\/wp-content\/uploads\/2025\/05\/RESTAURARIOS-LOGO_WEB.png","width":420,"height":107,"caption":"V Congreso RestauraRios 2026"},"image":{"@id":"https:\/\/cirefluvial.com\/congreso\/#\/schema\/logo\/image\/"},"sameAs":["https:\/\/www.facebook.com\/profile.php?id=100064709197688","https:\/\/x.com\/Cirefluvial","https:\/\/www.instagram.com\/ciref_fluvial\/"]}]}},"_links":{"self":[{"href":"https:\/\/cirefluvial.com\/congreso\/en\/wp-json\/wp\/v2\/pages\/1311","targetHints":{"allow":["GET"]}}],"collection":[{"href":"https:\/\/cirefluvial.com\/congreso\/en\/wp-json\/wp\/v2\/pages"}],"about":[{"href":"https:\/\/cirefluvial.com\/congreso\/en\/wp-json\/wp\/v2\/types\/page"}],"author":[{"embeddable":true,"href":"https:\/\/cirefluvial.com\/congreso\/en\/wp-json\/wp\/v2\/users\/1"}],"replies":[{"embeddable":true,"href":"https:\/\/cirefluvial.com\/congreso\/en\/wp-json\/wp\/v2\/comments?post=1311"}],"version-history":[{"count":4,"href":"https:\/\/cirefluvial.com\/congreso\/en\/wp-json\/wp\/v2\/pages\/1311\/revisions"}],"predecessor-version":[{"id":1373,"href":"https:\/\/cirefluvial.com\/congreso\/en\/wp-json\/wp\/v2\/pages\/1311\/revisions\/1373"}],"wp:attachment":[{"href":"https:\/\/cirefluvial.com\/congreso\/en\/wp-json\/wp\/v2\/media?parent=1311"}],"curies":[{"name":"wp","href":"https:\/\/api.w.org\/{rel}","templated":true}]}}